{"id":10670,"date":"2022-05-20T09:58:32","date_gmt":"2022-05-20T01:58:32","guid":{"rendered":"https:\/\/www.cosoonchem.com\/produktanfrage\/"},"modified":"2024-10-08T17:06:17","modified_gmt":"2024-10-08T09:06:17","slug":"produktanfrage","status":"publish","type":"page","link":"https:\/\/www.cosoonchem.com\/de\/produktanfrage\/","title":{"rendered":"Produktanfrage"},"content":{"rendered":"\t\t<div data-elementor-type=\"wp-page\" data-elementor-id=\"10670\" class=\"elementor elementor-10670 elementor-2025\" data-elementor-post-type=\"page\">\n\t\t\t\t\t\t<section class=\"elementor-section elementor-top-section elementor-element elementor-element-guaa8lh elementor-section-content-middle elementor-section-stretched elementor-section-boxed elementor-section-height-default elementor-section-height-default\" data-id=\"guaa8lh\" data-element_type=\"section\" data-e-type=\"section\" data-settings=\"{&quot;background_background&quot;:&quot;classic&quot;,&quot;stretch_section&quot;:&quot;section-stretched&quot;}\">\n\t\t\t\t\t\t<div class=\"elementor-container elementor-column-gap-no\">\n\t\t\t\t\t<div class=\"elementor-column elementor-col-100 elementor-top-column elementor-element elementor-element-563c9af\" data-id=\"563c9af\" data-element_type=\"column\" data-e-type=\"column\">\n\t\t\t<div class=\"elementor-widget-wrap elementor-element-populated\">\n\t\t\t\t\t\t<div class=\"elementor-element elementor-element-7e7e595 elementor-testimonial--skin-bubble elementor-testimonial--layout-image_stacked elementor-pagination-type-fraction elementor-testimonial--align-left elementor-arrows-yes elementor-widget elementor-widget-testimonial-carousel\" data-id=\"7e7e595\" data-element_type=\"widget\" data-e-type=\"widget\" data-settings=\"{&quot;slides_per_view&quot;:&quot;1&quot;,&quot;slides_to_scroll&quot;:&quot;1&quot;,&quot;pagination&quot;:&quot;fraction&quot;,&quot;speed&quot;:1000,&quot;lazyload&quot;:&quot;yes&quot;,&quot;show_arrows&quot;:&quot;yes&quot;,&quot;autoplay&quot;:&quot;yes&quot;,&quot;autoplay_speed&quot;:5000,&quot;loop&quot;:&quot;yes&quot;,&quot;pause_on_hover&quot;:&quot;yes&quot;,&quot;pause_on_interaction&quot;:&quot;yes&quot;,&quot;space_between&quot;:{&quot;unit&quot;:&quot;px&quot;,&quot;size&quot;:10,&quot;sizes&quot;:[]},&quot;space_between_widescreen&quot;:{&quot;unit&quot;:&quot;px&quot;,&quot;size&quot;:10,&quot;sizes&quot;:[]},&quot;space_between_laptop&quot;:{&quot;unit&quot;:&quot;px&quot;,&quot;size&quot;:10,&quot;sizes&quot;:[]},&quot;space_between_tablet_extra&quot;:{&quot;unit&quot;:&quot;px&quot;,&quot;size&quot;:10,&quot;sizes&quot;:[]},&quot;space_between_tablet&quot;:{&quot;unit&quot;:&quot;px&quot;,&quot;size&quot;:10,&quot;sizes&quot;:[]},&quot;space_between_mobile_extra&quot;:{&quot;unit&quot;:&quot;px&quot;,&quot;size&quot;:10,&quot;sizes&quot;:[]},&quot;space_between_mobile&quot;:{&quot;unit&quot;:&quot;px&quot;,&quot;size&quot;:10,&quot;sizes&quot;:[]}}\" data-widget_type=\"testimonial-carousel.default\">\n\t\t\t\t<div class=\"elementor-widget-container\">\n\t\t\t\t\t\t\t\t\t<div class=\"elementor-swiper\">\n\t\t\t\t\t<div class=\"elementor-main-swiper swiper\" role=\"region\" aria-roledescription=\"carousel\" aria-label=\"Slider\">\n\t\t\t\t<div class=\"swiper-wrapper\">\n\t\t\t\t\t\t\t\t\t\t\t<div class=\"swiper-slide\" role=\"group\" aria-roledescription=\"slide\">\n\t\t\t\t\t\t\t\t\t<div class=\"elementor-testimonial\">\n\t\t\t\t\t\t\t<div class=\"elementor-testimonial__content\">\n\t\t\t\t\t<div class=\"elementor-testimonial__text\">\n\t\t\t\t\t\t<br \/>\n<table>\n<tbody>\n<tr>\n<td colspan=\"2\">Produktanfrage001:<\/td>\n<\/tr>\n<tr>\n<td>\u4ea7\u54c1\u540d\u79f0\uff1a<\/td>\n<td>4'-\u6eb4\u7532\u57fa-2-\u6c30\u57fa\u8054\u82ef<\/td>\n<\/tr>\n<tr>\n<td>\u4ea7\u54c1\u522b\u540d\uff1a<\/td>\n<td>\u6eb4\u4ee3\u6c99\u5766\u8054\u82ef<\/td>\n<\/tr>\n<tr>\n<td>CAS No.:<\/td>\n<td>114772-54-2<\/td>\n<\/tr>\n<tr>\n<td>\u4ea7\u54c1\u7528\u91cf\uff1a<\/td>\n<td>20\u5428\/\u6708<\/td>\n<\/tr>\n<tr>\n<td>Kontakt E-Mail\uff1a<\/td>\n<td><a href=\"mailto:cosoonchem@163.com\">cosoonchem@163.com<\/a><\/td>\n<\/tr>\n<\/tbody>\n<\/table>\n\t\t\t\t\t<\/div>\n\t\t\t\t\t\t\t\t\t<\/div>\n\t\t\t\t\t\t<div class=\"elementor-testimonial__footer\">\n\t\t\t\t\t\t\t\t\t\t\t<\/div>\n\t\t<\/div>\n\t\t\t\t\t\t\t\t<\/div>\n\t\t\t\t\t\t\t\t\t\t\t<div class=\"swiper-slide\" role=\"group\" aria-roledescription=\"slide\">\n\t\t\t\t\t\t\t\t\t<div class=\"elementor-testimonial\">\n\t\t\t\t\t\t\t<div class=\"elementor-testimonial__content\">\n\t\t\t\t\t<div class=\"elementor-testimonial__text\">\n\t\t\t\t\t\t<br \/>\n<table>\n<tbody>\n<tr>\n<td colspan=\"2\">Produktanfrage002:<\/td>\n<\/tr>\n<tr>\n<td>Diethylammoniumchlorid:<\/td>\n<td>2-Butyl-1,3-diazaspirocycle[4,4]nona-1-en-4-one Hydrochlorid<\/td>\n<\/tr>\n<tr>\n<td>\u4ea7\u54c1\u522b\u540d\uff1a<\/td>\n<td>\u5384\u8d1d\u4fa7\u94fe\u76d0\u9178\u76d0\/\u54aa\u5511\u76d0\u9178\u76d0<\/td>\n<\/tr>\n<tr>\n<td>CAS No.:<\/td>\n<td>151257-01-1<\/td>\n<\/tr>\n<tr>\n<td>\u4ea7\u54c1\u7528\u91cf\uff1a<\/td>\n<td>20\u5428\/\u6708<\/td>\n<\/tr>\n<tr>\n<td>Kontakt E-Mail\uff1a<\/td>\n<td><a href=\"mailto:cosoonchem@163.com\">cosoonchem@163.com<\/a><\/td>\n<\/tr>\n<\/tbody>\n<\/table>\n\t\t\t\t\t<\/div>\n\t\t\t\t\t\t\t\t\t<\/div>\n\t\t\t\t\t\t<div class=\"elementor-testimonial__footer\">\n\t\t\t\t\t\t\t\t\t\t\t<\/div>\n\t\t<\/div>\n\t\t\t\t\t\t\t\t<\/div>\n\t\t\t\t\t\t\t\t\t\t\t<div class=\"swiper-slide\" role=\"group\" aria-roledescription=\"slide\">\n\t\t\t\t\t\t\t\t\t<div class=\"elementor-testimonial\">\n\t\t\t\t\t\t\t<div class=\"elementor-testimonial__content\">\n\t\t\t\t\t<div class=\"elementor-testimonial__text\">\n\t\t\t\t\t\t<br \/>\n<table>\n<tbody>\n<tr>\n<td colspan=\"2\">Produktanfrage003:<\/td>\n<\/tr>\n<tr>\n<td>\u4ea7\u54c1\u540d\u79f0\uff1a<\/td>\n<td>2-\u6b63\u4e19\u57fa-4-\u7532\u57fa-6-\uff081-\u7532\u57fa\u82ef\u5e76\u54aa\u5511-\u4e59\u57fa\uff09-\u82ef\u5e76\u54aa\u5511<\/td>\n<\/tr>\n<tr>\n<td>Produkt Alias:<\/td>\n<td>Bisimidazol, 2-n-Propyl-4-methyl-6-(1-methylbenzimidazol-2-yl)benzimidazol Timosartan Zwischenprodukt<\/td>\n<\/tr>\n<tr>\n<td>CAS No.:<\/td>\n<td>152628-02-9<\/td>\n<\/tr>\n<tr>\n<td>\u4ea7\u54c1\u7528\u91cf\uff1a<\/td>\n<td>6\u5428\/\u6708<\/td>\n<\/tr>\n<tr>\n<td>Kontakt E-Mail:<\/td>\n<td><a href=\"mailto:cosoonchem@163.com\">cosoonchem@163.com<\/a><\/td>\n<\/tr>\n<\/tbody>\n<\/table>\n\t\t\t\t\t<\/div>\n\t\t\t\t\t\t\t\t\t<\/div>\n\t\t\t\t\t\t<div class=\"elementor-testimonial__footer\">\n\t\t\t\t\t\t\t\t\t\t\t<\/div>\n\t\t<\/div>\n\t\t\t\t\t\t\t\t<\/div>\n\t\t\t\t\t\t\t\t\t\t\t<div class=\"swiper-slide\" role=\"group\" aria-roledescription=\"slide\">\n\t\t\t\t\t\t\t\t\t<div class=\"elementor-testimonial\">\n\t\t\t\t\t\t\t<div class=\"elementor-testimonial__content\">\n\t\t\t\t\t<div class=\"elementor-testimonial__text\">\n\t\t\t\t\t\t<br \/>\n<table>\n<tbody>\n<tr>\n<td colspan=\"2\">Produktanfrage004:<\/td>\n<\/tr>\n<tr>\n<td>\u4ea7\u54c1\u540d\u79f0\uff1a<\/td>\n<td>\u5f02\u6784\u5341\u4e09\u9187\u805a\u6c27\u4e59\u70ef\u6cb9\u9178\u916f<\/td>\n<\/tr>\n<tr>\n<td>\u4ea7\u54c1\u7528\u91cf\uff1a<\/td>\n<td>30\u5428<\/td>\n<\/tr>\n<\/tbody>\n<\/table>\n\t\t\t\t\t<\/div>\n\t\t\t\t\t\t\t\t\t<\/div>\n\t\t\t\t\t\t<div class=\"elementor-testimonial__footer\">\n\t\t\t\t\t\t\t\t\t\t\t<\/div>\n\t\t<\/div>\n\t\t\t\t\t\t\t\t<\/div>\n\t\t\t\t\t\t\t\t\t\t\t<div class=\"swiper-slide\" role=\"group\" aria-roledescription=\"slide\">\n\t\t\t\t\t\t\t\t\t<div class=\"elementor-testimonial\">\n\t\t\t\t\t\t\t<div class=\"elementor-testimonial__content\">\n\t\t\t\t\t<div class=\"elementor-testimonial__text\">\n\t\t\t\t\t\t<br \/>\n<table>\n<tbody>\n<tr>\n<td colspan=\"2\">Produktanfrage004:<\/td>\n<\/tr>\n<tr>\n<td>\u4ea7\u54c1\u63cf\u8ff0\uff1a<\/td>\n<td>\u8868\u9762\u6d3b\u6027\u5242\uff0c\u8981\u6c42\u53ef\u4ee5\u572820%\u78b1\u6027\u6d53\u5ea6\u4e0b\u4f7f\u7528<\/td>\n<\/tr>\n<tr>\n<td>\u4ea7\u54c1\u7528\u91cf\uff1a<\/td>\n<td>10\u5428<\/td>\n<\/tr>\n<\/tbody>\n<\/table>\n\t\t\t\t\t<\/div>\n\t\t\t\t\t\t\t\t\t<\/div>\n\t\t\t\t\t\t<div class=\"elementor-testimonial__footer\">\n\t\t\t\t\t\t\t\t\t\t\t<\/div>\n\t\t<\/div>\n\t\t\t\t\t\t\t\t<\/div>\n\t\t\t\t\t\t\t\t\t<\/div>\n\t\t\t\t\t\t\t\t\t\t\t\t\t\t\t<div class=\"elementor-swiper-button elementor-swiper-button-prev\" role=\"button\" tabindex=\"0\" aria-label=\"Voriger\">\n\t\t\t\t\t\t\t<i aria-hidden=\"true\" class=\"eicon-chevron-left\"><\/i>\t\t\t\t\t\t<\/div>\n\t\t\t\t\t\t<div class=\"elementor-swiper-button elementor-swiper-button-next\" role=\"button\" tabindex=\"0\" aria-label=\"N\u00e4chster\">\n\t\t\t\t\t\t\t<i aria-hidden=\"true\" class=\"eicon-chevron-right\"><\/i>\t\t\t\t\t\t<\/div>\n\t\t\t\t\t\t\t\t\t\t\t\t\t\t\t\t<div class=\"swiper-pagination\"><\/div>\n\t\t\t\t\t\t\t\t\t\t\t\t<\/div>\n\t\t\t\t<\/div>\n\t\t\t\t\t\t\t\t<\/div>\n\t\t\t\t<\/div>\n\t\t\t\t\t<\/div>\n\t\t<\/div>\n\t\t\t\t\t<\/div>\n\t\t<\/section>\n\t\t\t\t<section class=\"elementor-section elementor-top-section elementor-element elementor-element-88f88bb elementor-section-content-middle elementor-section-stretched elementor-section-boxed elementor-section-height-default elementor-section-height-default\" data-id=\"88f88bb\" data-element_type=\"section\" data-e-type=\"section\" data-settings=\"{&quot;background_background&quot;:&quot;classic&quot;,&quot;stretch_section&quot;:&quot;section-stretched&quot;}\">\n\t\t\t\t\t\t<div class=\"elementor-container elementor-column-gap-no\">\n\t\t\t\t\t<div class=\"elementor-column elementor-col-100 elementor-top-column elementor-element elementor-element-09fb6b9\" data-id=\"09fb6b9\" data-element_type=\"column\" data-e-type=\"column\" data-settings=\"{&quot;background_background&quot;:&quot;classic&quot;}\">\n\t\t\t<div class=\"elementor-widget-wrap elementor-element-populated\">\n\t\t\t\t\t\t<div class=\"elementor-element elementor-element-7a74d3f elementor-widget elementor-widget-heading\" data-id=\"7a74d3f\" data-element_type=\"widget\" data-e-type=\"widget\" data-widget_type=\"heading.default\">\n\t\t\t\t<div class=\"elementor-widget-container\">\n\t\t\t\t\t<h1 class=\"elementor-heading-title elementor-size-default\">Produktanfrage<\/h1>\t\t\t\t<\/div>\n\t\t\t\t<\/div>\n\t\t\t\t<div class=\"elementor-element elementor-element-7685940 elementor-button-align-stretch elementor-widget elementor-widget-form\" data-id=\"7685940\" data-element_type=\"widget\" data-e-type=\"widget\" data-settings=\"{&quot;step_next_label&quot;:&quot;Weiter&quot;,&quot;step_previous_label&quot;:&quot;Vorherige&quot;,&quot;button_width&quot;:&quot;100&quot;,&quot;step_type&quot;:&quot;number_text&quot;,&quot;step_icon_shape&quot;:&quot;circle&quot;}\" data-widget_type=\"form.default\">\n\t\t\t\t<div class=\"elementor-widget-container\">\n\t\t\t\t\t\t\t<form class=\"elementor-form\" method=\"post\" name=\"Neue Form\" aria-label=\"Neue Form\">\n\t\t\t<input type=\"hidden\" name=\"post_id\" value=\"10670\"\/>\n\t\t\t<input type=\"hidden\" name=\"form_id\" value=\"7685940\"\/>\n\t\t\t<input type=\"hidden\" name=\"referer_title\" value=\"\" \/>\n\n\t\t\t\n\t\t\t<div class=\"elementor-form-fields-wrapper elementor-labels-above\">\n\t\t\t\t\t\t\t\t<div class=\"elementor-field-type-text elementor-field-group elementor-column elementor-field-group-name elementor-col-100 elementor-md-50\">\n\t\t\t\t\t\t\t\t\t\t\t\t<label for=\"form-field-name\" class=\"elementor-field-label\">\n\t\t\t\t\t\t\t\tKaufanfrage\t\t\t\t\t\t\t<\/label>\n\t\t\t\t\t\t\t\t\t\t\t\t\t\t<input size=\"1\" type=\"text\" name=\"form_fields[name]\" id=\"form-field-name\" class=\"elementor-field elementor-size-sm  elementor-field-textual\" placeholder=\"Bitte geben Sie eine Nachricht ein\">\n\t\t\t\t\t\t\t\t\t\t\t<\/div>\n\t\t\t\t\t\t\t\t<div class=\"elementor-field-type-text elementor-field-group elementor-column elementor-field-group-field_7852378 elementor-col-33 elementor-md-50 elementor-field-required elementor-mark-required\">\n\t\t\t\t\t\t\t\t\t\t\t\t<label for=\"form-field-field_7852378\" class=\"elementor-field-label\">\n\t\t\t\t\t\t\t\tDiethylammoniumchlorid\t\t\t\t\t\t\t<\/label>\n\t\t\t\t\t\t\t\t\t\t\t\t\t\t<input size=\"1\" type=\"text\" name=\"form_fields[field_7852378]\" id=\"form-field-field_7852378\" class=\"elementor-field elementor-size-sm  elementor-field-textual\" placeholder=\"Bitte geben Sie den Produktnamen ein\" required=\"required\">\n\t\t\t\t\t\t\t\t\t\t\t<\/div>\n\t\t\t\t\t\t\t\t<div class=\"elementor-field-type-text elementor-field-group elementor-column elementor-field-group-field_712b1eb elementor-col-33 elementor-md-50\">\n\t\t\t\t\t\t\t\t\t\t\t\t<label for=\"form-field-field_712b1eb\" class=\"elementor-field-label\">\n\t\t\t\t\t\t\t\tProdukt Alias\t\t\t\t\t\t\t<\/label>\n\t\t\t\t\t\t\t\t\t\t\t\t\t\t<input size=\"1\" type=\"text\" name=\"form_fields[field_712b1eb]\" id=\"form-field-field_712b1eb\" class=\"elementor-field elementor-size-sm  elementor-field-textual\" placeholder=\"Bitte geben Sie einen Produktalias ein\">\n\t\t\t\t\t\t\t\t\t\t\t<\/div>\n\t\t\t\t\t\t\t\t<div class=\"elementor-field-type-text elementor-field-group elementor-column elementor-field-group-field_8d6fbfe elementor-col-33 elementor-md-50\">\n\t\t\t\t\t\t\t\t\t\t\t\t<label for=\"form-field-field_8d6fbfe\" class=\"elementor-field-label\">\n\t\t\t\t\t\t\t\tCAS-Nr.\t\t\t\t\t\t\t<\/label>\n\t\t\t\t\t\t\t\t\t\t\t\t\t\t<input size=\"1\" type=\"text\" name=\"form_fields[field_8d6fbfe]\" id=\"form-field-field_8d6fbfe\" class=\"elementor-field elementor-size-sm  elementor-field-textual\" placeholder=\"Bitte geben Sie die CAS-Nummer des Produkts ein\">\n\t\t\t\t\t\t\t\t\t\t\t<\/div>\n\t\t\t\t\t\t\t\t<div class=\"elementor-field-type-text elementor-field-group elementor-column elementor-field-group-field_6e11ac6 elementor-col-33 elementor-md-50 elementor-field-required elementor-mark-required\">\n\t\t\t\t\t\t\t\t\t\t\t\t<label for=\"form-field-field_6e11ac6\" class=\"elementor-field-label\">\n\t\t\t\t\t\t\t\tAnzahl der Anforderungen\t\t\t\t\t\t\t<\/label>\n\t\t\t\t\t\t\t\t\t\t\t\t\t\t<input size=\"1\" type=\"text\" name=\"form_fields[field_6e11ac6]\" id=\"form-field-field_6e11ac6\" class=\"elementor-field elementor-size-sm  elementor-field-textual\" placeholder=\"Bitte geben Sie die Anzahl der Anforderungen ein\" required=\"required\">\n\t\t\t\t\t\t\t\t\t\t\t<\/div>\n\t\t\t\t\t\t\t\t<div class=\"elementor-field-type-select elementor-field-group elementor-column elementor-field-group-field_ceba25b elementor-col-66 elementor-md-50\">\n\t\t\t\t\t\t\t\t\t\t\t\t<label for=\"form-field-field_ceba25b\" class=\"elementor-field-label\">\n\t\t\t\t\t\t\t\tForderung nach Befristung\t\t\t\t\t\t\t<\/label>\n\t\t\t\t\t\t\t\t<div class=\"elementor-field elementor-select-wrapper remove-before \">\n\t\t\t<div class=\"select-caret-down-wrapper\">\n\t\t\t\t<i aria-hidden=\"true\" class=\"eicon-caret-down\"><\/i>\t\t\t<\/div>\n\t\t\t<select name=\"form_fields[field_ceba25b]\" id=\"form-field-field_ceba25b\" class=\"elementor-field-textual elementor-size-sm\">\n\t\t\t\t\t\t\t\t\t<option value=\"3 Tage 5 Tage 7 Tage 30 Tage\">3 Tage 5 Tage 7 Tage 30 Tage<\/option>\n\t\t\t\t\t\t\t<\/select>\n\t\t<\/div>\n\t\t\t\t\t\t<\/div>\n\t\t\t\t\t\t\t\t<div class=\"elementor-field-type-textarea elementor-field-group elementor-column elementor-field-group-message elementor-col-100\">\n\t\t\t\t\t\t\t\t\t\t\t\t<label for=\"form-field-message\" class=\"elementor-field-label\">\n\t\t\t\t\t\t\t\tBeschreibung des Produkts\t\t\t\t\t\t\t<\/label>\n\t\t\t\t\t\t<textarea class=\"elementor-field-textual elementor-field  elementor-size-sm\" name=\"form_fields[message]\" id=\"form-field-message\" rows=\"4\" placeholder=\"Bitte beschreiben Sie die Produktinformationen im Detail\"><\/textarea>\t\t\t\t<\/div>\n\t\t\t\t\t\t\t\t<div class=\"elementor-field-type-text elementor-field-group elementor-column elementor-field-group-field_b514544 elementor-col-100 elementor-md-50\">\n\t\t\t\t\t\t\t\t\t\t\t\t<label for=\"form-field-field_b514544\" class=\"elementor-field-label\">\n\t\t\t\t\t\t\t\tUnternehmen\/Einheit\t\t\t\t\t\t\t<\/label>\n\t\t\t\t\t\t\t\t\t\t\t\t\t\t<input size=\"1\" type=\"text\" name=\"form_fields[field_b514544]\" id=\"form-field-field_b514544\" class=\"elementor-field elementor-size-sm  elementor-field-textual\" placeholder=\"Unternehmen\/Einheit\">\n\t\t\t\t\t\t\t\t\t\t\t<\/div>\n\t\t\t\t\t\t\t\t<div class=\"elementor-field-type-text elementor-field-group elementor-column elementor-field-group-field_862cbc1 elementor-col-33 elementor-md-50 elementor-field-required elementor-mark-required\">\n\t\t\t\t\t\t\t\t\t\t\t\t<label for=\"form-field-field_862cbc1\" class=\"elementor-field-label\">\n\t\t\t\t\t\t\t\tVerbindung\t\t\t\t\t\t\t<\/label>\n\t\t\t\t\t\t\t\t\t\t\t\t\t\t<input size=\"1\" type=\"text\" name=\"form_fields[field_862cbc1]\" id=\"form-field-field_862cbc1\" class=\"elementor-field elementor-size-sm  elementor-field-textual\" placeholder=\"Name der Kontaktperson\" required=\"required\">\n\t\t\t\t\t\t\t\t\t\t\t<\/div>\n\t\t\t\t\t\t\t\t<div class=\"elementor-field-type-tel elementor-field-group elementor-column elementor-field-group-field_3ea6080 elementor-col-33 elementor-md-50 elementor-field-required elementor-mark-required\">\n\t\t\t\t\t\t\t\t\t\t\t\t<label for=\"form-field-field_3ea6080\" class=\"elementor-field-label\">\n\t\t\t\t\t\t\t\tTelefone\t\t\t\t\t\t\t<\/label>\n\t\t\t\t\t\t\t\t<input size=\"1\" type=\"tel\" name=\"form_fields[field_3ea6080]\" id=\"form-field-field_3ea6080\" class=\"elementor-field elementor-size-sm  elementor-field-textual\" placeholder=\"Ihre Telefonnummer\" required=\"required\" pattern=\"[0-9()#&amp;+*-=.]+\" title=\"Nur Nummern oder Telefon-Zeichen (#, -, *, etc) werden akzeptiert.\">\n\n\t\t\t\t\t\t<\/div>\n\t\t\t\t\t\t\t\t<div class=\"elementor-field-type-text elementor-field-group elementor-column elementor-field-group-field_9f6ddbb elementor-col-33 elementor-md-50 elementor-field-required elementor-mark-required\">\n\t\t\t\t\t\t\t\t\t\t\t\t<label for=\"form-field-field_9f6ddbb\" class=\"elementor-field-label\">\n\t\t\t\t\t\t\t\tDeine E-Mail\t\t\t\t\t\t\t<\/label>\n\t\t\t\t\t\t\t\t\t\t\t\t\t\t<input size=\"1\" type=\"text\" name=\"form_fields[field_9f6ddbb]\" id=\"form-field-field_9f6ddbb\" class=\"elementor-field elementor-size-sm  elementor-field-textual\" placeholder=\"Deine E-Mail\" required=\"required\">\n\t\t\t\t\t\t\t\t\t\t\t<\/div>\n\t\t\t\t\t\t\t\t<div class=\"elementor-field-type-upload elementor-field-group elementor-column elementor-field-group-field_867952d elementor-col-100\">\n\t\t\t\t\t\t\t\t\t\t\t\t<label for=\"form-field-field_867952d\" class=\"elementor-field-label\">\n\t\t\t\t\t\t\t\tVerf\u00fcgbare Produkte f\u00fcr Ihren Bedarf\t\t\t\t\t\t\t<\/label>\n\t\t\t\t\t\t\t\t<input type=\"file\" name=\"form_fields[field_867952d]\" id=\"form-field-field_867952d\" class=\"elementor-field elementor-size-sm  elementor-upload-field\">\n\n\t\t\t\t\t\t<\/div>\n\t\t\t\t\t\t\t\t<div class=\"elementor-field-group elementor-column elementor-field-type-submit elementor-col-100 e-form__buttons\">\n\t\t\t\t\t<button class=\"elementor-button elementor-size-md\" type=\"submit\">\n\t\t\t\t\t\t<span class=\"elementor-button-content-wrapper\">\n\t\t\t\t\t\t\t\t\t\t\t\t\t\t\t\t\t\t\t\t\t\t<span class=\"elementor-button-text\">Vorlegen<\/span>\n\t\t\t\t\t\t\t\t\t\t\t\t\t<\/span>\n\t\t\t\t\t<\/button>\n\t\t\t\t<\/div>\n\t\t\t<\/div>\n\t\t<\/form>\n\t\t\t\t\t\t<\/div>\n\t\t\t\t<\/div>\n\t\t\t\t<div class=\"elementor-element elementor-element-cf31f38 elementor-widget elementor-widget-text-editor\" data-id=\"cf31f38\" data-element_type=\"widget\" data-e-type=\"widget\" data-widget_type=\"text-editor.default\">\n\t\t\t\t<div class=\"elementor-widget-container\">\n\t\t\t\t\t\t\t\t\t<p><strong><span style=\"color: #ff0000;\">*Die Ver\u00f6ffentlichung von Informationen auf dieser Website ist f\u00fcr den Anfragenden kostenlos, er muss jedoch f\u00fcr die Echtheit der gesuchten Informationen garantieren;<\/span><\/strong><br \/><strong><span style=\"color: #ff0000;\">*Die Kaufantr\u00e4ge m\u00fcssen Chemikalien oder chemische Produkte betreffen;<\/span><\/strong><br \/><strong><span style=\"color: #ff0000;\">*Die angeforderten Produkte m\u00fcssen den Anforderungen der chinesischen Gesetze und Vorschriften entsprechen;<\/span><\/strong><br \/><strong><span style=\"color: #ff0000;\">*Wenn die \u00dcberpr\u00fcfung der Kaufinformationen gegen die Gesetze und Vorschriften verst\u00f6\u00dft und falsche Informationen enth\u00e4lt, hat diese Website das Recht, die ver\u00f6ffentlichten Informationen zu l\u00f6schen;<\/span><\/strong><\/p>\n\t\t\t\t\t\t\t\t<\/div>\n\t\t\t\t<\/div>\n\t\t\t\t\t<\/div>\n\t\t<\/div>\n\t\t\t\t\t<\/div>\n\t\t<\/section>\n\t\t\t\t<\/div>\n\t\t","protected":false},"excerpt":{"rendered":"<p>Produktanfrage001: \u4ea7\u54c1\u540d\u79f0\uff1a 4&#8242;-\u6eb4\u7532\u57fa-2-\u6c30\u57fa\u8054\u82ef \u4ea7\u54c1\u522b\u540d\uff1a \u6eb4\u4ee3\u6c99\u5766\u8054\u82ef CAS No.: 114772-54-2 \u4ea7\u54c1\u7528\u91cf\uff1a 20\u5428\/\u6708 Kontakt E-Mail\uff1a cosoonchem@163.com Produktanfrage002: Diethylammoniumchlorid: 2-Butyl-1,3-diazaspirocycle[4,4]nona-1-en-4-one Hydrochlorid \u4ea7\u54c1\u522b\u540d\uff1a \u5384\u8d1d\u4fa7\u94fe\u76d0\u9178\u76d0\/\u54aa\u5511\u76d0\u9178\u76d0 CAS No.: 151257-01-1 \u4ea7\u54c1\u7528\u91cf\uff1a 20\u5428\/\u6708 Kontakt E-Mail\uff1a cosoonchem@163.com Produktanfrage003: \u4ea7\u54c1\u540d\u79f0\uff1a 2-\u6b63\u4e19\u57fa-4-\u7532\u57fa-6-\uff081-\u7532\u57fa\u82ef\u5e76\u54aa\u5511-\u4e59\u57fa\uff09-\u82ef\u5e76\u54aa\u5511 Produkt Alias: Bisimidazol, 2-n-Propyl-4-methyl-6-(1-methylbenzimidazol-2-yl)benzimidazol Timosartan Zwischenprodukt CAS No.: 152628-02-9 \u4ea7\u54c1\u7528\u91cf\uff1a 6\u5428\/\u6708 Kontakt E-Mail: cosoonchem@163.com Produktanfrage004: \u4ea7\u54c1\u540d\u79f0\uff1a \u5f02\u6784\u5341\u4e09\u9187\u805a\u6c27\u4e59\u70ef\u6cb9\u9178\u916f \u4ea7\u54c1\u7528\u91cf\uff1a 30\u5428 Produktanfrage004: \u4ea7\u54c1\u63cf\u8ff0\uff1a \u8868\u9762\u6d3b\u6027\u5242\uff0c\u8981\u6c42\u53ef\u4ee5\u572820%\u78b1\u6027\u6d53\u5ea6\u4e0b\u4f7f\u7528 \u4ea7\u54c1\u7528\u91cf\uff1a 10\u5428 Previous [&hellip;]<\/p>\n","protected":false},"author":1,"featured_media":0,"parent":0,"menu_order":0,"comment_status":"closed","ping_status":"closed","template":"elementor_header_footer","meta":{"site-sidebar-layout":"no-sidebar","site-content-layout":"plain-container","ast-site-content-layout":"default","site-content-style":"default","site-sidebar-style":"default","ast-global-header-display":"","ast-banner-title-visibility":"","ast-main-header-display":"","ast-hfb-above-header-display":"","ast-hfb-below-header-display":"","ast-hfb-mobile-header-display":"","site-post-title":"disabled","ast-breadcrumbs-content":"","ast-featured-img":"disabled","footer-sml-layout":"","ast-disable-related-posts":"","theme-transparent-header-meta":"","adv-header-id-meta":"","stick-header-meta":"","header-above-stick-meta":"","header-main-stick-meta":"","header-below-stick-meta":"","astra-migrate-meta-layouts":"set","ast-page-background-enabled":"default","ast-page-background-meta":{"desktop":{"background-color":"var(--ast-global-color-4)","background-image":"","background-repeat":"repeat","background-position":"center center","background-size":"auto","background-attachment":"scroll","background-type":"","background-media":"","overlay-type":"","overlay-color":"","overlay-opacity":"","overlay-gradient":""},"tablet":{"background-color":"","background-image":"","background-repeat":"repeat","background-position":"center center","background-size":"auto","background-attachment":"scroll","background-type":"","background-media":"","overlay-type":"","overlay-color":"","overlay-opacity":"","overlay-gradient":""},"mobile":{"background-color":"","background-image":"","background-repeat":"repeat","background-position":"center center","background-size":"auto","background-attachment":"scroll","background-type":"","background-media":"","overlay-type":"","overlay-color":"","overlay-opacity":"","overlay-gradient":""}},"ast-content-background-meta":{"desktop":{"background-color":"var(--ast-global-color-5)","background-image":"","background-repeat":"repeat","background-position":"center center","background-size":"auto","background-attachment":"scroll","background-type":"","background-media":"","overlay-type":"","overlay-color":"","overlay-opacity":"","overlay-gradient":""},"tablet":{"background-color":"var(--ast-global-color-5)","background-image":"","background-repeat":"repeat","background-position":"center center","background-size":"auto","background-attachment":"scroll","background-type":"","background-media":"","overlay-type":"","overlay-color":"","overlay-opacity":"","overlay-gradient":""},"mobile":{"background-color":"var(--ast-global-color-5)","background-image":"","background-repeat":"repeat","background-position":"center center","background-size":"auto","background-attachment":"scroll","background-type":"","background-media":"","overlay-type":"","overlay-color":"","overlay-opacity":"","overlay-gradient":""}},"footnotes":""},"class_list":["post-10670","page","type-page","status-publish","hentry"],"_links":{"self":[{"href":"https:\/\/www.cosoonchem.com\/de\/wp-json\/wp\/v2\/pages\/10670","targetHints":{"allow":["GET"]}}],"collection":[{"href":"https:\/\/www.cosoonchem.com\/de\/wp-json\/wp\/v2\/pages"}],"about":[{"href":"https:\/\/www.cosoonchem.com\/de\/wp-json\/wp\/v2\/types\/page"}],"author":[{"embeddable":true,"href":"https:\/\/www.cosoonchem.com\/de\/wp-json\/wp\/v2\/users\/1"}],"replies":[{"embeddable":true,"href":"https:\/\/www.cosoonchem.com\/de\/wp-json\/wp\/v2\/comments?post=10670"}],"version-history":[{"count":0,"href":"https:\/\/www.cosoonchem.com\/de\/wp-json\/wp\/v2\/pages\/10670\/revisions"}],"wp:attachment":[{"href":"https:\/\/www.cosoonchem.com\/de\/wp-json\/wp\/v2\/media?parent=10670"}],"curies":[{"name":"wp","href":"https:\/\/api.w.org\/{rel}","templated":true}]}}