{"id":10997,"date":"2024-09-27T16:39:10","date_gmt":"2024-09-27T08:39:10","guid":{"rendered":"https:\/\/www.cosoonchem.com\/nanobeschichtete-schutzschicht\/"},"modified":"2024-10-14T15:10:14","modified_gmt":"2024-10-14T07:10:14","slug":"nanobeschichtete-schutzschicht","status":"publish","type":"product","link":"https:\/\/www.cosoonchem.com\/de\/produkt\/nanobeschichtete-schutzschicht\/","title":{"rendered":"Nanobeschichtete Schutzschicht"},"content":{"rendered":"<h2>Produktmerkmale<\/h2>\n<ul>\n<li>Leicht zu reinigen, schmutzabweisend, hydrophob, oleophob und abriebfest;<\/li>\n<li>Echtes Leder und Leder haben eine gute Textur und f\u00fchlen sich gut an;<\/li>\n<li>Verleiht dem Leder Geschmeidigkeit;<\/li>\n<li>H\u00e4lt BB-Creme, Lippenstift, Teeflecken, Staub, Chromosomen usw. fern und sch\u00fctzt die Haut vor Ausbleichen, Flecken, Verschmutzung und Schimmel;<\/li>\n<\/ul>\n<h2>Umfang der Nutzung<\/h2>\n<ul>\n<li>Echtes Leder, auf Leder<\/li>\n<li>Autositz<\/li>\n<li>Lederbekleidung, Ledertaschen, Lederwaren<\/li>\n<li>Kunstleder<\/li>\n<li><span style=\"vertical-align: inherit;\"><span style=\"vertical-align: inherit;\">M\u00f6beloberfl\u00e4chen aus Holz<\/span><\/span><\/li>\n<\/ul>\n<h2>SGS-Pr\u00fcfbericht<\/h2>\n<table width=\"985\">\n<tbody>\n<tr>\n<td width=\"197\">Testaufgaben<\/td>\n<td width=\"197\">Grenzwert<\/td>\n<td width=\"197\">Einheit<\/td>\n<td width=\"197\"><span style=\"vertical-align: inherit;\"><span style=\"vertical-align: inherit;\">MDL<\/span><\/span><\/td>\n<td width=\"197\"><span style=\"vertical-align: inherit;\"><span style=\"vertical-align: inherit;\">1<\/span><\/span><\/td>\n<\/tr>\n<tr>\n<td width=\"197\">Benzol<\/td>\n<td width=\"197\"><span style=\"vertical-align: inherit;\"><span style=\"vertical-align: inherit;\">0.3<\/span><\/span><\/td>\n<td width=\"197\"><span style=\"vertical-align: inherit;\"><span style=\"vertical-align: inherit;\">% (w\/w)<\/span><\/span><\/td>\n<td width=\"197\"><span style=\"vertical-align: inherit;\"><span style=\"vertical-align: inherit;\">0.005<\/span><\/span><\/td>\n<td width=\"197\"><span style=\"vertical-align: inherit;\"><span style=\"vertical-align: inherit;\">ND<\/span><\/span><\/td>\n<\/tr>\n<tr>\n<td width=\"197\">Toluol<\/td>\n<td width=\"197\"><span style=\"vertical-align: inherit;\"><span style=\"vertical-align: inherit;\">&#8211;<\/span><\/span><\/td>\n<td width=\"197\"><span style=\"vertical-align: inherit;\"><span style=\"vertical-align: inherit;\">% (w\/w)<\/span><\/span><\/td>\n<td width=\"197\"><span style=\"vertical-align: inherit;\"><span style=\"vertical-align: inherit;\">0.005<\/span><\/span><\/td>\n<td width=\"197\"><span style=\"vertical-align: inherit;\"><span style=\"vertical-align: inherit;\">ND<\/span><\/span><\/td>\n<\/tr>\n<tr>\n<td width=\"197\">Ethylbenzol<\/td>\n<td width=\"197\"><span style=\"vertical-align: inherit;\"><span style=\"vertical-align: inherit;\">&#8211;<\/span><\/span><\/td>\n<td width=\"197\"><span style=\"vertical-align: inherit;\"><span style=\"vertical-align: inherit;\">% (w\/w)<\/span><\/span><\/td>\n<td width=\"197\"><span style=\"vertical-align: inherit;\"><span style=\"vertical-align: inherit;\">0.005<\/span><\/span><\/td>\n<td width=\"197\"><span style=\"vertical-align: inherit;\"><span style=\"vertical-align: inherit;\">ND<\/span><\/span><\/td>\n<\/tr>\n<tr>\n<td width=\"197\">m- &amp; p-Xylol<\/td>\n<td width=\"197\"><span style=\"vertical-align: inherit;\"><span style=\"vertical-align: inherit;\">&#8211;<\/span><\/span><\/td>\n<td width=\"197\"><span style=\"vertical-align: inherit;\"><span style=\"vertical-align: inherit;\">% (w\/w)<\/span><\/span><\/td>\n<td width=\"197\"><span style=\"vertical-align: inherit;\"><span style=\"vertical-align: inherit;\">0.005<\/span><\/span><\/td>\n<td width=\"197\"><span style=\"vertical-align: inherit;\"><span style=\"vertical-align: inherit;\">ND<\/span><\/span><\/td>\n<\/tr>\n<tr>\n<td width=\"197\">o-Xylol<\/td>\n<td width=\"197\"><span style=\"vertical-align: inherit;\"><span style=\"vertical-align: inherit;\">&#8211;<\/span><\/span><\/td>\n<td width=\"197\"><span style=\"vertical-align: inherit;\"><span style=\"vertical-align: inherit;\">% (w\/w)<\/span><\/span><\/td>\n<td width=\"197\"><span style=\"vertical-align: inherit;\"><span style=\"vertical-align: inherit;\">0.005<\/span><\/span><\/td>\n<td width=\"197\"><span style=\"vertical-align: inherit;\"><span style=\"vertical-align: inherit;\">ND<\/span><\/span><\/td>\n<\/tr>\n<tr>\n<td width=\"197\">Xylol<\/td>\n<td width=\"197\"><span style=\"vertical-align: inherit;\"><span style=\"vertical-align: inherit;\">&#8211;<\/span><\/span><\/td>\n<td width=\"197\"><span style=\"vertical-align: inherit;\"><span style=\"vertical-align: inherit;\">% (w\/w)<\/span><\/span><\/td>\n<td width=\"197\"><span style=\"vertical-align: inherit;\"><span style=\"vertical-align: inherit;\">&#8211;<\/span><\/span><\/td>\n<td width=\"197\"><span style=\"vertical-align: inherit;\"><span style=\"vertical-align: inherit;\">ND<\/span><\/span><\/td>\n<\/tr>\n<tr>\n<td width=\"197\">Toluol und Xylol (mit Ethylbenzol) Aggregat<\/td>\n<td width=\"197\"><span style=\"vertical-align: inherit;\"><span style=\"vertical-align: inherit;\">0.3<\/span><\/span><\/td>\n<td width=\"197\"><span style=\"vertical-align: inherit;\"><span style=\"vertical-align: inherit;\">% (w\/w)<\/span><\/span><\/td>\n<td width=\"197\"><span style=\"vertical-align: inherit;\"><span style=\"vertical-align: inherit;\">&#8211;<\/span><\/span><\/td>\n<td width=\"197\"><span style=\"vertical-align: inherit;\"><span style=\"vertical-align: inherit;\">ND<\/span><\/span><\/td>\n<\/tr>\n<tr>\n<td width=\"197\">Blei\uff08Pb\uff09<\/td>\n<td width=\"197\"><span style=\"vertical-align: inherit;\"><span style=\"vertical-align: inherit;\">1000<\/span><\/span><\/td>\n<td width=\"197\"><span style=\"vertical-align: inherit;\"><span style=\"vertical-align: inherit;\">mg\/kg<\/span><\/span><\/td>\n<td width=\"197\"><span style=\"vertical-align: inherit;\"><span style=\"vertical-align: inherit;\">2<\/span><\/span><\/td>\n<td width=\"197\"><span style=\"vertical-align: inherit;\"><span style=\"vertical-align: inherit;\">ND<\/span><\/span><\/td>\n<\/tr>\n<tr>\n<td width=\"197\">Chrom\uff08Cd\uff09<\/td>\n<td width=\"197\"><span style=\"vertical-align: inherit;\"><span style=\"vertical-align: inherit;\">100<\/span><\/span><\/td>\n<td width=\"197\"><span style=\"vertical-align: inherit;\"><span style=\"vertical-align: inherit;\">mg\/kg<\/span><\/span><\/td>\n<td width=\"197\"><span style=\"vertical-align: inherit;\"><span style=\"vertical-align: inherit;\">2<\/span><\/span><\/td>\n<td width=\"197\"><span style=\"vertical-align: inherit;\"><span style=\"vertical-align: inherit;\">ND<\/span><\/span><\/td>\n<\/tr>\n<tr>\n<td width=\"197\">Quecksilber\uff08Hg\uff09<\/td>\n<td width=\"197\"><span style=\"vertical-align: inherit;\"><span style=\"vertical-align: inherit;\">1000<\/span><\/span><\/td>\n<td width=\"197\"><span style=\"vertical-align: inherit;\"><span style=\"vertical-align: inherit;\">mg\/kg<\/span><\/span><\/td>\n<td width=\"197\"><span style=\"vertical-align: inherit;\"><span style=\"vertical-align: inherit;\">2<\/span><\/span><\/td>\n<td width=\"197\"><span style=\"vertical-align: inherit;\"><span style=\"vertical-align: inherit;\">ND<\/span><\/span><\/td>\n<\/tr>\n<tr>\n<td width=\"197\">hexavalentes Chrom\uff08CrVI\uff09<\/td>\n<td width=\"197\"><span style=\"vertical-align: inherit;\"><span style=\"vertical-align: inherit;\">1000<\/span><\/span><\/td>\n<td width=\"197\"><span style=\"vertical-align: inherit;\"><span style=\"vertical-align: inherit;\">mg\/kg<\/span><\/span><\/td>\n<td width=\"197\"><span style=\"vertical-align: inherit;\"><span style=\"vertical-align: inherit;\">8<\/span><\/span><\/td>\n<td width=\"197\"><span style=\"vertical-align: inherit;\"><span style=\"vertical-align: inherit;\">ND<\/span><\/span><\/td>\n<\/tr>\n<\/tbody>\n<\/table>\n<h2>Unterschied zwischen Routinepflege und diesem Produkt<\/h2>\n<table width=\"591\">\n<tbody>\n<tr>\n<td width=\"197\">Vergleichsprojekt<\/td>\n<td width=\"197\">Schutzwachse und Lederpflegemittel nach regelm\u00e4\u00dfiger Pflege<\/td>\n<td width=\"197\">Nanobeschichtete Schutzschicht<\/td>\n<\/tr>\n<tr>\n<td width=\"197\"><span style=\"vertical-align: inherit;\"><span style=\"vertical-align: inherit;\">1<\/span><\/span><\/td>\n<td width=\"197\">Riecht und wird von geruchsempfindlichen Personen nicht gemocht<\/td>\n<td width=\"197\">Geruchlos und transparent<\/td>\n<\/tr>\n<tr>\n<td width=\"197\"><span style=\"vertical-align: inherit;\"><span style=\"vertical-align: inherit;\">2<\/span><\/span><\/td>\n<td width=\"197\">Starke \u00d6ligkeit (einige sind nicht umweltfreundlich)<\/td>\n<td width=\"197\">Umweltfreundlich, von der SGS-Organisation getestet<\/td>\n<\/tr>\n<tr>\n<td width=\"197\"><span style=\"vertical-align: inherit;\"><span style=\"vertical-align: inherit;\">3<\/span><\/span><\/td>\n<td width=\"197\">Kurze Verweildauer<\/td>\n<td width=\"197\">Dauerhaft (keine mechanische Besch\u00e4digung von au\u00dfen)<\/td>\n<\/tr>\n<tr>\n<td width=\"197\"><span style=\"vertical-align: inherit;\"><span style=\"vertical-align: inherit;\">4<\/span><\/span><\/td>\n<td width=\"197\">Keine Fleckenbest\u00e4ndigkeit, zieht leicht Staub an<\/td>\n<td width=\"197\">Antifouling<\/td>\n<\/tr>\n<tr>\n<td width=\"197\"><span style=\"vertical-align: inherit;\"><span style=\"vertical-align: inherit;\">5<\/span><\/span><\/td>\n<td width=\"197\">Keine Anti-Verschlei\u00df-Eigenschaften<\/td>\n<td width=\"197\">Abriebfest, H\u00e4rte bis zu 3H<\/td>\n<\/tr>\n<tr>\n<td width=\"197\"><span style=\"vertical-align: inherit;\"><span style=\"vertical-align: inherit;\">6<\/span><\/span><\/td>\n<td width=\"197\">Klebrige H\u00e4nde, klebrige Kleidung<\/td>\n<td width=\"197\">Nicht klebende H\u00e4nde, nicht klebende Kleidung<\/td>\n<\/tr>\n<\/tbody>\n<\/table>\n<h2>Verwendung<\/h2>\n<ol>\n<li>Reinigen Sie zun\u00e4chst das Leder im Inneren des Fahrzeugs mit einem Innenraumreiniger und halten Sie das Fahrzeug 30 Minuten lang in einen hei\u00dfen F\u00f6hn, damit das Leder gr\u00fcndlich trocknen kann;<\/li>\n<li>Gie\u00dfen Sie die Nanokristallbeschichtung auf das Spezialtuch und reiben Sie das Leder gleichm\u00e4\u00dfig ab, um zu vermeiden, dass die Oberfl\u00e4chenfarbe nach dem Aufbau nicht einheitlich ist;<\/li>\n<li>Baureihenfolge: Hauptfahrer &#8211; Beifahrer &#8211; Fond, w\u00e4hrend des Aufbaus die Fenster \u00f6ffnen, um die Luftzirkulation aufrechtzuerhalten, nach dem Aufbau die Fenster sofort schlie\u00dfen, Ber\u00fchrungen vermeiden;<\/li>\n<li>Nach dem Bau, \u00f6ffnen Sie das Auto hei\u00df blasende Luft f\u00fcr 30 Minuten, sicher sein, das Licht zu verwenden, um zu \u00fcberpr\u00fcfen, ob es gleichm\u00e4\u00dfig beschichtet ist;<\/li>\n<li>Das Auto kann 4 Stunden nach dem Aufbau zur Benutzung \u00fcbergeben werden;<\/li>\n<li>Zur \u00dcberpr\u00fcfung der Fleckenbest\u00e4ndigkeit, H\u00e4rte usw. muss die Beschichtung 24 Stunden lang vollst\u00e4ndig trocknen, bevor sie \u00fcberpr\u00fcft werden kann.<\/li>\n<\/ol>\n<h2>Caveat<\/h2>\n<ol>\n<li>Wenn die Fl\u00fcssigkristallbeschichtung w\u00e4hrend des Bauprozesses versehentlich das Glas oder eine glatte, harte Oberfl\u00e4che ber\u00fchrt, k\u00f6nnen Sie sie mit einem feuchten Handtuch abwischen und dann mit einem trockenen Handtuch nachwischen;<\/li>\n<li>Nicht auf Kunststoff verwenden;<\/li>\n<li>Wenn Sie auf dunklem Leder arbeiten und ein mattes Finish w\u00fcnschen, sollten Sie mit einem trockenen Tuch nachwischen, um eine zu gl\u00e4nzende Oberfl\u00e4che zu vermeiden;<\/li>\n<li>Wenn die Kristallbeschichtungsfl\u00fcssigkeit w\u00e4hrend des Bauprozesses in Ihre Augen gelangt, begeben Sie sich bitte sofort zur Behandlung ins Krankenhaus;<\/li>\n<\/ol>\n<h2>Spezifikation der Verpackung<\/h2>\n<ul>\n<li>Set 01: 200mL Lederreiniger + 25mL Nanokristall-Beschichtungsfl\u00fcssigkeit 2 + Spezialtuch 2 = eine kleine Autodosis<\/li>\n<li>Set 02: 200ml Lederreiniger + 50mL Nanokristall-Beschichtungsfl\u00fcssigkeit 2 St\u00fcck + Spezialtuch 2 St\u00fcck = 2 kleine Autos Dosierung<\/li>\n<li>Kundenspezifische Verarbeitung (OEM): Verarbeitungsmenge \u22652000 S\u00e4tze<\/li>\n<li>Produktfl\u00fcssigkeit: 5Kg\/Fass<\/li>\n<\/ul>\n","protected":false},"excerpt":{"rendered":"<ul>\n<li>Die nanobeschichtete Schutzschicht besteht aus einer nanoskaligen, bionischen Technologie zur Materialmodulation;<\/li>\n<li>Leder Antifouling selbstreinigende Beschichtung ist nicht eine Abdeckung Art, sondern mit der Haut im Inneren der Hydroxylgruppe reagiert, um eine Schutzschicht zu bilden, ist das Produkt Nano-Skala, die Dicke der Beschichtung ist nur ein Zehntel einer Haarstr\u00e4hne, so kann es sicherstellen, dass es keine Kraft, um den Fall zu zerst\u00f6ren, lebenslang nicht abfallen, nicht sch\u00e4len von der Haut.<\/li>\n<\/ul>\n","protected":false},"featured_media":10677,"comment_status":"open","ping_status":"closed","template":"","meta":{"site-sidebar-layout":"default","site-content-layout":"","ast-site-content-layout":"default","site-content-style":"default","site-sidebar-style":"default","ast-global-header-display":"","ast-banner-title-visibility":"","ast-main-header-display":"","ast-hfb-above-header-display":"","ast-hfb-below-header-display":"","ast-hfb-mobile-header-display":"","site-post-title":"","ast-breadcrumbs-content":"","ast-featured-img":"","footer-sml-layout":"","ast-disable-related-posts":"","theme-transparent-header-meta":"default","adv-header-id-meta":"","stick-header-meta":"default","header-above-stick-meta":"","header-main-stick-meta":"","header-below-stick-meta":"","astra-migrate-meta-layouts":"set","ast-page-background-enabled":"default","ast-page-background-meta":{"desktop":{"background-color":"var(--ast-global-color-4)","background-image":"","background-repeat":"repeat","background-position":"center center","background-size":"auto","background-attachment":"scroll","background-type":"","background-media":"","overlay-type":"","overlay-color":"","overlay-opacity":"","overlay-gradient":""},"tablet":{"background-color":"","background-image":"","background-repeat":"repeat","background-position":"center center","background-size":"auto","background-attachment":"scroll","background-type":"","background-media":"","overlay-type":"","overlay-color":"","overlay-opacity":"","overlay-gradient":""},"mobile":{"background-color":"","background-image":"","background-repeat":"repeat","background-position":"center center","background-size":"auto","background-attachment":"scroll","background-type":"","background-media":"","overlay-type":"","overlay-color":"","overlay-opacity":"","overlay-gradient":""}},"ast-content-background-meta":{"desktop":{"background-color":"var(--ast-global-color-5)","background-image":"","background-repeat":"repeat","background-position":"center center","background-size":"auto","background-attachment":"scroll","background-type":"","background-media":"","overlay-type":"","overlay-color":"","overlay-opacity":"","overlay-gradient":""},"tablet":{"background-color":"var(--ast-global-color-5)","background-image":"","background-repeat":"repeat","background-position":"center center","background-size":"auto","background-attachment":"scroll","background-type":"","background-media":"","overlay-type":"","overlay-color":"","overlay-opacity":"","overlay-gradient":""},"mobile":{"background-color":"var(--ast-global-color-5)","background-image":"","background-repeat":"repeat","background-position":"center center","background-size":"auto","background-attachment":"scroll","background-type":"","background-media":"","overlay-type":"","overlay-color":"","overlay-opacity":"","overlay-gradient":""}}},"product_brand":[],"product_cat":[204,199,208],"product_tag":[],"class_list":{"0":"post-10997","1":"product","2":"type-product","3":"status-publish","4":"has-post-thumbnail","6":"product_cat-beschichtungen-und-druckfarben","7":"product_cat-produkt-muster","8":"product_cat-tensid","9":"desktop-align-left","10":"tablet-align-left","11":"mobile-align-left","12":"ast-product-gallery-layout-horizontal-slider","13":"ast-product-tabs-layout-horizontal","15":"first","16":"instock","17":"shipping-taxable","18":"purchasable","19":"product-type-simple"},"_links":{"self":[{"href":"https:\/\/www.cosoonchem.com\/de\/wp-json\/wp\/v2\/product\/10997","targetHints":{"allow":["GET"]}}],"collection":[{"href":"https:\/\/www.cosoonchem.com\/de\/wp-json\/wp\/v2\/product"}],"about":[{"href":"https:\/\/www.cosoonchem.com\/de\/wp-json\/wp\/v2\/types\/product"}],"replies":[{"embeddable":true,"href":"https:\/\/www.cosoonchem.com\/de\/wp-json\/wp\/v2\/comments?post=10997"}],"version-history":[{"count":0,"href":"https:\/\/www.cosoonchem.com\/de\/wp-json\/wp\/v2\/product\/10997\/revisions"}],"wp:featuredmedia":[{"embeddable":true,"href":"https:\/\/www.cosoonchem.com\/de\/wp-json\/wp\/v2\/media\/10677"}],"wp:attachment":[{"href":"https:\/\/www.cosoonchem.com\/de\/wp-json\/wp\/v2\/media?parent=10997"}],"wp:term":[{"taxonomy":"product_brand","embeddable":true,"href":"https:\/\/www.cosoonchem.com\/de\/wp-json\/wp\/v2\/product_brand?post=10997"},{"taxonomy":"product_cat","embeddable":true,"href":"https:\/\/www.cosoonchem.com\/de\/wp-json\/wp\/v2\/product_cat?post=10997"},{"taxonomy":"product_tag","embeddable":true,"href":"https:\/\/www.cosoonchem.com\/de\/wp-json\/wp\/v2\/product_tag?post=10997"}],"curies":[{"name":"wp","href":"https:\/\/api.w.org\/{rel}","templated":true}]}}