{"id":11054,"date":"2021-05-06T23:17:10","date_gmt":"2021-05-06T15:17:10","guid":{"rendered":"https:\/\/www.cosoonchem.com\/wasserbasierte-lichthaertende-harze-uv-32x55\/"},"modified":"2024-10-25T16:32:48","modified_gmt":"2024-10-25T08:32:48","slug":"wasserbasierte-lichthaertende-harze-uv-32x55","status":"publish","type":"product","link":"https:\/\/www.cosoonchem.com\/de\/produkt\/wasserbasierte-lichthaertende-harze-uv-32x55\/","title":{"rendered":"Wasserbasierte lichth\u00e4rtende Harze UV-32X55"},"content":{"rendered":"<h2>Typisches Merkmal<\/h2>\n<ul>\n<li>Gute Haftung auf Kunststoffen und Papier.<\/li>\n<li>Gute Wasserbest\u00e4ndigkeit<\/li>\n<li>Gute Wasserl\u00f6slichkeit und Verd\u00fcnnung<\/li>\n<li>Gute Benetzungs- und Schmirgeleigenschaften f\u00fcr Pigmente.<\/li>\n<li>Hohe H\u00e4rte<\/li>\n<li>Gute Vertr\u00e4glichkeit mit Wasser<\/li>\n<\/ul>\n<h2>Produkt Verwendung<\/h2>\n<ul>\n<li>UV-Farben auf Wasserbasis, Lacke<\/li>\n<li>UV-Lacke auf Wasserbasis, Holzlacke, Industrielacke (Metallbeschichtungen)<\/li>\n<\/ul>\n<h2>Qualit\u00e4tsindikatoren<\/h2>\n<table>\n<tbody>\n<tr>\n<td width=\"261\">Fest %<\/td>\n<td width=\"255\">98%<\/td>\n<\/tr>\n<tr>\n<td width=\"261\">Brinell-Viskosit\u00e4t bei 25\u00b0C<\/td>\n<td width=\"255\">6000~9000mpa,S<\/td>\n<\/tr>\n<tr>\n<td width=\"261\">PH-Wert<\/td>\n<td width=\"255\">7.5-8.5<\/td>\n<\/tr>\n<tr>\n<td width=\"261\">\u00e4u\u00dferer Zustand<\/td>\n<td width=\"255\">Hellgelbe transparente Fl\u00fcssigkeit, geruchlos<\/td>\n<\/tr>\n<tr>\n<td width=\"261\">Glas\u00fcbergangstemperatur, \u2103<\/td>\n<td width=\"255\">60<\/td>\n<\/tr>\n<tr>\n<td width=\"261\">kochend<\/td>\n<td width=\"255\">120\u2103<\/td>\n<\/tr>\n<tr>\n<td width=\"261\">Flammpunkt<\/td>\n<td width=\"255\">160\u2103<\/td>\n<\/tr>\n<tr>\n<td width=\"261\">Dichte<\/td>\n<td width=\"255\">1.15g\/mm\u00b3<\/td>\n<\/tr>\n<\/tbody>\n<\/table>\n<h2>Verwendung<\/h2>\n<table>\n<tbody>\n<tr>\n<td colspan=\"2\" width=\"543\"><strong>Papier UV-Lack auf Wasserbasis<\/strong><\/td>\n<\/tr>\n<tr>\n<td width=\"289\">UV-35X55<\/td>\n<td width=\"251\">55%<\/td>\n<\/tr>\n<tr>\n<td width=\"289\">Aktiver hydrophiler Wirkstoff UV-10000<\/td>\n<td width=\"251\">10%<\/td>\n<\/tr>\n<tr>\n<td width=\"289\">DDA<\/td>\n<td width=\"251\">5%<\/td>\n<\/tr>\n<tr>\n<td width=\"289\">Initiator-500<\/td>\n<td width=\"251\">4%<\/td>\n<\/tr>\n<tr>\n<td width=\"289\">TPOL<\/td>\n<td width=\"251\">1%<\/td>\n<\/tr>\n<tr>\n<td width=\"289\">3270<\/td>\n<td width=\"251\">0.4%<\/td>\n<\/tr>\n<tr>\n<td width=\"289\">02C<\/td>\n<td width=\"251\">0.3%<\/td>\n<\/tr>\n<tr>\n<td width=\"289\">Bienenwachs<\/td>\n<td width=\"251\">0.4%<\/td>\n<\/tr>\n<tr>\n<td width=\"289\">Triethanolamin<\/td>\n<td width=\"251\">3%<\/td>\n<\/tr>\n<tr>\n<td width=\"289\">demineralisiertes Wasser<\/td>\n<td width=\"251\">20.9%<\/td>\n<\/tr>\n<\/tbody>\n<\/table>\n<h2>Spezifikation der Verpackung<\/h2>\n<p>200g\/500g\/20kg Dieses Produkt ist kein Gefahrgut und kann als St\u00fcckgut transportiert werden.<\/p>\n<h2>Lagerungsbedingungen<\/h2>\n<ul>\n<li>Das Produkt sollte in luftdichten Beh\u00e4ltern gelagert werden, vermeiden Sie Gefrieren und hohe Temperaturen<\/li>\n<li>Wenn immer m\u00f6glich, sollte es innerhalb von zehn Monaten verwendet werden.<\/li>\n<li>Eine normale Lagertemperatur von 10-35\u00b0C wird empfohlen.<\/li>\n<\/ul>\n","protected":false},"excerpt":{"rendered":"<ul>\n<li>Wasserbasierte lichth\u00e4rtende Harze UV-32X55 ist haupts\u00e4chlich ein vierfunktionelles w\u00e4ssriges Acryl-Kunstharz. Das Harz hat einen hohen Feststoffgehalt, eine geringe Gesamth\u00e4rte, eine schnelle Aush\u00e4rtungsgeschwindigkeit und eine gute Oberfl\u00e4chentrocknungswirkung. Es hat eine gute Haftung auf Kunststoff- und Papieroberfl\u00e4chen.<\/li>\n<li>Nicht verschmutzend, geruchsarm, geringe Toxizit\u00e4t, nicht brennbar<\/li>\n<li>Kann allein mit Wasser, Initiator, Additiven usw. oder je nach Leistungsanforderungen mit Monomeren oder Harzen auf Wasser- oder \u00d6lbasis sowie mit Initiatoren, Additiven usw. verwendet werden, unter Verwendung von<\/li>\n<li>Geeignet f\u00fcr UV-Lack, PET-Lack, Farbe, Tinte, etc.<\/li>\n<\/ul>\n","protected":false},"featured_media":7576,"comment_status":"open","ping_status":"closed","template":"","meta":{"site-sidebar-layout":"no-sidebar","site-content-layout":"page-builder","ast-site-content-layout":"full-width-container","site-content-style":"unboxed","site-sidebar-style":"unboxed","ast-global-header-display":"","ast-banner-title-visibility":"","ast-main-header-display":"","ast-hfb-above-header-display":"","ast-hfb-below-header-display":"","ast-hfb-mobile-header-display":"","site-post-title":"disabled","ast-breadcrumbs-content":"","ast-featured-img":"disabled","footer-sml-layout":"","ast-disable-related-posts":"","theme-transparent-header-meta":"default","adv-header-id-meta":"","stick-header-meta":"default","header-above-stick-meta":"","header-main-stick-meta":"","header-below-stick-meta":"","astra-migrate-meta-layouts":"set","ast-page-background-enabled":"default","ast-page-background-meta":{"desktop":{"background-color":"var(--ast-global-color-4)","background-image":"","background-repeat":"repeat","background-position":"center center","background-size":"auto","background-attachment":"scroll","background-type":"","background-media":"","overlay-type":"","overlay-color":"","overlay-opacity":"","overlay-gradient":""},"tablet":{"background-color":"","background-image":"","background-repeat":"repeat","background-position":"center center","background-size":"auto","background-attachment":"scroll","background-type":"","background-media":"","overlay-type":"","overlay-color":"","overlay-opacity":"","overlay-gradient":""},"mobile":{"background-color":"","background-image":"","background-repeat":"repeat","background-position":"center center","background-size":"auto","background-attachment":"scroll","background-type":"","background-media":"","overlay-type":"","overlay-color":"","overlay-opacity":"","overlay-gradient":""}},"ast-content-background-meta":{"desktop":{"background-color":"var(--ast-global-color-5)","background-image":"","background-repeat":"repeat","background-position":"center center","background-size":"auto","background-attachment":"scroll","background-type":"","background-media":"","overlay-type":"","overlay-color":"","overlay-opacity":"","overlay-gradient":""},"tablet":{"background-color":"var(--ast-global-color-5)","background-image":"","background-repeat":"repeat","background-position":"center center","background-size":"auto","background-attachment":"scroll","background-type":"","background-media":"","overlay-type":"","overlay-color":"","overlay-opacity":"","overlay-gradient":""},"mobile":{"background-color":"var(--ast-global-color-5)","background-image":"","background-repeat":"repeat","background-position":"center center","background-size":"auto","background-attachment":"scroll","background-type":"","background-media":"","overlay-type":"","overlay-color":"","overlay-opacity":"","overlay-gradient":""}}},"product_brand":[],"product_cat":[204,199,208],"product_tag":[],"class_list":{"0":"post-11054","1":"product","2":"type-product","3":"status-publish","4":"has-post-thumbnail","6":"product_cat-beschichtungen-und-druckfarben","7":"product_cat-produkt-muster","8":"product_cat-tensid","9":"desktop-align-left","10":"tablet-align-left","11":"mobile-align-left","12":"ast-product-gallery-layout-horizontal-slider","13":"ast-product-tabs-layout-horizontal","15":"first","16":"instock","17":"shipping-taxable","18":"purchasable","19":"product-type-simple"},"_links":{"self":[{"href":"https:\/\/www.cosoonchem.com\/de\/wp-json\/wp\/v2\/product\/11054","targetHints":{"allow":["GET"]}}],"collection":[{"href":"https:\/\/www.cosoonchem.com\/de\/wp-json\/wp\/v2\/product"}],"about":[{"href":"https:\/\/www.cosoonchem.com\/de\/wp-json\/wp\/v2\/types\/product"}],"replies":[{"embeddable":true,"href":"https:\/\/www.cosoonchem.com\/de\/wp-json\/wp\/v2\/comments?post=11054"}],"version-history":[{"count":0,"href":"https:\/\/www.cosoonchem.com\/de\/wp-json\/wp\/v2\/product\/11054\/revisions"}],"wp:featuredmedia":[{"embeddable":true,"href":"https:\/\/www.cosoonchem.com\/de\/wp-json\/wp\/v2\/media\/7576"}],"wp:attachment":[{"href":"https:\/\/www.cosoonchem.com\/de\/wp-json\/wp\/v2\/media?parent=11054"}],"wp:term":[{"taxonomy":"product_brand","embeddable":true,"href":"https:\/\/www.cosoonchem.com\/de\/wp-json\/wp\/v2\/product_brand?post=11054"},{"taxonomy":"product_cat","embeddable":true,"href":"https:\/\/www.cosoonchem.com\/de\/wp-json\/wp\/v2\/product_cat?post=11054"},{"taxonomy":"product_tag","embeddable":true,"href":"https:\/\/www.cosoonchem.com\/de\/wp-json\/wp\/v2\/product_tag?post=11054"}],"curies":[{"name":"wp","href":"https:\/\/api.w.org\/{rel}","templated":true}]}}