{"id":11127,"date":"2021-05-08T21:35:43","date_gmt":"2021-05-08T13:35:43","guid":{"rendered":"https:\/\/www.cosoonchem.com\/hydrophiler-wirkstoff-uv-1000\/"},"modified":"2024-10-31T09:48:17","modified_gmt":"2024-10-31T01:48:17","slug":"hydrophiler-wirkstoff-uv-1000","status":"publish","type":"product","link":"https:\/\/www.cosoonchem.com\/de\/produkt\/hydrophiler-wirkstoff-uv-1000\/","title":{"rendered":"hydrophiler Wirkstoff UV-1000"},"content":{"rendered":"<h2>Typisches Merkmal<\/h2>\n<ul>\n<li>Hohe H\u00e4rte, gute Transparenz, hoher Glanz, gute Filmbildung, schnelle Aush\u00e4rtungsgeschwindigkeit<\/li>\n<li>Starke Verd\u00fcnnungs- und Aufl\u00f6sungsf\u00e4higkeit, vollst\u00e4ndiger Film<\/li>\n<li>Niedrige Viskosit\u00e4t, gute Wasserl\u00f6slichkeit und Verd\u00fcnnungseigenschaften<\/li>\n<li>Gute Vertr\u00e4glichkeit, niedriger VOC-Gehalt<\/li>\n<li>Gute Haftung auf Holz und Papier<\/li>\n<li> Gute Alkoholbest\u00e4ndigkeit<\/li>\n<li>Gute Wasserl\u00f6slichkeit und Verd\u00fcnnung<\/li>\n<li>Gute Benetzungs- und Schmirgeleigenschaften f\u00fcr Pigmente.<\/li>\n<\/ul>\n<h2>Produkt Verwendung<\/h2>\n<ul>\n<li>UV-Tinte<\/li>\n<\/ul>\n<h2>Qualit\u00e4tsindikatoren<\/h2>\n<table>\n<tbody>\n<tr>\n<td>Sportereignis<\/td>\n<td>Norm<\/td>\n<\/tr>\n<tr>\n<td>Aktiver Inhaltsstoff (%)<\/td>\n<td>98\u00b11<\/td>\n<\/tr>\n<tr>\n<td>Klebrigkeit (mPa.s)<\/td>\n<td>100~500<\/td>\n<\/tr>\n<tr>\n<td>PH-Wert at25\u2103<\/td>\n<td>7.0-8.0<\/td>\n<\/tr>\n<tr>\n<td>\u00e4u\u00dferer Zustand<\/td>\n<td>Hellgelbe transparente Fl\u00fcssigkeit<\/td>\n<\/tr>\n<tr>\n<td>Glas\u00fcbergangstemperatur, \u2103<\/td>\n<td>60<\/td>\n<\/tr>\n<tr>\n<td>kochend \u2103<\/td>\n<td>120<\/td>\n<\/tr>\n<tr>\n<td>Flammpunkt (\u2103)<\/td>\n<td>160<\/td>\n<\/tr>\n<tr>\n<td>Dichte<\/td>\n<td>1.15g\/mm\u00b3<\/td>\n<\/tr>\n<tr>\n<td>Durometer<\/td>\n<td>2H<\/td>\n<\/tr>\n<\/tbody>\n<\/table>\n<h2>Verwendung<\/h2>\n<p>A: Druck von UV-Primer-freiem Lack auf Wasserbasis (Papier, Folie)<\/p>\n<table>\n<tbody>\n<tr>\n<td>Seriennummer NO.<\/td>\n<td>Inhaltsstoff<\/td>\n<td>%<\/td>\n<\/tr>\n<tr>\n<td>1<\/td>\n<td>hydrophiler Wirkstoff UV-1000<\/td>\n<td>10-15<\/td>\n<\/tr>\n<tr>\n<td>2<\/td>\n<td>UV-32 X 55<\/td>\n<td>65-20<\/td>\n<\/tr>\n<tr>\n<td>3<\/td>\n<td>Ausgleichsmittel<\/td>\n<td>0.5<\/td>\n<\/tr>\n<tr>\n<td>4<\/td>\n<td>Benetzungsmittel<\/td>\n<td>0.5<\/td>\n<\/tr>\n<tr>\n<td>5<\/td>\n<td>Entsch\u00e4umer<\/td>\n<td>0.3-0.5<\/td>\n<\/tr>\n<tr>\n<td>6<\/td>\n<td>Anti-Verschlei\u00df-Agent<\/td>\n<td>0.5-1<\/td>\n<\/tr>\n<tr>\n<td>7<\/td>\n<td>Aktivierte Amine auf Wasserbasis<\/td>\n<td>4-6<\/td>\n<\/tr>\n<tr>\n<td>8<\/td>\n<td>Initiator<\/td>\n<td>2-5<\/td>\n<\/tr>\n<tr>\n<td>9<\/td>\n<td>Deionisiertes Wasser<\/td>\n<td>5-10<\/td>\n<\/tr>\n<tr>\n<td><\/td>\n<td>Die Summe zusammenz\u00e4hlen<\/td>\n<td>100<\/td>\n<\/tr>\n<\/tbody>\n<\/table>\n<figure style=\"width: 365px\" class=\"wp-caption aligncenter\"><img fetchpriority=\"high\" decoding=\"async\" src=\"https:\/\/www.cosoonchem.com\/wp-content\/uploads\/2022\/05\/2022051704-2.jpg\" sizes=\"(max-width: 365px) 100vw, 365px\" srcset=\"https:\/\/www.cosoonchem.com\/wp-content\/uploads\/2022\/05\/2022051704-2.jpg 365w, https:\/\/www.cosoonchem.com\/wp-content\/uploads\/2022\/05\/2022051704-2-300x165.jpg 300w\" alt=\"Wasserbasierter, primerfreier UV-Lack f\u00fcr den Druck (Papier, Folie)\" width=\"365\" height=\"201\" title=\"\"><figcaption class=\"wp-caption-text\">Wasserbasierter, primerfreier UV-Lack f\u00fcr den Druck (Papier, Folie)<\/figcaption><\/figure>\n<ul>\n<li>Glanz: 85\u00b0+ (60\u00b0GU)<\/li>\n<li>Flexibilit\u00e4t: Gefaltet, ohne dass die Kanten platzen<\/li>\n<li>Abriebfestigkeit: 400-600 Mal (5-Farben-Testkarton mit \u00d6l und A4-Papier mit 4lb Druck)<\/li>\n<li>Aush\u00e4rtungsgeschwindigkeit: 40-80m\/min (UV-Lampenenergie 80mJ\/cm\u00b2 oder mehr)<\/li>\n<\/ul>\n<p>B: UV-LED-Lack auf Wasserbasis<\/p>\n<table>\n<tbody>\n<tr>\n<td>Seriennummer NO.<\/td>\n<td>Inhaltsstoff<\/td>\n<td>%<\/td>\n<\/tr>\n<tr>\n<td>1<\/td>\n<td>hydrophiler Wirkstoff UV-1000<\/td>\n<td>30<\/td>\n<\/tr>\n<tr>\n<td>2<\/td>\n<td>UV-32X55<\/td>\n<td>50<\/td>\n<\/tr>\n<tr>\n<td>3<\/td>\n<td>Ausgleichsmittel<\/td>\n<td>0.5<\/td>\n<\/tr>\n<tr>\n<td>4<\/td>\n<td>Benetzungsmittel<\/td>\n<td>0.5<\/td>\n<\/tr>\n<tr>\n<td>5<\/td>\n<td>Entsch\u00e4umer<\/td>\n<td>0.3-0.5<\/td>\n<\/tr>\n<tr>\n<td>6<\/td>\n<td>Anti-Verschlei\u00df-Agent<\/td>\n<td>0.5-1<\/td>\n<\/tr>\n<tr>\n<td>7<\/td>\n<td>Aktives Amin auf Wasserbasis<\/td>\n<td>6-10<\/td>\n<\/tr>\n<tr>\n<td>8<\/td>\n<td>Initiator<\/td>\n<td>1-5<\/td>\n<\/tr>\n<tr>\n<td><\/td>\n<td>Die Summe zusammenz\u00e4hlen<\/td>\n<td>100<\/td>\n<\/tr>\n<\/tbody>\n<\/table>\n<figure style=\"width: 365px\" class=\"wp-caption aligncenter\"><img decoding=\"async\" src=\"https:\/\/www.cosoonchem.com\/wp-content\/uploads\/2022\/05\/2022051704-4.jpg\" sizes=\"(max-width: 365px) 100vw, 365px\" srcset=\"https:\/\/www.cosoonchem.com\/wp-content\/uploads\/2022\/05\/2022051704-4.jpg 365w, https:\/\/www.cosoonchem.com\/wp-content\/uploads\/2022\/05\/2022051704-4-300x165.jpg 300w\" alt=\"UV-LED-Lack auf Wasserbasis\" width=\"365\" height=\"201\" title=\"\"><figcaption class=\"wp-caption-text\">UV-LED-Lack auf Wasserbasis<\/figcaption><\/figure>\n<ul>\n<li>Glanz: 85\u00b0+ (60\u00b0GU)<\/li>\n<li>Flexibilit\u00e4t: Gefaltet, ohne dass die Kanten platzen<\/li>\n<li>Abriebfestigkeit: 400-600 Mal (5-Farben-Testkarton mit \u00d6l und A4-Papier mit 4lb Druck)<\/li>\n<li>Aush\u00e4rtungsgeschwindigkeit: 40-80m\/min (LCD-Wellenl\u00e4nge 385)<\/li>\n<\/ul>\n<p>C: Spritzen von UV-Decklack auf Wasserbasis (Kunststoff)<\/p>\n<table>\n<tbody>\n<tr>\n<td>Seriennummer NO.<\/td>\n<td>Inhaltsstoff<\/td>\n<td>%<\/td>\n<\/tr>\n<tr>\n<td>1<\/td>\n<td>hydrophiler Wirkstoff UV-1000<\/td>\n<td>15<\/td>\n<\/tr>\n<tr>\n<td>2<\/td>\n<td>UV-32X55<\/td>\n<td>25<\/td>\n<\/tr>\n<tr>\n<td>3<\/td>\n<td>UV-Harz auf Wasserbasis<\/td>\n<td>30<\/td>\n<\/tr>\n<tr>\n<td>4<\/td>\n<td>Ausgleichsmittel<\/td>\n<td>0.5-1<\/td>\n<\/tr>\n<tr>\n<td>5<\/td>\n<td>Benetzungsmittel<\/td>\n<td>0.5-1<\/td>\n<\/tr>\n<tr>\n<td>6<\/td>\n<td>Entsch\u00e4umer<\/td>\n<td>0.3-0.5<\/td>\n<\/tr>\n<tr>\n<td>7<\/td>\n<td>Antifriktionsmittel<\/td>\n<td>0.5-1<\/td>\n<\/tr>\n<tr>\n<td>8<\/td>\n<td>Aktives Amin auf Wasserbasis<\/td>\n<td>1-2<\/td>\n<\/tr>\n<tr>\n<td>9<\/td>\n<td>Initiator<\/td>\n<td>25<\/td>\n<\/tr>\n<tr>\n<td>10<\/td>\n<td>Deionisiertes Wasser<\/td>\n<td>35<\/td>\n<\/tr>\n<tr>\n<td><\/td>\n<td>Die Summe zusammenz\u00e4hlen<\/td>\n<td>100<\/td>\n<\/tr>\n<\/tbody>\n<\/table>\n<figure style=\"width: 363px\" class=\"wp-caption aligncenter\"><img decoding=\"async\" src=\"https:\/\/www.cosoonchem.com\/wp-content\/uploads\/2022\/05\/2022051704-6.jpg\" sizes=\"(max-width: 363px) 100vw, 363px\" srcset=\"https:\/\/www.cosoonchem.com\/wp-content\/uploads\/2022\/05\/2022051704-6.jpg 363w, https:\/\/www.cosoonchem.com\/wp-content\/uploads\/2022\/05\/2022051704-6-300x167.jpg 300w\" alt=\"Spritzen von UV-Decklack auf Wasserbasis (Kunststoff)\" width=\"363\" height=\"202\" title=\"\"><figcaption class=\"wp-caption-text\">Spritzen von UV-Decklack auf Wasserbasis (Kunststoff)<\/figcaption><\/figure>\n<ul>\n<li>H\u00e4rte:6H<\/li>\n<li>Alkoholfest<\/li>\n<li>Arbeitsbedingung: Einmal quer spr\u00fchen<\/li>\n<li>Trocknungsbedingungen: 60 Grad Backen 10-15 Minuten UV-Lampenenergie 100-300mJ\/cm\u00b2 oben<\/li>\n<\/ul>\n<h2>Spezifikation der Verpackung<\/h2>\n<ul>\n<li>Spezifikation: 200g \/ 500g \/ 5kg \/ 20kg<\/li>\n<li>Dieses Produkt ist kein Gefahrgut, nach dem St\u00fcckguttransport k\u00f6nnen sein<\/li>\n<\/ul>\n<h2>Lagerungsbedingungen<\/h2>\n<ul>\n<li>Gesch\u00fctzt vor Sonne, Regen und hohen Temperaturen<\/li>\n<li>Das Produkt sollte in luftdichten Beh\u00e4ltern gelagert werden, vermeiden Sie Gefrieren und hohe Temperaturen<\/li>\n<li>Wenn immer m\u00f6glich, sollte es innerhalb von zehn Monaten verwendet werden.<\/li>\n<li>Eine normale Lagertemperatur von 10-35\u00b0C wird empfohlen.<\/li>\n<\/ul>\n","protected":false},"excerpt":{"rendered":"<ul>\n<li>Der hydrophiler Wirkstoff ist haupts\u00e4chlich ein tetrafunktionelles Polyester-Acryl-Kunstharz auf Wasserbasis. Das Harz hat einen hohen Feststoffgehalt, eine geringe Gesamth\u00e4rte, eine schnelle Aush\u00e4rtungsgeschwindigkeit und eine gute Oberfl\u00e4chentrocknungswirkung. Es hat eine gute Haftung auf Holz- und Papieroberfl\u00e4chen.<\/li>\n<li>Nicht verschmutzend, geruchsarm, geringe Toxizit\u00e4t, nicht brennbar<\/li>\n<li>Es kann allein mit Wasser, Initiator, Additiven usw. verwendet werden, oder es kann je nach Leistungsanforderungen mit Monomeren oder Harzen auf Wasser- oder \u00d6lbasis gemischt und in Verbindung mit Initiatoren und Additiven verwendet werden.<\/li>\n<li>Die Oberfl\u00e4chenspannung des Produkts ist gro\u00df, die Formel muss eine bestimmte Menge an Netzmittel hinzuf\u00fcgen, um die Spannung zu reduzieren, den Bauprozess, wenn der Verweis auf Wasser oder Ethanol verwenden, m\u00fcssen Infrarot-Trocknung vor dem Bau zu verwenden, sonst wird es Haftung, Oberfl\u00e4chenleistung Verschlechterung, Fogging und andere Ph\u00e4nomene.<\/li>\n<\/ul>\n","protected":false},"featured_media":7859,"comment_status":"open","ping_status":"closed","template":"","meta":{"site-sidebar-layout":"no-sidebar","site-content-layout":"page-builder","ast-site-content-layout":"full-width-container","site-content-style":"unboxed","site-sidebar-style":"unboxed","ast-global-header-display":"","ast-banner-title-visibility":"","ast-main-header-display":"","ast-hfb-above-header-display":"","ast-hfb-below-header-display":"","ast-hfb-mobile-header-display":"","site-post-title":"disabled","ast-breadcrumbs-content":"","ast-featured-img":"disabled","footer-sml-layout":"","ast-disable-related-posts":"","theme-transparent-header-meta":"default","adv-header-id-meta":"","stick-header-meta":"default","header-above-stick-meta":"","header-main-stick-meta":"","header-below-stick-meta":"","astra-migrate-meta-layouts":"set","ast-page-background-enabled":"default","ast-page-background-meta":{"desktop":{"background-color":"var(--ast-global-color-4)","background-image":"","background-repeat":"repeat","background-position":"center center","background-size":"auto","background-attachment":"scroll","background-type":"","background-media":"","overlay-type":"","overlay-color":"","overlay-opacity":"","overlay-gradient":""},"tablet":{"background-color":"","background-image":"","background-repeat":"repeat","background-position":"center center","background-size":"auto","background-attachment":"scroll","background-type":"","background-media":"","overlay-type":"","overlay-color":"","overlay-opacity":"","overlay-gradient":""},"mobile":{"background-color":"","background-image":"","background-repeat":"repeat","background-position":"center center","background-size":"auto","background-attachment":"scroll","background-type":"","background-media":"","overlay-type":"","overlay-color":"","overlay-opacity":"","overlay-gradient":""}},"ast-content-background-meta":{"desktop":{"background-color":"var(--ast-global-color-5)","background-image":"","background-repeat":"repeat","background-position":"center center","background-size":"auto","background-attachment":"scroll","background-type":"","background-media":"","overlay-type":"","overlay-color":"","overlay-opacity":"","overlay-gradient":""},"tablet":{"background-color":"var(--ast-global-color-5)","background-image":"","background-repeat":"repeat","background-position":"center center","background-size":"auto","background-attachment":"scroll","background-type":"","background-media":"","overlay-type":"","overlay-color":"","overlay-opacity":"","overlay-gradient":""},"mobile":{"background-color":"var(--ast-global-color-5)","background-image":"","background-repeat":"repeat","background-position":"center center","background-size":"auto","background-attachment":"scroll","background-type":"","background-media":"","overlay-type":"","overlay-color":"","overlay-opacity":"","overlay-gradient":""}}},"product_brand":[],"product_cat":[204,199,208],"product_tag":[],"class_list":{"0":"post-11127","1":"product","2":"type-product","3":"status-publish","4":"has-post-thumbnail","6":"product_cat-beschichtungen-und-druckfarben","7":"product_cat-produkt-muster","8":"product_cat-tensid","9":"desktop-align-left","10":"tablet-align-left","11":"mobile-align-left","12":"ast-product-gallery-layout-horizontal-slider","13":"ast-product-tabs-layout-horizontal","15":"first","16":"instock","17":"shipping-taxable","18":"purchasable","19":"product-type-simple"},"_links":{"self":[{"href":"https:\/\/www.cosoonchem.com\/de\/wp-json\/wp\/v2\/product\/11127","targetHints":{"allow":["GET"]}}],"collection":[{"href":"https:\/\/www.cosoonchem.com\/de\/wp-json\/wp\/v2\/product"}],"about":[{"href":"https:\/\/www.cosoonchem.com\/de\/wp-json\/wp\/v2\/types\/product"}],"replies":[{"embeddable":true,"href":"https:\/\/www.cosoonchem.com\/de\/wp-json\/wp\/v2\/comments?post=11127"}],"version-history":[{"count":0,"href":"https:\/\/www.cosoonchem.com\/de\/wp-json\/wp\/v2\/product\/11127\/revisions"}],"wp:featuredmedia":[{"embeddable":true,"href":"https:\/\/www.cosoonchem.com\/de\/wp-json\/wp\/v2\/media\/7859"}],"wp:attachment":[{"href":"https:\/\/www.cosoonchem.com\/de\/wp-json\/wp\/v2\/media?parent=11127"}],"wp:term":[{"taxonomy":"product_brand","embeddable":true,"href":"https:\/\/www.cosoonchem.com\/de\/wp-json\/wp\/v2\/product_brand?post=11127"},{"taxonomy":"product_cat","embeddable":true,"href":"https:\/\/www.cosoonchem.com\/de\/wp-json\/wp\/v2\/product_cat?post=11127"},{"taxonomy":"product_tag","embeddable":true,"href":"https:\/\/www.cosoonchem.com\/de\/wp-json\/wp\/v2\/product_tag?post=11127"}],"curies":[{"name":"wp","href":"https:\/\/api.w.org\/{rel}","templated":true}]}}