{"id":11176,"date":"2022-05-24T20:47:54","date_gmt":"2022-05-24T12:47:54","guid":{"rendered":"https:\/\/www.cosoonchem.com\/84-sterilisator\/"},"modified":"2022-05-24T20:47:54","modified_gmt":"2022-05-24T12:47:54","slug":"84-sterilisator","status":"publish","type":"product","link":"https:\/\/www.cosoonchem.com\/de\/produkt\/84-sterilisator\/","title":{"rendered":"84 Sterilisator"},"content":{"rendered":"<p>Die Daten stammen von qualifizierten Drittanbieter-Teststruktur mit 84 Desinfektionsmittel Testergebnisse, unter den Testbedingungen von drei Minuten, wirksam bei der T\u00f6tung 99,999% von Escherichia coli, Staphylococcus aureus, Candida albicans. Die Testdaten dienen nur als Referenz, die Wirkung variiert von Person zu Person. Die folgende wirksame bakterizide 99,999% der gleichen Finger, wird nicht wiederholt die Noten.<\/p>\n<p>84 Desinfektionsmittel desinfiziert wirksam Hautwunden, Kleidung, M\u00f6bel usw.<\/p>\n<ul>\n<li>Vielseitig einsetzbar: Haushaltsdesinfektion Vielseitig einsetzbar<\/li>\n<li>Sterilisation: 99,999% effektive Sterilisation<\/li>\n<li>Mild: sanft und beruhigend auf Wunden<\/li>\n<li>Geeignet f\u00fcr Milben: Hochwirksame Milbenentfernung, wie Sonnenschein.<\/li>\n<\/ul>\n<h2>Informationen<\/h2>\n<p>&nbsp;<\/p>\n<table>\n<tbody>\n<tr>\n<td width=\"189\">Norm<\/td>\n<td width=\"219\">500ML\u30011L\u30015L<\/td>\n<\/tr>\n<tr>\n<td width=\"189\">Inhaltsstoff<\/td>\n<td width=\"219\">4,3%-5,3% (w\/v) p-Chlor-m-xylol-Phenol<\/td>\n<\/tr>\n<tr>\n<td width=\"189\">Wirksamkeit<\/td>\n<td width=\"219\">Haushalt, Hautdesinfektion 99,999% t\u00f6tet feine Milben<\/td>\n<\/tr>\n<tr>\n<td width=\"189\">G\u00fcltigkeitsdauer<\/td>\n<td width=\"219\">Dezember<\/td>\n<\/tr>\n<\/tbody>\n<\/table>\n<h2>Antibakterielle Formel<\/h2>\n<ul>\n<li>Leichte Schnitt- und Sch\u00fcrfwunden, Hautdesinfektion: 20ml Desinfektionsmittel + 500mL Mineralwasser<\/li>\n<li>Maschinenw\u00e4sche, Sp\u00fclung, Handw\u00e4sche: 60ml Desinfektionsmittel + 3500mL Mineralwasser<\/li>\n<li>Reinigung von B\u00f6den und Haushaltsfl\u00e4chen: 60ml Desinfektionsmittel + 1500mL Mineralwasser<\/li>\n<\/ul>\n","protected":false},"excerpt":{"rendered":"<p>84 Desinfektionsmittel ist eine Art Chlordesinfektionsmittel mit Natriumhypochlorit als Hauptbestandteil, das Hautwunden, Kleidung, M\u00f6bel usw. wirksam desinfiziert, um Sie vor sch\u00e4dlichen Bakterien zu sch\u00fctzen und ein gesundes Klima zu schaffen&#8230;<br \/>\nMehrzweck: Haushaltsdesinfektion Mehrzweck Sterilisation: 99,999% wirksame Sterilisation Mild: Sanft und sicher f\u00fcr Wunden Milbenentfernung: Hochwirksam bei der Entfernung von Milben Wie ein Bad im Sonnenlicht<\/p>\n","protected":false},"featured_media":8349,"comment_status":"closed","ping_status":"closed","template":"","meta":{"site-sidebar-layout":"no-sidebar","site-content-layout":"page-builder","ast-site-content-layout":"full-width-container","site-content-style":"unboxed","site-sidebar-style":"unboxed","ast-global-header-display":"","ast-banner-title-visibility":"","ast-main-header-display":"","ast-hfb-above-header-display":"","ast-hfb-below-header-display":"","ast-hfb-mobile-header-display":"","site-post-title":"disabled","ast-breadcrumbs-content":"","ast-featured-img":"disabled","footer-sml-layout":"","ast-disable-related-posts":"","theme-transparent-header-meta":"default","adv-header-id-meta":"","stick-header-meta":"default","header-above-stick-meta":"","header-main-stick-meta":"","header-below-stick-meta":"","astra-migrate-meta-layouts":"default","ast-page-background-enabled":"default","ast-page-background-meta":{"desktop":{"background-color":"var(--ast-global-color-4)","background-image":"","background-repeat":"repeat","background-position":"center center","background-size":"auto","background-attachment":"scroll","background-type":"","background-media":"","overlay-type":"","overlay-color":"","overlay-opacity":"","overlay-gradient":""},"tablet":{"background-color":"","background-image":"","background-repeat":"repeat","background-position":"center center","background-size":"auto","background-attachment":"scroll","background-type":"","background-media":"","overlay-type":"","overlay-color":"","overlay-opacity":"","overlay-gradient":""},"mobile":{"background-color":"","background-image":"","background-repeat":"repeat","background-position":"center center","background-size":"auto","background-attachment":"scroll","background-type":"","background-media":"","overlay-type":"","overlay-color":"","overlay-opacity":"","overlay-gradient":""}},"ast-content-background-meta":{"desktop":{"background-color":"var(--ast-global-color-5)","background-image":"","background-repeat":"repeat","background-position":"center center","background-size":"auto","background-attachment":"scroll","background-type":"","background-media":"","overlay-type":"","overlay-color":"","overlay-opacity":"","overlay-gradient":""},"tablet":{"background-color":"var(--ast-global-color-5)","background-image":"","background-repeat":"repeat","background-position":"center center","background-size":"auto","background-attachment":"scroll","background-type":"","background-media":"","overlay-type":"","overlay-color":"","overlay-opacity":"","overlay-gradient":""},"mobile":{"background-color":"var(--ast-global-color-5)","background-image":"","background-repeat":"repeat","background-position":"center center","background-size":"auto","background-attachment":"scroll","background-type":"","background-media":"","overlay-type":"","overlay-color":"","overlay-opacity":"","overlay-gradient":""}}},"product_brand":[],"product_cat":[205,201,199],"product_tag":[],"class_list":{"0":"post-11176","1":"product","2":"type-product","3":"status-publish","4":"has-post-thumbnail","6":"product_cat-bekampfung-der-umweltverschmutzung","7":"product_cat-chemische-grundstoffe","8":"product_cat-produkt-muster","9":"desktop-align-left","10":"tablet-align-left","11":"mobile-align-left","12":"ast-product-gallery-layout-horizontal-slider","13":"ast-product-tabs-layout-horizontal","15":"first","16":"instock","17":"shipping-taxable","18":"purchasable","19":"product-type-simple"},"_links":{"self":[{"href":"https:\/\/www.cosoonchem.com\/de\/wp-json\/wp\/v2\/product\/11176","targetHints":{"allow":["GET"]}}],"collection":[{"href":"https:\/\/www.cosoonchem.com\/de\/wp-json\/wp\/v2\/product"}],"about":[{"href":"https:\/\/www.cosoonchem.com\/de\/wp-json\/wp\/v2\/types\/product"}],"replies":[{"embeddable":true,"href":"https:\/\/www.cosoonchem.com\/de\/wp-json\/wp\/v2\/comments?post=11176"}],"version-history":[{"count":0,"href":"https:\/\/www.cosoonchem.com\/de\/wp-json\/wp\/v2\/product\/11176\/revisions"}],"wp:featuredmedia":[{"embeddable":true,"href":"https:\/\/www.cosoonchem.com\/de\/wp-json\/wp\/v2\/media\/8349"}],"wp:attachment":[{"href":"https:\/\/www.cosoonchem.com\/de\/wp-json\/wp\/v2\/media?parent=11176"}],"wp:term":[{"taxonomy":"product_brand","embeddable":true,"href":"https:\/\/www.cosoonchem.com\/de\/wp-json\/wp\/v2\/product_brand?post=11176"},{"taxonomy":"product_cat","embeddable":true,"href":"https:\/\/www.cosoonchem.com\/de\/wp-json\/wp\/v2\/product_cat?post=11176"},{"taxonomy":"product_tag","embeddable":true,"href":"https:\/\/www.cosoonchem.com\/de\/wp-json\/wp\/v2\/product_tag?post=11176"}],"curies":[{"name":"wp","href":"https:\/\/api.w.org\/{rel}","templated":true}]}}