{"id":10348,"date":"2024-06-03T20:32:54","date_gmt":"2024-06-03T12:32:54","guid":{"rendered":"https:\/\/www.cosoonchem.com\/product\/sulfato-de-rubidio-rb2so4\/"},"modified":"2024-10-08T00:54:35","modified_gmt":"2024-10-07T16:54:35","slug":"sulfato-de-rubidio-rb2so4","status":"publish","type":"product","link":"https:\/\/www.cosoonchem.com\/es\/producto\/sulfato-de-rubidio-rb2so4\/","title":{"rendered":"Sulfato de rubidio &#8211; Rb2SO4"},"content":{"rendered":"<h2>M\u00e9todo de preparaci\u00f3n<\/h2>\n<p>El carbonato de rubidio se disuelve en agua para obtener una soluci\u00f3n saturada, que se a\u00f1ade lentamente a \u00e1cido sulf\u00farico diluido al 20 por ciento hasta que la soluci\u00f3n se vuelve d\u00e9bilmente b\u00e1sica. La soluci\u00f3n se calienta hasta ebullici\u00f3n y se filtra para eliminar la materia insoluble. El filtrado se acidifica con \u00e1cido sulf\u00farico a d\u00e9bilmente \u00e1cido despu\u00e9s de la evaporaci\u00f3n y la concentraci\u00f3n, la concentraci\u00f3n a un n\u00famero considerable de cristales precipitados despu\u00e9s del enfriamiento, y luego se drena, y finalmente se seca a 70 ~ 100 \u2103.<\/p>\n<h2>Indicadores de calidad<\/h2>\n<table>\n<tbody>\n<tr>\n<td width=\"287\">Detecci\u00f3n de la humedad ambiente<\/td>\n<td width=\"224\">45-55%<\/td>\n<\/tr>\n<tr>\n<td width=\"287\">Detecci\u00f3n de la temperatura ambiente<\/td>\n<td width=\"224\">20-25\u2103<\/td>\n<\/tr>\n<tr>\n<td width=\"287\">Estado de entrega de la muestra: polvo s\u00f3lido<\/td>\n<td width=\"224\">Estado de los resultados: Seco<\/td>\n<\/tr>\n<tr>\n<td width=\"287\">Prueba<\/td>\n<td width=\"224\">Resultados de las pruebas (%)<\/td>\n<\/tr>\n<tr>\n<td width=\"287\">Rb2SO4 (sulfato de rubidio)<\/td>\n<td width=\"224\">99.93<\/td>\n<\/tr>\n<tr>\n<td width=\"287\">H2O<\/td>\n<td width=\"224\">0.18<\/td>\n<\/tr>\n<tr>\n<td width=\"287\">Li<\/td>\n<td width=\"224\">0.0005<\/td>\n<\/tr>\n<tr>\n<td width=\"287\">Na<\/td>\n<td width=\"224\">0.0042<\/td>\n<\/tr>\n<tr>\n<td width=\"287\">K<\/td>\n<td width=\"224\">0.0033<\/td>\n<\/tr>\n<tr>\n<td width=\"287\">Cs<\/td>\n<td width=\"224\">0.022<\/td>\n<\/tr>\n<tr>\n<td width=\"287\">Ca<\/td>\n<td width=\"224\">0.004<\/td>\n<\/tr>\n<tr>\n<td width=\"287\">Mg<\/td>\n<td width=\"224\">0.0008<\/td>\n<\/tr>\n<tr>\n<td width=\"287\">Fe<\/td>\n<td width=\"224\">0.0004<\/td>\n<\/tr>\n<tr>\n<td width=\"287\">Al<\/td>\n<td width=\"224\">0.0008<\/td>\n<\/tr>\n<tr>\n<td width=\"287\">Si<\/td>\n<td width=\"224\">0.0012<\/td>\n<\/tr>\n<tr>\n<td width=\"287\">Pb<\/td>\n<td width=\"224\">0.0001<\/td>\n<\/tr>\n<tr>\n<td width=\"287\">Cl<\/td>\n<td width=\"224\">0.0065<\/td>\n<\/tr>\n<\/tbody>\n<\/table>\n<h2>Caracter\u00edsticas y usos<\/h2>\n<p>Se utiliza para fabricar rubidio met\u00e1lico y otras sales de rubidio, que es un catalizador importante;<\/p>\n<p>\u25c6 En el campo de las bater\u00edas, tiene un uso importante en la fabricaci\u00f3n de equipos como bater\u00edas de alta energ\u00eda en miniatura, c\u00e9lulas solares y contadores de centelleo de cristal;<\/p>\n<p>\u25c6 En el campo de las bater\u00edas, el sulfato de rubidio puede utilizarse como cati\u00f3n en el electrolito de las bater\u00edas de iones de litio y otras bater\u00edas qu\u00edmicas. Tiene buena conductividad y estabilidad, lo que puede mejorar el rendimiento y la vida \u00fatil de la bater\u00eda;<\/p>\n<p>\u25c6 En el campo de la electr\u00f3nica, se utiliza como material para componentes electr\u00f3nicos, como condensadores y resistencias. Las excelentes propiedades diel\u00e9ctricas del sulfato de rubidio lo hacen importante en la fabricaci\u00f3n de componentes electr\u00f3nicos. Adem\u00e1s, el sulfato de rubidio puede utilizarse en la fabricaci\u00f3n de pantallas electr\u00f3nicas;<\/p>\n<p>\u25c6 Industria del vidrio: es un importante componente del vidrio que puede utilizarse en la preparaci\u00f3n de vidrio de alto \u00edndice de refracci\u00f3n. Este vidrio tiene buenas propiedades \u00f3pticas y suele utilizarse en instrumentos \u00f3pticos, lentes y espejos. Adem\u00e1s, el sulfato de rubidio puede utilizarse en la fabricaci\u00f3n de filtros \u00f3pticos, l\u00e1seres y otros equipos \u00f3pticos avanzados;<\/p>\n<p>\u25c6 Materiales cer\u00e1micos: el sulfato de rubidio puede utilizarse en la preparaci\u00f3n de diversos materiales cer\u00e1micos, como cer\u00e1micas electr\u00f3nicas, cer\u00e1micas magn\u00e9ticas y cer\u00e1micas estructurales. Estos materiales cer\u00e1micos tienen alta resistencia, alta dureza y alta resistencia al calor, y se utilizan ampliamente en las industrias electr\u00f3nica, aeroespacial y de automoci\u00f3n;<\/p>\n<p>\u25c6 Otras aplicaciones: el sulfato de rubidio tambi\u00e9n se utiliza como catalizador, material fluorescente y trazador radiactivo;<\/p>\n<h2>Embalaje y almacenamiento<\/h2>\n<p>\u25c6 25Kg\/drum;<\/p>\n<p>\u25c6 Especificaci\u00f3n de embalaje personalizada seg\u00fan los requisitos de los clientes;<\/p>\n","protected":false},"excerpt":{"rendered":"<p>El sulfato de rubidio es un sulfato de metal alcalino con la f\u00f3rmula qu\u00edmica Rb2SO4.Aspecto es un polvo cristalino blanco, soluble en agua. Atenci\u00f3n: En caso de contacto involuntario con los ojos, lavar inmediatamente con abundante agua y consultar a un m\u00e9dico; llevar guantes adecuados; llevar gafas o mascarilla. 25Kg\/drum; especificaci\u00f3n de embalaje personalizada seg\u00fan los requisitos del cliente.<\/p>\n","protected":false},"featured_media":6112,"comment_status":"open","ping_status":"closed","template":"","meta":{"site-sidebar-layout":"no-sidebar","site-content-layout":"page-builder","ast-site-content-layout":"full-width-container","site-content-style":"default","site-sidebar-style":"default","ast-global-header-display":"","ast-banner-title-visibility":"","ast-main-header-display":"","ast-hfb-above-header-display":"","ast-hfb-below-header-display":"","ast-hfb-mobile-header-display":"","site-post-title":"disabled","ast-breadcrumbs-content":"","ast-featured-img":"disabled","footer-sml-layout":"","ast-disable-related-posts":"","theme-transparent-header-meta":"default","adv-header-id-meta":"","stick-header-meta":"default","header-above-stick-meta":"","header-main-stick-meta":"","header-below-stick-meta":"","astra-migrate-meta-layouts":"set","ast-page-background-enabled":"default","ast-page-background-meta":{"desktop":{"background-color":"var(--ast-global-color-4)","background-image":"","background-repeat":"repeat","background-position":"center center","background-size":"auto","background-attachment":"scroll","background-type":"","background-media":"","overlay-type":"","overlay-color":"","overlay-opacity":"","overlay-gradient":""},"tablet":{"background-color":"","background-image":"","background-repeat":"repeat","background-position":"center center","background-size":"auto","background-attachment":"scroll","background-type":"","background-media":"","overlay-type":"","overlay-color":"","overlay-opacity":"","overlay-gradient":""},"mobile":{"background-color":"","background-image":"","background-repeat":"repeat","background-position":"center center","background-size":"auto","background-attachment":"scroll","background-type":"","background-media":"","overlay-type":"","overlay-color":"","overlay-opacity":"","overlay-gradient":""}},"ast-content-background-meta":{"desktop":{"background-color":"var(--ast-global-color-5)","background-image":"","background-repeat":"repeat","background-position":"center center","background-size":"auto","background-attachment":"scroll","background-type":"","background-media":"","overlay-type":"","overlay-color":"","overlay-opacity":"","overlay-gradient":""},"tablet":{"background-color":"var(--ast-global-color-5)","background-image":"","background-repeat":"repeat","background-position":"center center","background-size":"auto","background-attachment":"scroll","background-type":"","background-media":"","overlay-type":"","overlay-color":"","overlay-opacity":"","overlay-gradient":""},"mobile":{"background-color":"var(--ast-global-color-5)","background-image":"","background-repeat":"repeat","background-position":"center center","background-size":"auto","background-attachment":"scroll","background-type":"","background-media":"","overlay-type":"","overlay-color":"","overlay-opacity":"","overlay-gradient":""}}},"product_brand":[],"product_cat":[253,237],"product_tag":[],"class_list":{"0":"post-10348","1":"product","2":"type-product","3":"status-publish","4":"has-post-thumbnail","6":"product_cat-disolventes-para-productos-quimicos-organicos","7":"product_cat-muestras-de-productos","8":"desktop-align-left","9":"tablet-align-left","10":"mobile-align-left","11":"ast-product-gallery-layout-horizontal-slider","12":"ast-product-gallery-with-no-image","13":"ast-product-tabs-layout-horizontal","15":"first","16":"instock","17":"shipping-taxable","18":"purchasable","19":"product-type-simple"},"_links":{"self":[{"href":"https:\/\/www.cosoonchem.com\/es\/wp-json\/wp\/v2\/product\/10348","targetHints":{"allow":["GET"]}}],"collection":[{"href":"https:\/\/www.cosoonchem.com\/es\/wp-json\/wp\/v2\/product"}],"about":[{"href":"https:\/\/www.cosoonchem.com\/es\/wp-json\/wp\/v2\/types\/product"}],"replies":[{"embeddable":true,"href":"https:\/\/www.cosoonchem.com\/es\/wp-json\/wp\/v2\/comments?post=10348"}],"version-history":[{"count":0,"href":"https:\/\/www.cosoonchem.com\/es\/wp-json\/wp\/v2\/product\/10348\/revisions"}],"wp:featuredmedia":[{"embeddable":true,"href":"https:\/\/www.cosoonchem.com\/es\/wp-json\/wp\/v2\/media\/6112"}],"wp:attachment":[{"href":"https:\/\/www.cosoonchem.com\/es\/wp-json\/wp\/v2\/media?parent=10348"}],"wp:term":[{"taxonomy":"product_brand","embeddable":true,"href":"https:\/\/www.cosoonchem.com\/es\/wp-json\/wp\/v2\/product_brand?post=10348"},{"taxonomy":"product_cat","embeddable":true,"href":"https:\/\/www.cosoonchem.com\/es\/wp-json\/wp\/v2\/product_cat?post=10348"},{"taxonomy":"product_tag","embeddable":true,"href":"https:\/\/www.cosoonchem.com\/es\/wp-json\/wp\/v2\/product_tag?post=10348"}],"curies":[{"name":"wp","href":"https:\/\/api.w.org\/{rel}","templated":true}]}}