{"id":10350,"date":"2024-05-19T13:57:45","date_gmt":"2024-05-19T05:57:45","guid":{"rendered":"https:\/\/www.cosoonchem.com\/product\/cloruro-de-rubidio-rbcl\/"},"modified":"2024-10-08T00:54:37","modified_gmt":"2024-10-07T16:54:37","slug":"cloruro-de-rubidio-rbcl","status":"publish","type":"product","link":"https:\/\/www.cosoonchem.com\/es\/producto\/cloruro-de-rubidio-rbcl\/","title":{"rendered":"Cloruro de rubidio &#8211; RbCl"},"content":{"rendered":"<p><strong>NaCl tipo octa\u00e9drico El tipo NaCl 6:6<\/strong> es el m\u00e1s com\u00fan. cl y Rb est\u00e1n c\u00fabicamente m\u00e1s densamente empaquetados, llenando los huecos octa\u00e9dricos que hay en ellos. Ambos iones tienen seis coordinaciones en esta disposici\u00f3n. La energ\u00eda de red de este tipo de cristal es s\u00f3lo 3,2 kJ\/mol inferior a la del siguiente tipo de cristal. <strong>Cloruro de cesio c\u00fabico 8:8<\/strong> A altas temperaturas y presiones, el RbCl forma la estructura del CsCl (el NaCl y el KCl tambi\u00e9n forman esta estructura a altas presiones). Los iones de cloro rodean al Rb en el centro del cubo en los ocho v\u00e9rtices del sistema cristalino c\u00fabico, que es la estructura con mayor densidad de RbCl. Como un cubo tiene ocho v\u00e9rtices, el n\u00famero de coordinaci\u00f3n de los dos iones es igual a 8. \u00c9ste es el n\u00famero de coordinaci\u00f3n m\u00e1s alto posible para el RbCl. Por lo tanto, seg\u00fan la regla de la relaci\u00f3n de radios (regla de la relaci\u00f3n de radios), el cati\u00f3n alcanzar\u00e1 el m\u00e1ximo radio superficial en este tipo de cristal porque la distancia entre el ani\u00f3n y el cati\u00f3n es m\u00e1xima. <strong>Forma tetra\u00e9drica de la esfalerita La forma tetra\u00e9drica del cloruro de rubidio 4:4<\/strong> es bastante rara en los hallazgos estructurales. Sin embargo, la energ\u00eda de red predicha para esta morfolog\u00eda es aproximadamente 40,0 kJ\/mol menor que todas las estructuras anteriores.<\/p>\n<h2>Indicadores de calidad<\/h2>\n<table>\n<tbody>\n<tr>\n<td width=\"287\">Detecci\u00f3n de la humedad ambiente<\/td>\n<td width=\"224\">45-55%<\/td>\n<\/tr>\n<tr>\n<td width=\"287\">Detecci\u00f3n de la temperatura ambiente<\/td>\n<td width=\"224\">20-25\u2103<\/td>\n<\/tr>\n<tr>\n<td width=\"287\">Estado de entrega de la muestra: polvo s\u00f3lido<\/td>\n<td width=\"224\">Estado de los resultados: Seco<\/td>\n<\/tr>\n<tr>\n<td width=\"287\">Prueba<\/td>\n<td width=\"224\">Resultados de las pruebas (%)<\/td>\n<\/tr>\n<tr>\n<td width=\"287\">RbCl (cloruro de rubidio)<\/td>\n<td width=\"224\">99.92<\/td>\n<\/tr>\n<tr>\n<td width=\"287\">Li<\/td>\n<td width=\"224\">0.0004<\/td>\n<\/tr>\n<tr>\n<td width=\"287\">Na<\/td>\n<td width=\"224\">0.003<\/td>\n<\/tr>\n<tr>\n<td width=\"287\">K<\/td>\n<td width=\"224\">0.0086<\/td>\n<\/tr>\n<tr>\n<td width=\"287\">Cs<\/td>\n<td width=\"224\">0.015<\/td>\n<\/tr>\n<tr>\n<td width=\"287\">Ca<\/td>\n<td width=\"224\">0.001<\/td>\n<\/tr>\n<tr>\n<td width=\"287\">Mg<\/td>\n<td width=\"224\">0.0004<\/td>\n<\/tr>\n<tr>\n<td width=\"287\">Fe<\/td>\n<td width=\"224\">0.0004<\/td>\n<\/tr>\n<tr>\n<td width=\"287\">Al<\/td>\n<td width=\"224\">0.0004<\/td>\n<\/tr>\n<tr>\n<td width=\"287\">Si<\/td>\n<td width=\"224\">0.0002<\/td>\n<\/tr>\n<tr>\n<td width=\"287\">Pb<\/td>\n<td width=\"224\">0.0001<\/td>\n<\/tr>\n<\/tbody>\n<\/table>\n<h2>Caracter\u00edsticas y usos<\/h2>\n<p>El <a href=\"https:\/\/baike.baidu.com\/item\/%E6%B0%AF%E5%8C%96%E9%93%B7\/9336080?fr=ge_ala\" rel=\"nofollow noopener\" target=\"_blank\">cloruro de rubidio<\/a> es una sustancia qu\u00edmica con una amplia gama de aplicaciones.<\/p>\n<p>\u25c6 Materiales electr\u00f3nicos, se utiliza como dopante de impurezas para semiconductores, puede fabricar obleas de cloruro de rubidio de gran pureza para el desarrollo de dispositivos electr\u00f3nicos;<\/p>\n<p>\u25c6 Materiales electr\u00f3nicos, se utiliza para fabricar dispositivos fotoel\u00e9ctricos, c\u00e9lulas solares y transistores y otros componentes electr\u00f3nicos;<\/p>\n<p>\u25c6 Biomedicina, se utiliza como estabilizador t\u00e9rmico en biomedicina, puede mejorar la estabilidad t\u00e9rmica de las prote\u00ednas, para mantenerlas activas<\/p>\n<p>\u25c6 Biomedicina, el cloruro de rubidio \u00f3ptico (CSRL) puede utilizarse para. Terapia de tumores, estimulando la fotosensibilidad del Cloruro de Rubidio, se puede conseguir el efecto de matar y tratar las c\u00e9lulas cancerosas;<\/p>\n<p>\u25c6 Campo l\u00e1ser, se utiliza para fabricar l\u00e1seres de estado s\u00f3lido. La longitud de onda de este l\u00e1ser se sit\u00faa entre 1,3 micras y 1,6 micras, lo que resulta adecuado para la comunicaci\u00f3n \u00f3ptica, la teledetecci\u00f3n por radar y los instrumentos m\u00e9dicos;<\/p>\n<p>\u25c6 En el campo de los l\u00e1seres, los cristales de cloruro de rubidio tambi\u00e9n se pueden utilizar para fabricar dispositivos \u00f3pticos, como heli\u00f3statos, y tambi\u00e9n se pueden utilizar en la comunicaci\u00f3n por fibra \u00f3ptica l\u00e1ser;<\/p>\n<p>\u25c6 Resonancia magn\u00e9tica nuclear (RMN), el cloruro de rubidio se puede utilizar para experimentos de resonancia magn\u00e9tica nuclear (RMN), porque la frecuencia de resonancia magn\u00e9tica de los \u00e1tomos de cloruro de rubidio es diferente de la de los \u00e1tomos de hidr\u00f3geno, por lo que puede ser utilizado por el cloruro de rubidio como la frecuencia de resonancia magn\u00e9tica del \u00e1tomo de hidr\u00f3geno.<\/p>\n<p>\u25c6 Resonancia magn\u00e9tica nuclear, el cloruro de rubidio tambi\u00e9n se puede utilizar en experimentos de resonancia magn\u00e9tica nuclear (RMN) porque la frecuencia de resonancia magn\u00e9tica de los \u00e1tomos de cloruro de rubidio es diferente de la de los \u00e1tomos de hidr\u00f3geno. Al mismo tiempo, cloruro de rubidio tambi\u00e9n se puede utilizar para estudiar la estructura molecular y materiales magn\u00e9ticos y as\u00ed sucesivamente.<\/p>\n<h2>Embalaje y almacenamiento<\/h2>\n<p>\u25c6 25Kg\/drum;<\/p>\n<p>\u25c6 Especificaci\u00f3n de embalaje personalizada seg\u00fan los requisitos de los clientes;<\/p>\n","protected":false},"excerpt":{"rendered":"<p>Polvo cristalino blanco, soluble en agua, ligeramente soluble en alcohol. En estado gaseoso, el RbCl es una mol\u00e9cula diat\u00f3mica con una longitud de enlace de unos 2,7868 \u00c5. En el sistema cristalino c\u00fabico, la longitud de enlace crece hasta los 3,285 \u00c5, mostrando un elevado n\u00famero de coordinaci\u00f3n i\u00f3nica en estado s\u00f3lido. Seg\u00fan esta condici\u00f3n, el RbCl en estado s\u00f3lido muestra la presencia de tres arreglos o formas policristalinas en la imagen hologr\u00e1fica: 25Kg\/drum; embalaje personalizado seg\u00fan los requisitos del cliente.<\/p>\n","protected":false},"featured_media":6033,"comment_status":"open","ping_status":"closed","template":"","meta":{"site-sidebar-layout":"no-sidebar","site-content-layout":"page-builder","ast-site-content-layout":"full-width-container","site-content-style":"default","site-sidebar-style":"default","ast-global-header-display":"","ast-banner-title-visibility":"","ast-main-header-display":"","ast-hfb-above-header-display":"","ast-hfb-below-header-display":"","ast-hfb-mobile-header-display":"","site-post-title":"disabled","ast-breadcrumbs-content":"","ast-featured-img":"disabled","footer-sml-layout":"","ast-disable-related-posts":"","theme-transparent-header-meta":"default","adv-header-id-meta":"","stick-header-meta":"default","header-above-stick-meta":"","header-main-stick-meta":"","header-below-stick-meta":"","astra-migrate-meta-layouts":"set","ast-page-background-enabled":"default","ast-page-background-meta":{"desktop":{"background-color":"var(--ast-global-color-4)","background-image":"","background-repeat":"repeat","background-position":"center center","background-size":"auto","background-attachment":"scroll","background-type":"","background-media":"","overlay-type":"","overlay-color":"","overlay-opacity":"","overlay-gradient":""},"tablet":{"background-color":"","background-image":"","background-repeat":"repeat","background-position":"center center","background-size":"auto","background-attachment":"scroll","background-type":"","background-media":"","overlay-type":"","overlay-color":"","overlay-opacity":"","overlay-gradient":""},"mobile":{"background-color":"","background-image":"","background-repeat":"repeat","background-position":"center center","background-size":"auto","background-attachment":"scroll","background-type":"","background-media":"","overlay-type":"","overlay-color":"","overlay-opacity":"","overlay-gradient":""}},"ast-content-background-meta":{"desktop":{"background-color":"var(--ast-global-color-5)","background-image":"","background-repeat":"repeat","background-position":"center center","background-size":"auto","background-attachment":"scroll","background-type":"","background-media":"","overlay-type":"","overlay-color":"","overlay-opacity":"","overlay-gradient":""},"tablet":{"background-color":"var(--ast-global-color-5)","background-image":"","background-repeat":"repeat","background-position":"center center","background-size":"auto","background-attachment":"scroll","background-type":"","background-media":"","overlay-type":"","overlay-color":"","overlay-opacity":"","overlay-gradient":""},"mobile":{"background-color":"var(--ast-global-color-5)","background-image":"","background-repeat":"repeat","background-position":"center center","background-size":"auto","background-attachment":"scroll","background-type":"","background-media":"","overlay-type":"","overlay-color":"","overlay-opacity":"","overlay-gradient":""}}},"product_brand":[],"product_cat":[250,237],"product_tag":[],"class_list":{"0":"post-10350","1":"product","2":"type-product","3":"status-publish","4":"has-post-thumbnail","6":"product_cat-productos-quimicos-de-uso-diario","7":"product_cat-muestras-de-productos","8":"desktop-align-left","9":"tablet-align-left","10":"mobile-align-left","11":"ast-product-gallery-layout-horizontal-slider","12":"ast-product-gallery-with-no-image","13":"ast-product-tabs-layout-horizontal","15":"first","16":"instock","17":"shipping-taxable","18":"purchasable","19":"product-type-simple"},"_links":{"self":[{"href":"https:\/\/www.cosoonchem.com\/es\/wp-json\/wp\/v2\/product\/10350","targetHints":{"allow":["GET"]}}],"collection":[{"href":"https:\/\/www.cosoonchem.com\/es\/wp-json\/wp\/v2\/product"}],"about":[{"href":"https:\/\/www.cosoonchem.com\/es\/wp-json\/wp\/v2\/types\/product"}],"replies":[{"embeddable":true,"href":"https:\/\/www.cosoonchem.com\/es\/wp-json\/wp\/v2\/comments?post=10350"}],"version-history":[{"count":0,"href":"https:\/\/www.cosoonchem.com\/es\/wp-json\/wp\/v2\/product\/10350\/revisions"}],"wp:featuredmedia":[{"embeddable":true,"href":"https:\/\/www.cosoonchem.com\/es\/wp-json\/wp\/v2\/media\/6033"}],"wp:attachment":[{"href":"https:\/\/www.cosoonchem.com\/es\/wp-json\/wp\/v2\/media?parent=10350"}],"wp:term":[{"taxonomy":"product_brand","embeddable":true,"href":"https:\/\/www.cosoonchem.com\/es\/wp-json\/wp\/v2\/product_brand?post=10350"},{"taxonomy":"product_cat","embeddable":true,"href":"https:\/\/www.cosoonchem.com\/es\/wp-json\/wp\/v2\/product_cat?post=10350"},{"taxonomy":"product_tag","embeddable":true,"href":"https:\/\/www.cosoonchem.com\/es\/wp-json\/wp\/v2\/product_tag?post=10350"}],"curies":[{"name":"wp","href":"https:\/\/api.w.org\/{rel}","templated":true}]}}