{"id":10354,"date":"2024-04-14T21:50:50","date_gmt":"2024-04-14T13:50:50","guid":{"rendered":"https:\/\/www.cosoonchem.com\/product\/fijador-acido-de-color-jmx-11\/"},"modified":"2024-10-08T00:54:39","modified_gmt":"2024-10-07T16:54:39","slug":"fijador-acido-de-color-jmx-11","status":"publish","type":"product","link":"https:\/\/www.cosoonchem.com\/es\/producto\/fijador-acido-de-color-jmx-11\/","title":{"rendered":"Fijador \u00e1cido de color JMX-11"},"content":{"rendered":"<h2>Caracter\u00edsticas y usos<\/h2>\n<ul>\n<li>Es un agente fijador para fibras te\u00f1idas con colorantes ani\u00f3nicos (colorantes \u00e1cidos) en nailon (nylon), y la solidez al lavado y a la transpiraci\u00f3n de la materia te\u00f1ida tratada mejoran notablemente;<\/li>\n<li>El producto tiene un buen poder de elevaci\u00f3n;<\/li>\n<li>Facilita el funcionamiento del material qu\u00edmico;<\/li>\n<li> Fijador de color de base biol\u00f3gica, renovable, sin bisfenol, fenol ni formaldeh\u00eddo, respetuoso con el medio ambiente, en l\u00ednea con todos los requisitos medioambientales;<\/li>\n<\/ul>\n<h2>propiedades f\u00edsicas y qu\u00edmicas<\/h2>\n<table>\n<tbody>\n<tr>\n<td width=\"247\">Elementos de inspecci\u00f3n<\/td>\n<td width=\"194\">Indicadores de calidad<\/td>\n<\/tr>\n<tr>\n<td width=\"247\">Aspecto(25\u2103)<\/td>\n<td width=\"194\">L\u00edquido negro parduzco<\/td>\n<\/tr>\n<tr>\n<td width=\"247\">Ionicidad<\/td>\n<td width=\"194\">ani\u00f3nico\/no i\u00f3nico<\/td>\n<\/tr>\n<tr>\n<td width=\"247\">Brix (%)<\/td>\n<td width=\"194\">40-41<\/td>\n<\/tr>\n<tr>\n<td width=\"247\">Viscosidad (25\u00b0C, CPS)<\/td>\n<td width=\"194\">\uff1c200<\/td>\n<\/tr>\n<tr>\n<td width=\"247\">pH (soluci\u00f3n acuosa al 1%)<\/td>\n<td width=\"194\">4.0\u00b11<\/td>\n<\/tr>\n<tr>\n<td width=\"247\">Solubilidad<\/td>\n<td width=\"194\">Soluble en agua<\/td>\n<\/tr>\n<tr>\n<td width=\"247\">Bisfenol, fenol<\/td>\n<td width=\"194\">No<\/td>\n<\/tr>\n<\/tbody>\n<\/table>\n<h2>\u00c1mbito de aplicaci\u00f3n<\/h2>\n<p> Adecuado para tejidos de nailon (nylon), se utiliza para fijar el color despu\u00e9s del te\u00f1ido con colorantes \u00e1cidos o colorantes de complejos met\u00e1licos. <\/p>\n<h2>Uso y dosificaci\u00f3n<\/h2>\n<p> 1\u3001Los productos muy concentrados pueden diluirse 2-3 veces, agitar antes de usar. 2\u3001Se utiliza para fijar el color despu\u00e9s de te\u00f1ir con colorantes \u00e1cidos o colorantes de complejos met\u00e1licos Claro: 3-4% f.o.p. Medio: 4-5% f.o.p. Oscuro: 5-6% f.o.p. Proporci\u00f3n de ba\u00f1o: 1:10~15 Temperatura y tiempo: 60\u2103\u00d720-30min (La temperatura y el tiempo pueden ajustarse seg\u00fan la placa del laboratorio). (La temperatura y el tiempo pueden ajustarse de acuerdo con las condiciones de abordaje del laboratorio) La dosificaci\u00f3n espec\u00edfica debe ser ajustada por el usuario a trav\u00e9s del esp\u00e9cimen. <\/p>\n<h2>Embalaje, almacenamiento y transporte<\/h2>\n<ul>\n<li>Especificaci\u00f3n: 125Kg\/drum<\/li>\n<li>Conservar precintado a temperatura ambiente durante 6 meses, no se puede garantizar su duraci\u00f3n una vez abierto, se recomienda terminar de utilizarlo lo antes posible tras su apertura para evitar su deterioro.<\/li>\n<\/ul>\n","protected":false},"excerpt":{"rendered":"<p>Composici\u00f3n qu\u00edmica: Fijador \u00e1cido de color \u00e1cido ani\u00f3nico (sulfonato) Adecuado para tejidos de nailon (nylon), utilizado para el tratamiento de fijaci\u00f3n del color despu\u00e9s de la tintura con colorantes \u00e1cidos o colorantes de complejos met\u00e1licos. 125Kg\/bid\u00f3n <\/p>\n","protected":false},"featured_media":6632,"comment_status":"closed","ping_status":"closed","template":"","meta":{"site-sidebar-layout":"no-sidebar","site-content-layout":"page-builder","ast-site-content-layout":"full-width-container","site-content-style":"unboxed","site-sidebar-style":"unboxed","ast-global-header-display":"","ast-banner-title-visibility":"","ast-main-header-display":"","ast-hfb-above-header-display":"","ast-hfb-below-header-display":"","ast-hfb-mobile-header-display":"","site-post-title":"disabled","ast-breadcrumbs-content":"","ast-featured-img":"disabled","footer-sml-layout":"","ast-disable-related-posts":"","theme-transparent-header-meta":"default","adv-header-id-meta":"","stick-header-meta":"default","header-above-stick-meta":"","header-main-stick-meta":"","header-below-stick-meta":"","astra-migrate-meta-layouts":"set","ast-page-background-enabled":"default","ast-page-background-meta":{"desktop":{"background-color":"var(--ast-global-color-4)","background-image":"","background-repeat":"repeat","background-position":"center center","background-size":"auto","background-attachment":"scroll","background-type":"","background-media":"","overlay-type":"","overlay-color":"","overlay-opacity":"","overlay-gradient":""},"tablet":{"background-color":"","background-image":"","background-repeat":"repeat","background-position":"center center","background-size":"auto","background-attachment":"scroll","background-type":"","background-media":"","overlay-type":"","overlay-color":"","overlay-opacity":"","overlay-gradient":""},"mobile":{"background-color":"","background-image":"","background-repeat":"repeat","background-position":"center center","background-size":"auto","background-attachment":"scroll","background-type":"","background-media":"","overlay-type":"","overlay-color":"","overlay-opacity":"","overlay-gradient":""}},"ast-content-background-meta":{"desktop":{"background-color":"var(--ast-global-color-5)","background-image":"","background-repeat":"repeat","background-position":"center center","background-size":"auto","background-attachment":"scroll","background-type":"","background-media":"","overlay-type":"","overlay-color":"","overlay-opacity":"","overlay-gradient":""},"tablet":{"background-color":"var(--ast-global-color-5)","background-image":"","background-repeat":"repeat","background-position":"center center","background-size":"auto","background-attachment":"scroll","background-type":"","background-media":"","overlay-type":"","overlay-color":"","overlay-opacity":"","overlay-gradient":""},"mobile":{"background-color":"var(--ast-global-color-5)","background-image":"","background-repeat":"repeat","background-position":"center center","background-size":"auto","background-attachment":"scroll","background-type":"","background-media":"","overlay-type":"","overlay-color":"","overlay-opacity":"","overlay-gradient":""}}},"product_brand":[],"product_cat":[260,237],"product_tag":[],"class_list":{"0":"post-10354","1":"product","2":"type-product","3":"status-publish","4":"has-post-thumbnail","6":"product_cat-tintes-y-pigmentos","7":"product_cat-muestras-de-productos","8":"desktop-align-left","9":"tablet-align-left","10":"mobile-align-left","11":"ast-product-gallery-layout-horizontal-slider","12":"ast-product-gallery-with-no-image","13":"ast-product-tabs-layout-horizontal","15":"first","16":"instock","17":"shipping-taxable","18":"purchasable","19":"product-type-simple"},"_links":{"self":[{"href":"https:\/\/www.cosoonchem.com\/es\/wp-json\/wp\/v2\/product\/10354","targetHints":{"allow":["GET"]}}],"collection":[{"href":"https:\/\/www.cosoonchem.com\/es\/wp-json\/wp\/v2\/product"}],"about":[{"href":"https:\/\/www.cosoonchem.com\/es\/wp-json\/wp\/v2\/types\/product"}],"replies":[{"embeddable":true,"href":"https:\/\/www.cosoonchem.com\/es\/wp-json\/wp\/v2\/comments?post=10354"}],"version-history":[{"count":0,"href":"https:\/\/www.cosoonchem.com\/es\/wp-json\/wp\/v2\/product\/10354\/revisions"}],"wp:featuredmedia":[{"embeddable":true,"href":"https:\/\/www.cosoonchem.com\/es\/wp-json\/wp\/v2\/media\/6632"}],"wp:attachment":[{"href":"https:\/\/www.cosoonchem.com\/es\/wp-json\/wp\/v2\/media?parent=10354"}],"wp:term":[{"taxonomy":"product_brand","embeddable":true,"href":"https:\/\/www.cosoonchem.com\/es\/wp-json\/wp\/v2\/product_brand?post=10354"},{"taxonomy":"product_cat","embeddable":true,"href":"https:\/\/www.cosoonchem.com\/es\/wp-json\/wp\/v2\/product_cat?post=10354"},{"taxonomy":"product_tag","embeddable":true,"href":"https:\/\/www.cosoonchem.com\/es\/wp-json\/wp\/v2\/product_tag?post=10354"}],"curies":[{"name":"wp","href":"https:\/\/api.w.org\/{rel}","templated":true}]}}