{"id":10358,"date":"2022-12-10T21:09:17","date_gmt":"2022-12-10T13:09:17","guid":{"rendered":"https:\/\/www.cosoonchem.com\/product\/tensioactivo-cationico-modificado-bvluefmca-90\/"},"modified":"2024-10-08T00:54:42","modified_gmt":"2024-10-07T16:54:42","slug":"tensioactivos-cationicos-modificados-bvluefmca-90","status":"publish","type":"product","link":"https:\/\/www.cosoonchem.com\/es\/producto\/tensioactivos-cationicos-modificados-bvluefmca-90\/","title":{"rendered":"Tensioactivos cati\u00f3nicos modificados BvluefMCA-90"},"content":{"rendered":"<h2>Tensioactivos cati\u00f3nicos modificados<\/h2>\n<ul>\n<li>Proporciona una excelente acci\u00f3n limpiadora. Humedece y penetra r\u00e1pidamente en las manchas, emulsiona y suspende eficazmente las manchas y deja una superficie hidr\u00f3foba brillante que no se apelmaza tras la limpieza.<\/li>\n<li>Conveniente y simple de usar, y algunos aditivos auxiliares de uso com\u00fan puede lograr un buen efecto de limpieza, y otros productos con buen acoplamiento, se puede utilizar para ajustar el punto de turbidez del producto para lograr un mejor estado.<\/li>\n<li>Utilizado para el desengrase acuoso, combina una formulaci\u00f3n f\u00e1cil con propiedades desengrasantes r\u00e1pidas. Puede ser ampliamente utilizado en todo tipo de limpieza, es la materia prima principal de formulaciones de limpieza de alto rendimiento, para aplicaciones de limpieza industrial y limpieza dom\u00e9stica para proporcionar una excelente soluci\u00f3n. Incluso a concentraciones muy bajas, tambi\u00e9n tiene un efecto de limpieza muy bueno, lo que aumenta los beneficios econ\u00f3micos para los clientes; es muy eficaz para eliminar la suciedad que coexiste con la grasa y el polvo.<\/li>\n<li>Puede ser ampliamente utilizado en la industria y la vida cotidiana. Es f\u00e1cil y c\u00f3modo de usar, la limpieza general se puede diluir directamente con agua, pero tambi\u00e9n se puede utilizar con otros productos con mejor efecto. Estable en \u00e1cido y \u00e1lcali rendimiento, en soluci\u00f3n de NaOH al 7% se puede disolver y un buen rendimiento, pero tambi\u00e9n se puede utilizar en \u00e1cido clorh\u00eddrico, \u00e1cido fosf\u00f3rico, \u00e1cido c\u00edtrico y otros sistemas \u00e1cidos. Se puede formular en varias concentraciones para adaptarse a diferentes objetos de limpieza.<\/li>\n<\/ul>\n<h2>Uso del producto<\/h2>\n<p>Adecuado para la preparaci\u00f3n de diversos agentes de limpieza alcalinos y \u00e1cidos, para equipos de limpieza de alta y baja presi\u00f3n, limpieza por inmersi\u00f3n o por chorro de alta presi\u00f3n.<\/p>\n<ol>\n<li>Limpieza dom\u00e9stica &#8211; cocinas, suelos, ba\u00f1os.<\/li>\n<li>Limpieza de instalaciones p\u00fablicas &#8211; Hospitales, hoteles, restaurantes, instalaciones p\u00fablicas municipales.<\/li>\n<li>Limpieza industrial &#8211; desengrase de metales, limpieza de motores, limpieza de veh\u00edculos.<\/li>\n<li>Otros limpiadores multiusos al agua para superficies duras.<\/li>\n<\/ol>\n<h2>Indicadores de calidad<\/h2>\n<h4 style=\"text-align: center;\"><strong>Indicadores f\u00edsicos y qu\u00edmicos<\/strong><\/h4>\n<table width=\"519\">\n<tbody>\n<tr>\n<td width=\"328\">Aspecto 25\u00b0C<\/td>\n<td width=\"190\">L\u00edquido amarillo transparente\/turbio<\/td>\n<\/tr>\n<tr>\n<td width=\"328\">color<\/td>\n<td width=\"190\">&lt;7Gardner<\/td>\n<\/tr>\n<tr>\n<td width=\"328\">Contenido de sustancia activa<\/td>\n<td width=\"190\">90%<\/td>\n<\/tr>\n<tr>\n<td width=\"328\">Densidad 20\u00b0C<\/td>\n<td width=\"190\">1.016kg\/m3<\/td>\n<\/tr>\n<tr>\n<td width=\"328\">PH (soluci\u00f3n acuosa al 1%)<\/td>\n<td width=\"190\">6.9<\/td>\n<\/tr>\n<tr>\n<td width=\"328\">punto de fusi\u00f3n<\/td>\n<td width=\"190\">&lt;0C<\/td>\n<\/tr>\n<tr>\n<td width=\"328\">punto de inflamaci\u00f3n<\/td>\n<td width=\"190\">&gt;100\u00b0C<\/td>\n<\/tr>\n<tr>\n<td width=\"328\">viscosidad20\u00b0C<\/td>\n<td width=\"190\">100mPa.s<\/td>\n<\/tr>\n<\/tbody>\n<\/table>\n<h4 style=\"text-align: center;\"><strong>Datos de actividad en superficie<\/strong><\/h4>\n<table width=\"519\">\n<tbody>\n<tr>\n<td width=\"328\">Altura de la espuma (m\u00e9todo Ross 50\u00b0, 0,05%)<\/td>\n<td width=\"190\">Inmediatamente 120ml Despu\u00e9s de 5 minutos 105ml<\/td>\n<\/tr>\n<tr>\n<td width=\"328\">Tensi\u00f3n superficial (seg\u00fan el m\u00e9todo Du Nouy 25, 0,% Din 53914)<\/td>\n<td width=\"190\">27mNm<\/td>\n<\/tr>\n<tr>\n<td width=\"328\">Poder humectante (seg\u00fan el m\u00e9todo Draves 25C, 0,1%)<\/td>\n<td width=\"190\">12sec<\/td>\n<\/tr>\n<\/tbody>\n<\/table>\n<h4 style=\"text-align: center;\"><strong>solubilidad<\/strong><\/h4>\n<table width=\"519\">\n<tbody>\n<tr>\n<td width=\"328\">Etanol<\/td>\n<td width=\"190\">Disuelto<\/td>\n<td width=\"328\">Xileno<\/td>\n<td width=\"190\">Dispersable<\/td>\n<\/tr>\n<tr>\n<td width=\"328\">Alcohol isoprop\u00edlico<\/td>\n<td width=\"190\">Soluble<\/td>\n<td width=\"328\">Aceite disolvente de petr\u00f3leo<\/td>\n<td width=\"190\">Insoluble<\/td>\n<\/tr>\n<tr>\n<td width=\"328\">Agua<\/td>\n<td width=\"190\">Soluble<\/td>\n<td width=\"328\">Disolvente poco arom\u00e1tico<\/td>\n<td width=\"190\">Insoluble<\/td>\n<\/tr>\n<tr>\n<td width=\"328\">Propilenglicol<\/td>\n<td width=\"190\">Solubilidad<\/td>\n<td width=\"328\">Resistencia a los \u00e1lcalis<\/td>\n<td width=\"190\">7,2% (como NaOH)<\/td>\n<\/tr>\n<\/tbody>\n<\/table>\n<h2><strong>Caracter\u00edsticas adicionales <\/strong><\/h2>\n<p>1, MCA-90 con un agente complejo y un agente de limpieza para una combinaci\u00f3n simple, se puede hacer de excelente calidad de agente desengrasante a base de agua. 2, las materias primas necesarias no son complejos, no contienen disolventes, de bajo costo y es propicio para la protecci\u00f3n del medio ambiente, el proceso de producci\u00f3n es f\u00e1cil de lograr bajo costo y alto rendimiento. 3\u3001Simple preparaci\u00f3n: su proceso de preparaci\u00f3n s\u00f3lo requiere los siguientes sencillos pasos.<\/p>\n<ul>\n<li>Disolver la sal y el compuesto en agua<\/li>\n<li>A\u00f1adir MCA-90<\/li>\n<li>Mezclado a temperatura ambiente con equipo de mezclado est\u00e1ndar<\/li>\n<li>Verificar el nivel de transparencia de la temperatura<\/li>\n<\/ul>\n<h4><strong>Notas de aplicaci\u00f3n<\/strong><\/h4>\n<p>1. Adecuado para el desengrase industrial a gran escala, limpieza de locomotoras, limpieza multifuncional de superficies duras. 2. Buen efecto de dispersi\u00f3n en holl\u00edn recubierto de aceite, negro de humo y otras part\u00edculas de suciedad. 3. Puede sustituir al desengrasante disolvente. 4. MCA-90 puede utilizarse para la limpieza por chorro a alta presi\u00f3n, pero la cantidad de aditivo no debe ser excesiva: 0,5-2%. 5. MCA-90 tambi\u00e9n puede utilizarse como limpiador \u00e1cido. 6. Recomendaci\u00f3n de formulaci\u00f3n: en la medida de lo posible, debe utilizarse como \u00fanico componente tensioactivo junto con otros abrillantadores. 7. No se recomienda el uso de MCA-90 con tensioactivos ani\u00f3nicos. MCA-90 puede utilizarse en combinaci\u00f3n con tensioactivos no i\u00f3nicos, tensioactivos cati\u00f3nicos y tensioactivos anf\u00f3teros para reducir el coste.<\/p>\n<h2>Embalaje, almacenamiento y transporte<\/h2>\n<ul>\n<li>Especificaci\u00f3n: 120g\/500g\/5kg\/25kg<\/li>\n<li>Este producto no es una mercanc\u00eda peligrosa, de acuerdo con el transporte de carga general puede ser<\/li>\n<li>Protegido de la exposici\u00f3n al sol, la lluvia y las altas temperaturas<\/li>\n<\/ul>\n","protected":false},"excerpt":{"rendered":"<p>Tensioactivos cati\u00f3nicos modificados BvluefMCA-90 Penetrante, eliminador de aceite, emulsionante, Ingredientes principales y estructura qu\u00edmica: Compuesto de tensoactivos especiales modificados cati\u00f3nicos y no i\u00f3nicos 120g\/500g\/5kg\/25kg<\/p>\n","protected":false},"featured_media":6181,"comment_status":"closed","ping_status":"closed","template":"","meta":{"site-sidebar-layout":"no-sidebar","site-content-layout":"page-builder","ast-site-content-layout":"full-width-container","site-content-style":"unboxed","site-sidebar-style":"unboxed","ast-global-header-display":"","ast-banner-title-visibility":"","ast-main-header-display":"","ast-hfb-above-header-display":"","ast-hfb-below-header-display":"","ast-hfb-mobile-header-display":"","site-post-title":"disabled","ast-breadcrumbs-content":"","ast-featured-img":"disabled","footer-sml-layout":"","ast-disable-related-posts":"","theme-transparent-header-meta":"default","adv-header-id-meta":"","stick-header-meta":"default","header-above-stick-meta":"","header-main-stick-meta":"","header-below-stick-meta":"","astra-migrate-meta-layouts":"set","ast-page-background-enabled":"default","ast-page-background-meta":{"desktop":{"background-color":"var(--ast-global-color-4)","background-image":"","background-repeat":"repeat","background-position":"center center","background-size":"auto","background-attachment":"scroll","background-type":"","background-media":"","overlay-type":"","overlay-color":"","overlay-opacity":"","overlay-gradient":""},"tablet":{"background-color":"","background-image":"","background-repeat":"repeat","background-position":"center center","background-size":"auto","background-attachment":"scroll","background-type":"","background-media":"","overlay-type":"","overlay-color":"","overlay-opacity":"","overlay-gradient":""},"mobile":{"background-color":"","background-image":"","background-repeat":"repeat","background-position":"center center","background-size":"auto","background-attachment":"scroll","background-type":"","background-media":"","overlay-type":"","overlay-color":"","overlay-opacity":"","overlay-gradient":""}},"ast-content-background-meta":{"desktop":{"background-color":"var(--ast-global-color-5)","background-image":"","background-repeat":"repeat","background-position":"center center","background-size":"auto","background-attachment":"scroll","background-type":"","background-media":"","overlay-type":"","overlay-color":"","overlay-opacity":"","overlay-gradient":""},"tablet":{"background-color":"var(--ast-global-color-5)","background-image":"","background-repeat":"repeat","background-position":"center center","background-size":"auto","background-attachment":"scroll","background-type":"","background-media":"","overlay-type":"","overlay-color":"","overlay-opacity":"","overlay-gradient":""},"mobile":{"background-color":"var(--ast-global-color-5)","background-image":"","background-repeat":"repeat","background-position":"center center","background-size":"auto","background-attachment":"scroll","background-type":"","background-media":"","overlay-type":"","overlay-color":"","overlay-opacity":"","overlay-gradient":""}}},"product_brand":[],"product_cat":[283,237],"product_tag":[],"class_list":{"0":"post-10358","1":"product","2":"type-product","3":"status-publish","4":"has-post-thumbnail","6":"product_cat-tensioactivo","7":"product_cat-muestras-de-productos","8":"desktop-align-left","9":"tablet-align-left","10":"mobile-align-left","11":"ast-product-gallery-layout-horizontal-slider","12":"ast-product-tabs-layout-horizontal","14":"first","15":"instock","16":"shipping-taxable","17":"purchasable","18":"product-type-simple"},"_links":{"self":[{"href":"https:\/\/www.cosoonchem.com\/es\/wp-json\/wp\/v2\/product\/10358","targetHints":{"allow":["GET"]}}],"collection":[{"href":"https:\/\/www.cosoonchem.com\/es\/wp-json\/wp\/v2\/product"}],"about":[{"href":"https:\/\/www.cosoonchem.com\/es\/wp-json\/wp\/v2\/types\/product"}],"replies":[{"embeddable":true,"href":"https:\/\/www.cosoonchem.com\/es\/wp-json\/wp\/v2\/comments?post=10358"}],"version-history":[{"count":0,"href":"https:\/\/www.cosoonchem.com\/es\/wp-json\/wp\/v2\/product\/10358\/revisions"}],"wp:featuredmedia":[{"embeddable":true,"href":"https:\/\/www.cosoonchem.com\/es\/wp-json\/wp\/v2\/media\/6181"}],"wp:attachment":[{"href":"https:\/\/www.cosoonchem.com\/es\/wp-json\/wp\/v2\/media?parent=10358"}],"wp:term":[{"taxonomy":"product_brand","embeddable":true,"href":"https:\/\/www.cosoonchem.com\/es\/wp-json\/wp\/v2\/product_brand?post=10358"},{"taxonomy":"product_cat","embeddable":true,"href":"https:\/\/www.cosoonchem.com\/es\/wp-json\/wp\/v2\/product_cat?post=10358"},{"taxonomy":"product_tag","embeddable":true,"href":"https:\/\/www.cosoonchem.com\/es\/wp-json\/wp\/v2\/product_tag?post=10358"}],"curies":[{"name":"wp","href":"https:\/\/api.w.org\/{rel}","templated":true}]}}