{"id":10387,"date":"2022-12-10T20:10:06","date_gmt":"2022-12-10T12:10:06","guid":{"rendered":"https:\/\/www.cosoonchem.com\/product\/resinas-acrilicas-solidas-al-agua-869\/"},"modified":"2024-10-08T00:54:44","modified_gmt":"2024-10-07T16:54:44","slug":"resinas-acrilicas-solidas-al-agua-869","status":"publish","type":"product","link":"https:\/\/www.cosoonchem.com\/es\/producto\/resinas-acrilicas-solidas-al-agua-869\/","title":{"rendered":"Resinas acr\u00edlicas s\u00f3lidas al agua 869"},"content":{"rendered":"<h2>Uso del producto<\/h2>\n<p>Para esmerilado de pigmentos, tintas y barnices Emulsionante polim\u00e9rico para emulsiones sint\u00e9ticas Para pastas dispersantes, excelente humectaci\u00f3n de pigmentos, realce del brillo, soporte y resiliencia Adecuado para altos niveles de subcomponentes de resinas s\u00f3lidas acr\u00edlicas hidr\u00f3filas.<\/p>\n<h2>Indicadores de calidad<\/h2>\n<table width=\"519\">\n<tbody>\n<tr>\n<td width=\"328\">Productos<\/td>\n<td width=\"190\">Resinas acr\u00edlicas s\u00f3lidas al agua 869<\/td>\n<\/tr>\n<tr>\n<td width=\"328\">Aspecto<\/td>\n<td width=\"190\">S\u00f3lido transparente<\/td>\n<\/tr>\n<tr>\n<td width=\"328\">Contenido en s\u00f3lidos %.<\/td>\n<td width=\"190\">\uff1e99<\/td>\n<\/tr>\n<tr>\n<td width=\"328\">\u00cdndice de acidez (NV)<\/td>\n<td width=\"190\">235<\/td>\n<\/tr>\n<tr>\n<td width=\"328\">Peso molecular (MW)<\/td>\n<td width=\"190\">12000<\/td>\n<\/tr>\n<tr>\n<td width=\"328\">Temperatura de transici\u00f3n v\u00edtrea Tg, \u00b0C<\/td>\n<td width=\"190\">102<\/td>\n<\/tr>\n<tr>\n<td width=\"328\">Punto de reblandecimiento (\u2103)<\/td>\n<td width=\"190\">155<\/td>\n<\/tr>\n<tr>\n<td width=\"328\">Compuestos org\u00e1nicos vol\u00e1tiles totales (% en peso)<\/td>\n<td width=\"190\">1.0<\/td>\n<\/tr>\n<tr>\n<td width=\"328\">densidad<\/td>\n<td width=\"190\">1.16g\/mm\u00b3<\/td>\n<\/tr>\n<\/tbody>\n<\/table>\n<h2>Embalaje, almacenamiento y transporte<\/h2>\n<ul>\n<li>Especificaci\u00f3n: 1kg 25kg<\/li>\n<li>Este producto no es una mercanc\u00eda peligrosa, de acuerdo con el transporte de carga general puede ser<\/li>\n<li>Protegido de la exposici\u00f3n al sol, la lluvia y las altas temperaturas<\/li>\n<\/ul>\n","protected":false},"excerpt":{"rendered":"<ul>\n<li>Muy buen brillo y resistencia a la abrasi\u00f3n<\/li>\n<li>Compatibilidad, transferibilidad e imprimibilidad excepcionales.<\/li>\n<li>Transparencia inexpl\u00edcita<\/li>\n<li>Puede disolverse hasta un 30% de s\u00f3lidos para su uso como jab\u00f3n l\u00edquido.<\/li>\n<\/ul>\n<p>Puede sustituirse por BASF 671, Hanwha 1160, 909 1Kg\/saco; 25Kg\/saco<\/p>\n","protected":false},"featured_media":6177,"comment_status":"closed","ping_status":"closed","template":"","meta":{"site-sidebar-layout":"no-sidebar","site-content-layout":"page-builder","ast-site-content-layout":"full-width-container","site-content-style":"unboxed","site-sidebar-style":"unboxed","ast-global-header-display":"","ast-banner-title-visibility":"","ast-main-header-display":"","ast-hfb-above-header-display":"","ast-hfb-below-header-display":"","ast-hfb-mobile-header-display":"","site-post-title":"disabled","ast-breadcrumbs-content":"","ast-featured-img":"disabled","footer-sml-layout":"","ast-disable-related-posts":"","theme-transparent-header-meta":"default","adv-header-id-meta":"","stick-header-meta":"default","header-above-stick-meta":"","header-main-stick-meta":"","header-below-stick-meta":"","astra-migrate-meta-layouts":"set","ast-page-background-enabled":"default","ast-page-background-meta":{"desktop":{"background-color":"var(--ast-global-color-4)","background-image":"","background-repeat":"repeat","background-position":"center center","background-size":"auto","background-attachment":"scroll","background-type":"","background-media":"","overlay-type":"","overlay-color":"","overlay-opacity":"","overlay-gradient":""},"tablet":{"background-color":"","background-image":"","background-repeat":"repeat","background-position":"center center","background-size":"auto","background-attachment":"scroll","background-type":"","background-media":"","overlay-type":"","overlay-color":"","overlay-opacity":"","overlay-gradient":""},"mobile":{"background-color":"","background-image":"","background-repeat":"repeat","background-position":"center center","background-size":"auto","background-attachment":"scroll","background-type":"","background-media":"","overlay-type":"","overlay-color":"","overlay-opacity":"","overlay-gradient":""}},"ast-content-background-meta":{"desktop":{"background-color":"var(--ast-global-color-5)","background-image":"","background-repeat":"repeat","background-position":"center center","background-size":"auto","background-attachment":"scroll","background-type":"","background-media":"","overlay-type":"","overlay-color":"","overlay-opacity":"","overlay-gradient":""},"tablet":{"background-color":"var(--ast-global-color-5)","background-image":"","background-repeat":"repeat","background-position":"center center","background-size":"auto","background-attachment":"scroll","background-type":"","background-media":"","overlay-type":"","overlay-color":"","overlay-opacity":"","overlay-gradient":""},"mobile":{"background-color":"var(--ast-global-color-5)","background-image":"","background-repeat":"repeat","background-position":"center center","background-size":"auto","background-attachment":"scroll","background-type":"","background-media":"","overlay-type":"","overlay-color":"","overlay-opacity":"","overlay-gradient":""}}},"product_brand":[],"product_cat":[260,237],"product_tag":[],"class_list":{"0":"post-10387","1":"product","2":"type-product","3":"status-publish","4":"has-post-thumbnail","6":"product_cat-tintes-y-pigmentos","7":"product_cat-muestras-de-productos","8":"desktop-align-left","9":"tablet-align-left","10":"mobile-align-left","11":"ast-product-gallery-layout-horizontal-slider","12":"ast-product-tabs-layout-horizontal","14":"first","15":"instock","16":"shipping-taxable","17":"purchasable","18":"product-type-simple"},"_links":{"self":[{"href":"https:\/\/www.cosoonchem.com\/es\/wp-json\/wp\/v2\/product\/10387","targetHints":{"allow":["GET"]}}],"collection":[{"href":"https:\/\/www.cosoonchem.com\/es\/wp-json\/wp\/v2\/product"}],"about":[{"href":"https:\/\/www.cosoonchem.com\/es\/wp-json\/wp\/v2\/types\/product"}],"replies":[{"embeddable":true,"href":"https:\/\/www.cosoonchem.com\/es\/wp-json\/wp\/v2\/comments?post=10387"}],"version-history":[{"count":0,"href":"https:\/\/www.cosoonchem.com\/es\/wp-json\/wp\/v2\/product\/10387\/revisions"}],"wp:featuredmedia":[{"embeddable":true,"href":"https:\/\/www.cosoonchem.com\/es\/wp-json\/wp\/v2\/media\/6177"}],"wp:attachment":[{"href":"https:\/\/www.cosoonchem.com\/es\/wp-json\/wp\/v2\/media?parent=10387"}],"wp:term":[{"taxonomy":"product_brand","embeddable":true,"href":"https:\/\/www.cosoonchem.com\/es\/wp-json\/wp\/v2\/product_brand?post=10387"},{"taxonomy":"product_cat","embeddable":true,"href":"https:\/\/www.cosoonchem.com\/es\/wp-json\/wp\/v2\/product_cat?post=10387"},{"taxonomy":"product_tag","embeddable":true,"href":"https:\/\/www.cosoonchem.com\/es\/wp-json\/wp\/v2\/product_tag?post=10387"}],"curies":[{"name":"wp","href":"https:\/\/api.w.org\/{rel}","templated":true}]}}