{"id":10392,"date":"2022-11-03T20:04:13","date_gmt":"2022-11-03T12:04:13","guid":{"rendered":"https:\/\/www.cosoonchem.com\/product\/triciclodecanodimetanol-transferencia-de-tecnologia-de-sintesis-de-productos\/"},"modified":"2024-10-08T00:54:45","modified_gmt":"2024-10-07T16:54:45","slug":"triciclodecanodimetanol-transferencia-de-tecnologia-de-sintesis-de-productos","status":"publish","type":"product","link":"https:\/\/www.cosoonchem.com\/es\/producto\/triciclodecanodimetanol-transferencia-de-tecnologia-de-sintesis-de-productos\/","title":{"rendered":"Triciclodecanodimetanol &#8211; transferencia de tecnolog\u00eda de s\u00edntesis de productos"},"content":{"rendered":"\t\t<div data-elementor-type=\"product-post\" data-elementor-id=\"10392\" class=\"elementor elementor-10392 elementor-4362\" data-elementor-post-type=\"product\">\n\t\t\t\t\t\t<section class=\"elementor-section elementor-top-section elementor-element elementor-element-14b9091 elementor-section-boxed elementor-section-height-default elementor-section-height-default\" data-id=\"14b9091\" data-element_type=\"section\" data-e-type=\"section\">\n\t\t\t\t\t\t<div class=\"elementor-container elementor-column-gap-default\">\n\t\t\t\t\t<div class=\"elementor-column elementor-col-100 elementor-top-column elementor-element elementor-element-f27b4c4\" data-id=\"f27b4c4\" data-element_type=\"column\" data-e-type=\"column\">\n\t\t\t<div class=\"elementor-widget-wrap elementor-element-populated\">\n\t\t\t\t\t\t<div class=\"elementor-element elementor-element-131d35e elementor-widget elementor-widget-heading\" data-id=\"131d35e\" data-element_type=\"widget\" data-e-type=\"widget\" data-widget_type=\"heading.default\">\n\t\t\t\t<div class=\"elementor-widget-container\">\n\t\t\t\t\t<h2 class=\"elementor-heading-title elementor-size-default\">Triciclodecanodimetanol &#8211; transferencia de tecnolog\u00eda de s\u00edntesis de productos<\/h2>\t\t\t\t<\/div>\n\t\t\t\t<\/div>\n\t\t\t\t\t<\/div>\n\t\t<\/div>\n\t\t\t\t\t<\/div>\n\t\t<\/section>\n\t\t\t\t<section class=\"elementor-section elementor-top-section elementor-element elementor-element-308d1a2 elementor-section-boxed elementor-section-height-default elementor-section-height-default\" data-id=\"308d1a2\" data-element_type=\"section\" data-e-type=\"section\">\n\t\t\t\t\t\t<div class=\"elementor-container elementor-column-gap-default\">\n\t\t\t\t\t<div class=\"elementor-column elementor-col-100 elementor-top-column elementor-element elementor-element-cc13d0b\" data-id=\"cc13d0b\" data-element_type=\"column\" data-e-type=\"column\">\n\t\t\t<div class=\"elementor-widget-wrap elementor-element-populated\">\n\t\t\t\t\t\t<div class=\"elementor-element elementor-element-df690bb elementor-widget elementor-widget-heading\" data-id=\"df690bb\" data-element_type=\"widget\" data-e-type=\"widget\" data-widget_type=\"heading.default\">\n\t\t\t\t<div class=\"elementor-widget-container\">\n\t\t\t\t\t<h2 class=\"elementor-heading-title elementor-size-default\">[1] Nombre y descripci\u00f3n del producto<\/h2>\t\t\t\t<\/div>\n\t\t\t\t<\/div>\n\t\t\t\t<div class=\"elementor-element elementor-element-c083563 elementor-widget elementor-widget-text-editor\" data-id=\"c083563\" data-element_type=\"widget\" data-e-type=\"widget\" data-widget_type=\"text-editor.default\">\n\t\t\t\t<div class=\"elementor-widget-container\">\n\t\t\t\t\t\t\t\t\t<p>F\u00f3rmula estructural:<\/p>\n\t\t\t\t\t\t\t\t<\/div>\n\t\t\t\t<\/div>\n\t\t\t\t<div class=\"elementor-element elementor-element-22be027 elementor-widget elementor-widget-image\" data-id=\"22be027\" data-element_type=\"widget\" data-e-type=\"widget\" data-widget_type=\"image.default\">\n\t\t\t\t<div class=\"elementor-widget-container\">\n\t\t\t\t\t\t\t\t\t\t\t\t\t\t\t<img decoding=\"async\" width=\"200\" height=\"200\" src=\"https:\/\/www.cosoonchem.com\/\/wp-content\/uploads\/2022\/11\/20221103002.webp\" class=\"attachment-large size-large wp-image-6550\" alt=\"\" srcset=\"https:\/\/www.cosoonchem.com\/\/wp-content\/uploads\/2022\/11\/20221103002.webp 200w, https:\/\/www.cosoonchem.com\/\/wp-content\/uploads\/2022\/11\/20221103002-100x100.webp 100w\" sizes=\"(max-width: 200px) 100vw, 200px\" title=\"\">\t\t\t\t\t\t\t\t\t\t\t\t\t\t\t<\/div>\n\t\t\t\t<\/div>\n\t\t\t\t<div class=\"elementor-element elementor-element-23f4998 elementor-widget elementor-widget-text-editor\" data-id=\"23f4998\" data-element_type=\"widget\" data-e-type=\"widget\" data-widget_type=\"text-editor.default\">\n\t\t\t\t<div class=\"elementor-widget-container\">\n\t\t\t\t\t\t\t\t\t<table>\n<tbody>\n<tr>\n<td width=\"85\">nombre (de una cosa)<\/td>\n<td colspan=\"3\" width=\"482\">Triciclo[5.2.1.0,2,6]decano-dimetanol<\/td>\n<\/tr>\n<tr>\n<td width=\"85\">Nombre en ingl\u00e9s<\/td>\n<td colspan=\"3\" width=\"482\">Tricyclo[5 .2.1.0(2,6)]decanedimethanol Dimethylotricyclodecane<\/td>\n<\/tr>\n<tr>\n<td width=\"85\">f\u00f3rmula molecular<\/td>\n<td colspan=\"3\" width=\"166\">C12H20O2<\/td>\n<\/tr>\n<tr>\n<td width=\"85\">masa molecular<\/td>\n<td width=\"166\">196.29<\/td>\n<td width=\"116\">Pureza (%)<\/td>\n<td width=\"200\">99.85<\/td>\n<\/tr>\n<tr>\n<td width=\"85\">N\u00ba CAS<\/td>\n<td width=\"166\">26896-48-0<\/td>\n<td width=\"116\">EINECS<\/td>\n<td width=\"200\">248-096-5<\/td>\n<\/tr>\n<\/tbody>\n<\/table>\n\t\t\t\t\t\t\t\t<\/div>\n\t\t\t\t<\/div>\n\t\t\t\t\t<\/div>\n\t\t<\/div>\n\t\t\t\t\t<\/div>\n\t\t<\/section>\n\t\t\t\t<section class=\"elementor-section elementor-top-section elementor-element elementor-element-e5b4e05 elementor-section-boxed elementor-section-height-default elementor-section-height-default\" data-id=\"e5b4e05\" data-element_type=\"section\" data-e-type=\"section\">\n\t\t\t\t\t\t<div class=\"elementor-container elementor-column-gap-default\">\n\t\t\t\t\t<div class=\"elementor-column elementor-col-100 elementor-top-column elementor-element elementor-element-d0116f7\" data-id=\"d0116f7\" data-element_type=\"column\" data-e-type=\"column\">\n\t\t\t<div class=\"elementor-widget-wrap elementor-element-populated\">\n\t\t\t\t\t\t<div class=\"elementor-element elementor-element-da76b3d elementor-widget elementor-widget-heading\" data-id=\"da76b3d\" data-element_type=\"widget\" data-e-type=\"widget\" data-widget_type=\"heading.default\">\n\t\t\t\t<div class=\"elementor-widget-container\">\n\t\t\t\t\t<h2 class=\"elementor-heading-title elementor-size-default\">[2] Uso del producto<\/h2>\t\t\t\t<\/div>\n\t\t\t\t<\/div>\n\t\t\t\t<div class=\"elementor-element elementor-element-26e3645 elementor-widget elementor-widget-text-editor\" data-id=\"26e3645\" data-element_type=\"widget\" data-e-type=\"widget\" data-widget_type=\"text-editor.default\">\n\t\t\t\t<div class=\"elementor-widget-container\">\n\t\t\t\t\t\t\t\t\t<p>El triciclodecanodimetanol es una nueva clase de dioles alic\u00edclicos con estructura de anillo ternario. 1 Puede utilizarse en la s\u00edntesis de pol\u00edmeros como poliacrilatos, poli\u00e9steres, resinas epoxi y poliuretanos, y puede proporcionar a los pol\u00edmeros buena adherencia, alta resistencia a la tracci\u00f3n, resistencia al calor, resistencia a la intemperie y resistencia al impacto; 2 Como mon\u00f3mero de curado UV; 3 Resinas \u00f3pticas de alto rendimiento; 4 Materiales de embalaje electr\u00f3nico; 5 materiales fotopolimerizables para impresi\u00f3n por chorro de tinta; 6 productos tambi\u00e9n se pueden utilizar para la s\u00edntesis de alta fotosensibilidad, alta transparencia, resistencia a la luz y la resistencia a la aplicaci\u00f3n de grabado en seco de los materiales;<\/p>\n\t\t\t\t\t\t\t\t<\/div>\n\t\t\t\t<\/div>\n\t\t\t\t\t<\/div>\n\t\t<\/div>\n\t\t\t\t\t<\/div>\n\t\t<\/section>\n\t\t\t\t<section class=\"elementor-section elementor-top-section elementor-element elementor-element-cd4a3df elementor-section-boxed elementor-section-height-default elementor-section-height-default\" data-id=\"cd4a3df\" data-element_type=\"section\" data-e-type=\"section\">\n\t\t\t\t\t\t<div class=\"elementor-container elementor-column-gap-default\">\n\t\t\t\t\t<div class=\"elementor-column elementor-col-100 elementor-top-column elementor-element elementor-element-d3b6501\" data-id=\"d3b6501\" data-element_type=\"column\" data-e-type=\"column\">\n\t\t\t<div class=\"elementor-widget-wrap elementor-element-populated\">\n\t\t\t\t\t\t<div class=\"elementor-element elementor-element-953ac11 elementor-widget elementor-widget-heading\" data-id=\"953ac11\" data-element_type=\"widget\" data-e-type=\"widget\" data-widget_type=\"heading.default\">\n\t\t\t\t<div class=\"elementor-widget-container\">\n\t\t\t\t\t<h2 class=\"elementor-heading-title elementor-size-default\">Introducci\u00f3n a la s\u00edntesis<\/h2>\t\t\t\t<\/div>\n\t\t\t\t<\/div>\n\t\t\t\t<div class=\"elementor-element elementor-element-c61dbf0 elementor-widget elementor-widget-text-editor\" data-id=\"c61dbf0\" data-element_type=\"widget\" data-e-type=\"widget\" data-widget_type=\"text-editor.default\">\n\t\t\t\t<div class=\"elementor-widget-container\">\n\t\t\t\t\t\t\t\t\t<p>El proceso de s\u00edntesis utiliza diciclopentadieno como materia prima de s\u00edntesis y producci\u00f3n por lotes en caldera; El catalizador es de desarrollo y producci\u00f3n propios (reutilizable, se ha completado &gt;1000h);<\/p>\n<p>mail\uff1a<a href=\"mailto:cosoonchem@163.com\"><u>cosoonchem@163.com<\/u><\/a><br \/>Wechat\uff1a<u>18676831153<\/u><\/p>\n\t\t\t\t\t\t\t\t<\/div>\n\t\t\t\t<\/div>\n\t\t\t\t\t<\/div>\n\t\t<\/div>\n\t\t\t\t\t<\/div>\n\t\t<\/section>\n\t\t\t\t<\/div>\n\t\t","protected":false},"excerpt":{"rendered":"<p>[1] Nombre y descripci\u00f3n del producto F\u00f3rmula estructural: nombre (de una cosa) Triciclo[5.2.1.0,2,6]decano-dimetanol Nombre en ingl\u00e9s Tricyclo[5 .2.1.0(2,6)]decanedimethanol Dimethylotricyclodecane f\u00f3rmula molecular C12H20O2 masa molecular 196.29 Pureza (%) 99.85 N\u00ba CAS 26896-48-0 EINECS 248-096-5 [2] Uso del producto El triciclodecanodimetanol es una nueva clase de dioles alic\u00edclicos con estructura de anillo ternario. 1 Puede utilizarse en [&hellip;]<\/p>\n","protected":false},"featured_media":6550,"comment_status":"open","ping_status":"closed","template":"elementor_header_footer","meta":{"site-sidebar-layout":"no-sidebar","site-content-layout":"page-builder","ast-site-content-layout":"full-width-container","site-content-style":"unboxed","site-sidebar-style":"unboxed","ast-global-header-display":"","ast-banner-title-visibility":"","ast-main-header-display":"","ast-hfb-above-header-display":"","ast-hfb-below-header-display":"","ast-hfb-mobile-header-display":"","site-post-title":"disabled","ast-breadcrumbs-content":"","ast-featured-img":"disabled","footer-sml-layout":"","ast-disable-related-posts":"","theme-transparent-header-meta":"default","adv-header-id-meta":"","stick-header-meta":"default","header-above-stick-meta":"","header-main-stick-meta":"","header-below-stick-meta":"","astra-migrate-meta-layouts":"set","ast-page-background-enabled":"default","ast-page-background-meta":{"desktop":{"background-color":"var(--ast-global-color-4)","background-image":"","background-repeat":"repeat","background-position":"center center","background-size":"auto","background-attachment":"scroll","background-type":"","background-media":"","overlay-type":"","overlay-color":"","overlay-opacity":"","overlay-gradient":""},"tablet":{"background-color":"","background-image":"","background-repeat":"repeat","background-position":"center center","background-size":"auto","background-attachment":"scroll","background-type":"","background-media":"","overlay-type":"","overlay-color":"","overlay-opacity":"","overlay-gradient":""},"mobile":{"background-color":"","background-image":"","background-repeat":"repeat","background-position":"center center","background-size":"auto","background-attachment":"scroll","background-type":"","background-media":"","overlay-type":"","overlay-color":"","overlay-opacity":"","overlay-gradient":""}},"ast-content-background-meta":{"desktop":{"background-color":"var(--ast-global-color-5)","background-image":"","background-repeat":"repeat","background-position":"center center","background-size":"auto","background-attachment":"scroll","background-type":"","background-media":"","overlay-type":"","overlay-color":"","overlay-opacity":"","overlay-gradient":""},"tablet":{"background-color":"var(--ast-global-color-5)","background-image":"","background-repeat":"repeat","background-position":"center center","background-size":"auto","background-attachment":"scroll","background-type":"","background-media":"","overlay-type":"","overlay-color":"","overlay-opacity":"","overlay-gradient":""},"mobile":{"background-color":"var(--ast-global-color-5)","background-image":"","background-repeat":"repeat","background-position":"center center","background-size":"auto","background-attachment":"scroll","background-type":"","background-media":"","overlay-type":"","overlay-color":"","overlay-opacity":"","overlay-gradient":""}}},"product_brand":[],"product_cat":[290],"product_tag":[],"class_list":{"0":"post-10392","1":"product","2":"type-product","3":"status-publish","4":"has-post-thumbnail","6":"product_cat-transferencia-de-tecnologia-es","7":"desktop-align-left","8":"tablet-align-left","9":"mobile-align-left","10":"ast-product-gallery-layout-horizontal-slider","11":"ast-product-gallery-with-no-image","12":"ast-product-tabs-layout-horizontal","14":"first","15":"instock","16":"shipping-taxable","17":"purchasable","18":"product-type-simple"},"_links":{"self":[{"href":"https:\/\/www.cosoonchem.com\/es\/wp-json\/wp\/v2\/product\/10392","targetHints":{"allow":["GET"]}}],"collection":[{"href":"https:\/\/www.cosoonchem.com\/es\/wp-json\/wp\/v2\/product"}],"about":[{"href":"https:\/\/www.cosoonchem.com\/es\/wp-json\/wp\/v2\/types\/product"}],"replies":[{"embeddable":true,"href":"https:\/\/www.cosoonchem.com\/es\/wp-json\/wp\/v2\/comments?post=10392"}],"version-history":[{"count":0,"href":"https:\/\/www.cosoonchem.com\/es\/wp-json\/wp\/v2\/product\/10392\/revisions"}],"wp:featuredmedia":[{"embeddable":true,"href":"https:\/\/www.cosoonchem.com\/es\/wp-json\/wp\/v2\/media\/6550"}],"wp:attachment":[{"href":"https:\/\/www.cosoonchem.com\/es\/wp-json\/wp\/v2\/media?parent=10392"}],"wp:term":[{"taxonomy":"product_brand","embeddable":true,"href":"https:\/\/www.cosoonchem.com\/es\/wp-json\/wp\/v2\/product_brand?post=10392"},{"taxonomy":"product_cat","embeddable":true,"href":"https:\/\/www.cosoonchem.com\/es\/wp-json\/wp\/v2\/product_cat?post=10392"},{"taxonomy":"product_tag","embeddable":true,"href":"https:\/\/www.cosoonchem.com\/es\/wp-json\/wp\/v2\/product_tag?post=10392"}],"curies":[{"name":"wp","href":"https:\/\/api.w.org\/{rel}","templated":true}]}}