{"id":10393,"date":"2022-09-25T13:05:10","date_gmt":"2022-09-25T05:05:10","guid":{"rendered":"https:\/\/www.cosoonchem.com\/product\/diy-detergente-liquido-concentrado\/"},"modified":"2024-10-08T00:54:47","modified_gmt":"2024-10-07T16:54:47","slug":"diy-detergente-liquido-concentrado","status":"publish","type":"product","link":"https:\/\/www.cosoonchem.com\/es\/producto\/diy-detergente-liquido-concentrado\/","title":{"rendered":"DIY Detergente l\u00edquido concentrado"},"content":{"rendered":"<h2>v\u00eddeo<\/h2>\n<p><iframe src=\"\/\/player.bilibili.com\/player.html?aid=388394165&amp;bvid=BV13d4y1z7rv&amp;cid=842873883&amp;page=1\" height=\"550\" frameborder=\"no\" scrolling=\"no\" allowfullscreen=\"allowfullscreen\"> <\/iframe><\/p>\n<h2>Tensioactivos cati\u00f3nicos modificados<\/h2>\n<ul>\n<li>Adecuado para fuentes de agua potable en diferentes regiones;<\/li>\n<li>La pel\u00edcula exterior del Detergente l\u00edquido est\u00e1 hecha de una pel\u00edcula soluble en agua;<\/li>\n<li>El sistema de l\u00edquido de lavado DIY (hecho en casa) es estable y no se separa;<\/li>\n<li>F\u00e1cil de operar, no necesita equipo profesional para producir Detergente l\u00edquido, ahorrando inversi\u00f3n en equipo;<\/li>\n<li>Se pueden suministrar sueros de lavander\u00eda en diversas fragancias y colores seg\u00fan los requisitos del cliente;<\/li>\n<li>Las botellas son reutilizables y muy respetuosas con el medio ambiente, lo que puede reducir en gran medida la cantidad de pl\u00e1stico utilizado y disminuir la contaminaci\u00f3n por pl\u00e1sticos en la ciudad;<\/li>\n<li>Embalaje sencillo, que puede ahorrar en gran medida los costes de transporte;<\/li>\n<\/ul>\n<h2>Utilizaci\u00f3n<\/h2>\n<p>Ratio: 1Kg (1L) water + 2 essence (eight times dilution, viscosity 450-500, active content \u2248 11.5%, GB cleaning power \u2265 1.0) can also be six times dilution (active content \u2248 17%) or adjusted according to customer demand<\/p>\n<p>\u25c6 Before shaking, please screw the cap, to avoid the foam overflowing;<\/p>\n<p>\u25c6 Shake until the film is completely dissolved, and continue to shake the liquid until uniform (time \u2248 2 minutes);<\/p>\n<p>\u25c6 After shaking, stand still and place;<\/p>\n<p>\u25c6 After shaking immediately after use does not affect the washing effect (foam does not affect);<\/p>\n<p>\u25c6 After shaking immediately use does not affect the effect (foam does not affect);<\/p>\n<p>\u25c6 After shaking, it will not affect the washing effect (foam).<\/p>\n<p>\u25c6 Agite hasta que la pel\u00edcula se disuelva por completo, y siga agitando el l\u00edquido hasta que est\u00e9 uniforme (tiempo \u2248 2 minutos);<\/p>\n<p>\u25c6 Despu\u00e9s de agitar, d\u00e9jelo quieto, la espuma se eliminar\u00e1 autom\u00e1ticamente;<\/p>\n<p>\u25c6 El efecto de lavado no se ver\u00e1 afectado si lo utiliza inmediatamente despu\u00e9s de agitar (la espuma no se ver\u00e1 afectada).<\/p>\n<h2>Embalaje, almacenamiento y transporte<\/h2>\n<ul>\n<li>60 g\/tira<\/li>\n<li>200 kg\/bid\u00f3n<\/li>\n<li>1000Kg\/bid\u00f3n<\/li>\n<\/ul>\n","protected":false},"excerpt":{"rendered":"<p>Detergente l\u00edquido, Detergente para la ropa Essence, Detergente concentrado para la ropa, Detergente concentrado casero para la ropa R\u00e1pida eliminaci\u00f3n de manchas, desinfectante y esterilizaci\u00f3n, suave y no da\u00f1a las manos, <span class=\"text_alyHf\" data-text=\"true\">no desti\u00f1e los colores, f\u00e1cil de disolver<\/span>, es un fabricante profesional en China 60g\/tira; 200Kg\/barril; 1000Kg\/barril<\/p>\n","protected":false},"featured_media":6527,"comment_status":"closed","ping_status":"closed","template":"","meta":{"site-sidebar-layout":"no-sidebar","site-content-layout":"page-builder","ast-site-content-layout":"full-width-container","site-content-style":"unboxed","site-sidebar-style":"unboxed","ast-global-header-display":"","ast-banner-title-visibility":"","ast-main-header-display":"","ast-hfb-above-header-display":"","ast-hfb-below-header-display":"","ast-hfb-mobile-header-display":"","site-post-title":"disabled","ast-breadcrumbs-content":"","ast-featured-img":"disabled","footer-sml-layout":"","ast-disable-related-posts":"","theme-transparent-header-meta":"default","adv-header-id-meta":"","stick-header-meta":"default","header-above-stick-meta":"","header-main-stick-meta":"","header-below-stick-meta":"","astra-migrate-meta-layouts":"set","ast-page-background-enabled":"default","ast-page-background-meta":{"desktop":{"background-color":"var(--ast-global-color-4)","background-image":"","background-repeat":"repeat","background-position":"center center","background-size":"auto","background-attachment":"scroll","background-type":"","background-media":"","overlay-type":"","overlay-color":"","overlay-opacity":"","overlay-gradient":""},"tablet":{"background-color":"","background-image":"","background-repeat":"repeat","background-position":"center center","background-size":"auto","background-attachment":"scroll","background-type":"","background-media":"","overlay-type":"","overlay-color":"","overlay-opacity":"","overlay-gradient":""},"mobile":{"background-color":"","background-image":"","background-repeat":"repeat","background-position":"center center","background-size":"auto","background-attachment":"scroll","background-type":"","background-media":"","overlay-type":"","overlay-color":"","overlay-opacity":"","overlay-gradient":""}},"ast-content-background-meta":{"desktop":{"background-color":"var(--ast-global-color-5)","background-image":"","background-repeat":"repeat","background-position":"center center","background-size":"auto","background-attachment":"scroll","background-type":"","background-media":"","overlay-type":"","overlay-color":"","overlay-opacity":"","overlay-gradient":""},"tablet":{"background-color":"var(--ast-global-color-5)","background-image":"","background-repeat":"repeat","background-position":"center center","background-size":"auto","background-attachment":"scroll","background-type":"","background-media":"","overlay-type":"","overlay-color":"","overlay-opacity":"","overlay-gradient":""},"mobile":{"background-color":"var(--ast-global-color-5)","background-image":"","background-repeat":"repeat","background-position":"center center","background-size":"auto","background-attachment":"scroll","background-type":"","background-media":"","overlay-type":"","overlay-color":"","overlay-opacity":"","overlay-gradient":""}}},"product_brand":[],"product_cat":[250,237,283],"product_tag":[],"class_list":{"0":"post-10393","1":"product","2":"type-product","3":"status-publish","4":"has-post-thumbnail","6":"product_cat-productos-quimicos-de-uso-diario","7":"product_cat-muestras-de-productos","8":"product_cat-tensioactivo","9":"desktop-align-left","10":"tablet-align-left","11":"mobile-align-left","12":"ast-product-gallery-layout-horizontal-slider","13":"ast-product-tabs-layout-horizontal","15":"first","16":"instock","17":"shipping-taxable","18":"purchasable","19":"product-type-simple"},"_links":{"self":[{"href":"https:\/\/www.cosoonchem.com\/es\/wp-json\/wp\/v2\/product\/10393","targetHints":{"allow":["GET"]}}],"collection":[{"href":"https:\/\/www.cosoonchem.com\/es\/wp-json\/wp\/v2\/product"}],"about":[{"href":"https:\/\/www.cosoonchem.com\/es\/wp-json\/wp\/v2\/types\/product"}],"replies":[{"embeddable":true,"href":"https:\/\/www.cosoonchem.com\/es\/wp-json\/wp\/v2\/comments?post=10393"}],"version-history":[{"count":0,"href":"https:\/\/www.cosoonchem.com\/es\/wp-json\/wp\/v2\/product\/10393\/revisions"}],"wp:featuredmedia":[{"embeddable":true,"href":"https:\/\/www.cosoonchem.com\/es\/wp-json\/wp\/v2\/media\/6527"}],"wp:attachment":[{"href":"https:\/\/www.cosoonchem.com\/es\/wp-json\/wp\/v2\/media?parent=10393"}],"wp:term":[{"taxonomy":"product_brand","embeddable":true,"href":"https:\/\/www.cosoonchem.com\/es\/wp-json\/wp\/v2\/product_brand?post=10393"},{"taxonomy":"product_cat","embeddable":true,"href":"https:\/\/www.cosoonchem.com\/es\/wp-json\/wp\/v2\/product_cat?post=10393"},{"taxonomy":"product_tag","embeddable":true,"href":"https:\/\/www.cosoonchem.com\/es\/wp-json\/wp\/v2\/product_tag?post=10393"}],"curies":[{"name":"wp","href":"https:\/\/api.w.org\/{rel}","templated":true}]}}