{"id":11005,"date":"2024-09-27T16:39:10","date_gmt":"2024-09-27T08:39:10","guid":{"rendered":"https:\/\/www.cosoonchem.com\/capa-protectora-nanorrevestida\/"},"modified":"2024-10-15T16:00:24","modified_gmt":"2024-10-15T08:00:24","slug":"capa-protectora-nanorrevestida","status":"publish","type":"product","link":"https:\/\/www.cosoonchem.com\/es\/producto\/capa-protectora-nanorrevestida\/","title":{"rendered":"Capa protectora nanorrevestida"},"content":{"rendered":"<h2>Tensioactivos cati\u00f3nicos modificados<\/h2>\n<ul>\n<li>F\u00e1cil de limpiar, resistente a las manchas, hidr\u00f3fobo, ole\u00f3fobo y resistente a la abrasi\u00f3n;<\/li>\n<li>La piel aut\u00e9ntica y el cuero tienen buena textura y tacto;<\/li>\n<li>A\u00f1ade flexibilidad al cuero;<\/li>\n<li>Mantiene fuera la BB cream, la barra de labios, las manchas de t\u00e9, el polvo, los cromosomas, etc. y evita que la dermis se decolore, se manche, se contamine y se enmohezca;<\/li>\n<\/ul>\n<h2>\u00c1mbito de aplicaci\u00f3n<\/h2>\n<ul>\n<li>Piel aut\u00e9ntica, sobre piel<\/li>\n<li>Asiento de coche<\/li>\n<li>Ropa de cuero, Bolsos de cuero, Art\u00edculos de cuero<\/li>\n<li>Piel artificial, piel sint\u00e9tica<\/li>\n<li><span style=\"vertical-align: inherit;\"><span style=\"vertical-align: inherit;\">Superficies de muebles de madera<\/span><\/span><\/li>\n<\/ul>\n<h2>Informe de ensayo SGS<\/h2>\n<table width=\"985\">\n<tbody>\n<tr>\n<td width=\"197\">Elementos de prueba<\/td>\n<td width=\"197\">Valor l\u00edmite<\/td>\n<td width=\"197\">Unidad<\/td>\n<td width=\"197\"><span style=\"vertical-align: inherit;\"><span style=\"vertical-align: inherit;\">MDL<\/span><\/span><\/td>\n<td width=\"197\"><span style=\"vertical-align: inherit;\"><span style=\"vertical-align: inherit;\">1<\/span><\/span><\/td>\n<\/tr>\n<tr>\n<td width=\"197\">benceno<\/td>\n<td width=\"197\"><span style=\"vertical-align: inherit;\"><span style=\"vertical-align: inherit;\">0.3<\/span><\/span><\/td>\n<td width=\"197\"><span style=\"vertical-align: inherit;\"><span style=\"vertical-align: inherit;\">% (p\/p)<\/span><\/span><\/td>\n<td width=\"197\"><span style=\"vertical-align: inherit;\"><span style=\"vertical-align: inherit;\">0.005<\/span><\/span><\/td>\n<td width=\"197\"><span style=\"vertical-align: inherit;\"><span style=\"vertical-align: inherit;\">ND<\/span><\/span><\/td>\n<\/tr>\n<tr>\n<td width=\"197\">Tolueno<\/td>\n<td width=\"197\"><span style=\"vertical-align: inherit;\"><span style=\"vertical-align: inherit;\">&#8211;<\/span><\/span><\/td>\n<td width=\"197\"><span style=\"vertical-align: inherit;\"><span style=\"vertical-align: inherit;\">% (p\/p)<\/span><\/span><\/td>\n<td width=\"197\"><span style=\"vertical-align: inherit;\"><span style=\"vertical-align: inherit;\">0.005<\/span><\/span><\/td>\n<td width=\"197\"><span style=\"vertical-align: inherit;\"><span style=\"vertical-align: inherit;\">ND<\/span><\/span><\/td>\n<\/tr>\n<tr>\n<td width=\"197\">Etilbenceno<\/td>\n<td width=\"197\"><span style=\"vertical-align: inherit;\"><span style=\"vertical-align: inherit;\">&#8211;<\/span><\/span><\/td>\n<td width=\"197\"><span style=\"vertical-align: inherit;\"><span style=\"vertical-align: inherit;\">% (p\/p)<\/span><\/span><\/td>\n<td width=\"197\"><span style=\"vertical-align: inherit;\"><span style=\"vertical-align: inherit;\">0.005<\/span><\/span><\/td>\n<td width=\"197\"><span style=\"vertical-align: inherit;\"><span style=\"vertical-align: inherit;\">ND<\/span><\/span><\/td>\n<\/tr>\n<tr>\n<td width=\"197\">m- &amp; p-Xileno<\/td>\n<td width=\"197\"><span style=\"vertical-align: inherit;\"><span style=\"vertical-align: inherit;\">&#8211;<\/span><\/span><\/td>\n<td width=\"197\"><span style=\"vertical-align: inherit;\"><span style=\"vertical-align: inherit;\">% (p\/p)<\/span><\/span><\/td>\n<td width=\"197\"><span style=\"vertical-align: inherit;\"><span style=\"vertical-align: inherit;\">0.005<\/span><\/span><\/td>\n<td width=\"197\"><span style=\"vertical-align: inherit;\"><span style=\"vertical-align: inherit;\">ND<\/span><\/span><\/td>\n<\/tr>\n<tr>\n<td width=\"197\">o-xileno<\/td>\n<td width=\"197\"><span style=\"vertical-align: inherit;\"><span style=\"vertical-align: inherit;\">&#8211;<\/span><\/span><\/td>\n<td width=\"197\"><span style=\"vertical-align: inherit;\"><span style=\"vertical-align: inherit;\">% (p\/p)<\/span><\/span><\/td>\n<td width=\"197\"><span style=\"vertical-align: inherit;\"><span style=\"vertical-align: inherit;\">0.005<\/span><\/span><\/td>\n<td width=\"197\"><span style=\"vertical-align: inherit;\"><span style=\"vertical-align: inherit;\">ND<\/span><\/span><\/td>\n<\/tr>\n<tr>\n<td width=\"197\">xileno<\/td>\n<td width=\"197\"><span style=\"vertical-align: inherit;\"><span style=\"vertical-align: inherit;\">&#8211;<\/span><\/span><\/td>\n<td width=\"197\"><span style=\"vertical-align: inherit;\"><span style=\"vertical-align: inherit;\">% (p\/p)<\/span><\/span><\/td>\n<td width=\"197\"><span style=\"vertical-align: inherit;\"><span style=\"vertical-align: inherit;\">&#8211;<\/span><\/span><\/td>\n<td width=\"197\"><span style=\"vertical-align: inherit;\"><span style=\"vertical-align: inherit;\">ND<\/span><\/span><\/td>\n<\/tr>\n<tr>\n<td width=\"197\">Tolueno y xileno (con etilbenceno) agregado<\/td>\n<td width=\"197\"><span style=\"vertical-align: inherit;\"><span style=\"vertical-align: inherit;\">0.3<\/span><\/span><\/td>\n<td width=\"197\"><span style=\"vertical-align: inherit;\"><span style=\"vertical-align: inherit;\">% (p\/p)<\/span><\/span><\/td>\n<td width=\"197\"><span style=\"vertical-align: inherit;\"><span style=\"vertical-align: inherit;\">&#8211;<\/span><\/span><\/td>\n<td width=\"197\"><span style=\"vertical-align: inherit;\"><span style=\"vertical-align: inherit;\">ND<\/span><\/span><\/td>\n<\/tr>\n<tr>\n<td width=\"197\">plomo\uff08Pb\uff09<\/td>\n<td width=\"197\"><span style=\"vertical-align: inherit;\"><span style=\"vertical-align: inherit;\">1000<\/span><\/span><\/td>\n<td width=\"197\"><span style=\"vertical-align: inherit;\"><span style=\"vertical-align: inherit;\">mg\/kg<\/span><\/span><\/td>\n<td width=\"197\"><span style=\"vertical-align: inherit;\"><span style=\"vertical-align: inherit;\">2<\/span><\/span><\/td>\n<td width=\"197\"><span style=\"vertical-align: inherit;\"><span style=\"vertical-align: inherit;\">ND<\/span><\/span><\/td>\n<\/tr>\n<tr>\n<td width=\"197\">cromo\uff08Cd\uff09<\/td>\n<td width=\"197\"><span style=\"vertical-align: inherit;\"><span style=\"vertical-align: inherit;\">100<\/span><\/span><\/td>\n<td width=\"197\"><span style=\"vertical-align: inherit;\"><span style=\"vertical-align: inherit;\">mg\/kg<\/span><\/span><\/td>\n<td width=\"197\"><span style=\"vertical-align: inherit;\"><span style=\"vertical-align: inherit;\">2<\/span><\/span><\/td>\n<td width=\"197\"><span style=\"vertical-align: inherit;\"><span style=\"vertical-align: inherit;\">ND<\/span><\/span><\/td>\n<\/tr>\n<tr>\n<td width=\"197\">mercurio\uff08Hg\uff09<\/td>\n<td width=\"197\"><span style=\"vertical-align: inherit;\"><span style=\"vertical-align: inherit;\">1000<\/span><\/span><\/td>\n<td width=\"197\"><span style=\"vertical-align: inherit;\"><span style=\"vertical-align: inherit;\">mg\/kg<\/span><\/span><\/td>\n<td width=\"197\"><span style=\"vertical-align: inherit;\"><span style=\"vertical-align: inherit;\">2<\/span><\/span><\/td>\n<td width=\"197\"><span style=\"vertical-align: inherit;\"><span style=\"vertical-align: inherit;\">ND<\/span><\/span><\/td>\n<\/tr>\n<tr>\n<td width=\"197\">cromo hexavalente\uff08CrVI\uff09<\/td>\n<td width=\"197\"><span style=\"vertical-align: inherit;\"><span style=\"vertical-align: inherit;\">1000<\/span><\/span><\/td>\n<td width=\"197\"><span style=\"vertical-align: inherit;\"><span style=\"vertical-align: inherit;\">mg\/kg<\/span><\/span><\/td>\n<td width=\"197\"><span style=\"vertical-align: inherit;\"><span style=\"vertical-align: inherit;\">8<\/span><\/span><\/td>\n<td width=\"197\"><span style=\"vertical-align: inherit;\"><span style=\"vertical-align: inherit;\">ND<\/span><\/span><\/td>\n<\/tr>\n<\/tbody>\n<\/table>\n<h2>Diferencia entre los cuidados de rutina y este producto<\/h2>\n<table width=\"591\">\n<tbody>\n<tr>\n<td width=\"197\">Proyecto de comparaci\u00f3n<\/td>\n<td width=\"197\">Ceras protectoras y acondicionadores del cuero tras el mantenimiento regular<\/td>\n<td width=\"197\">Capa protectora nanorrevestida<\/td>\n<\/tr>\n<tr>\n<td width=\"197\"><span style=\"vertical-align: inherit;\"><span style=\"vertical-align: inherit;\">1<\/span><\/span><\/td>\n<td width=\"197\">Huele mal y no gusta a las personas sensibles a los olores<\/td>\n<td width=\"197\">Inodoro y transparente<\/td>\n<\/tr>\n<tr>\n<td width=\"197\"><span style=\"vertical-align: inherit;\"><span style=\"vertical-align: inherit;\">2<\/span><\/span><\/td>\n<td width=\"197\">Mucho aceite (algunos no son respetuosos con el medio ambiente)<\/td>\n<td width=\"197\">Respetuoso con el medio ambiente, probado por la organizaci\u00f3n SGS<\/td>\n<\/tr>\n<tr>\n<td width=\"197\"><span style=\"vertical-align: inherit;\"><span style=\"vertical-align: inherit;\">3<\/span><\/span><\/td>\n<td width=\"197\">Tiempo de retenci\u00f3n corto<\/td>\n<td width=\"197\">Permanente (sin da\u00f1os mec\u00e1nicos externos)<\/td>\n<\/tr>\n<tr>\n<td width=\"197\"><span style=\"vertical-align: inherit;\"><span style=\"vertical-align: inherit;\">4<\/span><\/span><\/td>\n<td width=\"197\">No resiste las manchas, atrae f\u00e1cilmente el polvo<\/td>\n<td width=\"197\">antiincrustante<\/td>\n<\/tr>\n<tr>\n<td width=\"197\"><span style=\"vertical-align: inherit;\"><span style=\"vertical-align: inherit;\">5<\/span><\/span><\/td>\n<td width=\"197\">Sin propiedades antidesgaste<\/td>\n<td width=\"197\">Resistente al desgaste, dureza hasta 3H<\/td>\n<\/tr>\n<tr>\n<td width=\"197\"><span style=\"vertical-align: inherit;\"><span style=\"vertical-align: inherit;\">6<\/span><\/span><\/td>\n<td width=\"197\">Manos pegajosas, ropa pegajosa<\/td>\n<td width=\"197\">Manos antiadherentes, ropa antiadherente<\/td>\n<\/tr>\n<\/tbody>\n<\/table>\n<h2>Utilizaci\u00f3n<\/h2>\n<ol>\n<li>En primer lugar, limpia la piel\/cuero del interior del coche con un limpiador de interiores y mant\u00e9n el coche en un secador de pelo caliente durante 30 minutos para que la piel\/cuero se seque bien;<\/li>\n<li>Verter el chapado nanocristalino en el pa\u00f1o especial, frotar uniformemente el cuero\/cuero, no pasar por alto el frotamiento, para evitar que el color de la superficie no sea uniforme despu\u00e9s de la construcci\u00f3n;<\/li>\n<li>Orden de construcci\u00f3n: conductor principal &#8211; pasajero &#8211; parte trasera, abra las ventanas durante la construcci\u00f3n para mantener la circulaci\u00f3n del aire, cierre las ventanas inmediatamente despu\u00e9s de la construcci\u00f3n, evite tocar;<\/li>\n<li>Despu\u00e9s de la construcci\u00f3n, abra el coche caliente soplando aire durante 30 minutos, aseg\u00farese de usar la luz para comprobar si se recubre de manera uniforme;<\/li>\n<li>El coche puede entregarse para su uso 4 horas despu\u00e9s de su construcci\u00f3n;<\/li>\n<li>Para verificar la resistencia a las manchas, la dureza, etc., es necesario esperar 24 horas a que el revestimiento se seque completamente antes de la verificaci\u00f3n.<\/li>\n<\/ol>\n<h2>Advertencia<\/h2>\n<ol>\n<li>Durante el proceso de construcci\u00f3n, si el revestimiento de cristal l\u00edquido toca accidentalmente el cristal o una superficie lisa y dura, puede utilizar una toalla h\u00fameda para limpiar y, a continuaci\u00f3n, utilizar una toalla seca para limpiar;<\/li>\n<li>No utilizar sobre pl\u00e1stico;<\/li>\n<li>Cuando trabaje sobre cuero de color oscuro, si desea un acabado mate, aseg\u00farese de volver a pasar suavemente una toalla seca para evitar una superficie demasiado brillante;<\/li>\n<li>Si el l\u00edquido cristalino entra en contacto con los ojos durante el proceso de construcci\u00f3n, acuda inmediatamente al hospital para recibir tratamiento;<\/li>\n<\/ol>\n<h2>Especificaciones de embalaje<\/h2>\n<ul>\n<li>Set 01: 200mL de limpiador de cuero + 25mL de l\u00edquido nano-cristal 2 + pa\u00f1o especial 2 = una peque\u00f1a dosis para el coche<\/li>\n<li>Set 02: 200ml de limpiador de cuero + 50mL de l\u00edquido nano-cristal 2 piezas + pa\u00f1o especial 2 piezas = 2 dosis para coches peque\u00f1os<\/li>\n<li>Procesamiento personalizado (OEM): cantidad de procesamiento \u22652000 juegos.<\/li>\n<li>L\u00edquido de producto: 5Kg\/drum<\/li>\n<\/ul>\n","protected":false},"excerpt":{"rendered":"<ul>\n<li>La Capa protectora nanorrevestida se fabrica a partir de una modulaci\u00f3n de material de tecnolog\u00eda bi\u00f3nica a nanoescala;<\/li>\n<li>Cuero anti-fouling recubrimiento autolimpiante no es un tipo de cubierta, pero con la piel en el interior del grupo hidroxilo reacciona para formar una capa protectora, el producto es de nano-escala, el espesor del recubrimiento es s\u00f3lo una d\u00e9cima parte de un mech\u00f3n de pelo, por lo que puede garantizar que no hay fuerza para destruir el caso, de toda la vida no se caiga, no se despega de la piel.<\/li>\n<\/ul>\n","protected":false},"featured_media":10682,"comment_status":"open","ping_status":"closed","template":"","meta":{"site-sidebar-layout":"default","site-content-layout":"","ast-site-content-layout":"default","site-content-style":"default","site-sidebar-style":"default","ast-global-header-display":"","ast-banner-title-visibility":"","ast-main-header-display":"","ast-hfb-above-header-display":"","ast-hfb-below-header-display":"","ast-hfb-mobile-header-display":"","site-post-title":"","ast-breadcrumbs-content":"","ast-featured-img":"","footer-sml-layout":"","ast-disable-related-posts":"","theme-transparent-header-meta":"default","adv-header-id-meta":"","stick-header-meta":"default","header-above-stick-meta":"","header-main-stick-meta":"","header-below-stick-meta":"","astra-migrate-meta-layouts":"set","ast-page-background-enabled":"default","ast-page-background-meta":{"desktop":{"background-color":"var(--ast-global-color-4)","background-image":"","background-repeat":"repeat","background-position":"center center","background-size":"auto","background-attachment":"scroll","background-type":"","background-media":"","overlay-type":"","overlay-color":"","overlay-opacity":"","overlay-gradient":""},"tablet":{"background-color":"","background-image":"","background-repeat":"repeat","background-position":"center center","background-size":"auto","background-attachment":"scroll","background-type":"","background-media":"","overlay-type":"","overlay-color":"","overlay-opacity":"","overlay-gradient":""},"mobile":{"background-color":"","background-image":"","background-repeat":"repeat","background-position":"center center","background-size":"auto","background-attachment":"scroll","background-type":"","background-media":"","overlay-type":"","overlay-color":"","overlay-opacity":"","overlay-gradient":""}},"ast-content-background-meta":{"desktop":{"background-color":"var(--ast-global-color-5)","background-image":"","background-repeat":"repeat","background-position":"center center","background-size":"auto","background-attachment":"scroll","background-type":"","background-media":"","overlay-type":"","overlay-color":"","overlay-opacity":"","overlay-gradient":""},"tablet":{"background-color":"var(--ast-global-color-5)","background-image":"","background-repeat":"repeat","background-position":"center center","background-size":"auto","background-attachment":"scroll","background-type":"","background-media":"","overlay-type":"","overlay-color":"","overlay-opacity":"","overlay-gradient":""},"mobile":{"background-color":"var(--ast-global-color-5)","background-image":"","background-repeat":"repeat","background-position":"center center","background-size":"auto","background-attachment":"scroll","background-type":"","background-media":"","overlay-type":"","overlay-color":"","overlay-opacity":"","overlay-gradient":""}}},"product_brand":[],"product_cat":[263,237,283],"product_tag":[],"class_list":{"0":"post-11005","1":"product","2":"type-product","3":"status-publish","4":"has-post-thumbnail","6":"product_cat-recubrimientos-y-tintas","7":"product_cat-muestras-de-productos","8":"product_cat-tensioactivo","9":"desktop-align-left","10":"tablet-align-left","11":"mobile-align-left","12":"ast-product-gallery-layout-horizontal-slider","13":"ast-product-tabs-layout-horizontal","15":"first","16":"instock","17":"shipping-taxable","18":"purchasable","19":"product-type-simple"},"_links":{"self":[{"href":"https:\/\/www.cosoonchem.com\/es\/wp-json\/wp\/v2\/product\/11005","targetHints":{"allow":["GET"]}}],"collection":[{"href":"https:\/\/www.cosoonchem.com\/es\/wp-json\/wp\/v2\/product"}],"about":[{"href":"https:\/\/www.cosoonchem.com\/es\/wp-json\/wp\/v2\/types\/product"}],"replies":[{"embeddable":true,"href":"https:\/\/www.cosoonchem.com\/es\/wp-json\/wp\/v2\/comments?post=11005"}],"version-history":[{"count":0,"href":"https:\/\/www.cosoonchem.com\/es\/wp-json\/wp\/v2\/product\/11005\/revisions"}],"wp:featuredmedia":[{"embeddable":true,"href":"https:\/\/www.cosoonchem.com\/es\/wp-json\/wp\/v2\/media\/10682"}],"wp:attachment":[{"href":"https:\/\/www.cosoonchem.com\/es\/wp-json\/wp\/v2\/media?parent=11005"}],"wp:term":[{"taxonomy":"product_brand","embeddable":true,"href":"https:\/\/www.cosoonchem.com\/es\/wp-json\/wp\/v2\/product_brand?post=11005"},{"taxonomy":"product_cat","embeddable":true,"href":"https:\/\/www.cosoonchem.com\/es\/wp-json\/wp\/v2\/product_cat?post=11005"},{"taxonomy":"product_tag","embeddable":true,"href":"https:\/\/www.cosoonchem.com\/es\/wp-json\/wp\/v2\/product_tag?post=11005"}],"curies":[{"name":"wp","href":"https:\/\/api.w.org\/{rel}","templated":true}]}}