{"id":7345,"date":"2021-04-09T12:05:58","date_gmt":"2021-04-09T04:05:58","guid":{"rendered":"https:\/\/www.cosoonchem.com\/product\/resina-fotopolimerizable-al-agua-uv-32x50\/"},"modified":"2024-10-23T15:47:59","modified_gmt":"2024-10-23T07:47:59","slug":"resina-fotopolimerizable-al-agua-uv-32x50","status":"publish","type":"product","link":"https:\/\/www.cosoonchem.com\/es\/producto\/resina-fotopolimerizable-al-agua-uv-32x50\/","title":{"rendered":"Resina fotopolimerizable al agua UV-32X50"},"content":{"rendered":"<h2>Caracter\u00edstica t\u00edpica<\/h2>\n<ul>\n<li>Buena adherencia a pl\u00e1sticos, madera, etc.<\/li>\n<li>Excelente resistencia al alcohol<\/li>\n<li>Buena resistencia al agua<\/li>\n<li>Buena solubilidad en agua y diluci\u00f3n<\/li>\n<li>Buenas propiedades de humectaci\u00f3n y lijado para pigmentos.<\/li>\n<li>Gran dureza<\/li>\n<li>Buena compatibilidad con el agua<\/li>\n<\/ul>\n<h2>Uso del producto<\/h2>\n<ul>\n<li>Tintas y barnices UV al agua<\/li>\n<li>Recubrimientos UV al agua, recubrimientos de madera, recubrimientos industriales (recubrimientos met\u00e1licos)<\/li>\n<\/ul>\n<h2>Indicadores de calidad<\/h2>\n<table>\n<tbody>\n<tr>\n<td width=\"261\">S\u00f3lido %.<\/td>\n<td width=\"255\">98%<\/td>\n<\/tr>\n<tr>\n<td width=\"261\">Viscosidad Brinell Vicosity at 25\u2103<\/td>\n<td width=\"255\">6000~9000mpa,S<\/td>\n<\/tr>\n<tr>\n<td width=\"261\">Valor pH<\/td>\n<td width=\"255\">8.0-9.0<\/td>\n<\/tr>\n<tr>\n<td width=\"261\">estado exterior<\/td>\n<td width=\"255\">L\u00edquido amarillo claro transparente, sin olor<\/td>\n<\/tr>\n<tr>\n<td width=\"261\">temperatura de transici\u00f3n v\u00edtrea Tg, \u2103<\/td>\n<td width=\"255\">60<\/td>\n<\/tr>\n<tr>\n<td width=\"261\">hirviendo<\/td>\n<td width=\"255\">120\u2103<\/td>\n<\/tr>\n<tr>\n<td width=\"261\">Punto de inflamaci\u00f3n<\/td>\n<td width=\"255\">160\u2103<\/td>\n<\/tr>\n<tr>\n<td width=\"261\">Densidad<\/td>\n<td width=\"255\">1.15g\/mm\u00b3<\/td>\n<\/tr>\n<\/tbody>\n<\/table>\n<h2>Utilizaci\u00f3n<\/h2>\n<table>\n<tbody>\n<tr>\n<td colspan=\"2\" width=\"533\"><strong>Barniz UV al agua para madera<\/strong><\/td>\n<\/tr>\n<tr>\n<td width=\"270\">UV-32X50<\/td>\n<td width=\"261\">55%<\/td>\n<\/tr>\n<tr>\n<td width=\"270\">iniciador1173<\/td>\n<td width=\"261\">6%<\/td>\n<\/tr>\n<tr>\n<td width=\"270\">trietanolamina<\/td>\n<td width=\"261\">2%<\/td>\n<\/tr>\n<tr>\n<td width=\"270\">agua desmineralizada<\/td>\n<td width=\"261\">35%<\/td>\n<\/tr>\n<tr>\n<td width=\"270\">agente nivelador<\/td>\n<td width=\"261\">1%<\/td>\n<\/tr>\n<tr>\n<td width=\"270\">Agente humectante<\/td>\n<td width=\"261\">0.3%<\/td>\n<\/tr>\n<tr>\n<td width=\"270\">Antiespumante<\/td>\n<td width=\"261\">0.2%<\/td>\n<\/tr>\n<tr>\n<td width=\"270\">Cera resistente a la abrasi\u00f3n<\/td>\n<td width=\"261\">0.5%<\/td>\n<\/tr>\n<\/tbody>\n<\/table>\n<h2>Especificaciones de embalaje<\/h2>\n<p>200g\/500g\/20kg Este producto no es una mercanc\u00eda peligrosa y puede transportarse como carga general.<\/p>\n<h2>Condiciones de almacenamiento<\/h2>\n<ul>\n<li>El producto debe almacenarse en recipientes herm\u00e9ticos, evitar la congelaci\u00f3n y las altas temperaturas<\/li>\n<li>Siempre que sea posible, debe utilizarse en un plazo de diez meses.<\/li>\n<li>Se recomienda una temperatura normal de almacenamiento de 10-35\u00b0C.<\/li>\n<\/ul>\n","protected":false},"excerpt":{"rendered":"<ul>\n<li>Las resina fotopolimerizable al agua son principalmente resinas sint\u00e9ticas acr\u00edlicas al agua tetrafuncionales. La resina tiene un alto contenido en s\u00f3lidos, una ligera dureza general, una r\u00e1pida velocidad de curado y un buen efecto de secado superficial. Tiene buena adherencia al pl\u00e1stico, la madera y la superficie.<\/li>\n<li>No contaminante, bajo olor, baja toxicidad, no inflamable<\/li>\n<li> Se puede utilizar solo con agua, iniciador, aditivos, etc., o seg\u00fan los requisitos de rendimiento y mezcla de mon\u00f3meros o resinas a base de agua o aceite, e iniciadores, aditivos, etc., con el uso de<\/li>\n<li>Adecuado para barniz UV, barniz PET, pintura, tinta, etc.<\/li>\n<\/ul>\n","protected":false},"featured_media":6216,"comment_status":"open","ping_status":"closed","template":"","meta":{"site-sidebar-layout":"no-sidebar","site-content-layout":"page-builder","ast-site-content-layout":"full-width-container","site-content-style":"unboxed","site-sidebar-style":"unboxed","ast-global-header-display":"","ast-banner-title-visibility":"","ast-main-header-display":"","ast-hfb-above-header-display":"","ast-hfb-below-header-display":"","ast-hfb-mobile-header-display":"","site-post-title":"disabled","ast-breadcrumbs-content":"","ast-featured-img":"disabled","footer-sml-layout":"","ast-disable-related-posts":"","theme-transparent-header-meta":"default","adv-header-id-meta":"","stick-header-meta":"default","header-above-stick-meta":"","header-main-stick-meta":"","header-below-stick-meta":"","astra-migrate-meta-layouts":"set","ast-page-background-enabled":"default","ast-page-background-meta":{"desktop":{"background-color":"var(--ast-global-color-4)","background-image":"","background-repeat":"repeat","background-position":"center center","background-size":"auto","background-attachment":"scroll","background-type":"","background-media":"","overlay-type":"","overlay-color":"","overlay-opacity":"","overlay-gradient":""},"tablet":{"background-color":"","background-image":"","background-repeat":"repeat","background-position":"center center","background-size":"auto","background-attachment":"scroll","background-type":"","background-media":"","overlay-type":"","overlay-color":"","overlay-opacity":"","overlay-gradient":""},"mobile":{"background-color":"","background-image":"","background-repeat":"repeat","background-position":"center center","background-size":"auto","background-attachment":"scroll","background-type":"","background-media":"","overlay-type":"","overlay-color":"","overlay-opacity":"","overlay-gradient":""}},"ast-content-background-meta":{"desktop":{"background-color":"var(--ast-global-color-5)","background-image":"","background-repeat":"repeat","background-position":"center center","background-size":"auto","background-attachment":"scroll","background-type":"","background-media":"","overlay-type":"","overlay-color":"","overlay-opacity":"","overlay-gradient":""},"tablet":{"background-color":"var(--ast-global-color-5)","background-image":"","background-repeat":"repeat","background-position":"center center","background-size":"auto","background-attachment":"scroll","background-type":"","background-media":"","overlay-type":"","overlay-color":"","overlay-opacity":"","overlay-gradient":""},"mobile":{"background-color":"var(--ast-global-color-5)","background-image":"","background-repeat":"repeat","background-position":"center center","background-size":"auto","background-attachment":"scroll","background-type":"","background-media":"","overlay-type":"","overlay-color":"","overlay-opacity":"","overlay-gradient":""}}},"product_brand":[],"product_cat":[263,237,283],"product_tag":[],"class_list":{"0":"post-7345","1":"product","2":"type-product","3":"status-publish","4":"has-post-thumbnail","6":"product_cat-recubrimientos-y-tintas","7":"product_cat-muestras-de-productos","8":"product_cat-tensioactivo","9":"desktop-align-left","10":"tablet-align-left","11":"mobile-align-left","12":"ast-product-gallery-layout-horizontal-slider","13":"ast-product-tabs-layout-horizontal","15":"first","16":"instock","17":"shipping-taxable","18":"purchasable","19":"product-type-simple"},"_links":{"self":[{"href":"https:\/\/www.cosoonchem.com\/es\/wp-json\/wp\/v2\/product\/7345","targetHints":{"allow":["GET"]}}],"collection":[{"href":"https:\/\/www.cosoonchem.com\/es\/wp-json\/wp\/v2\/product"}],"about":[{"href":"https:\/\/www.cosoonchem.com\/es\/wp-json\/wp\/v2\/types\/product"}],"replies":[{"embeddable":true,"href":"https:\/\/www.cosoonchem.com\/es\/wp-json\/wp\/v2\/comments?post=7345"}],"version-history":[{"count":0,"href":"https:\/\/www.cosoonchem.com\/es\/wp-json\/wp\/v2\/product\/7345\/revisions"}],"wp:featuredmedia":[{"embeddable":true,"href":"https:\/\/www.cosoonchem.com\/es\/wp-json\/wp\/v2\/media\/6216"}],"wp:attachment":[{"href":"https:\/\/www.cosoonchem.com\/es\/wp-json\/wp\/v2\/media?parent=7345"}],"wp:term":[{"taxonomy":"product_brand","embeddable":true,"href":"https:\/\/www.cosoonchem.com\/es\/wp-json\/wp\/v2\/product_brand?post=7345"},{"taxonomy":"product_cat","embeddable":true,"href":"https:\/\/www.cosoonchem.com\/es\/wp-json\/wp\/v2\/product_cat?post=7345"},{"taxonomy":"product_tag","embeddable":true,"href":"https:\/\/www.cosoonchem.com\/es\/wp-json\/wp\/v2\/product_tag?post=7345"}],"curies":[{"name":"wp","href":"https:\/\/api.w.org\/{rel}","templated":true}]}}