{"id":7367,"date":"2021-05-07T14:53:53","date_gmt":"2021-05-07T06:53:53","guid":{"rendered":"https:\/\/www.cosoonchem.com\/product\/polimero-acrilico-861\/"},"modified":"2024-10-29T15:40:18","modified_gmt":"2024-10-29T07:40:18","slug":"polimero-acrilico-861","status":"publish","type":"product","link":"https:\/\/www.cosoonchem.com\/es\/producto\/polimero-acrilico-861\/","title":{"rendered":"Pol\u00edmero acr\u00edlico 861"},"content":{"rendered":"<h2>Caracter\u00edstica t\u00edpica<\/h2>\n<ul>\n<li>Bajo peso molecular<\/li>\n<li>Excelente transferibilidad e imprimibilidad<\/li>\n<li>Alto brillo<\/li>\n<li>Disolver hasta un 30-40% de s\u00f3lidos para su uso<\/li>\n<\/ul>\n<h2>Indicadores de calidad<\/h2>\n<table>\n<tbody>\n<tr>\n<td width=\"328\">Aspecto<\/td>\n<td width=\"190\">S\u00f3lido transparente<\/td>\n<\/tr>\n<tr>\n<td width=\"328\">Materia no vol\u00e1til wt%<\/td>\n<td width=\"190\">&gt;99<\/td>\n<\/tr>\n<tr>\n<td width=\"328\">Peso molecular medio Mw<\/td>\n<td width=\"190\">3500<\/td>\n<\/tr>\n<tr>\n<td width=\"328\">Valor \u00e1cido mgKOH\/g<\/td>\n<td width=\"190\">250<\/td>\n<\/tr>\n<tr>\n<td width=\"328\">Punto de reblandecimiento \u2103<\/td>\n<td width=\"190\">155<\/td>\n<\/tr>\n<tr>\n<td width=\"328\">Tg, oC<\/td>\n<td width=\"190\">110<\/td>\n<\/tr>\n<\/tbody>\n<\/table>\n<h2>Utilizaci\u00f3n<\/h2>\n<p>A: Formulaci\u00f3n de resina l\u00edquida recomendada<\/p>\n<table>\n<tbody>\n<tr>\n<td width=\"289\">Secuencias<\/td>\n<td width=\"251\">Ingrediente<\/td>\n<td width=\"251\">Formulaci\u00f3n con un 25% de amon\u00edaco<\/td>\n<td width=\"251\">Formulaciones de monoetanolamina<\/td>\n<\/tr>\n<tr>\n<td width=\"289\">1<\/td>\n<td width=\"251\">861<\/td>\n<td width=\"251\">28<\/td>\n<td width=\"251\">28<\/td>\n<\/tr>\n<tr>\n<td width=\"289\">2<\/td>\n<td width=\"251\">Amon\u00edaco (25%)<\/td>\n<td width=\"251\">7.56<\/td>\n<td width=\"251\"><\/td>\n<\/tr>\n<tr>\n<td width=\"289\">3<\/td>\n<td width=\"251\">Piridoxina<\/td>\n<td width=\"251\"><\/td>\n<td width=\"251\">8.12<\/td>\n<\/tr>\n<tr>\n<td width=\"289\">4<\/td>\n<td width=\"251\">Agua desionizada<\/td>\n<td width=\"251\">63.94<\/td>\n<td width=\"251\">63.28<\/td>\n<\/tr>\n<tr>\n<td width=\"289\">5<\/td>\n<td width=\"251\">Diol \u00e9ter monobut\u00edlico<\/td>\n<td width=\"251\">0.5<\/td>\n<td width=\"251\">0.5<\/td>\n<\/tr>\n<tr>\n<td width=\"289\"><\/td>\n<td width=\"251\">Antiespumante<\/td>\n<td width=\"251\">\/<\/td>\n<td width=\"251\">\/<\/td>\n<\/tr>\n<tr>\n<td width=\"289\"><\/td>\n<td width=\"251\">Total<\/td>\n<td width=\"251\">100<\/td>\n<td width=\"251\">100<\/td>\n<\/tr>\n<tr>\n<td width=\"289\"><\/td>\n<td width=\"251\">Viscosidad mPa.s<\/td>\n<td width=\"251\">1800<\/td>\n<td width=\"251\">3200<\/td>\n<\/tr>\n<\/tbody>\n<\/table>\n<p>B: F\u00f3rmula sugerida para moler colores<\/p>\n<table>\n<tbody>\n<tr>\n<td width=\"289\">Secuencias<\/td>\n<td width=\"251\">Ingrediente<\/td>\n<td width=\"251\">Formulaci\u00f3n del negro de humo<\/td>\n<td width=\"251\">Rojo azoico formulaci\u00f3n 57:1<\/td>\n<\/tr>\n<tr>\n<td width=\"289\">1<\/td>\n<td width=\"251\">28% 861<\/td>\n<td width=\"251\">32<\/td>\n<td width=\"251\">32<\/td>\n<\/tr>\n<tr>\n<td width=\"289\">2<\/td>\n<td width=\"251\">DS-50<\/td>\n<td width=\"251\">7.56<\/td>\n<td width=\"251\"><\/td>\n<\/tr>\n<tr>\n<td width=\"289\">3<\/td>\n<td width=\"251\">T\u00f3ner<\/td>\n<td width=\"251\">35<\/td>\n<td width=\"251\">40<\/td>\n<\/tr>\n<tr>\n<td width=\"289\">4<\/td>\n<td width=\"251\">Agua desionizada<\/td>\n<td width=\"251\">32<\/td>\n<td width=\"251\">26<\/td>\n<\/tr>\n<tr>\n<td width=\"289\">5<\/td>\n<td width=\"251\">Antiespumante<\/td>\n<td width=\"251\">A\u00f1adir seg\u00fan proceda<\/td>\n<td width=\"251\">A\u00f1adir seg\u00fan proceda<\/td>\n<\/tr>\n<tr>\n<td width=\"289\">6<\/td>\n<td width=\"251\">Mira de perlas de circonio<\/td>\n<td width=\"251\">A\u00f1adir seg\u00fan proceda<\/td>\n<td width=\"251\">A\u00f1adir seg\u00fan proceda<\/td>\n<\/tr>\n<tr>\n<td width=\"289\"><\/td>\n<td width=\"251\">Total<\/td>\n<td width=\"251\">100<\/td>\n<td width=\"251\">100<\/td>\n<\/tr>\n<tr>\n<td width=\"289\"><\/td>\n<td width=\"251\">Viscosidad mPa.s<\/td>\n<td width=\"251\">&lt; 500<\/td>\n<td width=\"251\">&lt; 500<\/td>\n<\/tr>\n<\/tbody>\n<\/table>\n<h2>Especificaciones de embalaje<\/h2>\n<ul>\n<li>Especificaci\u00f3n: 200 g \/ 500 g \/ 5 kg \/ 20 kg<\/li>\n<li>Este producto no es una mercanc\u00eda peligrosa, de acuerdo con el transporte de carga general puede ser<\/li>\n<li>Protegido de la exposici\u00f3n al sol, la lluvia y las altas temperaturas<\/li>\n<\/ul>\n","protected":false},"excerpt":{"rendered":"<p>Aplicaciones de pol\u00edmero acr\u00edlico: molienda de pigmentos, tintas y barnices de bajo olor<br \/>\nEspecificaci\u00f3n: 200 g \/ 500 g \/ 5 kg \/ 20 kg<\/p>\n","protected":false},"featured_media":6334,"comment_status":"open","ping_status":"closed","template":"","meta":{"site-sidebar-layout":"no-sidebar","site-content-layout":"page-builder","ast-site-content-layout":"full-width-container","site-content-style":"unboxed","site-sidebar-style":"unboxed","ast-global-header-display":"","ast-banner-title-visibility":"","ast-main-header-display":"","ast-hfb-above-header-display":"","ast-hfb-below-header-display":"","ast-hfb-mobile-header-display":"","site-post-title":"disabled","ast-breadcrumbs-content":"","ast-featured-img":"disabled","footer-sml-layout":"","ast-disable-related-posts":"","theme-transparent-header-meta":"default","adv-header-id-meta":"","stick-header-meta":"default","header-above-stick-meta":"","header-main-stick-meta":"","header-below-stick-meta":"","astra-migrate-meta-layouts":"set","ast-page-background-enabled":"default","ast-page-background-meta":{"desktop":{"background-color":"var(--ast-global-color-4)","background-image":"","background-repeat":"repeat","background-position":"center center","background-size":"auto","background-attachment":"scroll","background-type":"","background-media":"","overlay-type":"","overlay-color":"","overlay-opacity":"","overlay-gradient":""},"tablet":{"background-color":"","background-image":"","background-repeat":"repeat","background-position":"center center","background-size":"auto","background-attachment":"scroll","background-type":"","background-media":"","overlay-type":"","overlay-color":"","overlay-opacity":"","overlay-gradient":""},"mobile":{"background-color":"","background-image":"","background-repeat":"repeat","background-position":"center center","background-size":"auto","background-attachment":"scroll","background-type":"","background-media":"","overlay-type":"","overlay-color":"","overlay-opacity":"","overlay-gradient":""}},"ast-content-background-meta":{"desktop":{"background-color":"var(--ast-global-color-5)","background-image":"","background-repeat":"repeat","background-position":"center center","background-size":"auto","background-attachment":"scroll","background-type":"","background-media":"","overlay-type":"","overlay-color":"","overlay-opacity":"","overlay-gradient":""},"tablet":{"background-color":"var(--ast-global-color-5)","background-image":"","background-repeat":"repeat","background-position":"center center","background-size":"auto","background-attachment":"scroll","background-type":"","background-media":"","overlay-type":"","overlay-color":"","overlay-opacity":"","overlay-gradient":""},"mobile":{"background-color":"var(--ast-global-color-5)","background-image":"","background-repeat":"repeat","background-position":"center center","background-size":"auto","background-attachment":"scroll","background-type":"","background-media":"","overlay-type":"","overlay-color":"","overlay-opacity":"","overlay-gradient":""}}},"product_brand":[],"product_cat":[263,237,260],"product_tag":[],"class_list":{"0":"post-7367","1":"product","2":"type-product","3":"status-publish","4":"has-post-thumbnail","6":"product_cat-recubrimientos-y-tintas","7":"product_cat-muestras-de-productos","8":"product_cat-tintes-y-pigmentos","9":"desktop-align-left","10":"tablet-align-left","11":"mobile-align-left","12":"ast-product-gallery-layout-horizontal-slider","13":"ast-product-tabs-layout-horizontal","15":"first","16":"instock","17":"shipping-taxable","18":"purchasable","19":"product-type-simple"},"_links":{"self":[{"href":"https:\/\/www.cosoonchem.com\/es\/wp-json\/wp\/v2\/product\/7367","targetHints":{"allow":["GET"]}}],"collection":[{"href":"https:\/\/www.cosoonchem.com\/es\/wp-json\/wp\/v2\/product"}],"about":[{"href":"https:\/\/www.cosoonchem.com\/es\/wp-json\/wp\/v2\/types\/product"}],"replies":[{"embeddable":true,"href":"https:\/\/www.cosoonchem.com\/es\/wp-json\/wp\/v2\/comments?post=7367"}],"version-history":[{"count":0,"href":"https:\/\/www.cosoonchem.com\/es\/wp-json\/wp\/v2\/product\/7367\/revisions"}],"wp:featuredmedia":[{"embeddable":true,"href":"https:\/\/www.cosoonchem.com\/es\/wp-json\/wp\/v2\/media\/6334"}],"wp:attachment":[{"href":"https:\/\/www.cosoonchem.com\/es\/wp-json\/wp\/v2\/media?parent=7367"}],"wp:term":[{"taxonomy":"product_brand","embeddable":true,"href":"https:\/\/www.cosoonchem.com\/es\/wp-json\/wp\/v2\/product_brand?post=7367"},{"taxonomy":"product_cat","embeddable":true,"href":"https:\/\/www.cosoonchem.com\/es\/wp-json\/wp\/v2\/product_cat?post=7367"},{"taxonomy":"product_tag","embeddable":true,"href":"https:\/\/www.cosoonchem.com\/es\/wp-json\/wp\/v2\/product_tag?post=7367"}],"curies":[{"name":"wp","href":"https:\/\/api.w.org\/{rel}","templated":true}]}}