{"id":11014,"date":"2021-04-09T12:05:58","date_gmt":"2021-04-09T04:05:58","guid":{"rendered":"https:\/\/www.cosoonchem.com\/resine-photopolymerisable-a-base-deau-uv-32x50\/"},"modified":"2024-10-23T15:41:39","modified_gmt":"2024-10-23T07:41:39","slug":"resine-photopolymerisable-a-base-deau-uv-32x50","status":"publish","type":"product","link":"https:\/\/www.cosoonchem.com\/fr\/produit\/resine-photopolymerisable-a-base-deau-uv-32x50\/","title":{"rendered":"R\u00e9sine photopolym\u00e9risable \u00e0 base d&rsquo;eau UV-32X50"},"content":{"rendered":"<h2>Caract\u00e9ristique typique<\/h2>\n<ul>\n<li>Bonne adh\u00e9rence aux plastiques, au bois, etc.<\/li>\n<li>Excellente r\u00e9sistance \u00e0 l&rsquo;alcool<\/li>\n<li>Bonne r\u00e9sistance \u00e0 l&rsquo;eau<\/li>\n<li>Bonne solubilit\u00e9 dans l&rsquo;eau et bonne dilution<\/li>\n<li>Bonnes propri\u00e9t\u00e9s de mouillage et de pon\u00e7age pour les pigments.<\/li>\n<li>Duret\u00e9 \u00e9lev\u00e9e<\/li>\n<li>Bonne compatibilit\u00e9 avec l&rsquo;eau<\/li>\n<\/ul>\n<h2>Utilisation du produit<\/h2>\n<ul>\n<li>Encres et vernis UV \u00e0 base d&rsquo;eau<\/li>\n<li>Vernis UV \u00e0 base d&rsquo;eau, vernis pour bois, vernis industriels (vernis m\u00e9talliques)<\/li>\n<\/ul>\n<h2>Indicateurs de qualit\u00e9<\/h2>\n<table>\n<tbody>\n<tr>\n<td width=\"261\">Solide %<\/td>\n<td width=\"255\">98%<\/td>\n<\/tr>\n<tr>\n<td width=\"261\">Viscosit\u00e9 Brinell \u00e0 25\u00b0C, cps (Brookfeld, LVT No.4, 64 RPM)<\/td>\n<td width=\"255\">6000~9000mpa,S<\/td>\n<\/tr>\n<tr>\n<td width=\"261\">Valeur du pH<\/td>\n<td width=\"255\">8.0-9.0<\/td>\n<\/tr>\n<tr>\n<td width=\"261\">\u00e9tat ext\u00e9rieur<\/td>\n<td width=\"255\">Liquide transparent jaune clair, sans odeur<\/td>\n<\/tr>\n<tr>\n<td width=\"261\">Temp\u00e9rature de transition vitreuse Tg, \u00b0C<\/td>\n<td width=\"255\">60<\/td>\n<\/tr>\n<tr>\n<td width=\"261\">En \u00e9bullition<\/td>\n<td width=\"255\">120\u2103<\/td>\n<\/tr>\n<tr>\n<td width=\"261\">Point d&rsquo;\u00e9clair<\/td>\n<td width=\"255\">160\u2103<\/td>\n<\/tr>\n<tr>\n<td width=\"261\">Densit\u00e9<\/td>\n<td width=\"255\">1.15g\/mm\u00b3<\/td>\n<\/tr>\n<\/tbody>\n<\/table>\n<h2>Utilisation<\/h2>\n<table>\n<tbody>\n<tr>\n<td colspan=\"2\" width=\"533\"><strong>Vernis UV pour bois \u00e0 base d&rsquo;eau<\/strong><\/td>\n<\/tr>\n<tr>\n<td width=\"270\">UV-32X50<\/td>\n<td width=\"261\">55%<\/td>\n<\/tr>\n<tr>\n<td width=\"270\">Initiateur 1173<\/td>\n<td width=\"261\">6%<\/td>\n<\/tr>\n<tr>\n<td width=\"270\">Tri\u00e9thanolamine<\/td>\n<td width=\"261\">2%<\/td>\n<\/tr>\n<tr>\n<td width=\"270\">Eau d\u00e9min\u00e9ralis\u00e9e<\/td>\n<td width=\"261\">35%<\/td>\n<\/tr>\n<tr>\n<td width=\"270\">Agent de nivellement<\/td>\n<td width=\"261\">1%<\/td>\n<\/tr>\n<tr>\n<td width=\"270\">Agent mouillant<\/td>\n<td width=\"261\">0.3%<\/td>\n<\/tr>\n<tr>\n<td width=\"270\">Antimousse<\/td>\n<td width=\"261\">0.2%<\/td>\n<\/tr>\n<tr>\n<td width=\"270\">Cire r\u00e9sistante \u00e0 l&rsquo;abrasion<\/td>\n<td width=\"261\">0.5%<\/td>\n<\/tr>\n<\/tbody>\n<\/table>\n<h2>Caract\u00e9ristiques de l&#8217;emballage<\/h2>\n<p>200g\/500g\/20kg Ce produit n&rsquo;est pas une marchandise dangereuse et peut \u00eatre transport\u00e9 en tant que marchandise g\u00e9n\u00e9rale.<\/p>\n<h2>Conditions de stockage<\/h2>\n<ul>\n<li>Le produit doit \u00eatre conserv\u00e9 dans des r\u00e9cipients herm\u00e9tiques, \u00e0 l&rsquo;abri du gel et des temp\u00e9ratures \u00e9lev\u00e9es.<\/li>\n<li>Dans la mesure du possible, il doit \u00eatre utilis\u00e9 dans un d\u00e9lai de dix mois<\/li>\n<li>Une temp\u00e9rature de stockage normale de 10 \u00e0 35\u00b0C est recommand\u00e9e.<\/li>\n<\/ul>\n","protected":false},"excerpt":{"rendered":"<ul>\n<li>R\u00e9sines photopolym\u00e9risables \u00e0 base d&rsquo;eau sont principalement des r\u00e9sines synth\u00e9tiques acryliques t\u00e9trafonctionnelles \u00e0 base d&rsquo;eau. La r\u00e9sine a une teneur \u00e9lev\u00e9e en mati\u00e8res solides, une l\u00e9g\u00e8re duret\u00e9 g\u00e9n\u00e9rale, une vitesse de durcissement rapide et un bon effet de s\u00e9chage de surface. Elle adh\u00e8re bien au plastique, au bois et aux surfaces.<\/li>\n<li>Non polluant, faible odeur, faible toxicit\u00e9, ininflammable<\/li>\n<li> Peut \u00eatre utilis\u00e9 seul avec de l&rsquo;eau, un initiateur, des additifs, etc., ou selon les exigences de performance et le m\u00e9lange de monom\u00e8res ou de r\u00e9sines \u00e0 base d&rsquo;eau ou d&rsquo;huile, et d&rsquo;initiateurs, d&rsquo;additifs, etc.<\/li>\n<li>Convient pour le vernis UV, le vernis PET, la peinture, l&rsquo;encre, etc.<\/li>\n<\/ul>\n","protected":false},"featured_media":7418,"comment_status":"open","ping_status":"closed","template":"","meta":{"site-sidebar-layout":"no-sidebar","site-content-layout":"page-builder","ast-site-content-layout":"full-width-container","site-content-style":"unboxed","site-sidebar-style":"unboxed","ast-global-header-display":"","ast-banner-title-visibility":"","ast-main-header-display":"","ast-hfb-above-header-display":"","ast-hfb-below-header-display":"","ast-hfb-mobile-header-display":"","site-post-title":"disabled","ast-breadcrumbs-content":"","ast-featured-img":"disabled","footer-sml-layout":"","ast-disable-related-posts":"","theme-transparent-header-meta":"default","adv-header-id-meta":"","stick-header-meta":"default","header-above-stick-meta":"","header-main-stick-meta":"","header-below-stick-meta":"","astra-migrate-meta-layouts":"set","ast-page-background-enabled":"default","ast-page-background-meta":{"desktop":{"background-color":"var(--ast-global-color-4)","background-image":"","background-repeat":"repeat","background-position":"center center","background-size":"auto","background-attachment":"scroll","background-type":"","background-media":"","overlay-type":"","overlay-color":"","overlay-opacity":"","overlay-gradient":""},"tablet":{"background-color":"","background-image":"","background-repeat":"repeat","background-position":"center center","background-size":"auto","background-attachment":"scroll","background-type":"","background-media":"","overlay-type":"","overlay-color":"","overlay-opacity":"","overlay-gradient":""},"mobile":{"background-color":"","background-image":"","background-repeat":"repeat","background-position":"center center","background-size":"auto","background-attachment":"scroll","background-type":"","background-media":"","overlay-type":"","overlay-color":"","overlay-opacity":"","overlay-gradient":""}},"ast-content-background-meta":{"desktop":{"background-color":"var(--ast-global-color-5)","background-image":"","background-repeat":"repeat","background-position":"center center","background-size":"auto","background-attachment":"scroll","background-type":"","background-media":"","overlay-type":"","overlay-color":"","overlay-opacity":"","overlay-gradient":""},"tablet":{"background-color":"var(--ast-global-color-5)","background-image":"","background-repeat":"repeat","background-position":"center center","background-size":"auto","background-attachment":"scroll","background-type":"","background-media":"","overlay-type":"","overlay-color":"","overlay-opacity":"","overlay-gradient":""},"mobile":{"background-color":"var(--ast-global-color-5)","background-image":"","background-repeat":"repeat","background-position":"center center","background-size":"auto","background-attachment":"scroll","background-type":"","background-media":"","overlay-type":"","overlay-color":"","overlay-opacity":"","overlay-gradient":""}}},"product_brand":[],"product_cat":[192,187,196],"product_tag":[],"class_list":{"0":"post-11014","1":"product","2":"type-product","3":"status-publish","4":"has-post-thumbnail","6":"product_cat-revetements-et-encres","7":"product_cat-echantillons-de-produits","8":"product_cat-tensioactif","9":"desktop-align-left","10":"tablet-align-left","11":"mobile-align-left","12":"ast-product-gallery-layout-horizontal-slider","13":"ast-product-tabs-layout-horizontal","15":"first","16":"instock","17":"shipping-taxable","18":"purchasable","19":"product-type-simple"},"_links":{"self":[{"href":"https:\/\/www.cosoonchem.com\/fr\/wp-json\/wp\/v2\/product\/11014","targetHints":{"allow":["GET"]}}],"collection":[{"href":"https:\/\/www.cosoonchem.com\/fr\/wp-json\/wp\/v2\/product"}],"about":[{"href":"https:\/\/www.cosoonchem.com\/fr\/wp-json\/wp\/v2\/types\/product"}],"replies":[{"embeddable":true,"href":"https:\/\/www.cosoonchem.com\/fr\/wp-json\/wp\/v2\/comments?post=11014"}],"version-history":[{"count":0,"href":"https:\/\/www.cosoonchem.com\/fr\/wp-json\/wp\/v2\/product\/11014\/revisions"}],"wp:featuredmedia":[{"embeddable":true,"href":"https:\/\/www.cosoonchem.com\/fr\/wp-json\/wp\/v2\/media\/7418"}],"wp:attachment":[{"href":"https:\/\/www.cosoonchem.com\/fr\/wp-json\/wp\/v2\/media?parent=11014"}],"wp:term":[{"taxonomy":"product_brand","embeddable":true,"href":"https:\/\/www.cosoonchem.com\/fr\/wp-json\/wp\/v2\/product_brand?post=11014"},{"taxonomy":"product_cat","embeddable":true,"href":"https:\/\/www.cosoonchem.com\/fr\/wp-json\/wp\/v2\/product_cat?post=11014"},{"taxonomy":"product_tag","embeddable":true,"href":"https:\/\/www.cosoonchem.com\/fr\/wp-json\/wp\/v2\/product_tag?post=11014"}],"curies":[{"name":"wp","href":"https:\/\/api.w.org\/{rel}","templated":true}]}}