{"id":11071,"date":"2021-05-07T14:53:53","date_gmt":"2021-05-07T06:53:53","guid":{"rendered":"https:\/\/www.cosoonchem.com\/polymeres-acryliques-861\/"},"modified":"2024-10-29T14:16:52","modified_gmt":"2024-10-29T06:16:52","slug":"polymeres-acryliques-861","status":"publish","type":"product","link":"https:\/\/www.cosoonchem.com\/fr\/produit\/polymeres-acryliques-861\/","title":{"rendered":"Polym\u00e8res acryliques 861"},"content":{"rendered":"<h2>Caract\u00e9ristique typique<\/h2>\n<ul>\n<li>faible poids mol\u00e9culaire<\/li>\n<li>Excellente transf\u00e9rabilit\u00e9 et imprimabilit\u00e9<\/li>\n<li>haute brillance<\/li>\n<li>Dissoudre jusqu&rsquo;\u00e0 30-40% de solides pour utilisation<\/li>\n<\/ul>\n<h2>Indicateurs de qualit\u00e9<\/h2>\n<table>\n<tbody>\n<tr>\n<td width=\"328\">\u00e9tat ext\u00e9rieur<\/td>\n<td width=\"190\">Solide transparent<\/td>\n<\/tr>\n<tr>\n<td width=\"328\">mati\u00e8res non volatiles wt%<\/td>\n<td width=\"190\">&gt;99<\/td>\n<\/tr>\n<tr>\n<td width=\"328\">Poids mol\u00e9culaire moyen Mw<\/td>\n<td width=\"190\">3500<\/td>\n<\/tr>\n<tr>\n<td width=\"328\">valeur acide mgKOH\/g<\/td>\n<td width=\"190\">250<\/td>\n<\/tr>\n<tr>\n<td width=\"328\">point de ramollissement \u2103<\/td>\n<td width=\"190\">155<\/td>\n<\/tr>\n<tr>\n<td width=\"328\">Tg, oC<\/td>\n<td width=\"190\">110<\/td>\n<\/tr>\n<\/tbody>\n<\/table>\n<h2>Utilisation<\/h2>\n<p>A : Formulation liquide recommand\u00e9e pour la r\u00e9sine<\/p>\n<table>\n<tbody>\n<tr>\n<td width=\"289\">S\u00e9quences<\/td>\n<td width=\"251\">Ingr\u00e9dient<\/td>\n<td width=\"251\">Formulation \u00e0 25 % d&rsquo;ammoniac<\/td>\n<td width=\"251\">Formulations de mono\u00e9thanolamine<\/td>\n<\/tr>\n<tr>\n<td width=\"289\">1<\/td>\n<td width=\"251\">861<\/td>\n<td width=\"251\">28<\/td>\n<td width=\"251\">28<\/td>\n<\/tr>\n<tr>\n<td width=\"289\">2<\/td>\n<td width=\"251\">Ammoniac\uff0825%\uff09<\/td>\n<td width=\"251\">7.56<\/td>\n<td width=\"251\"><\/td>\n<\/tr>\n<tr>\n<td width=\"289\">3<\/td>\n<td width=\"251\">Pyridoxine<\/td>\n<td width=\"251\"><\/td>\n<td width=\"251\">8.12<\/td>\n<\/tr>\n<tr>\n<td width=\"289\">4<\/td>\n<td width=\"251\">Eau d\u00e9min\u00e9ralis\u00e9e<\/td>\n<td width=\"251\">63.94<\/td>\n<td width=\"251\">63.28<\/td>\n<\/tr>\n<tr>\n<td width=\"289\">5<\/td>\n<td width=\"251\">\u00c9ther monobutylique de diol<\/td>\n<td width=\"251\">0.5<\/td>\n<td width=\"251\">0.5<\/td>\n<\/tr>\n<tr>\n<td width=\"289\"><\/td>\n<td width=\"251\">Antimousse<\/td>\n<td width=\"251\">\/<\/td>\n<td width=\"251\">\/<\/td>\n<\/tr>\n<tr>\n<td width=\"289\"><\/td>\n<td width=\"251\">Total<\/td>\n<td width=\"251\">100<\/td>\n<td width=\"251\">100<\/td>\n<\/tr>\n<tr>\n<td width=\"289\"><\/td>\n<td width=\"251\">Adh\u00e9sivit\u00e9, mPa.s<\/td>\n<td width=\"251\">1800<\/td>\n<td width=\"251\">3200<\/td>\n<\/tr>\n<\/tbody>\n<\/table>\n<p>B : Formule sugg\u00e9r\u00e9e pour le broyage des couleurs<\/p>\n<table>\n<tbody>\n<tr>\n<td width=\"289\">S\u00e9quences<\/td>\n<td width=\"251\">Ingr\u00e9dient<\/td>\n<td width=\"251\">Formulation du noir de carbone<\/td>\n<td width=\"251\">Formulation rouge azo\u00efque 57:1<\/td>\n<\/tr>\n<tr>\n<td width=\"289\">1<\/td>\n<td width=\"251\">28% 861<\/td>\n<td width=\"251\">32<\/td>\n<td width=\"251\">32<\/td>\n<\/tr>\n<tr>\n<td width=\"289\">2<\/td>\n<td width=\"251\">DS-50<\/td>\n<td width=\"251\">7.56<\/td>\n<td width=\"251\"><\/td>\n<\/tr>\n<tr>\n<td width=\"289\">3<\/td>\n<td width=\"251\">Toner<\/td>\n<td width=\"251\">35<\/td>\n<td width=\"251\">40<\/td>\n<\/tr>\n<tr>\n<td width=\"289\">4<\/td>\n<td width=\"251\">Eau d\u00e9min\u00e9ralis\u00e9e<\/td>\n<td width=\"251\">32<\/td>\n<td width=\"251\">26<\/td>\n<\/tr>\n<tr>\n<td width=\"289\">5<\/td>\n<td width=\"251\">Antimousse<\/td>\n<td width=\"251\">Ajouter le cas \u00e9ch\u00e9ant<\/td>\n<td width=\"251\">Ajouter le cas \u00e9ch\u00e9ant<\/td>\n<\/tr>\n<tr>\n<td width=\"289\">6<\/td>\n<td width=\"251\">Mire \u00e0 billes de zirconium<\/td>\n<td width=\"251\">Ajouter le cas \u00e9ch\u00e9ant<\/td>\n<td width=\"251\">Ajouter le cas \u00e9ch\u00e9ant<\/td>\n<\/tr>\n<tr>\n<td width=\"289\"><\/td>\n<td width=\"251\">Total<\/td>\n<td width=\"251\">100<\/td>\n<td width=\"251\">100<\/td>\n<\/tr>\n<tr>\n<td width=\"289\"><\/td>\n<td width=\"251\">Adh\u00e9sivit\u00e9, mPa.s<\/td>\n<td width=\"251\">&lt; 500<\/td>\n<td width=\"251\">&lt; 500<\/td>\n<\/tr>\n<\/tbody>\n<\/table>\n<h2>Caract\u00e9ristiques de l&#8217;emballage<\/h2>\n<ul>\n<li>Sp\u00e9cification : 200g \/ 500g \/ 5kg \/ 20kg<\/li>\n<li>Ce produit n&rsquo;est pas une marchandise dangereuse, il peut \u00eatre transport\u00e9 selon les r\u00e8gles g\u00e9n\u00e9rales de transport.<\/li>\n<li>Prot\u00e9g\u00e9 contre l&rsquo;exposition au soleil, \u00e0 la pluie et aux temp\u00e9ratures \u00e9lev\u00e9es<\/li>\n<\/ul>\n","protected":false},"excerpt":{"rendered":"<p>Applications des polym\u00e8res acryliques : broyage de pigments, encres et vernis \u00e0 faible odeur<br \/>\nSp\u00e9cification : 200g \/ 500g \/ 5kg \/ 20kg<\/p>\n","protected":false},"featured_media":8063,"comment_status":"open","ping_status":"closed","template":"","meta":{"site-sidebar-layout":"no-sidebar","site-content-layout":"page-builder","ast-site-content-layout":"full-width-container","site-content-style":"unboxed","site-sidebar-style":"unboxed","ast-global-header-display":"","ast-banner-title-visibility":"","ast-main-header-display":"","ast-hfb-above-header-display":"","ast-hfb-below-header-display":"","ast-hfb-mobile-header-display":"","site-post-title":"disabled","ast-breadcrumbs-content":"","ast-featured-img":"disabled","footer-sml-layout":"","ast-disable-related-posts":"","theme-transparent-header-meta":"default","adv-header-id-meta":"","stick-header-meta":"default","header-above-stick-meta":"","header-main-stick-meta":"","header-below-stick-meta":"","astra-migrate-meta-layouts":"set","ast-page-background-enabled":"default","ast-page-background-meta":{"desktop":{"background-color":"var(--ast-global-color-4)","background-image":"","background-repeat":"repeat","background-position":"center center","background-size":"auto","background-attachment":"scroll","background-type":"","background-media":"","overlay-type":"","overlay-color":"","overlay-opacity":"","overlay-gradient":""},"tablet":{"background-color":"","background-image":"","background-repeat":"repeat","background-position":"center center","background-size":"auto","background-attachment":"scroll","background-type":"","background-media":"","overlay-type":"","overlay-color":"","overlay-opacity":"","overlay-gradient":""},"mobile":{"background-color":"","background-image":"","background-repeat":"repeat","background-position":"center center","background-size":"auto","background-attachment":"scroll","background-type":"","background-media":"","overlay-type":"","overlay-color":"","overlay-opacity":"","overlay-gradient":""}},"ast-content-background-meta":{"desktop":{"background-color":"var(--ast-global-color-5)","background-image":"","background-repeat":"repeat","background-position":"center center","background-size":"auto","background-attachment":"scroll","background-type":"","background-media":"","overlay-type":"","overlay-color":"","overlay-opacity":"","overlay-gradient":""},"tablet":{"background-color":"var(--ast-global-color-5)","background-image":"","background-repeat":"repeat","background-position":"center center","background-size":"auto","background-attachment":"scroll","background-type":"","background-media":"","overlay-type":"","overlay-color":"","overlay-opacity":"","overlay-gradient":""},"mobile":{"background-color":"var(--ast-global-color-5)","background-image":"","background-repeat":"repeat","background-position":"center center","background-size":"auto","background-attachment":"scroll","background-type":"","background-media":"","overlay-type":"","overlay-color":"","overlay-opacity":"","overlay-gradient":""}}},"product_brand":[],"product_cat":[192,191,187],"product_tag":[],"class_list":{"0":"post-11071","1":"product","2":"type-product","3":"status-publish","4":"has-post-thumbnail","6":"product_cat-revetements-et-encres","7":"product_cat-colorants-et-pigments","8":"product_cat-echantillons-de-produits","9":"desktop-align-left","10":"tablet-align-left","11":"mobile-align-left","12":"ast-product-gallery-layout-horizontal-slider","13":"ast-product-tabs-layout-horizontal","15":"first","16":"instock","17":"shipping-taxable","18":"purchasable","19":"product-type-simple"},"_links":{"self":[{"href":"https:\/\/www.cosoonchem.com\/fr\/wp-json\/wp\/v2\/product\/11071","targetHints":{"allow":["GET"]}}],"collection":[{"href":"https:\/\/www.cosoonchem.com\/fr\/wp-json\/wp\/v2\/product"}],"about":[{"href":"https:\/\/www.cosoonchem.com\/fr\/wp-json\/wp\/v2\/types\/product"}],"replies":[{"embeddable":true,"href":"https:\/\/www.cosoonchem.com\/fr\/wp-json\/wp\/v2\/comments?post=11071"}],"version-history":[{"count":0,"href":"https:\/\/www.cosoonchem.com\/fr\/wp-json\/wp\/v2\/product\/11071\/revisions"}],"wp:featuredmedia":[{"embeddable":true,"href":"https:\/\/www.cosoonchem.com\/fr\/wp-json\/wp\/v2\/media\/8063"}],"wp:attachment":[{"href":"https:\/\/www.cosoonchem.com\/fr\/wp-json\/wp\/v2\/media?parent=11071"}],"wp:term":[{"taxonomy":"product_brand","embeddable":true,"href":"https:\/\/www.cosoonchem.com\/fr\/wp-json\/wp\/v2\/product_brand?post=11071"},{"taxonomy":"product_cat","embeddable":true,"href":"https:\/\/www.cosoonchem.com\/fr\/wp-json\/wp\/v2\/product_cat?post=11071"},{"taxonomy":"product_tag","embeddable":true,"href":"https:\/\/www.cosoonchem.com\/fr\/wp-json\/wp\/v2\/product_tag?post=11071"}],"curies":[{"name":"wp","href":"https:\/\/api.w.org\/{rel}","templated":true}]}}