{"id":11089,"date":"2021-05-08T21:35:43","date_gmt":"2021-05-08T13:35:43","guid":{"rendered":"https:\/\/www.cosoonchem.com\/agent-actif-hydrophile-uv-1000\/"},"modified":"2024-10-30T17:33:38","modified_gmt":"2024-10-30T09:33:38","slug":"agent-actif-hydrophile-uv-1000","status":"publish","type":"product","link":"https:\/\/www.cosoonchem.com\/fr\/produit\/agent-actif-hydrophile-uv-1000\/","title":{"rendered":"agent actif hydrophile UV-1000"},"content":{"rendered":"<h2>Caract\u00e9ristique typique<\/h2>\n<ul>\n<li>Duret\u00e9 \u00e9lev\u00e9e, bonne transparence, haute brillance, bonne formation de film, vitesse de durcissement rapide.<\/li>\n<li>Forte capacit\u00e9 de dilution et de dissolution, film complet<\/li>\n<li>Faible viscosit\u00e9, bonne solubilit\u00e9 dans l&rsquo;eau et bonnes propri\u00e9t\u00e9s de dilution<\/li>\n<li>Bonne compatibilit\u00e9, faible teneur en COV<\/li>\n<li>Bonne adh\u00e9rence au bois et au papier<\/li>\n<li>Bonne r\u00e9sistance \u00e0 l&rsquo;alcool<\/li>\n<li>Bonne solubilit\u00e9 dans l&rsquo;eau et bonne dilution<\/li>\n<li>Bonnes propri\u00e9t\u00e9s de mouillage et de pon\u00e7age pour les pigments.<\/li>\n<\/ul>\n<h2>Utilisation du produit<\/h2>\n<ul>\n<li>Encre UV<\/li>\n<\/ul>\n<h2>Indicateurs de qualit\u00e9<\/h2>\n<table>\n<tbody>\n<tr>\n<td>\u00e9v\u00e9nement sportif<\/td>\n<td>Norme<\/td>\n<\/tr>\n<tr>\n<td>Ingr\u00e9dient actif(%)<\/td>\n<td>98\u00b11<\/td>\n<\/tr>\n<tr>\n<td>Adh\u00e9sivit\u00e9(mPa.s)<\/td>\n<td>100~500<\/td>\n<\/tr>\n<tr>\n<td>Valeur PH at25\u2103<\/td>\n<td>7.0-8.0<\/td>\n<\/tr>\n<tr>\n<td>Apparences<\/td>\n<td>Liquide transparent jaune clair<\/td>\n<\/tr>\n<tr>\n<td>temp\u00e9rature de transition vitreuse \u2103<\/td>\n<td>60<\/td>\n<\/tr>\n<tr>\n<td>En \u00e9bullition \u2103<\/td>\n<td>120<\/td>\n<\/tr>\n<tr>\n<td>Point d&rsquo;\u00e9clair(\u2103)<\/td>\n<td>160<\/td>\n<\/tr>\n<tr>\n<td>Densit\u00e9<\/td>\n<td>1.15g\/mm\u00b3<\/td>\n<\/tr>\n<tr>\n<td>Durom\u00e8tre<\/td>\n<td>2H<\/td>\n<\/tr>\n<\/tbody>\n<\/table>\n<h2>Utilisation<\/h2>\n<p>A : Vernis UV \u00e0 base d&rsquo;eau sans appr\u00eat pour l&rsquo;impression (papier, film)<\/p>\n<table>\n<tbody>\n<tr>\n<td>NO.<\/td>\n<td>Ingr\u00e9dient<\/td>\n<td>%<\/td>\n<\/tr>\n<tr>\n<td>1<\/td>\n<td>agent actif hydrophile UV-1000<\/td>\n<td>10-15<\/td>\n<\/tr>\n<tr>\n<td>2<\/td>\n<td>UV-32X55<\/td>\n<td>65-20<\/td>\n<\/tr>\n<tr>\n<td>3<\/td>\n<td>Agent de nivellement<\/td>\n<td>0.5<\/td>\n<\/tr>\n<tr>\n<td>4<\/td>\n<td>Agent mouillant<\/td>\n<td>0.5<\/td>\n<\/tr>\n<tr>\n<td>5<\/td>\n<td>Antimousse<\/td>\n<td>0.3-0.5<\/td>\n<\/tr>\n<tr>\n<td>6<\/td>\n<td>Agents antifriction<\/td>\n<td>0.5-1<\/td>\n<\/tr>\n<tr>\n<td>7<\/td>\n<td>Amines actives en phase aqueuse<\/td>\n<td>4-6<\/td>\n<\/tr>\n<tr>\n<td>8<\/td>\n<td>Initiateur<\/td>\n<td>2-5<\/td>\n<\/tr>\n<tr>\n<td>9<\/td>\n<td>Eau d\u00e9sionis\u00e9e<\/td>\n<td>5-10<\/td>\n<\/tr>\n<tr>\n<td><\/td>\n<td>Total<\/td>\n<td>100<\/td>\n<\/tr>\n<\/tbody>\n<\/table>\n<figure style=\"width: 365px\" class=\"wp-caption aligncenter\"><img fetchpriority=\"high\" decoding=\"async\" src=\"https:\/\/www.cosoonchem.com\/wp-content\/uploads\/2022\/05\/2022051704-2.jpg\" sizes=\"(max-width: 365px) 100vw, 365px\" srcset=\"https:\/\/www.cosoonchem.com\/wp-content\/uploads\/2022\/05\/2022051704-2.jpg 365w, https:\/\/www.cosoonchem.com\/wp-content\/uploads\/2022\/05\/2022051704-2-300x165.jpg 300w\" alt=\"Vernis UV \u00e0 base d&#039;eau sans appr\u00eat pour l&#039;impression (papier, film)\" width=\"365\" height=\"201\" title=\"\"><figcaption class=\"wp-caption-text\">Vernis UV \u00e0 base d&rsquo;eau sans appr\u00eat pour l&rsquo;impression (papier, film)<\/figcaption><\/figure>\n<ul>\n<li>Brillance : 85\u00b0+ (60\u00b0GU)<\/li>\n<li>Flexibilit\u00e9 : Pliage sans \u00e9clatement des bords<\/li>\n<li>R\u00e9sistance \u00e0 l&rsquo;abrasion : 400-600 fois (test du carton 5 couleurs avec de l&rsquo;huile et du papier A4 avec une pression de 4lb)<\/li>\n<li>Vitesse de durcissement : 40-80m\/min (\u00e9nergie de la lampe UV 80mJ\/cm\u00b2 ou plus)<\/li>\n<\/ul>\n<p>B : Vernis UV-LED \u00e0 base d&rsquo;eau<\/p>\n<table>\n<tbody>\n<tr>\n<td>NO.<\/td>\n<td>Ingr\u00e9dient<\/td>\n<td>%<\/td>\n<\/tr>\n<tr>\n<td>1<\/td>\n<td>agent actif hydrophile UV-1000<\/td>\n<td>30<\/td>\n<\/tr>\n<tr>\n<td>2<\/td>\n<td>UV-32X55<\/td>\n<td>50<\/td>\n<\/tr>\n<tr>\n<td>3<\/td>\n<td>Agent de nivellement<\/td>\n<td>0.5<\/td>\n<\/tr>\n<tr>\n<td>4<\/td>\n<td>Agent mouillant<\/td>\n<td>0.5<\/td>\n<\/tr>\n<tr>\n<td>5<\/td>\n<td>Antimousse<\/td>\n<td>0.3-0.5<\/td>\n<\/tr>\n<tr>\n<td>6<\/td>\n<td>Agents antifriction<\/td>\n<td>0.5-1<\/td>\n<\/tr>\n<tr>\n<td>7<\/td>\n<td>Amines actives en phase aqueuse<\/td>\n<td>6-10<\/td>\n<\/tr>\n<tr>\n<td>8<\/td>\n<td>Initiateur<\/td>\n<td>1-5<\/td>\n<\/tr>\n<tr>\n<td><\/td>\n<td>Total<\/td>\n<td>100<\/td>\n<\/tr>\n<\/tbody>\n<\/table>\n<figure style=\"width: 365px\" class=\"wp-caption aligncenter\"><img decoding=\"async\" src=\"https:\/\/www.cosoonchem.com\/wp-content\/uploads\/2022\/05\/2022051704-4.jpg\" sizes=\"(max-width: 365px) 100vw, 365px\" srcset=\"https:\/\/www.cosoonchem.com\/wp-content\/uploads\/2022\/05\/2022051704-4.jpg 365w, https:\/\/www.cosoonchem.com\/wp-content\/uploads\/2022\/05\/2022051704-4-300x165.jpg 300w\" alt=\"Vernis UV-LED \u00e0 base d&#039;eau\" width=\"365\" height=\"201\" title=\"\"><figcaption class=\"wp-caption-text\">Vernis UV-LED \u00e0 base d&rsquo;eau<\/figcaption><\/figure>\n<ul>\n<li>Brillance : 85\u00b0+ (60\u00b0GU)<\/li>\n<li>Flexibilit\u00e9 : Pliage sans \u00e9clatement des bords<\/li>\n<li>R\u00e9sistance \u00e0 l&rsquo;abrasion : 400-600 fois (test du carton 5 couleurs avec de l&rsquo;huile et du papier A4 avec une pression de 4lb)<\/li>\n<li>Vitesse de polym\u00e9risation : 40-80m\/min (longueur d&rsquo;onde LCD 385)<\/li>\n<\/ul>\n<p>C : Application d&rsquo;un vernis de finition UV \u00e0 base d&rsquo;eau (plastique)<\/p>\n<table>\n<tbody>\n<tr>\n<td>NO.<\/td>\n<td>Ingr\u00e9dient<\/td>\n<td>%<\/td>\n<\/tr>\n<tr>\n<td>1<\/td>\n<td>agent actif hydrophile UV-1000<\/td>\n<td>15<\/td>\n<\/tr>\n<tr>\n<td>2<\/td>\n<td>UV-32X55<\/td>\n<td>25<\/td>\n<\/tr>\n<tr>\n<td>3<\/td>\n<td>R\u00e9sine UV \u00e0 base d&rsquo;eau<\/td>\n<td>30<\/td>\n<\/tr>\n<tr>\n<td>4<\/td>\n<td>Agent de nivellement<\/td>\n<td>0.5-1<\/td>\n<\/tr>\n<tr>\n<td>5<\/td>\n<td>Agent mouillant<\/td>\n<td>0.5-1<\/td>\n<\/tr>\n<tr>\n<td>6<\/td>\n<td>Antimousse<\/td>\n<td>0.3-0.5<\/td>\n<\/tr>\n<tr>\n<td>7<\/td>\n<td>Agents antifriction<\/td>\n<td>0.5-1<\/td>\n<\/tr>\n<tr>\n<td>8<\/td>\n<td>Amines actives en phase aqueuse<\/td>\n<td>1-2<\/td>\n<\/tr>\n<tr>\n<td>9<\/td>\n<td>Initiateur<\/td>\n<td>25<\/td>\n<\/tr>\n<tr>\n<td>10<\/td>\n<td>Eau d\u00e9sionis\u00e9e<\/td>\n<td>35<\/td>\n<\/tr>\n<tr>\n<td><\/td>\n<td>Total<\/td>\n<td>100<\/td>\n<\/tr>\n<\/tbody>\n<\/table>\n<figure style=\"width: 363px\" class=\"wp-caption aligncenter\"><img decoding=\"async\" src=\"https:\/\/www.cosoonchem.com\/wp-content\/uploads\/2022\/05\/2022051704-6.jpg\" sizes=\"(max-width: 363px) 100vw, 363px\" srcset=\"https:\/\/www.cosoonchem.com\/wp-content\/uploads\/2022\/05\/2022051704-6.jpg 363w, https:\/\/www.cosoonchem.com\/wp-content\/uploads\/2022\/05\/2022051704-6-300x167.jpg 300w\" alt=\"Application d&#039;un vernis de finition UV \u00e0 base d&#039;eau (plastique)\" width=\"363\" height=\"202\" title=\"\"><figcaption class=\"wp-caption-text\">Application d&rsquo;un vernis de finition UV \u00e0 base d&rsquo;eau (plastique)<\/figcaption><\/figure>\n<ul>\n<li>Duret\u00e9 : 6H<\/li>\n<li>R\u00e9sistant \u00e0 l&rsquo;alcool<\/li>\n<li>Conditions de travail : pulv\u00e9risation transversale une fois<\/li>\n<li>Conditions de s\u00e9chage : 60 degr\u00e9s au four 10-15 minutes \u00c9nergie de la lampe UV 100-300mJ\/cm\u00b2 ci-dessus<\/li>\n<\/ul>\n<h2>Caract\u00e9ristiques de l&#8217;emballage<\/h2>\n<ul>\n<li>Sp\u00e9cification : 200g \/ 500g \/ 5kg \/ 20kg<\/li>\n<li>Ce produit n&rsquo;est pas une marchandise dangereuse, il peut \u00eatre transport\u00e9 selon les r\u00e8gles g\u00e9n\u00e9rales de transport.<\/li>\n<\/ul>\n<h2>Conditions de stockage<\/h2>\n<ul>\n<li>Prot\u00e9g\u00e9 contre l&rsquo;exposition au soleil, \u00e0 la pluie et aux temp\u00e9ratures \u00e9lev\u00e9es<\/li>\n<li>Le produit doit \u00eatre conserv\u00e9 dans des r\u00e9cipients herm\u00e9tiques, \u00e0 l&rsquo;abri du gel et des temp\u00e9ratures \u00e9lev\u00e9es.<\/li>\n<li>Dans la mesure du possible, il doit \u00eatre utilis\u00e9 dans un d\u00e9lai de dix mois<\/li>\n<li>Une temp\u00e9rature de stockage normale de 10 \u00e0 35\u00b0C est recommand\u00e9e.<\/li>\n<\/ul>\n","protected":false},"excerpt":{"rendered":"<ul>\n<li>Agent actif hydrophile est principalement une r\u00e9sine synth\u00e9tique polyester acrylique t\u00e9trafonctionnelle en phase aqueuse. La r\u00e9sine a une teneur \u00e9lev\u00e9e en mati\u00e8res solides, une l\u00e9g\u00e8re duret\u00e9 g\u00e9n\u00e9rale, une vitesse de durcissement rapide et un bon effet de s\u00e9chage de la surface. Elle adh\u00e8re bien aux surfaces en bois et en papier.<\/li>\n<li>Non polluant, faible odeur, faible toxicit\u00e9, ininflammable<\/li>\n<li>Il peut \u00eatre utilis\u00e9 seul avec de l&rsquo;eau, un initiateur, des additifs, etc., ou il peut \u00eatre m\u00e9lang\u00e9 avec des monom\u00e8res ou des r\u00e9sines \u00e0 base d&rsquo;eau ou d&rsquo;huile en fonction des exigences de performance, et utilis\u00e9 en conjonction avec des initiateurs et des additifs.<\/li>\n<li>La tension superficielle du produit est importante, la formule doit ajouter une certaine quantit\u00e9 d&rsquo;agent mouillant pour r\u00e9duire la tension, le processus de construction, si la r\u00e9f\u00e9rence \u00e0 l&rsquo;utilisation de l&rsquo;eau ou de l&rsquo;\u00e9thanol, doit utiliser le s\u00e9chage infrarouge avant la construction, sinon il y aura une adh\u00e9sion, une d\u00e9gradation de la performance de la surface, une formation de brouillard et d&rsquo;autres ph\u00e9nom\u00e8nes.<\/li>\n<\/ul>\n","protected":false},"featured_media":7858,"comment_status":"open","ping_status":"closed","template":"","meta":{"site-sidebar-layout":"no-sidebar","site-content-layout":"page-builder","ast-site-content-layout":"full-width-container","site-content-style":"unboxed","site-sidebar-style":"unboxed","ast-global-header-display":"","ast-banner-title-visibility":"","ast-main-header-display":"","ast-hfb-above-header-display":"","ast-hfb-below-header-display":"","ast-hfb-mobile-header-display":"","site-post-title":"disabled","ast-breadcrumbs-content":"","ast-featured-img":"disabled","footer-sml-layout":"","ast-disable-related-posts":"","theme-transparent-header-meta":"default","adv-header-id-meta":"","stick-header-meta":"default","header-above-stick-meta":"","header-main-stick-meta":"","header-below-stick-meta":"","astra-migrate-meta-layouts":"set","ast-page-background-enabled":"default","ast-page-background-meta":{"desktop":{"background-color":"var(--ast-global-color-4)","background-image":"","background-repeat":"repeat","background-position":"center center","background-size":"auto","background-attachment":"scroll","background-type":"","background-media":"","overlay-type":"","overlay-color":"","overlay-opacity":"","overlay-gradient":""},"tablet":{"background-color":"","background-image":"","background-repeat":"repeat","background-position":"center center","background-size":"auto","background-attachment":"scroll","background-type":"","background-media":"","overlay-type":"","overlay-color":"","overlay-opacity":"","overlay-gradient":""},"mobile":{"background-color":"","background-image":"","background-repeat":"repeat","background-position":"center center","background-size":"auto","background-attachment":"scroll","background-type":"","background-media":"","overlay-type":"","overlay-color":"","overlay-opacity":"","overlay-gradient":""}},"ast-content-background-meta":{"desktop":{"background-color":"var(--ast-global-color-5)","background-image":"","background-repeat":"repeat","background-position":"center center","background-size":"auto","background-attachment":"scroll","background-type":"","background-media":"","overlay-type":"","overlay-color":"","overlay-opacity":"","overlay-gradient":""},"tablet":{"background-color":"var(--ast-global-color-5)","background-image":"","background-repeat":"repeat","background-position":"center center","background-size":"auto","background-attachment":"scroll","background-type":"","background-media":"","overlay-type":"","overlay-color":"","overlay-opacity":"","overlay-gradient":""},"mobile":{"background-color":"var(--ast-global-color-5)","background-image":"","background-repeat":"repeat","background-position":"center center","background-size":"auto","background-attachment":"scroll","background-type":"","background-media":"","overlay-type":"","overlay-color":"","overlay-opacity":"","overlay-gradient":""}}},"product_brand":[],"product_cat":[192,187,196],"product_tag":[],"class_list":{"0":"post-11089","1":"product","2":"type-product","3":"status-publish","4":"has-post-thumbnail","6":"product_cat-revetements-et-encres","7":"product_cat-echantillons-de-produits","8":"product_cat-tensioactif","9":"desktop-align-left","10":"tablet-align-left","11":"mobile-align-left","12":"ast-product-gallery-layout-horizontal-slider","13":"ast-product-tabs-layout-horizontal","15":"first","16":"instock","17":"shipping-taxable","18":"purchasable","19":"product-type-simple"},"_links":{"self":[{"href":"https:\/\/www.cosoonchem.com\/fr\/wp-json\/wp\/v2\/product\/11089","targetHints":{"allow":["GET"]}}],"collection":[{"href":"https:\/\/www.cosoonchem.com\/fr\/wp-json\/wp\/v2\/product"}],"about":[{"href":"https:\/\/www.cosoonchem.com\/fr\/wp-json\/wp\/v2\/types\/product"}],"replies":[{"embeddable":true,"href":"https:\/\/www.cosoonchem.com\/fr\/wp-json\/wp\/v2\/comments?post=11089"}],"version-history":[{"count":0,"href":"https:\/\/www.cosoonchem.com\/fr\/wp-json\/wp\/v2\/product\/11089\/revisions"}],"wp:featuredmedia":[{"embeddable":true,"href":"https:\/\/www.cosoonchem.com\/fr\/wp-json\/wp\/v2\/media\/7858"}],"wp:attachment":[{"href":"https:\/\/www.cosoonchem.com\/fr\/wp-json\/wp\/v2\/media?parent=11089"}],"wp:term":[{"taxonomy":"product_brand","embeddable":true,"href":"https:\/\/www.cosoonchem.com\/fr\/wp-json\/wp\/v2\/product_brand?post=11089"},{"taxonomy":"product_cat","embeddable":true,"href":"https:\/\/www.cosoonchem.com\/fr\/wp-json\/wp\/v2\/product_cat?post=11089"},{"taxonomy":"product_tag","embeddable":true,"href":"https:\/\/www.cosoonchem.com\/fr\/wp-json\/wp\/v2\/product_tag?post=11089"}],"curies":[{"name":"wp","href":"https:\/\/api.w.org\/{rel}","templated":true}]}}