{"id":11157,"date":"2021-05-09T11:41:02","date_gmt":"2021-05-09T03:41:02","guid":{"rendered":"https:\/\/www.cosoonchem.com\/la-resine-de-broyage-pour-pate-colorante-a-base-deau-8096\/"},"modified":"2021-05-09T11:41:02","modified_gmt":"2021-05-09T03:41:02","slug":"la-resine-de-broyage-pour-pate-colorante-a-base-deau-8096","status":"publish","type":"product","link":"https:\/\/www.cosoonchem.com\/fr\/produit\/la-resine-de-broyage-pour-pate-colorante-a-base-deau-8096\/","title":{"rendered":"La r\u00e9sine de broyage pour p\u00e2te colorante \u00e0 base d&rsquo;eau 8096"},"content":{"rendered":"<h2>Utilisation du produit<\/h2>\n<ul>\n<li>Encres et vernis UV \u00e0 base d&rsquo;eau<\/li>\n<li>Vernis UV \u00e0 base d&rsquo;eau, vernis industriels (vernis m\u00e9talliques)<\/li>\n<\/ul>\n<h2>Indicateurs de qualit\u00e9<\/h2>\n<table>\n<tbody>\n<tr>\n<td width=\"328\">Solide %<\/td>\n<td width=\"190\">98%<\/td>\n<\/tr>\n<tr>\n<td width=\"328\">Viscosit\u00e9 Brinell at 25\u2103<\/td>\n<td width=\"190\">6000~9000mpa,S<\/td>\n<\/tr>\n<tr>\n<td width=\"328\">pH <\/td>\n<td width=\"190\">7.5-8.5<\/td>\n<\/tr>\n<tr>\n<td width=\"328\">\u00e9tat ext\u00e9rieur<\/td>\n<td width=\"190\">Liquide transparent jaune clair, sans odeur<\/td>\n<\/tr>\n<tr>\n<td width=\"328\">Temp\u00e9rature de transition vitreuse Tg, \u00b0C<\/td>\n<td width=\"190\">60<\/td>\n<\/tr>\n<tr>\n<td width=\"328\">En \u00e9bullition<\/td>\n<td width=\"190\">120\u2103<\/td>\n<\/tr>\n<tr>\n<td width=\"328\">Point d&rsquo;\u00e9clair<\/td>\n<td width=\"190\">160\u2103<\/td>\n<\/tr>\n<tr>\n<td width=\"328\">Densit\u00e9<\/td>\n<td width=\"190\">1.15g\/mm\u00b3<\/td>\n<\/tr>\n<\/tbody>\n<\/table>\n<h2>Utilisation<\/h2>\n<table>\n<tbody>\n<tr>\n<td colspan=\"2\" width=\"543\"><strong>Papier \u00e0 base d&rsquo;eau Vernis UV<\/strong><\/td>\n<\/tr>\n<tr>\n<td width=\"289\">UV-35X55<\/td>\n<td width=\"251\">55%<\/td>\n<\/tr>\n<tr>\n<td width=\"289\">Agent hydrophile actif UV-10000<\/td>\n<td width=\"251\">10%<\/td>\n<\/tr>\n<tr>\n<td width=\"289\">DDA<\/td>\n<td width=\"251\">5%<\/td>\n<\/tr>\n<tr>\n<td width=\"289\">initiateur-500<\/td>\n<td width=\"251\">4%<\/td>\n<\/tr>\n<tr>\n<td width=\"289\">TPOL<\/td>\n<td width=\"251\">1%<\/td>\n<\/tr>\n<tr>\n<td width=\"289\">3270<\/td>\n<td width=\"251\">0.4%<\/td>\n<\/tr>\n<tr>\n<td width=\"289\">02C<\/td>\n<td width=\"251\">0.3%<\/td>\n<\/tr>\n<tr>\n<td width=\"289\">cire d&rsquo;abeille<\/td>\n<td width=\"251\">0.4%<\/td>\n<\/tr>\n<tr>\n<td width=\"289\">tri\u00e9thanolamine<\/td>\n<td width=\"251\">3%<\/td>\n<\/tr>\n<tr>\n<td width=\"289\">eau d\u00e9min\u00e9ralis\u00e9e<\/td>\n<td width=\"251\">20.9%<\/td>\n<\/tr>\n<\/tbody>\n<\/table>\n<h2>Caract\u00e9ristiques de l&#8217;emballage<\/h2>\n<p>200g\/500g\/ 20kg<\/p>\n<p>Ce produit n&rsquo;est pas une marchandise dangereuse, il peut \u00eatre transport\u00e9 selon les r\u00e8gles g\u00e9n\u00e9rales de transport.<\/p>\n<h2>Conditions de stockage<\/h2>\n<ul>\n<li>Le produit doit \u00eatre conserv\u00e9 dans des r\u00e9cipients herm\u00e9tiques, \u00e0 l&rsquo;abri du gel et des temp\u00e9ratures \u00e9lev\u00e9es.<\/li>\n<li>Dans la mesure du possible, il doit \u00eatre utilis\u00e9 dans un d\u00e9lai de dix mois<\/li>\n<li>Une temp\u00e9rature de stockage normale de 10 \u00e0 35\u00b0C est recommand\u00e9e.<\/li>\n<\/ul>\n","protected":false},"excerpt":{"rendered":"<ul>\n<li>La r\u00e9sine de broyage pour p\u00e2te colorante \u00e0 base d&rsquo;eau qui adh\u00e8re bien au plastique et au papier.<\/li>\n<li> Bonne r\u00e9sistance \u00e0 l&rsquo;eau<\/li>\n<li> Bonne solubilit\u00e9 dans l&rsquo;eau et bonne dilution<\/li>\n<li>Bonnes propri\u00e9t\u00e9s de mouillage et de pon\u00e7age pour les pigments.<\/li>\n<li>Duret\u00e9 \u00e9lev\u00e9e<\/li>\n<li>Bonne compatibilit\u00e9 avec l&rsquo;eau<\/li>\n<\/ul>\n","protected":false},"featured_media":7588,"comment_status":"open","ping_status":"closed","template":"","meta":{"site-sidebar-layout":"no-sidebar","site-content-layout":"page-builder","ast-site-content-layout":"full-width-container","site-content-style":"unboxed","site-sidebar-style":"unboxed","ast-global-header-display":"","ast-banner-title-visibility":"","ast-main-header-display":"","ast-hfb-above-header-display":"","ast-hfb-below-header-display":"","ast-hfb-mobile-header-display":"","site-post-title":"disabled","ast-breadcrumbs-content":"","ast-featured-img":"disabled","footer-sml-layout":"","ast-disable-related-posts":"","theme-transparent-header-meta":"default","adv-header-id-meta":"","stick-header-meta":"default","header-above-stick-meta":"","header-main-stick-meta":"","header-below-stick-meta":"","astra-migrate-meta-layouts":"default","ast-page-background-enabled":"default","ast-page-background-meta":{"desktop":{"background-color":"var(--ast-global-color-4)","background-image":"","background-repeat":"repeat","background-position":"center center","background-size":"auto","background-attachment":"scroll","background-type":"","background-media":"","overlay-type":"","overlay-color":"","overlay-opacity":"","overlay-gradient":""},"tablet":{"background-color":"","background-image":"","background-repeat":"repeat","background-position":"center center","background-size":"auto","background-attachment":"scroll","background-type":"","background-media":"","overlay-type":"","overlay-color":"","overlay-opacity":"","overlay-gradient":""},"mobile":{"background-color":"","background-image":"","background-repeat":"repeat","background-position":"center center","background-size":"auto","background-attachment":"scroll","background-type":"","background-media":"","overlay-type":"","overlay-color":"","overlay-opacity":"","overlay-gradient":""}},"ast-content-background-meta":{"desktop":{"background-color":"var(--ast-global-color-5)","background-image":"","background-repeat":"repeat","background-position":"center center","background-size":"auto","background-attachment":"scroll","background-type":"","background-media":"","overlay-type":"","overlay-color":"","overlay-opacity":"","overlay-gradient":""},"tablet":{"background-color":"var(--ast-global-color-5)","background-image":"","background-repeat":"repeat","background-position":"center center","background-size":"auto","background-attachment":"scroll","background-type":"","background-media":"","overlay-type":"","overlay-color":"","overlay-opacity":"","overlay-gradient":""},"mobile":{"background-color":"var(--ast-global-color-5)","background-image":"","background-repeat":"repeat","background-position":"center center","background-size":"auto","background-attachment":"scroll","background-type":"","background-media":"","overlay-type":"","overlay-color":"","overlay-opacity":"","overlay-gradient":""}}},"product_brand":[],"product_cat":[187,192,196],"product_tag":[],"class_list":{"0":"post-11157","1":"product","2":"type-product","3":"status-publish","4":"has-post-thumbnail","6":"product_cat-echantillons-de-produits","7":"product_cat-revetements-et-encres","8":"product_cat-tensioactif","9":"desktop-align-left","10":"tablet-align-left","11":"mobile-align-left","12":"ast-product-gallery-layout-horizontal-slider","13":"ast-product-tabs-layout-horizontal","15":"first","16":"instock","17":"shipping-taxable","18":"purchasable","19":"product-type-simple"},"_links":{"self":[{"href":"https:\/\/www.cosoonchem.com\/fr\/wp-json\/wp\/v2\/product\/11157","targetHints":{"allow":["GET"]}}],"collection":[{"href":"https:\/\/www.cosoonchem.com\/fr\/wp-json\/wp\/v2\/product"}],"about":[{"href":"https:\/\/www.cosoonchem.com\/fr\/wp-json\/wp\/v2\/types\/product"}],"replies":[{"embeddable":true,"href":"https:\/\/www.cosoonchem.com\/fr\/wp-json\/wp\/v2\/comments?post=11157"}],"version-history":[{"count":0,"href":"https:\/\/www.cosoonchem.com\/fr\/wp-json\/wp\/v2\/product\/11157\/revisions"}],"wp:featuredmedia":[{"embeddable":true,"href":"https:\/\/www.cosoonchem.com\/fr\/wp-json\/wp\/v2\/media\/7588"}],"wp:attachment":[{"href":"https:\/\/www.cosoonchem.com\/fr\/wp-json\/wp\/v2\/media?parent=11157"}],"wp:term":[{"taxonomy":"product_brand","embeddable":true,"href":"https:\/\/www.cosoonchem.com\/fr\/wp-json\/wp\/v2\/product_brand?post=11157"},{"taxonomy":"product_cat","embeddable":true,"href":"https:\/\/www.cosoonchem.com\/fr\/wp-json\/wp\/v2\/product_cat?post=11157"},{"taxonomy":"product_tag","embeddable":true,"href":"https:\/\/www.cosoonchem.com\/fr\/wp-json\/wp\/v2\/product_tag?post=11157"}],"curies":[{"name":"wp","href":"https:\/\/api.w.org\/{rel}","templated":true}]}}