{"id":11173,"date":"2022-05-24T20:47:54","date_gmt":"2022-05-24T12:47:54","guid":{"rendered":"https:\/\/www.cosoonchem.com\/84-sterilisateur\/"},"modified":"2022-05-24T20:47:54","modified_gmt":"2022-05-24T12:47:54","slug":"84-sterilisateur","status":"publish","type":"product","link":"https:\/\/www.cosoonchem.com\/fr\/produit\/84-sterilisateur\/","title":{"rendered":"84 St\u00e9rilisateur"},"content":{"rendered":"<p>Les donn\u00e9es proviennent d&rsquo;une structure d&rsquo;essai tierce qualifi\u00e9e utilisant 84 r\u00e9sultats de tests de d\u00e9sinfection, dans les conditions de test de trois minutes, efficaces pour tuer 99,999 % d&rsquo;Escherichia coli, Staphylococcus aureus, Candida albicans. Les donn\u00e9es du test sont fournies \u00e0 titre de r\u00e9f\u00e9rence uniquement, l&rsquo;effet varie d&rsquo;une personne \u00e0 l&rsquo;autre. L&rsquo;efficacit\u00e9 bact\u00e9ricide de 99,999 % du m\u00eame doigt est d\u00e9crite ci-dessous, nous ne r\u00e9p\u00e9terons pas les notes.<br \/>Traduit avec DeepL.com (version gratuite)<\/p>\n<p>84 d\u00e9sinfectant permet de d\u00e9sinfecter efficacement les plaies cutan\u00e9es, les v\u00eatements, les meubles, etc.<\/p>\n<ul>\n<li>Multi-usages : D\u00e9sinfection domestique Multi-usages<\/li>\n<li>St\u00e9rilisation : efficace \u00e0 99,999%.<\/li>\n<li>Douceur : douce et rassurante sur les plaies<\/li>\n<li>Convient aux acariens : \u00e9limination tr\u00e8s efficace des acariens, comme le soleil.<\/li>\n<\/ul>\n<h2>l&rsquo;information<\/h2>\n<table>\n<tbody>\n<tr>\n<td width=\"189\">norme<\/td>\n<td width=\"219\">500ML\u30011L\u30015L<\/td>\n<\/tr>\n<tr>\n<td width=\"189\">ingr\u00e9dient<\/td>\n<td width=\"219\">4,3 %-5,3 % (p\/v) de p-chloro-m-xyl\u00e8ne-ph\u00e9nol<\/td>\n<\/tr>\n<tr>\n<td width=\"189\">l&rsquo;efficacit\u00e9<\/td>\n<td width=\"219\">M\u00e9nage, d\u00e9sinfection de la peau 99,999% tue les acariens fins<\/td>\n<\/tr>\n<tr>\n<td width=\"189\">\u5236\u9020\u5546<\/td>\n<td width=\"219\">\u5e7f\u5dde\u4ebf\u5947\u79d1\u6280\u80a1\u4efd\u6709\u9650\u516c\u53f8<\/td>\n<\/tr>\n<tr>\n<td width=\"189\">p\u00e9riode de validit\u00e9<\/td>\n<td width=\"219\">D\u00e9cembre<\/td>\n<\/tr>\n<tr>\n<td width=\"189\">\u751f\u5730<\/td>\n<td width=\"219\">\u5e7f\u5dde<\/td>\n<\/tr>\n<\/tbody>\n<\/table>\n<h2>Formule antibact\u00e9rienne<\/h2>\n<ul>\n<li>Coupures l\u00e9g\u00e8res, \u00e9corchures, d\u00e9sinfection de la peau : 20 ml de d\u00e9sinfectant + 500 ml d&rsquo;eau min\u00e9rale<\/li>\n<li>Lavage en machine, rin\u00e7age, lavage \u00e0 la main : 60 ml de d\u00e9sinfectant + 3500 ml d&rsquo;eau min\u00e9rale<\/li>\n<li>Nettoyage des sols et des surfaces m\u00e9nag\u00e8res : 60 ml de d\u00e9sinfectant + 1500 ml d&rsquo;eau min\u00e9rale<\/li>\n<\/ul>\n<p>&nbsp;<\/p>\n","protected":false},"excerpt":{"rendered":"<p>84 d\u00e9sinfectant est une sorte de d\u00e9sinfectant au chlore dont l&rsquo;ingr\u00e9dient principal est l&rsquo;hypochlorite de sodium. Il d\u00e9sinfecte efficacement les plaies cutan\u00e9es, les v\u00eatements, les meubles, etc. pour vous prot\u00e9ger des bact\u00e9ries nocives et cr\u00e9er un environnement sain&#8230;<br \/>\nPolyvalent : D\u00e9sinfection domestique Polyvalent St\u00e9rilisation : Efficace \u00e0 99,999% Doux : Doux et sans danger pour les plaies \u00c9limination des acariens : Tr\u00e8s efficace pour \u00e9liminer les acariens Comme les bains de soleil<\/p>\n","protected":false},"featured_media":8348,"comment_status":"closed","ping_status":"closed","template":"","meta":{"site-sidebar-layout":"no-sidebar","site-content-layout":"page-builder","ast-site-content-layout":"full-width-container","site-content-style":"unboxed","site-sidebar-style":"unboxed","ast-global-header-display":"","ast-banner-title-visibility":"","ast-main-header-display":"","ast-hfb-above-header-display":"","ast-hfb-below-header-display":"","ast-hfb-mobile-header-display":"","site-post-title":"disabled","ast-breadcrumbs-content":"","ast-featured-img":"disabled","footer-sml-layout":"","ast-disable-related-posts":"","theme-transparent-header-meta":"default","adv-header-id-meta":"","stick-header-meta":"default","header-above-stick-meta":"","header-main-stick-meta":"","header-below-stick-meta":"","astra-migrate-meta-layouts":"default","ast-page-background-enabled":"default","ast-page-background-meta":{"desktop":{"background-color":"var(--ast-global-color-4)","background-image":"","background-repeat":"repeat","background-position":"center center","background-size":"auto","background-attachment":"scroll","background-type":"","background-media":"","overlay-type":"","overlay-color":"","overlay-opacity":"","overlay-gradient":""},"tablet":{"background-color":"","background-image":"","background-repeat":"repeat","background-position":"center center","background-size":"auto","background-attachment":"scroll","background-type":"","background-media":"","overlay-type":"","overlay-color":"","overlay-opacity":"","overlay-gradient":""},"mobile":{"background-color":"","background-image":"","background-repeat":"repeat","background-position":"center center","background-size":"auto","background-attachment":"scroll","background-type":"","background-media":"","overlay-type":"","overlay-color":"","overlay-opacity":"","overlay-gradient":""}},"ast-content-background-meta":{"desktop":{"background-color":"var(--ast-global-color-5)","background-image":"","background-repeat":"repeat","background-position":"center center","background-size":"auto","background-attachment":"scroll","background-type":"","background-media":"","overlay-type":"","overlay-color":"","overlay-opacity":"","overlay-gradient":""},"tablet":{"background-color":"var(--ast-global-color-5)","background-image":"","background-repeat":"repeat","background-position":"center center","background-size":"auto","background-attachment":"scroll","background-type":"","background-media":"","overlay-type":"","overlay-color":"","overlay-opacity":"","overlay-gradient":""},"mobile":{"background-color":"var(--ast-global-color-5)","background-image":"","background-repeat":"repeat","background-position":"center center","background-size":"auto","background-attachment":"scroll","background-type":"","background-media":"","overlay-type":"","overlay-color":"","overlay-opacity":"","overlay-gradient":""}}},"product_brand":[],"product_cat":[193,187,189],"product_tag":[],"class_list":{"0":"post-11173","1":"product","2":"type-product","3":"status-publish","4":"has-post-thumbnail","6":"product_cat-controle-de-la-pollution-de-lenvironnement","7":"product_cat-echantillons-de-produits","8":"product_cat-produits-chimiques-de-base","9":"desktop-align-left","10":"tablet-align-left","11":"mobile-align-left","12":"ast-product-gallery-layout-horizontal-slider","13":"ast-product-tabs-layout-horizontal","15":"first","16":"instock","17":"shipping-taxable","18":"purchasable","19":"product-type-simple"},"_links":{"self":[{"href":"https:\/\/www.cosoonchem.com\/fr\/wp-json\/wp\/v2\/product\/11173","targetHints":{"allow":["GET"]}}],"collection":[{"href":"https:\/\/www.cosoonchem.com\/fr\/wp-json\/wp\/v2\/product"}],"about":[{"href":"https:\/\/www.cosoonchem.com\/fr\/wp-json\/wp\/v2\/types\/product"}],"replies":[{"embeddable":true,"href":"https:\/\/www.cosoonchem.com\/fr\/wp-json\/wp\/v2\/comments?post=11173"}],"version-history":[{"count":0,"href":"https:\/\/www.cosoonchem.com\/fr\/wp-json\/wp\/v2\/product\/11173\/revisions"}],"wp:featuredmedia":[{"embeddable":true,"href":"https:\/\/www.cosoonchem.com\/fr\/wp-json\/wp\/v2\/media\/8348"}],"wp:attachment":[{"href":"https:\/\/www.cosoonchem.com\/fr\/wp-json\/wp\/v2\/media?parent=11173"}],"wp:term":[{"taxonomy":"product_brand","embeddable":true,"href":"https:\/\/www.cosoonchem.com\/fr\/wp-json\/wp\/v2\/product_brand?post=11173"},{"taxonomy":"product_cat","embeddable":true,"href":"https:\/\/www.cosoonchem.com\/fr\/wp-json\/wp\/v2\/product_cat?post=11173"},{"taxonomy":"product_tag","embeddable":true,"href":"https:\/\/www.cosoonchem.com\/fr\/wp-json\/wp\/v2\/product_tag?post=11173"}],"curies":[{"name":"wp","href":"https:\/\/api.w.org\/{rel}","templated":true}]}}