{"id":11001,"date":"2024-09-27T16:39:10","date_gmt":"2024-09-27T08:39:10","guid":{"rendered":"https:\/\/www.cosoonchem.com\/camada-protetora-nano-galvanizada\/"},"modified":"2024-10-14T15:43:46","modified_gmt":"2024-10-14T07:43:46","slug":"camada-protetora-nano-galvanizada","status":"publish","type":"product","link":"https:\/\/www.cosoonchem.com\/pt-br\/produto\/camada-protetora-nano-galvanizada\/","title":{"rendered":"Camada protetora nano-galvanizada"},"content":{"rendered":"<h2>Recursos do produto<\/h2>\n<ul>\n<li>F\u00e1cil de limpar, resistente a manchas, hidrof\u00f3bico, oleof\u00f3bico e resistente \u00e0 abras\u00e3o;<\/li>\n<li>O couro genu\u00edno e o couro t\u00eam boa textura e toque;<\/li>\n<li>Adiciona maleabilidade ao couro;<\/li>\n<li>Mant\u00e9m o BB cream, batom, manchas de ch\u00e1, poeira, cromossomos, etc. fora do alcance e evita que a derme desbote, manche, contamine e mofe;<\/li>\n<\/ul>\n<h2>Escopo de uso<\/h2>\n<ul>\n<li>Couro genu\u00edno, sobre couro<\/li>\n<li>Assento de carro<\/li>\n<li>Roupas de couro, bolsas de couro, artigos de couro<\/li>\n<li>Couro artificial, couro sint\u00e9tico<\/li>\n<li><span style=\"vertical-align: inherit;\"><span style=\"vertical-align: inherit;\">Superf\u00edcies de m\u00f3veis de madeira<\/span><\/span><\/li>\n<\/ul>\n<h2>Relat\u00f3rio de teste da SGS<\/h2>\n<table width=\"985\">\n<tbody>\n<tr>\n<td width=\"197\">Itens de teste<\/td>\n<td width=\"197\">Valor limite<\/td>\n<td width=\"197\">Unidade<\/td>\n<td width=\"197\"><span style=\"vertical-align: inherit;\"><span style=\"vertical-align: inherit;\">MDL<\/span><\/span><\/td>\n<td width=\"197\"><span style=\"vertical-align: inherit;\"><span style=\"vertical-align: inherit;\">1<\/span><\/span><\/td>\n<\/tr>\n<tr>\n<td width=\"197\">Benzeno<\/td>\n<td width=\"197\"><span style=\"vertical-align: inherit;\"><span style=\"vertical-align: inherit;\">0.3<\/span><\/span><\/td>\n<td width=\"197\"><span style=\"vertical-align: inherit;\"><span style=\"vertical-align: inherit;\">% (w\/w)<\/span><\/span><\/td>\n<td width=\"197\"><span style=\"vertical-align: inherit;\"><span style=\"vertical-align: inherit;\">0.005<\/span><\/span><\/td>\n<td width=\"197\"><span style=\"vertical-align: inherit;\"><span style=\"vertical-align: inherit;\">ND<\/span><\/span><\/td>\n<\/tr>\n<tr>\n<td width=\"197\">Tolueno<\/td>\n<td width=\"197\"><span style=\"vertical-align: inherit;\"><span style=\"vertical-align: inherit;\">&#8211;<\/span><\/span><\/td>\n<td width=\"197\"><span style=\"vertical-align: inherit;\"><span style=\"vertical-align: inherit;\">% (w\/w)<\/span><\/span><\/td>\n<td width=\"197\"><span style=\"vertical-align: inherit;\"><span style=\"vertical-align: inherit;\">0.005<\/span><\/span><\/td>\n<td width=\"197\"><span style=\"vertical-align: inherit;\"><span style=\"vertical-align: inherit;\">ND<\/span><\/span><\/td>\n<\/tr>\n<tr>\n<td width=\"197\">Etilbenzeno<\/td>\n<td width=\"197\"><span style=\"vertical-align: inherit;\"><span style=\"vertical-align: inherit;\">&#8211;<\/span><\/span><\/td>\n<td width=\"197\"><span style=\"vertical-align: inherit;\"><span style=\"vertical-align: inherit;\">% (w\/w)<\/span><\/span><\/td>\n<td width=\"197\"><span style=\"vertical-align: inherit;\"><span style=\"vertical-align: inherit;\">0.005<\/span><\/span><\/td>\n<td width=\"197\"><span style=\"vertical-align: inherit;\"><span style=\"vertical-align: inherit;\">ND<\/span><\/span><\/td>\n<\/tr>\n<tr>\n<td width=\"197\">m- e p-Xileno<\/td>\n<td width=\"197\"><span style=\"vertical-align: inherit;\"><span style=\"vertical-align: inherit;\">&#8211;<\/span><\/span><\/td>\n<td width=\"197\"><span style=\"vertical-align: inherit;\"><span style=\"vertical-align: inherit;\">% (w\/w)<\/span><\/span><\/td>\n<td width=\"197\"><span style=\"vertical-align: inherit;\"><span style=\"vertical-align: inherit;\">0.005<\/span><\/span><\/td>\n<td width=\"197\"><span style=\"vertical-align: inherit;\"><span style=\"vertical-align: inherit;\">ND<\/span><\/span><\/td>\n<\/tr>\n<tr>\n<td width=\"197\">o-xileno<\/td>\n<td width=\"197\"><span style=\"vertical-align: inherit;\"><span style=\"vertical-align: inherit;\">&#8211;<\/span><\/span><\/td>\n<td width=\"197\"><span style=\"vertical-align: inherit;\"><span style=\"vertical-align: inherit;\">% (w\/w)<\/span><\/span><\/td>\n<td width=\"197\"><span style=\"vertical-align: inherit;\"><span style=\"vertical-align: inherit;\">0.005<\/span><\/span><\/td>\n<td width=\"197\"><span style=\"vertical-align: inherit;\"><span style=\"vertical-align: inherit;\">ND<\/span><\/span><\/td>\n<\/tr>\n<tr>\n<td width=\"197\">Xileno<\/td>\n<td width=\"197\"><span style=\"vertical-align: inherit;\"><span style=\"vertical-align: inherit;\">&#8211;<\/span><\/span><\/td>\n<td width=\"197\"><span style=\"vertical-align: inherit;\"><span style=\"vertical-align: inherit;\">% (w\/w)<\/span><\/span><\/td>\n<td width=\"197\"><span style=\"vertical-align: inherit;\"><span style=\"vertical-align: inherit;\">&#8211;<\/span><\/span><\/td>\n<td width=\"197\"><span style=\"vertical-align: inherit;\"><span style=\"vertical-align: inherit;\">ND<\/span><\/span><\/td>\n<\/tr>\n<tr>\n<td width=\"197\">Tolueno e xileno (com etilbenzeno) agregado<\/td>\n<td width=\"197\"><span style=\"vertical-align: inherit;\"><span style=\"vertical-align: inherit;\">0.3<\/span><\/span><\/td>\n<td width=\"197\"><span style=\"vertical-align: inherit;\"><span style=\"vertical-align: inherit;\">% (w\/w)<\/span><\/span><\/td>\n<td width=\"197\"><span style=\"vertical-align: inherit;\"><span style=\"vertical-align: inherit;\">&#8211;<\/span><\/span><\/td>\n<td width=\"197\"><span style=\"vertical-align: inherit;\"><span style=\"vertical-align: inherit;\">ND<\/span><\/span><\/td>\n<\/tr>\n<tr>\n<td width=\"197\">Chumbo\uff08Pb\uff09<\/td>\n<td width=\"197\"><span style=\"vertical-align: inherit;\"><span style=\"vertical-align: inherit;\">1000<\/span><\/span><\/td>\n<td width=\"197\"><span style=\"vertical-align: inherit;\"><span style=\"vertical-align: inherit;\">mg\/kg<\/span><\/span><\/td>\n<td width=\"197\"><span style=\"vertical-align: inherit;\"><span style=\"vertical-align: inherit;\">2<\/span><\/span><\/td>\n<td width=\"197\"><span style=\"vertical-align: inherit;\"><span style=\"vertical-align: inherit;\">ND<\/span><\/span><\/td>\n<\/tr>\n<tr>\n<td width=\"197\">Cromo\uff08Cd\uff09<\/td>\n<td width=\"197\"><span style=\"vertical-align: inherit;\"><span style=\"vertical-align: inherit;\">100<\/span><\/span><\/td>\n<td width=\"197\"><span style=\"vertical-align: inherit;\"><span style=\"vertical-align: inherit;\">mg\/kg<\/span><\/span><\/td>\n<td width=\"197\"><span style=\"vertical-align: inherit;\"><span style=\"vertical-align: inherit;\">2<\/span><\/span><\/td>\n<td width=\"197\"><span style=\"vertical-align: inherit;\"><span style=\"vertical-align: inherit;\">ND<\/span><\/span><\/td>\n<\/tr>\n<tr>\n<td width=\"197\">Merc\u00fario\uff08Hg\uff09<\/td>\n<td width=\"197\"><span style=\"vertical-align: inherit;\"><span style=\"vertical-align: inherit;\">1000<\/span><\/span><\/td>\n<td width=\"197\"><span style=\"vertical-align: inherit;\"><span style=\"vertical-align: inherit;\">mg\/kg<\/span><\/span><\/td>\n<td width=\"197\"><span style=\"vertical-align: inherit;\"><span style=\"vertical-align: inherit;\">2<\/span><\/span><\/td>\n<td width=\"197\"><span style=\"vertical-align: inherit;\"><span style=\"vertical-align: inherit;\">ND<\/span><\/span><\/td>\n<\/tr>\n<tr>\n<td width=\"197\">Cromo hexavalente\uff08CrVI\uff09<\/td>\n<td width=\"197\"><span style=\"vertical-align: inherit;\"><span style=\"vertical-align: inherit;\">1000<\/span><\/span><\/td>\n<td width=\"197\"><span style=\"vertical-align: inherit;\"><span style=\"vertical-align: inherit;\">mg\/kg<\/span><\/span><\/td>\n<td width=\"197\"><span style=\"vertical-align: inherit;\"><span style=\"vertical-align: inherit;\">8<\/span><\/span><\/td>\n<td width=\"197\"><span style=\"vertical-align: inherit;\"><span style=\"vertical-align: inherit;\">ND<\/span><\/span><\/td>\n<\/tr>\n<\/tbody>\n<\/table>\n<h2>Diferen\u00e7a entre os cuidados de rotina e este produto<\/h2>\n<table width=\"591\">\n<tbody>\n<tr>\n<td width=\"197\">Projeto de compara\u00e7\u00e3o<\/td>\n<td width=\"197\">Ceras protetoras e condicionadores de couro ap\u00f3s a manuten\u00e7\u00e3o regular<\/td>\n<td width=\"197\">Camada protetora nano-galvanizada<\/td>\n<\/tr>\n<tr>\n<td width=\"197\"><span style=\"vertical-align: inherit;\"><span style=\"vertical-align: inherit;\">1<\/span><\/span><\/td>\n<td width=\"197\">Tem cheiro e n\u00e3o \u00e9 apreciado por pessoas sens\u00edveis a cheiros<\/td>\n<td width=\"197\">Inodoro e transparente<\/td>\n<\/tr>\n<tr>\n<td width=\"197\"><span style=\"vertical-align: inherit;\"><span style=\"vertical-align: inherit;\">2<\/span><\/span><\/td>\n<td width=\"197\">Muita oleosidade (alguns n\u00e3o s\u00e3o ecologicamente corretos)<\/td>\n<td width=\"197\">Ecologicamente correto, testado pela organiza\u00e7\u00e3o SGS<\/td>\n<\/tr>\n<tr>\n<td width=\"197\"><span style=\"vertical-align: inherit;\"><span style=\"vertical-align: inherit;\">3<\/span><\/span><\/td>\n<td width=\"197\">Tempo de reten\u00e7\u00e3o curto<\/td>\n<td width=\"197\">Permanente (sem danos mec\u00e2nicos externos)<\/td>\n<\/tr>\n<tr>\n<td width=\"197\"><span style=\"vertical-align: inherit;\"><span style=\"vertical-align: inherit;\">4<\/span><\/span><\/td>\n<td width=\"197\">Sem resist\u00eancia a manchas, poeira facilmente absorvida<\/td>\n<td width=\"197\">Antivegetativo<\/td>\n<\/tr>\n<tr>\n<td width=\"197\"><span style=\"vertical-align: inherit;\"><span style=\"vertical-align: inherit;\">5<\/span><\/span><\/td>\n<td width=\"197\">Sem propriedades antidesgaste<\/td>\n<td width=\"197\">Resistente ao desgaste, com dureza de at\u00e9 3H<\/td>\n<\/tr>\n<tr>\n<td width=\"197\"><span style=\"vertical-align: inherit;\"><span style=\"vertical-align: inherit;\">6<\/span><\/span><\/td>\n<td width=\"197\">M\u00e3os pegajosas, roupas pegajosas<\/td>\n<td width=\"197\">M\u00e3os antiaderentes, roupas antiaderentes<\/td>\n<\/tr>\n<\/tbody>\n<\/table>\n<h2>Uso<\/h2>\n<ol>\n<li>Primeiramente, limpe o couro\/couro dentro do carro com um limpador de interiores e mantenha o carro em um secador de cabelo quente por 30 minutos para permitir que o couro\/couro seque completamente;<\/li>\n<li>Despeje o revestimento de nanocristais no pano especial, esfregue uniformemente o couro, n\u00e3o perca a fric\u00e7\u00e3o, para evitar que a cor da superf\u00edcie n\u00e3o fique uniforme ap\u00f3s a constru\u00e7\u00e3o;<\/li>\n<li>Ordem de constru\u00e7\u00e3o: motorista principal &#8211; passageiro &#8211; traseira, abra as janelas durante a constru\u00e7\u00e3o para manter a circula\u00e7\u00e3o de ar, feche as janelas imediatamente ap\u00f3s a constru\u00e7\u00e3o e evite tocar nelas;<\/li>\n<li>Ap\u00f3s a constru\u00e7\u00e3o, abra o carro com ar quente por 30 minutos e certifique-se de usar a luz para verificar se o revestimento est\u00e1 uniforme;<\/li>\n<li>O carro pode ser entregue para uso 4 horas ap\u00f3s a constru\u00e7\u00e3o;<\/li>\n<li>Para verifica\u00e7\u00e3o da resist\u00eancia a manchas, dureza, etc., \u00e9 necess\u00e1rio aguardar 24 horas para que o revestimento seque completamente antes da verifica\u00e7\u00e3o.<\/li>\n<\/ol>\n<h2>Advert\u00eancia<\/h2>\n<ol>\n<li>Durante o processo de constru\u00e7\u00e3o, se o revestimento de cristal l\u00edquido tocar acidentalmente o vidro ou uma superf\u00edcie lisa e dura, voc\u00ea pode usar uma toalha \u00famida para limpar e, em seguida, usar uma toalha seca para limpar;<\/li>\n<li>N\u00e3o use em pl\u00e1stico;<\/li>\n<li>Ao trabalhar com couro de cor escura, se for necess\u00e1rio um acabamento fosco, certifique-se de limpar suavemente com uma toalha seca novamente para evitar uma superf\u00edcie muito brilhante;<\/li>\n<li>Se o l\u00edquido do revestimento de cristal entrar em contato com seus olhos durante o processo de constru\u00e7\u00e3o, v\u00e1 imediatamente ao hospital para receber tratamento;<\/li>\n<\/ol>\n<h2>Especifica\u00e7\u00e3o da embalagem<\/h2>\n<ul>\n<li>Conjunto 01: 200mL de limpador de couro + 25mL de l\u00edquido de revestimento de nanocristais 2 + pano especial 2 = uma pequena dosagem para carro<\/li>\n<li>Conjunto 02: 200 ml de limpador de couro + 50 ml de l\u00edquido de revestimento de nanocristais 2 pe\u00e7as + pano especial 2 pe\u00e7as = 2 dosagens para carros pequenos<\/li>\n<li>Processamento personalizado (OEM): quantidade de processamento \u22652000 conjuntos<\/li>\n<li>L\u00edquido do produto: 5Kg\/tambor<\/li>\n<\/ul>\n","protected":false},"excerpt":{"rendered":"<ul>\n<li>O Camada protetora nano-galvanizada \u00e9 feito de uma modula\u00e7\u00e3o de material de tecnologia bi\u00f4nica em nanoescala;<\/li>\n<li>O revestimento autolimpante antiincrustante de couro n\u00e3o \u00e9 um tipo de cobertura, mas com a pele dentro do grupo hidroxila reage para formar uma camada protetora. O produto \u00e9 em escala nanom\u00e9trica, a espessura do revestimento \u00e9 de apenas um d\u00e9cimo de um fio de cabelo, de modo que ele pode garantir que n\u00e3o haja for\u00e7a para destruir o estojo, que a vida \u00fatil n\u00e3o caia e n\u00e3o descasque a pele.<\/li>\n<\/ul>\n","protected":false},"featured_media":10680,"comment_status":"open","ping_status":"closed","template":"","meta":{"site-sidebar-layout":"default","site-content-layout":"","ast-site-content-layout":"default","site-content-style":"default","site-sidebar-style":"default","ast-global-header-display":"","ast-banner-title-visibility":"","ast-main-header-display":"","ast-hfb-above-header-display":"","ast-hfb-below-header-display":"","ast-hfb-mobile-header-display":"","site-post-title":"","ast-breadcrumbs-content":"","ast-featured-img":"","footer-sml-layout":"","ast-disable-related-posts":"","theme-transparent-header-meta":"default","adv-header-id-meta":"","stick-header-meta":"default","header-above-stick-meta":"","header-main-stick-meta":"","header-below-stick-meta":"","astra-migrate-meta-layouts":"set","ast-page-background-enabled":"default","ast-page-background-meta":{"desktop":{"background-color":"var(--ast-global-color-4)","background-image":"","background-repeat":"repeat","background-position":"center center","background-size":"auto","background-attachment":"scroll","background-type":"","background-media":"","overlay-type":"","overlay-color":"","overlay-opacity":"","overlay-gradient":""},"tablet":{"background-color":"","background-image":"","background-repeat":"repeat","background-position":"center center","background-size":"auto","background-attachment":"scroll","background-type":"","background-media":"","overlay-type":"","overlay-color":"","overlay-opacity":"","overlay-gradient":""},"mobile":{"background-color":"","background-image":"","background-repeat":"repeat","background-position":"center center","background-size":"auto","background-attachment":"scroll","background-type":"","background-media":"","overlay-type":"","overlay-color":"","overlay-opacity":"","overlay-gradient":""}},"ast-content-background-meta":{"desktop":{"background-color":"var(--ast-global-color-5)","background-image":"","background-repeat":"repeat","background-position":"center center","background-size":"auto","background-attachment":"scroll","background-type":"","background-media":"","overlay-type":"","overlay-color":"","overlay-opacity":"","overlay-gradient":""},"tablet":{"background-color":"var(--ast-global-color-5)","background-image":"","background-repeat":"repeat","background-position":"center center","background-size":"auto","background-attachment":"scroll","background-type":"","background-media":"","overlay-type":"","overlay-color":"","overlay-opacity":"","overlay-gradient":""},"mobile":{"background-color":"var(--ast-global-color-5)","background-image":"","background-repeat":"repeat","background-position":"center center","background-size":"auto","background-attachment":"scroll","background-type":"","background-media":"","overlay-type":"","overlay-color":"","overlay-opacity":"","overlay-gradient":""}}},"product_brand":[],"product_cat":[264,240,284],"product_tag":[],"class_list":{"0":"post-11001","1":"product","2":"type-product","3":"status-publish","4":"has-post-thumbnail","6":"product_cat-revestimentos-e-tintas","7":"product_cat-amostras-de-produtos","8":"product_cat-surfactante","9":"desktop-align-left","10":"tablet-align-left","11":"mobile-align-left","12":"ast-product-gallery-layout-horizontal-slider","13":"ast-product-tabs-layout-horizontal","15":"first","16":"instock","17":"shipping-taxable","18":"purchasable","19":"product-type-simple"},"_links":{"self":[{"href":"https:\/\/www.cosoonchem.com\/pt-br\/wp-json\/wp\/v2\/product\/11001","targetHints":{"allow":["GET"]}}],"collection":[{"href":"https:\/\/www.cosoonchem.com\/pt-br\/wp-json\/wp\/v2\/product"}],"about":[{"href":"https:\/\/www.cosoonchem.com\/pt-br\/wp-json\/wp\/v2\/types\/product"}],"replies":[{"embeddable":true,"href":"https:\/\/www.cosoonchem.com\/pt-br\/wp-json\/wp\/v2\/comments?post=11001"}],"version-history":[{"count":0,"href":"https:\/\/www.cosoonchem.com\/pt-br\/wp-json\/wp\/v2\/product\/11001\/revisions"}],"wp:featuredmedia":[{"embeddable":true,"href":"https:\/\/www.cosoonchem.com\/pt-br\/wp-json\/wp\/v2\/media\/10680"}],"wp:attachment":[{"href":"https:\/\/www.cosoonchem.com\/pt-br\/wp-json\/wp\/v2\/media?parent=11001"}],"wp:term":[{"taxonomy":"product_brand","embeddable":true,"href":"https:\/\/www.cosoonchem.com\/pt-br\/wp-json\/wp\/v2\/product_brand?post=11001"},{"taxonomy":"product_cat","embeddable":true,"href":"https:\/\/www.cosoonchem.com\/pt-br\/wp-json\/wp\/v2\/product_cat?post=11001"},{"taxonomy":"product_tag","embeddable":true,"href":"https:\/\/www.cosoonchem.com\/pt-br\/wp-json\/wp\/v2\/product_tag?post=11001"}],"curies":[{"name":"wp","href":"https:\/\/api.w.org\/{rel}","templated":true}]}}