{"id":11061,"date":"2021-05-06T23:17:10","date_gmt":"2021-05-06T15:17:10","guid":{"rendered":"https:\/\/www.cosoonchem.com\/resinas-fotopolimerizaveis-a-base-de-agua-uv-32x55\/"},"modified":"2024-10-25T16:50:49","modified_gmt":"2024-10-25T08:50:49","slug":"resinas-fotopolimerizaveis-a-base-de-agua-uv-32x55","status":"publish","type":"product","link":"https:\/\/www.cosoonchem.com\/pt-br\/produto\/resinas-fotopolimerizaveis-a-base-de-agua-uv-32x55\/","title":{"rendered":"Resinas fotopolimeriz\u00e1veis \u00e0 base de \u00e1gua UV-32X55"},"content":{"rendered":"<h2>Caracter\u00edstica t\u00edpica<\/h2>\n<ul>\n<li>Boa ades\u00e3o a pl\u00e1sticos e papel.<\/li>\n<li>Boa resist\u00eancia \u00e0 \u00e1gua<\/li>\n<li>Boa solubilidade em \u00e1gua e dilui\u00e7\u00e3o<\/li>\n<li>Boas propriedades de umecta\u00e7\u00e3o e lixamento para pigmentos.<\/li>\n<li>Alta dureza<\/li>\n<li>Boa compatibilidade com a \u00e1gua<\/li>\n<\/ul>\n<h2>Uso do produto<\/h2>\n<ul>\n<li>Tintas e vernizes UV \u00e0 base de \u00e1gua<\/li>\n<li>Revestimentos UV \u00e0 base de \u00e1gua, revestimentos de madeira, revestimentos industriais (revestimentos de metal)<\/li>\n<\/ul>\n<h2>Indicadores de qualidade<\/h2>\n<table>\n<tbody>\n<tr>\n<td width=\"261\">S\u00f3lido %<\/td>\n<td width=\"255\">98%<\/td>\n<\/tr>\n<tr>\n<td width=\"261\">Viscosidade Brinell 25\u2103<\/td>\n<td width=\"255\">6000~9000mpa,S<\/td>\n<\/tr>\n<tr>\n<td width=\"261\">Valor de PH<\/td>\n<td width=\"255\">7.5-8.5<\/td>\n<\/tr>\n<tr>\n<td width=\"261\">condi\u00e7\u00e3o externa<\/td>\n<td width=\"255\">L\u00edquido transparente amarelo claro, sem odor<\/td>\n<\/tr>\n<tr>\n<td width=\"261\">Temperatura de transi\u00e7\u00e3o v\u00edtrea Tg, \u00b0C<\/td>\n<td width=\"255\">60<\/td>\n<\/tr>\n<tr>\n<td width=\"261\">ebuli\u00e7\u00e3o<\/td>\n<td width=\"255\">120\u2103<\/td>\n<\/tr>\n<tr>\n<td width=\"261\">ponto de fulgor<\/td>\n<td width=\"255\">160\u2103<\/td>\n<\/tr>\n<tr>\n<td width=\"261\">densidade<\/td>\n<td width=\"255\">1.15g\/mm\u00b3<\/td>\n<\/tr>\n<\/tbody>\n<\/table>\n<h2>Uso<\/h2>\n<table>\n<tbody>\n<tr>\n<td colspan=\"2\" width=\"543\"><strong>Verniz UV para papel \u00e0 base de \u00e1gua<\/strong><\/td>\n<\/tr>\n<tr>\n<td width=\"289\">UV-35X55<\/td>\n<td width=\"251\">55%<\/td>\n<\/tr>\n<tr>\n<td width=\"289\">agente hidrof\u00edlico ativo UV-10000<\/td>\n<td width=\"251\">10%<\/td>\n<\/tr>\n<tr>\n<td width=\"289\">DDA<\/td>\n<td width=\"251\">5%<\/td>\n<\/tr>\n<tr>\n<td width=\"289\">iniciador-500<\/td>\n<td width=\"251\">4%<\/td>\n<\/tr>\n<tr>\n<td width=\"289\">TPOL<\/td>\n<td width=\"251\">1%<\/td>\n<\/tr>\n<tr>\n<td width=\"289\">3270<\/td>\n<td width=\"251\">0.4%<\/td>\n<\/tr>\n<tr>\n<td width=\"289\">02C<\/td>\n<td width=\"251\">0.3%<\/td>\n<\/tr>\n<tr>\n<td width=\"289\">cera de abelha<\/td>\n<td width=\"251\">0.4%<\/td>\n<\/tr>\n<tr>\n<td width=\"289\">trietanolamina<\/td>\n<td width=\"251\">3%<\/td>\n<\/tr>\n<tr>\n<td width=\"289\">\u00e1gua desmineralizada<\/td>\n<td width=\"251\">20.9%<\/td>\n<\/tr>\n<\/tbody>\n<\/table>\n<h2>Especifica\u00e7\u00e3o da embalagem<\/h2>\n<p>200g\/500g\/20kg Este produto n\u00e3o \u00e9 uma mercadoria perigosa e pode ser transportado como carga geral.<\/p>\n<h2>condi\u00e7\u00e3o de armazenamento<\/h2>\n<ul>\n<li>O produto deve ser armazenado em recipientes herm\u00e9ticos, evitando o congelamento e altas temperaturas<\/li>\n<li>Sempre que poss\u00edvel, ele deve ser usado dentro de dez meses<\/li>\n<li>Recomenda-se a temperatura normal de armazenamento de 10 a 35\u00b0C.<\/li>\n<\/ul>\n","protected":false},"excerpt":{"rendered":"<ul>\n<li>Resinas fotopolimeriz\u00e1veis \u00e0 base de \u00e1gua UV-32X55 \u00e9 principalmente uma resina sint\u00e9tica acr\u00edlica \u00e0 base de \u00e1gua com quatro fun\u00e7\u00f5es. A resina tem alto teor de s\u00f3lidos, ligeiramente dura em geral, velocidade de cura r\u00e1pida e bom efeito de secagem da superf\u00edcie. Tem boa ades\u00e3o a superf\u00edcies de pl\u00e1stico e papel.<\/li>\n<li>N\u00e3o poluente, com baixo odor, baixa toxicidade, n\u00e3o inflam\u00e1vel<\/li>\n<li>Pode ser usado sozinho com \u00e1gua, iniciador, aditivos, etc., ou de acordo com os requisitos de desempenho e mistura de resina ou mon\u00f4mero \u00e0 base de \u00e1gua ou \u00f3leo, e iniciadores, aditivos, etc., com o uso de<\/li>\n<li>Adequado para verniz UV, verniz PET, tinta, tinta, etc.<\/li>\n<\/ul>\n","protected":false},"featured_media":7579,"comment_status":"open","ping_status":"closed","template":"","meta":{"site-sidebar-layout":"no-sidebar","site-content-layout":"page-builder","ast-site-content-layout":"full-width-container","site-content-style":"unboxed","site-sidebar-style":"unboxed","ast-global-header-display":"","ast-banner-title-visibility":"","ast-main-header-display":"","ast-hfb-above-header-display":"","ast-hfb-below-header-display":"","ast-hfb-mobile-header-display":"","site-post-title":"disabled","ast-breadcrumbs-content":"","ast-featured-img":"disabled","footer-sml-layout":"","ast-disable-related-posts":"","theme-transparent-header-meta":"default","adv-header-id-meta":"","stick-header-meta":"default","header-above-stick-meta":"","header-main-stick-meta":"","header-below-stick-meta":"","astra-migrate-meta-layouts":"set","ast-page-background-enabled":"default","ast-page-background-meta":{"desktop":{"background-color":"var(--ast-global-color-4)","background-image":"","background-repeat":"repeat","background-position":"center center","background-size":"auto","background-attachment":"scroll","background-type":"","background-media":"","overlay-type":"","overlay-color":"","overlay-opacity":"","overlay-gradient":""},"tablet":{"background-color":"","background-image":"","background-repeat":"repeat","background-position":"center center","background-size":"auto","background-attachment":"scroll","background-type":"","background-media":"","overlay-type":"","overlay-color":"","overlay-opacity":"","overlay-gradient":""},"mobile":{"background-color":"","background-image":"","background-repeat":"repeat","background-position":"center center","background-size":"auto","background-attachment":"scroll","background-type":"","background-media":"","overlay-type":"","overlay-color":"","overlay-opacity":"","overlay-gradient":""}},"ast-content-background-meta":{"desktop":{"background-color":"var(--ast-global-color-5)","background-image":"","background-repeat":"repeat","background-position":"center center","background-size":"auto","background-attachment":"scroll","background-type":"","background-media":"","overlay-type":"","overlay-color":"","overlay-opacity":"","overlay-gradient":""},"tablet":{"background-color":"var(--ast-global-color-5)","background-image":"","background-repeat":"repeat","background-position":"center center","background-size":"auto","background-attachment":"scroll","background-type":"","background-media":"","overlay-type":"","overlay-color":"","overlay-opacity":"","overlay-gradient":""},"mobile":{"background-color":"var(--ast-global-color-5)","background-image":"","background-repeat":"repeat","background-position":"center center","background-size":"auto","background-attachment":"scroll","background-type":"","background-media":"","overlay-type":"","overlay-color":"","overlay-opacity":"","overlay-gradient":""}}},"product_brand":[],"product_cat":[264,240,284],"product_tag":[],"class_list":{"0":"post-11061","1":"product","2":"type-product","3":"status-publish","4":"has-post-thumbnail","6":"product_cat-revestimentos-e-tintas","7":"product_cat-amostras-de-produtos","8":"product_cat-surfactante","9":"desktop-align-left","10":"tablet-align-left","11":"mobile-align-left","12":"ast-product-gallery-layout-horizontal-slider","13":"ast-product-tabs-layout-horizontal","15":"first","16":"instock","17":"shipping-taxable","18":"purchasable","19":"product-type-simple"},"_links":{"self":[{"href":"https:\/\/www.cosoonchem.com\/pt-br\/wp-json\/wp\/v2\/product\/11061","targetHints":{"allow":["GET"]}}],"collection":[{"href":"https:\/\/www.cosoonchem.com\/pt-br\/wp-json\/wp\/v2\/product"}],"about":[{"href":"https:\/\/www.cosoonchem.com\/pt-br\/wp-json\/wp\/v2\/types\/product"}],"replies":[{"embeddable":true,"href":"https:\/\/www.cosoonchem.com\/pt-br\/wp-json\/wp\/v2\/comments?post=11061"}],"version-history":[{"count":0,"href":"https:\/\/www.cosoonchem.com\/pt-br\/wp-json\/wp\/v2\/product\/11061\/revisions"}],"wp:featuredmedia":[{"embeddable":true,"href":"https:\/\/www.cosoonchem.com\/pt-br\/wp-json\/wp\/v2\/media\/7579"}],"wp:attachment":[{"href":"https:\/\/www.cosoonchem.com\/pt-br\/wp-json\/wp\/v2\/media?parent=11061"}],"wp:term":[{"taxonomy":"product_brand","embeddable":true,"href":"https:\/\/www.cosoonchem.com\/pt-br\/wp-json\/wp\/v2\/product_brand?post=11061"},{"taxonomy":"product_cat","embeddable":true,"href":"https:\/\/www.cosoonchem.com\/pt-br\/wp-json\/wp\/v2\/product_cat?post=11061"},{"taxonomy":"product_tag","embeddable":true,"href":"https:\/\/www.cosoonchem.com\/pt-br\/wp-json\/wp\/v2\/product_tag?post=11061"}],"curies":[{"name":"wp","href":"https:\/\/api.w.org\/{rel}","templated":true}]}}