{"id":11079,"date":"2021-05-07T14:53:53","date_gmt":"2021-05-07T06:53:53","guid":{"rendered":"https:\/\/www.cosoonchem.com\/polimeros-acrilicos-861\/"},"modified":"2024-10-29T15:25:28","modified_gmt":"2024-10-29T07:25:28","slug":"polimeros-acrilicos-861","status":"publish","type":"product","link":"https:\/\/www.cosoonchem.com\/pt-br\/produto\/polimeros-acrilicos-861\/","title":{"rendered":"Pol\u00edmeros acr\u00edlicos 861"},"content":{"rendered":"<h2>Caracter\u00edstica t\u00edpica<\/h2>\n<ul>\n<li>Baixo peso molecular<\/li>\n<li>Excelente capacidade de transfer\u00eancia e impress\u00e3o<\/li>\n<li>Alto brilho<\/li>\n<li>Dissolver at\u00e9 30-40% de s\u00f3lidos para uso<\/li>\n<\/ul>\n<h2>Indicadores de qualidade<\/h2>\n<table>\n<tbody>\n<tr>\n<td width=\"328\">Condi\u00e7\u00e3o externa<\/td>\n<td width=\"190\">S\u00f3lido transparente<\/td>\n<\/tr>\n<tr>\n<td width=\"328\">Mat\u00e9ria n\u00e3o vol\u00e1til wt%<\/td>\n<td width=\"190\">&gt;99<\/td>\n<\/tr>\n<tr>\n<td width=\"328\">Peso molecular m\u00e9dio Mw<\/td>\n<td width=\"190\">3500<\/td>\n<\/tr>\n<tr>\n<td width=\"328\">Valor \u00e1cido mgKOH\/g<\/td>\n<td width=\"190\">250<\/td>\n<\/tr>\n<tr>\n<td width=\"328\">Ponto de amolecimento \u2103<\/td>\n<td width=\"190\">155<\/td>\n<\/tr>\n<tr>\n<td width=\"328\">Tg, oC<\/td>\n<td width=\"190\">110<\/td>\n<\/tr>\n<\/tbody>\n<\/table>\n<h2>Uso<\/h2>\n<p>A: Formula\u00e7\u00e3o l\u00edquida de resina recomendada<\/p>\n<table>\n<tbody>\n<tr>\n<td width=\"289\">Sequ\u00eancias<\/td>\n<td width=\"251\">Ingrediente<\/td>\n<td width=\"251\">Formula\u00e7\u00e3o de 25 por cento de am\u00f4nia<\/td>\n<td width=\"251\">Formula\u00e7\u00f5es de monoetanolamina<\/td>\n<\/tr>\n<tr>\n<td width=\"289\">1<\/td>\n<td width=\"251\">861<\/td>\n<td width=\"251\">28<\/td>\n<td width=\"251\">28<\/td>\n<\/tr>\n<tr>\n<td width=\"289\">2<\/td>\n<td width=\"251\">Am\u00f4nia (25%)<\/td>\n<td width=\"251\">7.56<\/td>\n<td width=\"251\"><\/td>\n<\/tr>\n<tr>\n<td width=\"289\">3<\/td>\n<td width=\"251\">Piridoxina<\/td>\n<td width=\"251\"><\/td>\n<td width=\"251\">8.12<\/td>\n<\/tr>\n<tr>\n<td width=\"289\">4<\/td>\n<td width=\"251\">\u00e1gua deionizada<\/td>\n<td width=\"251\">63.94<\/td>\n<td width=\"251\">63.28<\/td>\n<\/tr>\n<tr>\n<td width=\"289\">5<\/td>\n<td width=\"251\">\u00c9ter monobut\u00edlico de diol<\/td>\n<td width=\"251\">0.5<\/td>\n<td width=\"251\">0.5<\/td>\n<\/tr>\n<tr>\n<td width=\"289\"><\/td>\n<td width=\"251\">Antiespumante<\/td>\n<td width=\"251\">\/<\/td>\n<td width=\"251\">\/<\/td>\n<\/tr>\n<tr>\n<td width=\"289\"><\/td>\n<td width=\"251\">Total<\/td>\n<td width=\"251\">100<\/td>\n<td width=\"251\">100<\/td>\n<\/tr>\n<tr>\n<td width=\"289\"><\/td>\n<td width=\"251\">Viscosidade mPa.s<\/td>\n<td width=\"251\">1800<\/td>\n<td width=\"251\">3200<\/td>\n<\/tr>\n<\/tbody>\n<\/table>\n<p>B: F\u00f3rmula sugerida para a moagem de pastas coloridas<\/p>\n<table>\n<tbody>\n<tr>\n<td width=\"289\">Sequ\u00eancias<\/td>\n<td width=\"251\">Ingrediente<\/td>\n<td width=\"251\">Formula\u00e7\u00e3o de negro de fumo<\/td>\n<td width=\"251\">Formula\u00e7\u00e3o de Azo Red 57:1<\/td>\n<\/tr>\n<tr>\n<td width=\"289\">1<\/td>\n<td width=\"251\">28% 861<\/td>\n<td width=\"251\">32<\/td>\n<td width=\"251\">32<\/td>\n<\/tr>\n<tr>\n<td width=\"289\">2<\/td>\n<td width=\"251\">DS-50<\/td>\n<td width=\"251\">7.56<\/td>\n<td width=\"251\"><\/td>\n<\/tr>\n<tr>\n<td width=\"289\">3<\/td>\n<td width=\"251\">Toner<\/td>\n<td width=\"251\">35<\/td>\n<td width=\"251\">40<\/td>\n<\/tr>\n<tr>\n<td width=\"289\">4<\/td>\n<td width=\"251\">\u00e1gua deionizada<\/td>\n<td width=\"251\">32<\/td>\n<td width=\"251\">26<\/td>\n<\/tr>\n<tr>\n<td width=\"289\">5<\/td>\n<td width=\"251\">Antiespumante<\/td>\n<td width=\"251\">Adicionar conforme apropriado<\/td>\n<td width=\"251\">Adicionar conforme apropriado<\/td>\n<\/tr>\n<tr>\n<td width=\"289\">6<\/td>\n<td width=\"251\">Mira de esferas de zirc\u00f4nio<\/td>\n<td width=\"251\">Adicionar conforme apropriado<\/td>\n<td width=\"251\">Adicionar conforme apropriado<\/td>\n<\/tr>\n<tr>\n<td width=\"289\"><\/td>\n<td width=\"251\">Total<\/td>\n<td width=\"251\">100<\/td>\n<td width=\"251\">100<\/td>\n<\/tr>\n<tr>\n<td width=\"289\"><\/td>\n<td width=\"251\">Viscosidade mPa.s<\/td>\n<td width=\"251\">&lt; 500<\/td>\n<td width=\"251\">&lt; 500<\/td>\n<\/tr>\n<\/tbody>\n<\/table>\n<h2>Especifica\u00e7\u00e3o da embalagem<\/h2>\n<ul>\n<li>Especifica\u00e7\u00e3o: 200g \/ 500g \/ 5kg \/ 20kg<\/li>\n<li>Este produto n\u00e3o \u00e9 uma mercadoria perigosa e, de acordo com o transporte de carga geral, pode ser<\/li>\n<li>Protegido da exposi\u00e7\u00e3o ao sol, chuva e altas temperaturas<\/li>\n<\/ul>\n","protected":false},"excerpt":{"rendered":"<p>Aplica\u00e7\u00f5es de pol\u00edmeros acr\u00edlicos: moagem de pigmentos, tintas e vernizes de baixo odor<br \/>\nEspecifica\u00e7\u00e3o: 200g \/ 500g \/ 5kg \/ 20kg<\/p>\n","protected":false},"featured_media":8067,"comment_status":"open","ping_status":"closed","template":"","meta":{"site-sidebar-layout":"no-sidebar","site-content-layout":"page-builder","ast-site-content-layout":"full-width-container","site-content-style":"unboxed","site-sidebar-style":"unboxed","ast-global-header-display":"","ast-banner-title-visibility":"","ast-main-header-display":"","ast-hfb-above-header-display":"","ast-hfb-below-header-display":"","ast-hfb-mobile-header-display":"","site-post-title":"disabled","ast-breadcrumbs-content":"","ast-featured-img":"disabled","footer-sml-layout":"","ast-disable-related-posts":"","theme-transparent-header-meta":"default","adv-header-id-meta":"","stick-header-meta":"default","header-above-stick-meta":"","header-main-stick-meta":"","header-below-stick-meta":"","astra-migrate-meta-layouts":"set","ast-page-background-enabled":"default","ast-page-background-meta":{"desktop":{"background-color":"var(--ast-global-color-4)","background-image":"","background-repeat":"repeat","background-position":"center center","background-size":"auto","background-attachment":"scroll","background-type":"","background-media":"","overlay-type":"","overlay-color":"","overlay-opacity":"","overlay-gradient":""},"tablet":{"background-color":"","background-image":"","background-repeat":"repeat","background-position":"center center","background-size":"auto","background-attachment":"scroll","background-type":"","background-media":"","overlay-type":"","overlay-color":"","overlay-opacity":"","overlay-gradient":""},"mobile":{"background-color":"","background-image":"","background-repeat":"repeat","background-position":"center center","background-size":"auto","background-attachment":"scroll","background-type":"","background-media":"","overlay-type":"","overlay-color":"","overlay-opacity":"","overlay-gradient":""}},"ast-content-background-meta":{"desktop":{"background-color":"var(--ast-global-color-5)","background-image":"","background-repeat":"repeat","background-position":"center center","background-size":"auto","background-attachment":"scroll","background-type":"","background-media":"","overlay-type":"","overlay-color":"","overlay-opacity":"","overlay-gradient":""},"tablet":{"background-color":"var(--ast-global-color-5)","background-image":"","background-repeat":"repeat","background-position":"center center","background-size":"auto","background-attachment":"scroll","background-type":"","background-media":"","overlay-type":"","overlay-color":"","overlay-opacity":"","overlay-gradient":""},"mobile":{"background-color":"var(--ast-global-color-5)","background-image":"","background-repeat":"repeat","background-position":"center center","background-size":"auto","background-attachment":"scroll","background-type":"","background-media":"","overlay-type":"","overlay-color":"","overlay-opacity":"","overlay-gradient":""}}},"product_brand":[],"product_cat":[264,240,259],"product_tag":[],"class_list":{"0":"post-11079","1":"product","2":"type-product","3":"status-publish","4":"has-post-thumbnail","6":"product_cat-revestimentos-e-tintas","7":"product_cat-amostras-de-produtos","8":"product_cat-corantes-e-pigmentos","9":"desktop-align-left","10":"tablet-align-left","11":"mobile-align-left","12":"ast-product-gallery-layout-horizontal-slider","13":"ast-product-tabs-layout-horizontal","15":"first","16":"instock","17":"shipping-taxable","18":"purchasable","19":"product-type-simple"},"_links":{"self":[{"href":"https:\/\/www.cosoonchem.com\/pt-br\/wp-json\/wp\/v2\/product\/11079","targetHints":{"allow":["GET"]}}],"collection":[{"href":"https:\/\/www.cosoonchem.com\/pt-br\/wp-json\/wp\/v2\/product"}],"about":[{"href":"https:\/\/www.cosoonchem.com\/pt-br\/wp-json\/wp\/v2\/types\/product"}],"replies":[{"embeddable":true,"href":"https:\/\/www.cosoonchem.com\/pt-br\/wp-json\/wp\/v2\/comments?post=11079"}],"version-history":[{"count":0,"href":"https:\/\/www.cosoonchem.com\/pt-br\/wp-json\/wp\/v2\/product\/11079\/revisions"}],"wp:featuredmedia":[{"embeddable":true,"href":"https:\/\/www.cosoonchem.com\/pt-br\/wp-json\/wp\/v2\/media\/8067"}],"wp:attachment":[{"href":"https:\/\/www.cosoonchem.com\/pt-br\/wp-json\/wp\/v2\/media?parent=11079"}],"wp:term":[{"taxonomy":"product_brand","embeddable":true,"href":"https:\/\/www.cosoonchem.com\/pt-br\/wp-json\/wp\/v2\/product_brand?post=11079"},{"taxonomy":"product_cat","embeddable":true,"href":"https:\/\/www.cosoonchem.com\/pt-br\/wp-json\/wp\/v2\/product_cat?post=11079"},{"taxonomy":"product_tag","embeddable":true,"href":"https:\/\/www.cosoonchem.com\/pt-br\/wp-json\/wp\/v2\/product_tag?post=11079"}],"curies":[{"name":"wp","href":"https:\/\/api.w.org\/{rel}","templated":true}]}}