{"id":11138,"date":"2021-05-08T21:35:43","date_gmt":"2021-05-08T13:35:43","guid":{"rendered":"https:\/\/www.cosoonchem.com\/agente-ativo-hidrofilico-uv-1000\/"},"modified":"2024-10-31T14:27:36","modified_gmt":"2024-10-31T06:27:36","slug":"agente-ativo-hidrofilico-uv-1000","status":"publish","type":"product","link":"https:\/\/www.cosoonchem.com\/pt-br\/produto\/agente-ativo-hidrofilico-uv-1000\/","title":{"rendered":"Agente ativo hidrof\u00edlico UV-1000"},"content":{"rendered":"<h2>Caracter\u00edstica t\u00edpica<\/h2>\n<ul>\n<li>Alta dureza, boa transpar\u00eancia, alto brilho, boa forma\u00e7\u00e3o de filme, velocidade de cura r\u00e1pida<\/li>\n<li>Forte capacidade de dilui\u00e7\u00e3o e dissolu\u00e7\u00e3o, filme completo<\/li>\n<li>Baixa viscosidade, boa solubilidade em \u00e1gua e propriedades de dilui\u00e7\u00e3o<\/li>\n<li>Boa compatibilidade, baixo VOC<\/li>\n<li>Boa ades\u00e3o \u00e0 madeira e ao papel<\/li>\n<li>Boa resist\u00eancia ao \u00e1lcool<\/li>\n<li>Boa solubilidade em \u00e1gua e dilui\u00e7\u00e3o<\/li>\n<li>Boas propriedades de umecta\u00e7\u00e3o e lixamento para pigmentos.<\/li>\n<\/ul>\n<h2>Uso do produto<\/h2>\n<ul>\n<li>Tinta UV<\/li>\n<\/ul>\n<h2>Indicadores de qualidade<\/h2>\n<table>\n<tbody>\n<tr>\n<td>Evento esportivo<\/td>\n<td>Norma<\/td>\n<\/tr>\n<tr>\n<td>Ingrediente ativo (%)<\/td>\n<td>98\u00b11<\/td>\n<\/tr>\n<tr>\n<td>Ader\u00eancia (mPa.s)<\/td>\n<td>100~500<\/td>\n<\/tr>\n<tr>\n<td>Valor de PH at25\u2103<\/td>\n<td>7.0-8.0<\/td>\n<\/tr>\n<tr>\n<td>Condi\u00e7\u00e3o externa<\/td>\n<td>L\u00edquido transparente amarelo claro<\/td>\n<\/tr>\n<tr>\n<td>Temperatura de transi\u00e7\u00e3o v\u00edtrea Tg, \u00b0C<\/td>\n<td>60<\/td>\n<\/tr>\n<tr>\n<td>ebuli\u00e7\u00e3o \u2103<\/td>\n<td>120<\/td>\n<\/tr>\n<tr>\n<td>Ponto de fulgor (\u2103)<\/td>\n<td>160<\/td>\n<\/tr>\n<tr>\n<td>Densidade<\/td>\n<td>1.15g\/mm\u00b3<\/td>\n<\/tr>\n<tr>\n<td>Dur\u00f4metro<\/td>\n<td>2H<\/td>\n<\/tr>\n<\/tbody>\n<\/table>\n<h2>Uso<\/h2>\n<p>A: Impress\u00e3o de verniz sem primer UV \u00e0 base de \u00e1gua (papel, filme)<\/p>\n<table>\n<tbody>\n<tr>\n<td>NO.<\/td>\n<td>Ingrediente<\/td>\n<td>%<\/td>\n<\/tr>\n<tr>\n<td>1<\/td>\n<td>Agente ativo hidrof\u00edlico UV-1000<\/td>\n<td>10-15<\/td>\n<\/tr>\n<tr>\n<td>2<\/td>\n<td>UV-32 X 55<\/td>\n<td>65-20<\/td>\n<\/tr>\n<tr>\n<td>3<\/td>\n<td>Agente de nivelamento<\/td>\n<td>0.5<\/td>\n<\/tr>\n<tr>\n<td>4<\/td>\n<td>Agente umectante<\/td>\n<td>0.5<\/td>\n<\/tr>\n<tr>\n<td>5<\/td>\n<td>Antiespumantes<\/td>\n<td>0.3-0.5<\/td>\n<\/tr>\n<tr>\n<td>6<\/td>\n<td>Agentes antifric\u00e7\u00e3o<\/td>\n<td>0.5-1<\/td>\n<\/tr>\n<tr>\n<td>7<\/td>\n<td>Aminas ativas \u00e0 base de \u00e1gua<\/td>\n<td>4-6<\/td>\n<\/tr>\n<tr>\n<td>8<\/td>\n<td>Iniciador<\/td>\n<td>2-5<\/td>\n<\/tr>\n<tr>\n<td>9<\/td>\n<td>\u00c1gua deionizada<\/td>\n<td>5-10<\/td>\n<\/tr>\n<tr>\n<td><\/td>\n<td>Total<\/td>\n<td>100<\/td>\n<\/tr>\n<\/tbody>\n<\/table>\n<figure style=\"width: 365px\" class=\"wp-caption aligncenter\"><img fetchpriority=\"high\" decoding=\"async\" src=\"https:\/\/www.cosoonchem.com\/wp-content\/uploads\/2022\/05\/2022051704-2.jpg\" sizes=\"(max-width: 365px) 100vw, 365px\" srcset=\"https:\/\/www.cosoonchem.com\/wp-content\/uploads\/2022\/05\/2022051704-2.jpg 365w, https:\/\/www.cosoonchem.com\/wp-content\/uploads\/2022\/05\/2022051704-2-300x165.jpg 300w\" alt=\"Impress\u00e3o de verniz sem primer UV \u00e0 base de \u00e1gua (papel, filme)\" width=\"365\" height=\"201\" title=\"\"><figcaption class=\"wp-caption-text\">Impress\u00e3o de verniz sem primer UV \u00e0 base de \u00e1gua (papel, filme)<\/figcaption><\/figure>\n<ul>\n<li>Brilho: 85\u00b0+ (60\u00b0GU)<\/li>\n<li>Flexibilidade: dobrado sem estourar as bordas<\/li>\n<li>Resist\u00eancia \u00e0 abras\u00e3o: 400 a 600 vezes (teste de cart\u00e3o de 5 cores com \u00f3leo e papel A4 com press\u00e3o de 4 lb)<\/li>\n<li>Velocidade de endurecimento: 40-80m\/min (energia da l\u00e2mpada UV de 80mJ\/cm\u00b2 ou mais)<\/li>\n<\/ul>\n<p>B: Verniz UV-LED \u00e0 base de \u00e1gua<\/p>\n<table>\n<tbody>\n<tr>\n<td>NO.<\/td>\n<td>Ingrediente<\/td>\n<td>%<\/td>\n<\/tr>\n<tr>\n<td>1<\/td>\n<td>Agente ativo hidrof\u00edlico UV-1000<\/td>\n<td>30<\/td>\n<\/tr>\n<tr>\n<td>2<\/td>\n<td>UV-32X55<\/td>\n<td>50<\/td>\n<\/tr>\n<tr>\n<td>3<\/td>\n<td>Agente de nivelamento<\/td>\n<td>0.5<\/td>\n<\/tr>\n<tr>\n<td>4<\/td>\n<td>Agente umectante<\/td>\n<td>0.5<\/td>\n<\/tr>\n<tr>\n<td>5<\/td>\n<td>Antiespumantes<\/td>\n<td>0.3-0.5<\/td>\n<\/tr>\n<tr>\n<td>6<\/td>\n<td>Agentes antifric\u00e7\u00e3o<\/td>\n<td>0.5-1<\/td>\n<\/tr>\n<tr>\n<td>7<\/td>\n<td>Aminas ativas \u00e0 base de \u00e1gua<\/td>\n<td>6-10<\/td>\n<\/tr>\n<tr>\n<td>8<\/td>\n<td>Iniciador<\/td>\n<td>1-5<\/td>\n<\/tr>\n<tr>\n<td><\/td>\n<td>Total<\/td>\n<td>100<\/td>\n<\/tr>\n<\/tbody>\n<\/table>\n<figure style=\"width: 365px\" class=\"wp-caption aligncenter\"><img decoding=\"async\" src=\"https:\/\/www.cosoonchem.com\/wp-content\/uploads\/2022\/05\/2022051704-4.jpg\" sizes=\"(max-width: 365px) 100vw, 365px\" srcset=\"https:\/\/www.cosoonchem.com\/wp-content\/uploads\/2022\/05\/2022051704-4.jpg 365w, https:\/\/www.cosoonchem.com\/wp-content\/uploads\/2022\/05\/2022051704-4-300x165.jpg 300w\" alt=\"Verniz UV-LED \u00e0 base de \u00e1gua\" width=\"365\" height=\"201\" title=\"\"><figcaption class=\"wp-caption-text\">Verniz UV-LED \u00e0 base de \u00e1gua<\/figcaption><\/figure>\n<ul>\n<li>Brilho: 85\u00b0+ (60\u00b0GU)<\/li>\n<li>Flexibilidade: dobrado sem estourar as bordas<\/li>\n<li>Resist\u00eancia \u00e0 abras\u00e3o: 400 a 600 vezes (teste de cart\u00e3o de 5 cores com \u00f3leo e papel A4 com press\u00e3o de 4 lb)<\/li>\n<li>Velocidade de cura: 40-80m\/min (comprimento de onda do LCD 385)<\/li>\n<\/ul>\n<p>C: Pulveriza\u00e7\u00e3o da camada superior UV \u00e0 base de \u00e1gua (pl\u00e1stico)<\/p>\n<table>\n<tbody>\n<tr>\n<td>NO.<\/td>\n<td>Ingrediente<\/td>\n<td>%<\/td>\n<\/tr>\n<tr>\n<td>1<\/td>\n<td>Agente ativo hidrof\u00edlico UV-1000<\/td>\n<td>15<\/td>\n<\/tr>\n<tr>\n<td>2<\/td>\n<td>UV-32X55<\/td>\n<td>25<\/td>\n<\/tr>\n<tr>\n<td>3<\/td>\n<td>Resina UV \u00e0 base de \u00e1gua<\/td>\n<td>30<\/td>\n<\/tr>\n<tr>\n<td>4<\/td>\n<td>Agente de nivelamento<\/td>\n<td>0.5-1<\/td>\n<\/tr>\n<tr>\n<td>5<\/td>\n<td>Agente umectante<\/td>\n<td>0.5-1<\/td>\n<\/tr>\n<tr>\n<td>6<\/td>\n<td>Antiespumantes<\/td>\n<td>0.3-0.5<\/td>\n<\/tr>\n<tr>\n<td>7<\/td>\n<td>Agentes antifric\u00e7\u00e3o<\/td>\n<td>0.5-1<\/td>\n<\/tr>\n<tr>\n<td>8<\/td>\n<td>Aminas ativas \u00e0 base de \u00e1gua<\/td>\n<td>1-2<\/td>\n<\/tr>\n<tr>\n<td>9<\/td>\n<td>Iniciador<\/td>\n<td>25<\/td>\n<\/tr>\n<tr>\n<td>10<\/td>\n<td>\u00c1gua deionizada<\/td>\n<td>35<\/td>\n<\/tr>\n<tr>\n<td><\/td>\n<td>Total<\/td>\n<td>100<\/td>\n<\/tr>\n<\/tbody>\n<\/table>\n<figure style=\"width: 363px\" class=\"wp-caption aligncenter\"><img decoding=\"async\" src=\"https:\/\/www.cosoonchem.com\/wp-content\/uploads\/2022\/05\/2022051704-6.jpg\" sizes=\"(max-width: 363px) 100vw, 363px\" srcset=\"https:\/\/www.cosoonchem.com\/wp-content\/uploads\/2022\/05\/2022051704-6.jpg 363w, https:\/\/www.cosoonchem.com\/wp-content\/uploads\/2022\/05\/2022051704-6-300x167.jpg 300w\" alt=\"Pulveriza\u00e7\u00e3o da camada superior UV \u00e0 base de \u00e1gua (pl\u00e1stico)\" width=\"363\" height=\"202\" title=\"\"><figcaption class=\"wp-caption-text\">Pulveriza\u00e7\u00e3o da camada superior UV \u00e0 base de \u00e1gua (pl\u00e1stico)<\/figcaption><\/figure>\n<ul>\n<li>Dureza: 6H<\/li>\n<li>Resistente ao \u00e1lcool<\/li>\n<li>Condi\u00e7\u00e3o de trabalho: pulveriza\u00e7\u00e3o cruzada uma vez<\/li>\n<li>Condi\u00e7\u00f5es de secagem: 60 graus de cozimento 10-15 minutos Energia da l\u00e2mpada UV 100-300mJ\/cm\u00b2 acima<\/li>\n<\/ul>\n<h2>Especifica\u00e7\u00e3o da embalagem<\/h2>\n<ul>\n<li>Especifica\u00e7\u00e3o: 200g \/ 500g \/ 5kg \/ 20kg<\/li>\n<li>Este produto n\u00e3o \u00e9 uma mercadoria perigosa e, de acordo com o transporte de carga geral, pode ser<\/li>\n<\/ul>\n<h2>condi\u00e7\u00e3o de armazenamento<\/h2>\n<ul>\n<li>Protegido da exposi\u00e7\u00e3o ao sol, chuva e altas temperaturas<\/li>\n<li>O produto deve ser armazenado em recipientes herm\u00e9ticos, evitando o congelamento e altas temperaturas<\/li>\n<li>Sempre que poss\u00edvel, ele deve ser usado dentro de dez meses<\/li>\n<li>Recomenda-se a temperatura normal de armazenamento de 10 a 35\u00b0C.<\/li>\n<\/ul>\n","protected":false},"excerpt":{"rendered":"<ul>\n<li>O agente ativo hidrof\u00edlico \u00e9 principalmente a resina sint\u00e9tica acr\u00edlica de poli\u00e9ster \u00e0 base de \u00e1gua tetrafuncional. A resina tem alto teor de s\u00f3lidos, ligeiramente dura em geral, velocidade de cura r\u00e1pida e bom efeito de secagem da superf\u00edcie. Tem boa ades\u00e3o a superf\u00edcies de madeira e papel.<\/li>\n<li>N\u00e3o poluente, com baixo odor, baixa toxicidade, n\u00e3o inflam\u00e1vel<\/li>\n<li>Ele pode ser usado sozinho com \u00e1gua, iniciador, aditivos, etc., ou pode ser misturado com mon\u00f4meros ou resinas \u00e0 base de \u00e1gua ou \u00e0 base de \u00f3leo, de acordo com os requisitos de desempenho, e usado em conjunto com iniciadores e aditivos.<\/li>\n<li>A tens\u00e3o superficial do produto \u00e9 grande, a f\u00f3rmula precisa adicionar uma certa quantidade de agente umectante para reduzir a tens\u00e3o, o processo de constru\u00e7\u00e3o, se a refer\u00eancia for o uso de \u00e1gua ou etanol, precisa usar secagem por infravermelho antes da constru\u00e7\u00e3o, caso contr\u00e1rio, haver\u00e1 ades\u00e3o, degrada\u00e7\u00e3o do desempenho da superf\u00edcie, emba\u00e7amento e outros fen\u00f4menos.<\/li>\n<\/ul>\n","protected":false},"featured_media":7862,"comment_status":"open","ping_status":"closed","template":"","meta":{"site-sidebar-layout":"no-sidebar","site-content-layout":"page-builder","ast-site-content-layout":"full-width-container","site-content-style":"unboxed","site-sidebar-style":"unboxed","ast-global-header-display":"","ast-banner-title-visibility":"","ast-main-header-display":"","ast-hfb-above-header-display":"","ast-hfb-below-header-display":"","ast-hfb-mobile-header-display":"","site-post-title":"disabled","ast-breadcrumbs-content":"","ast-featured-img":"disabled","footer-sml-layout":"","ast-disable-related-posts":"","theme-transparent-header-meta":"default","adv-header-id-meta":"","stick-header-meta":"default","header-above-stick-meta":"","header-main-stick-meta":"","header-below-stick-meta":"","astra-migrate-meta-layouts":"set","ast-page-background-enabled":"default","ast-page-background-meta":{"desktop":{"background-color":"var(--ast-global-color-4)","background-image":"","background-repeat":"repeat","background-position":"center center","background-size":"auto","background-attachment":"scroll","background-type":"","background-media":"","overlay-type":"","overlay-color":"","overlay-opacity":"","overlay-gradient":""},"tablet":{"background-color":"","background-image":"","background-repeat":"repeat","background-position":"center center","background-size":"auto","background-attachment":"scroll","background-type":"","background-media":"","overlay-type":"","overlay-color":"","overlay-opacity":"","overlay-gradient":""},"mobile":{"background-color":"","background-image":"","background-repeat":"repeat","background-position":"center center","background-size":"auto","background-attachment":"scroll","background-type":"","background-media":"","overlay-type":"","overlay-color":"","overlay-opacity":"","overlay-gradient":""}},"ast-content-background-meta":{"desktop":{"background-color":"var(--ast-global-color-5)","background-image":"","background-repeat":"repeat","background-position":"center center","background-size":"auto","background-attachment":"scroll","background-type":"","background-media":"","overlay-type":"","overlay-color":"","overlay-opacity":"","overlay-gradient":""},"tablet":{"background-color":"var(--ast-global-color-5)","background-image":"","background-repeat":"repeat","background-position":"center center","background-size":"auto","background-attachment":"scroll","background-type":"","background-media":"","overlay-type":"","overlay-color":"","overlay-opacity":"","overlay-gradient":""},"mobile":{"background-color":"var(--ast-global-color-5)","background-image":"","background-repeat":"repeat","background-position":"center center","background-size":"auto","background-attachment":"scroll","background-type":"","background-media":"","overlay-type":"","overlay-color":"","overlay-opacity":"","overlay-gradient":""}}},"product_brand":[],"product_cat":[264,240,284],"product_tag":[],"class_list":{"0":"post-11138","1":"product","2":"type-product","3":"status-publish","4":"has-post-thumbnail","6":"product_cat-revestimentos-e-tintas","7":"product_cat-amostras-de-produtos","8":"product_cat-surfactante","9":"desktop-align-left","10":"tablet-align-left","11":"mobile-align-left","12":"ast-product-gallery-layout-horizontal-slider","13":"ast-product-tabs-layout-horizontal","15":"first","16":"instock","17":"shipping-taxable","18":"purchasable","19":"product-type-simple"},"_links":{"self":[{"href":"https:\/\/www.cosoonchem.com\/pt-br\/wp-json\/wp\/v2\/product\/11138","targetHints":{"allow":["GET"]}}],"collection":[{"href":"https:\/\/www.cosoonchem.com\/pt-br\/wp-json\/wp\/v2\/product"}],"about":[{"href":"https:\/\/www.cosoonchem.com\/pt-br\/wp-json\/wp\/v2\/types\/product"}],"replies":[{"embeddable":true,"href":"https:\/\/www.cosoonchem.com\/pt-br\/wp-json\/wp\/v2\/comments?post=11138"}],"version-history":[{"count":0,"href":"https:\/\/www.cosoonchem.com\/pt-br\/wp-json\/wp\/v2\/product\/11138\/revisions"}],"wp:featuredmedia":[{"embeddable":true,"href":"https:\/\/www.cosoonchem.com\/pt-br\/wp-json\/wp\/v2\/media\/7862"}],"wp:attachment":[{"href":"https:\/\/www.cosoonchem.com\/pt-br\/wp-json\/wp\/v2\/media?parent=11138"}],"wp:term":[{"taxonomy":"product_brand","embeddable":true,"href":"https:\/\/www.cosoonchem.com\/pt-br\/wp-json\/wp\/v2\/product_brand?post=11138"},{"taxonomy":"product_cat","embeddable":true,"href":"https:\/\/www.cosoonchem.com\/pt-br\/wp-json\/wp\/v2\/product_cat?post=11138"},{"taxonomy":"product_tag","embeddable":true,"href":"https:\/\/www.cosoonchem.com\/pt-br\/wp-json\/wp\/v2\/product_tag?post=11138"}],"curies":[{"name":"wp","href":"https:\/\/api.w.org\/{rel}","templated":true}]}}