{"id":10412,"date":"2024-06-03T20:32:54","date_gmt":"2024-06-03T12:32:54","guid":{"rendered":"https:\/\/www.cosoonchem.com\/product\/rubidyum-sulfat-rb2so4\/"},"modified":"2024-10-08T00:54:36","modified_gmt":"2024-10-07T16:54:36","slug":"rubidyum-sulfat-rb2so4","status":"publish","type":"product","link":"https:\/\/www.cosoonchem.com\/tr\/urun\/rubidyum-sulfat-rb2so4\/","title":{"rendered":"Rubidyum s\u00fclfat &#8211; Rb2SO4"},"content":{"rendered":"<h2>Haz\u0131rlama y\u00f6ntemi<\/h2>\n<p>Rubidyum karbonat doymu\u015f bir \u00e7\u00f6zelti olu\u015fturmak i\u00e7in suda \u00e7\u00f6z\u00fcl\u00fcr ve \u00e7\u00f6zelti zay\u0131f bazik hale gelene kadar yava\u015f\u00e7a y\u00fczde 20 seyreltik s\u00fclf\u00fcrik asit eklenir. \u00c7\u00f6zelti kaynama noktas\u0131na kadar \u0131s\u0131t\u0131l\u0131r ve \u00e7\u00f6z\u00fcnmeyen maddeleri uzakla\u015ft\u0131rmak i\u00e7in s\u00fcz\u00fcl\u00fcr. S\u00fcz\u00fcnt\u00fc, buharla\u015ft\u0131rma ve konsantrasyondan sonra s\u00fclf\u00fcrik asit ile zay\u0131f asidik hale getirilecek, so\u011futulduktan sonra \u00e7\u00f6keltilen \u00f6nemli say\u0131da kristale konsantre edilecek ve daha sonra bo\u015falt\u0131lacak ve son olarak 70 ~ 100 \u2103&#8217;de kurutulacakt\u0131r.<\/p>\n<h2>Kalite G\u00f6stergeleri<\/h2>\n<table>\n<tbody>\n<tr>\n<td width=\"287\">Ortam neminin alg\u0131lanmas\u0131<\/td>\n<td width=\"224\">Y\u00fczde 45-55<\/td>\n<\/tr>\n<tr>\n<td width=\"287\">Ortam s\u0131cakl\u0131\u011f\u0131n\u0131n alg\u0131lanmas\u0131<\/td>\n<td width=\"224\">20-25\u2103<\/td>\n<\/tr>\n<tr>\n<td width=\"287\">Numune teslim durumu: kat\u0131 toz<\/td>\n<td width=\"224\">Sonu\u00e7lar\u0131n durumu: Kuru<\/td>\n<\/tr>\n<tr>\n<td width=\"287\">Test \u00f6\u011feleri<\/td>\n<td width=\"224\">Test sonu\u00e7lar\u0131 (%)<\/td>\n<\/tr>\n<tr>\n<td width=\"287\">Rb2SO4 (rubidyum s\u00fclfat)<\/td>\n<td width=\"224\">99.93<\/td>\n<\/tr>\n<tr>\n<td width=\"287\">H2O<\/td>\n<td width=\"224\">0.18<\/td>\n<\/tr>\n<tr>\n<td width=\"287\">Li<\/td>\n<td width=\"224\">0.0005<\/td>\n<\/tr>\n<tr>\n<td width=\"287\">Na<\/td>\n<td width=\"224\">0.0042<\/td>\n<\/tr>\n<tr>\n<td width=\"287\">K<\/td>\n<td width=\"224\">0.0033<\/td>\n<\/tr>\n<tr>\n<td width=\"287\">Cs<\/td>\n<td width=\"224\">0.022<\/td>\n<\/tr>\n<tr>\n<td width=\"287\">Ca<\/td>\n<td width=\"224\">0.004<\/td>\n<\/tr>\n<tr>\n<td width=\"287\">Mg<\/td>\n<td width=\"224\">0.0008<\/td>\n<\/tr>\n<tr>\n<td width=\"287\">Fe<\/td>\n<td width=\"224\">0.0004<\/td>\n<\/tr>\n<tr>\n<td width=\"287\">Al<\/td>\n<td width=\"224\">0.0008<\/td>\n<\/tr>\n<tr>\n<td width=\"287\">Si<\/td>\n<td width=\"224\">0.0012<\/td>\n<\/tr>\n<tr>\n<td width=\"287\">Pb<\/td>\n<td width=\"224\">0.0001<\/td>\n<\/tr>\n<tr>\n<td width=\"287\">Cl<\/td>\n<td width=\"224\">0.0065<\/td>\n<\/tr>\n<\/tbody>\n<\/table>\n<h2>\u00d6zellikler ve kullan\u0131mlar<\/h2>\n<p>\u00d6nemli bir kataliz\u00f6r olan rubidyum metali ve di\u011fer rubidyum tuzlar\u0131n\u0131 yapmak i\u00e7in kullan\u0131l\u0131r;<br \/>\n\u25c6 Pil alan\u0131nda, minyat\u00fcr y\u00fcksek enerjili piller, g\u00fcne\u015f pilleri ve kristal sintilasyon saya\u00e7lar\u0131 gibi ekipmanlar\u0131n \u00fcretiminde \u00f6nemli bir kullan\u0131ma sahiptir;<br \/>\n\u25c6 Pil alan\u0131nda, rubidyum s\u00fclfat, lityum iyon pillerde ve di\u011fer kimyasal pillerde elektrolit i\u00e7inde bir katyon olarak kullan\u0131labilir. Pilin performans\u0131n\u0131 ve \u00f6mr\u00fcn\u00fc art\u0131rabilen iyi bir iletkenli\u011fe ve kararl\u0131l\u0131\u011fa sahiptir;<br \/>\n\u25c6 Elektronik alan\u0131nda, kapasit\u00f6rler ve diren\u00e7ler gibi elektronik bile\u015fenler i\u00e7in bir malzeme olarak kullan\u0131l\u0131r. Rubidyum s\u00fclfat\u0131n m\u00fckemmel dielektrik \u00f6zellikleri onu elektronik bile\u015fenlerin \u00fcretiminde \u00f6nemli k\u0131lmaktad\u0131r. Buna ek olarak, rubidyum s\u00fclfat elektronik ekranlar\u0131n \u00fcretiminde kullan\u0131labilir;<br \/>\n\u25c6 Cam end\u00fcstrisi: y\u00fcksek k\u0131r\u0131lma indeksli camlar\u0131n haz\u0131rlanmas\u0131nda kullan\u0131labilen \u00f6nemli bir cam bile\u015fenidir. Bu cam iyi optik \u00f6zelliklere sahiptir ve genellikle optik aletlerde, lenslerde ve aynalarda kullan\u0131l\u0131r. Ayr\u0131ca, Rubidyum S\u00fclfat optik filtrelerin, lazerlerin ve di\u011fer geli\u015fmi\u015f optik ekipmanlar\u0131n \u00fcretiminde kullan\u0131labilir;<br \/>\n\u25c6 Seramik malzemeler: Rubidyum S\u00fclfat elektronik seramikler, manyetik seramikler ve yap\u0131sal seramikler gibi \u00e7e\u015fitli seramik malzemelerin haz\u0131rlanmas\u0131nda kullan\u0131labilir. Bu seramik malzemeler y\u00fcksek mukavemet, y\u00fcksek sertlik ve y\u00fcksek \u0131s\u0131 direncine sahiptir ve elektronik, havac\u0131l\u0131k ve otomotiv end\u00fcstrilerinde yayg\u0131n olarak kullan\u0131lmaktad\u0131r;<br \/>\n\u25c6 Di\u011fer uygulamalar: Rubidyum s\u00fclfat ayr\u0131ca kataliz\u00f6rler, floresan malzemeler ve radyoaktif izleyiciler olarak da kullan\u0131l\u0131r;<\/p>\n<h2>Paketleme ve Depolama<\/h2>\n<p>25Kg\/davul;<br \/>\n\u25c6 M\u00fc\u015fterilerin gereksinimlerine g\u00f6re \u00f6zelle\u015ftirilmi\u015f ambalaj \u00f6zellikleri;<\/p>\n","protected":false},"excerpt":{"rendered":"<p>Rubidyum s\u00fclfat, Rb2SO4 kimyasal form\u00fcl\u00fcne sahip bir alkali metal s\u00fclfatt\u0131r G\u00f6r\u00fcn\u00fc\u015f\u00fc beyaz kristal tozdur, suda \u00e7\u00f6z\u00fcn\u00fcr. Dikkat: G\u00f6zlerle yanl\u0131\u015fl\u0131kla temas ettikten sonra derhal bol su ile y\u0131kay\u0131n ve t\u0131bbi yard\u0131m al\u0131n; uygun eldiven giyin; g\u00f6zl\u00fck veya maske tak\u0131n. 25Kg \/ tambur; m\u00fc\u015fterinin ihtiyac\u0131na g\u00f6re \u00f6zelle\u015ftirilmi\u015f ambalaj \u00f6zellikleri<\/p>\n","protected":false},"featured_media":10167,"comment_status":"open","ping_status":"closed","template":"","meta":{"site-sidebar-layout":"no-sidebar","site-content-layout":"page-builder","ast-site-content-layout":"full-width-container","site-content-style":"default","site-sidebar-style":"default","ast-global-header-display":"","ast-banner-title-visibility":"","ast-main-header-display":"","ast-hfb-above-header-display":"","ast-hfb-below-header-display":"","ast-hfb-mobile-header-display":"","site-post-title":"disabled","ast-breadcrumbs-content":"","ast-featured-img":"disabled","footer-sml-layout":"","ast-disable-related-posts":"","theme-transparent-header-meta":"default","adv-header-id-meta":"","stick-header-meta":"default","header-above-stick-meta":"","header-main-stick-meta":"","header-below-stick-meta":"","astra-migrate-meta-layouts":"set","ast-page-background-enabled":"default","ast-page-background-meta":{"desktop":{"background-color":"var(--ast-global-color-4)","background-image":"","background-repeat":"repeat","background-position":"center center","background-size":"auto","background-attachment":"scroll","background-type":"","background-media":"","overlay-type":"","overlay-color":"","overlay-opacity":"","overlay-gradient":""},"tablet":{"background-color":"","background-image":"","background-repeat":"repeat","background-position":"center center","background-size":"auto","background-attachment":"scroll","background-type":"","background-media":"","overlay-type":"","overlay-color":"","overlay-opacity":"","overlay-gradient":""},"mobile":{"background-color":"","background-image":"","background-repeat":"repeat","background-position":"center center","background-size":"auto","background-attachment":"scroll","background-type":"","background-media":"","overlay-type":"","overlay-color":"","overlay-opacity":"","overlay-gradient":""}},"ast-content-background-meta":{"desktop":{"background-color":"var(--ast-global-color-5)","background-image":"","background-repeat":"repeat","background-position":"center center","background-size":"auto","background-attachment":"scroll","background-type":"","background-media":"","overlay-type":"","overlay-color":"","overlay-opacity":"","overlay-gradient":""},"tablet":{"background-color":"var(--ast-global-color-5)","background-image":"","background-repeat":"repeat","background-position":"center center","background-size":"auto","background-attachment":"scroll","background-type":"","background-media":"","overlay-type":"","overlay-color":"","overlay-opacity":"","overlay-gradient":""},"mobile":{"background-color":"var(--ast-global-color-5)","background-image":"","background-repeat":"repeat","background-position":"center center","background-size":"auto","background-attachment":"scroll","background-type":"","background-media":"","overlay-type":"","overlay-color":"","overlay-opacity":"","overlay-gradient":""}}},"product_brand":[],"product_cat":[252,241],"product_tag":[],"class_list":{"0":"post-10412","1":"product","2":"type-product","3":"status-publish","4":"has-post-thumbnail","6":"product_cat-organik-kimyasal-cozucu","7":"product_cat-urun-ornekleri","8":"desktop-align-left","9":"tablet-align-left","10":"mobile-align-left","11":"ast-product-gallery-layout-horizontal-slider","12":"ast-product-gallery-with-no-image","13":"ast-product-tabs-layout-horizontal","15":"first","16":"instock","17":"shipping-taxable","18":"purchasable","19":"product-type-simple"},"_links":{"self":[{"href":"https:\/\/www.cosoonchem.com\/tr\/wp-json\/wp\/v2\/product\/10412","targetHints":{"allow":["GET"]}}],"collection":[{"href":"https:\/\/www.cosoonchem.com\/tr\/wp-json\/wp\/v2\/product"}],"about":[{"href":"https:\/\/www.cosoonchem.com\/tr\/wp-json\/wp\/v2\/types\/product"}],"replies":[{"embeddable":true,"href":"https:\/\/www.cosoonchem.com\/tr\/wp-json\/wp\/v2\/comments?post=10412"}],"version-history":[{"count":0,"href":"https:\/\/www.cosoonchem.com\/tr\/wp-json\/wp\/v2\/product\/10412\/revisions"}],"wp:featuredmedia":[{"embeddable":true,"href":"https:\/\/www.cosoonchem.com\/tr\/wp-json\/wp\/v2\/media\/10167"}],"wp:attachment":[{"href":"https:\/\/www.cosoonchem.com\/tr\/wp-json\/wp\/v2\/media?parent=10412"}],"wp:term":[{"taxonomy":"product_brand","embeddable":true,"href":"https:\/\/www.cosoonchem.com\/tr\/wp-json\/wp\/v2\/product_brand?post=10412"},{"taxonomy":"product_cat","embeddable":true,"href":"https:\/\/www.cosoonchem.com\/tr\/wp-json\/wp\/v2\/product_cat?post=10412"},{"taxonomy":"product_tag","embeddable":true,"href":"https:\/\/www.cosoonchem.com\/tr\/wp-json\/wp\/v2\/product_tag?post=10412"}],"curies":[{"name":"wp","href":"https:\/\/api.w.org\/{rel}","templated":true}]}}