{"id":11008,"date":"2024-09-27T16:39:10","date_gmt":"2024-09-27T08:39:10","guid":{"rendered":"https:\/\/www.cosoonchem.com\/nano-kaplamali-koruyucu-katman\/"},"modified":"2024-10-16T17:39:51","modified_gmt":"2024-10-16T09:39:51","slug":"nano-kaplamali-koruyucu-katman","status":"publish","type":"product","link":"https:\/\/www.cosoonchem.com\/tr\/urun\/nano-kaplamali-koruyucu-katman\/","title":{"rendered":"Nano Kaplamal\u0131 Koruyucu Katman"},"content":{"rendered":"<h2>\u00dcr\u00fcn \u00d6zellikleri<\/h2>\n<ul>\n<li>Kolay temizlenir, leke tutmaz, hidrofobik, oleofobik ve a\u015f\u0131nmaya dayan\u0131kl\u0131d\u0131r;<\/li>\n<li>Hakiki deri ve k\u00f6sele iyi bir dokuya ve hisse sahiptir;<\/li>\n<li>Deriye esneklik kazand\u0131r\u0131r;<\/li>\n<li>BB krem, ruj, \u00e7ay lekeleri, toz, kromozom vb. maddeleri d\u0131\u015far\u0131da tutar ve dermisin solmas\u0131n\u0131, lekelenmesini, kirlenmesini ve k\u00fcflenmesini \u00f6nler;<\/li>\n<\/ul>\n<h2>Kullan\u0131m kapsam\u0131<\/h2>\n<ul>\n<li>Hakiki deri, deri \u00fczerine<\/li>\n<li>araba koltu\u011fu<\/li>\n<li>Deri Giyim, Deri \u00c7anta, Deri E\u015fya<\/li>\n<li>Suni deri, sentetik deri<\/li>\n<li><span style=\"vertical-align: inherit;\"><span style=\"vertical-align: inherit;\">Ah\u015fap mobilya y\u00fczeyleri<\/span><\/span><\/li>\n<\/ul>\n<h2>SGS test raporu<\/h2>\n<table width=\"985\">\n<tbody>\n<tr>\n<td width=\"197\">Test \u00f6\u011feleri<\/td>\n<td width=\"197\">s\u0131n\u0131r de\u011fer<\/td>\n<td width=\"197\">birim<\/td>\n<td width=\"197\"><span style=\"vertical-align: inherit;\"><span style=\"vertical-align: inherit;\">MDL<\/span><\/span><\/td>\n<td width=\"197\"><span style=\"vertical-align: inherit;\"><span style=\"vertical-align: inherit;\">1<\/span><\/span><\/td>\n<\/tr>\n<tr>\n<td width=\"197\">BENZEN<\/td>\n<td width=\"197\"><span style=\"vertical-align: inherit;\"><span style=\"vertical-align: inherit;\">0.3<\/span><\/span><\/td>\n<td width=\"197\"><span style=\"vertical-align: inherit;\"><span style=\"vertical-align: inherit;\">% (w\/w)<\/span><\/span><\/td>\n<td width=\"197\"><span style=\"vertical-align: inherit;\"><span style=\"vertical-align: inherit;\">0.005<\/span><\/span><\/td>\n<td width=\"197\"><span style=\"vertical-align: inherit;\"><span style=\"vertical-align: inherit;\">ND<\/span><\/span><\/td>\n<\/tr>\n<tr>\n<td width=\"197\">Toluen<\/td>\n<td width=\"197\"><span style=\"vertical-align: inherit;\"><span style=\"vertical-align: inherit;\">&#8211;<\/span><\/span><\/td>\n<td width=\"197\"><span style=\"vertical-align: inherit;\"><span style=\"vertical-align: inherit;\">% (w\/w)<\/span><\/span><\/td>\n<td width=\"197\"><span style=\"vertical-align: inherit;\"><span style=\"vertical-align: inherit;\">0.005<\/span><\/span><\/td>\n<td width=\"197\"><span style=\"vertical-align: inherit;\"><span style=\"vertical-align: inherit;\">ND<\/span><\/span><\/td>\n<\/tr>\n<tr>\n<td width=\"197\">Etilbenzen<\/td>\n<td width=\"197\"><span style=\"vertical-align: inherit;\"><span style=\"vertical-align: inherit;\">&#8211;<\/span><\/span><\/td>\n<td width=\"197\"><span style=\"vertical-align: inherit;\"><span style=\"vertical-align: inherit;\">% (w\/w)<\/span><\/span><\/td>\n<td width=\"197\"><span style=\"vertical-align: inherit;\"><span style=\"vertical-align: inherit;\">0.005<\/span><\/span><\/td>\n<td width=\"197\"><span style=\"vertical-align: inherit;\"><span style=\"vertical-align: inherit;\">ND<\/span><\/span><\/td>\n<\/tr>\n<tr>\n<td width=\"197\">m- &amp; p-Ksilen<\/td>\n<td width=\"197\"><span style=\"vertical-align: inherit;\"><span style=\"vertical-align: inherit;\">&#8211;<\/span><\/span><\/td>\n<td width=\"197\"><span style=\"vertical-align: inherit;\"><span style=\"vertical-align: inherit;\">% (w\/w)<\/span><\/span><\/td>\n<td width=\"197\"><span style=\"vertical-align: inherit;\"><span style=\"vertical-align: inherit;\">0.005<\/span><\/span><\/td>\n<td width=\"197\"><span style=\"vertical-align: inherit;\"><span style=\"vertical-align: inherit;\">ND<\/span><\/span><\/td>\n<\/tr>\n<tr>\n<td width=\"197\">o-ksilen<\/td>\n<td width=\"197\"><span style=\"vertical-align: inherit;\"><span style=\"vertical-align: inherit;\">&#8211;<\/span><\/span><\/td>\n<td width=\"197\"><span style=\"vertical-align: inherit;\"><span style=\"vertical-align: inherit;\">% (w\/w)<\/span><\/span><\/td>\n<td width=\"197\"><span style=\"vertical-align: inherit;\"><span style=\"vertical-align: inherit;\">0.005<\/span><\/span><\/td>\n<td width=\"197\"><span style=\"vertical-align: inherit;\"><span style=\"vertical-align: inherit;\">ND<\/span><\/span><\/td>\n<\/tr>\n<tr>\n<td width=\"197\">Ksilen<\/td>\n<td width=\"197\"><span style=\"vertical-align: inherit;\"><span style=\"vertical-align: inherit;\">&#8211;<\/span><\/span><\/td>\n<td width=\"197\"><span style=\"vertical-align: inherit;\"><span style=\"vertical-align: inherit;\">% (w\/w)<\/span><\/span><\/td>\n<td width=\"197\"><span style=\"vertical-align: inherit;\"><span style=\"vertical-align: inherit;\">&#8211;<\/span><\/span><\/td>\n<td width=\"197\"><span style=\"vertical-align: inherit;\"><span style=\"vertical-align: inherit;\">ND<\/span><\/span><\/td>\n<\/tr>\n<tr>\n<td width=\"197\">Toluen ve ksilen toplam\u0131 (etilbenzen dahil)<\/td>\n<td width=\"197\"><span style=\"vertical-align: inherit;\"><span style=\"vertical-align: inherit;\">0.3<\/span><\/span><\/td>\n<td width=\"197\"><span style=\"vertical-align: inherit;\"><span style=\"vertical-align: inherit;\">% (w\/w)<\/span><\/span><\/td>\n<td width=\"197\"><span style=\"vertical-align: inherit;\"><span style=\"vertical-align: inherit;\">&#8211;<\/span><\/span><\/td>\n<td width=\"197\"><span style=\"vertical-align: inherit;\"><span style=\"vertical-align: inherit;\">ND<\/span><\/span><\/td>\n<\/tr>\n<tr>\n<td width=\"197\">kur\u015fun \uff08Pb\uff09<\/td>\n<td width=\"197\"><span style=\"vertical-align: inherit;\"><span style=\"vertical-align: inherit;\">1000<\/span><\/span><\/td>\n<td width=\"197\"><span style=\"vertical-align: inherit;\"><span style=\"vertical-align: inherit;\">mg\/kg<\/span><\/span><\/td>\n<td width=\"197\"><span style=\"vertical-align: inherit;\"><span style=\"vertical-align: inherit;\">2<\/span><\/span><\/td>\n<td width=\"197\"><span style=\"vertical-align: inherit;\"><span style=\"vertical-align: inherit;\">ND<\/span><\/span><\/td>\n<\/tr>\n<tr>\n<td width=\"197\">Krom\uff08Cd\uff09<\/td>\n<td width=\"197\"><span style=\"vertical-align: inherit;\"><span style=\"vertical-align: inherit;\">100<\/span><\/span><\/td>\n<td width=\"197\"><span style=\"vertical-align: inherit;\"><span style=\"vertical-align: inherit;\">mg\/kg<\/span><\/span><\/td>\n<td width=\"197\"><span style=\"vertical-align: inherit;\"><span style=\"vertical-align: inherit;\">2<\/span><\/span><\/td>\n<td width=\"197\"><span style=\"vertical-align: inherit;\"><span style=\"vertical-align: inherit;\">ND<\/span><\/span><\/td>\n<\/tr>\n<tr>\n<td width=\"197\">c\u0131va\uff08Hg\uff09<\/td>\n<td width=\"197\"><span style=\"vertical-align: inherit;\"><span style=\"vertical-align: inherit;\">1000<\/span><\/span><\/td>\n<td width=\"197\"><span style=\"vertical-align: inherit;\"><span style=\"vertical-align: inherit;\">mg\/kg<\/span><\/span><\/td>\n<td width=\"197\"><span style=\"vertical-align: inherit;\"><span style=\"vertical-align: inherit;\">2<\/span><\/span><\/td>\n<td width=\"197\"><span style=\"vertical-align: inherit;\"><span style=\"vertical-align: inherit;\">ND<\/span><\/span><\/td>\n<\/tr>\n<tr>\n<td width=\"197\">alt\u0131 de\u011ferlikli krom\uff08CrVI\uff09<\/td>\n<td width=\"197\"><span style=\"vertical-align: inherit;\"><span style=\"vertical-align: inherit;\">1000<\/span><\/span><\/td>\n<td width=\"197\"><span style=\"vertical-align: inherit;\"><span style=\"vertical-align: inherit;\">mg\/kg<\/span><\/span><\/td>\n<td width=\"197\"><span style=\"vertical-align: inherit;\"><span style=\"vertical-align: inherit;\">8<\/span><\/span><\/td>\n<td width=\"197\"><span style=\"vertical-align: inherit;\"><span style=\"vertical-align: inherit;\">ND<\/span><\/span><\/td>\n<\/tr>\n<\/tbody>\n<\/table>\n<h2>Rutin bak\u0131m ile bu \u00fcr\u00fcn aras\u0131ndaki fark<\/h2>\n<table width=\"591\">\n<tbody>\n<tr>\n<td width=\"197\">Kar\u015f\u0131la\u015ft\u0131rma Projesi<\/td>\n<td width=\"197\">D\u00fczenli bak\u0131mdan sonra koruyucu cilalar ve deri yumu\u015fat\u0131c\u0131lar<\/td>\n<td width=\"197\">Nano Kaplamal\u0131 Koruyucu Katman<\/td>\n<\/tr>\n<tr>\n<td width=\"197\"><span style=\"vertical-align: inherit;\"><span style=\"vertical-align: inherit;\">1<\/span><\/span><\/td>\n<td width=\"197\">Kokar ve kokulara kar\u015f\u0131 hassas olan ki\u015filer taraf\u0131ndan sevilmez<\/td>\n<td width=\"197\">Kokusuz ve \u015feffaf<\/td>\n<\/tr>\n<tr>\n<td width=\"197\"><span style=\"vertical-align: inherit;\"><span style=\"vertical-align: inherit;\">2<\/span><\/span><\/td>\n<td width=\"197\">A\u011f\u0131r ya\u011fl\u0131l\u0131k (baz\u0131lar\u0131 \u00e7evre dostu de\u011fildir)<\/td>\n<td width=\"197\">\u00c7evre dostu, SGS kurulu\u015fu taraf\u0131ndan test edilmi\u015ftir<\/td>\n<\/tr>\n<tr>\n<td width=\"197\"><span style=\"vertical-align: inherit;\"><span style=\"vertical-align: inherit;\">3<\/span><\/span><\/td>\n<td width=\"197\">K\u0131sa al\u0131konma s\u00fcresi<\/td>\n<td width=\"197\">Kal\u0131c\u0131 (mekanik d\u0131\u015f hasar yok)<\/td>\n<\/tr>\n<tr>\n<td width=\"197\"><span style=\"vertical-align: inherit;\"><span style=\"vertical-align: inherit;\">4<\/span><\/span><\/td>\n<td width=\"197\">Leke direnci yok, tozu kolayca emer<\/td>\n<td width=\"197\">antifouling<\/td>\n<\/tr>\n<tr>\n<td width=\"197\"><span style=\"vertical-align: inherit;\"><span style=\"vertical-align: inherit;\">5<\/span><\/span><\/td>\n<td width=\"197\">A\u015f\u0131nma \u00f6nleyici \u00f6zellik yok<\/td>\n<td width=\"197\">A\u015f\u0131nmaya dayan\u0131kl\u0131, 3H&#8217;ye kadar sertlik<\/td>\n<\/tr>\n<tr>\n<td width=\"197\"><span style=\"vertical-align: inherit;\"><span style=\"vertical-align: inherit;\">6<\/span><\/span><\/td>\n<td width=\"197\">Yap\u0131\u015fkan eller, yap\u0131\u015fkan giysiler<\/td>\n<td width=\"197\">Yap\u0131\u015fmayan eller, yap\u0131\u015fmayan giysiler<\/td>\n<\/tr>\n<\/tbody>\n<\/table>\n<h2>Kullan\u0131m<\/h2>\n<ol>\n<li>\u0130lk olarak, arac\u0131n i\u00e7indeki deriyi\/deriyi bir i\u00e7 temizleyici ile temizleyin ve derinin\/derinin iyice kurumas\u0131n\u0131 sa\u011flamak i\u00e7in arac\u0131 30 dakika boyunca s\u0131cak sa\u00e7 kurutma makinesinde tutun;<\/li>\n<li>Nano-kristal kaplamay\u0131 \u00f6zel bezin \u00fczerine d\u00f6k\u00fcn, deriyi\/deriyi e\u015fit \u015fekilde ovalay\u0131n, yap\u0131mdan sonra y\u00fczey renginin d\u00fczg\u00fcn olmamas\u0131n\u0131 \u00f6nlemek i\u00e7in ovalamay\u0131 ka\u00e7\u0131rmay\u0131n;<\/li>\n<li>Yap\u0131m s\u0131ras\u0131: ana s\u00fcr\u00fcc\u00fc &#8211; yolcu &#8211; arka, hava sirk\u00fclasyonunu sa\u011flamak i\u00e7in yap\u0131m s\u0131ras\u0131nda camlar\u0131 a\u00e7\u0131n, yap\u0131mdan hemen sonra camlar\u0131 kapat\u0131n, dokunmaktan ka\u00e7\u0131n\u0131n;<\/li>\n<li>\u0130n\u015faattan sonra, arac\u0131 30 dakika boyunca s\u0131cak hava \u00fcfleyerek a\u00e7\u0131n, e\u015fit \u015fekilde kaplan\u0131p kaplanmad\u0131\u011f\u0131n\u0131 kontrol etmek i\u00e7in \u0131\u015f\u0131\u011f\u0131 kulland\u0131\u011f\u0131n\u0131zdan emin olun;<\/li>\n<li>Ara\u00e7, in\u015faattan 4 saat sonra kullan\u0131m i\u00e7in teslim edilebilir;<\/li>\n<li>Leke direncinin, sertli\u011fin vb. do\u011frulanmas\u0131 i\u00e7in, do\u011frulamadan \u00f6nce kaplaman\u0131n tamamen kurumas\u0131 i\u00e7in 24 saat beklemek gerekir.<\/li>\n<\/ol>\n<h2>Uyar\u0131<\/h2>\n<ol>\n<li>Yap\u0131m i\u015flemi s\u0131ras\u0131nda, s\u0131v\u0131 kristal kaplama yanl\u0131\u015fl\u0131kla cama veya p\u00fcr\u00fczs\u00fcz sert bir y\u00fczeye temas ederse, silmek i\u00e7in \u0131slak bir havlu kullanabilir ve ard\u0131ndan temizlemek i\u00e7in kuru bir havlu kullanabilirsiniz;<\/li>\n<li>Plastik \u00fczerinde kullanmay\u0131n;<\/li>\n<li>Koyu renkli deri \u00fczerinde \u00e7al\u0131\u015f\u0131rken, mat bir y\u00fczey gerekiyorsa, \u00e7ok parlak bir y\u00fczey olu\u015fmas\u0131n\u0131 \u00f6nlemek i\u00e7in tekrar kuru bir havluyla hafif\u00e7e sildi\u011finizden emin olun;<\/li>\n<li>\u0130n\u015faat i\u015flemi s\u0131ras\u0131nda kristal kaplama s\u0131v\u0131s\u0131 g\u00f6z\u00fcn\u00fcze ka\u00e7arsa, l\u00fctfen tedavi i\u00e7in derhal hastaneye gidin;<\/li>\n<\/ol>\n<h2>Ambalaj \u00f6zellikleri<\/h2>\n<ul>\n<li>Set 01: 200 mL deri temizleyici + 25 mL nano-kristal kaplama s\u0131v\u0131s\u0131 2 + \u00f6zel bez 2 = k\u00fc\u00e7\u00fck bir araba dozaj\u0131<\/li>\n<li>Set 02: 200ml deri temizleyici + 50mL nano-kristal kaplama s\u0131v\u0131s\u0131 2 adet + \u00f6zel bez 2 adet = 2 k\u00fc\u00e7\u00fck araba dozaj\u0131<\/li>\n<li>\u00d6zelle\u015ftirilmi\u015f i\u015fleme (OEM): i\u015fleme miktar\u0131 \u22652000 set<\/li>\n<li>\u00dcr\u00fcn s\u0131v\u0131s\u0131: 5Kg\/tambur<\/li>\n<\/ul>\n","protected":false},"excerpt":{"rendered":"<ul>\n<li>Nano Kaplamal\u0131 Koruyucu Katman, nano \u00f6l\u00e7ekli biyonik teknoloji malzeme mod\u00fclasyonundan yap\u0131lm\u0131\u015ft\u0131r;<\/li>\n<li>Deri kirlenme \u00f6nleyici kendi kendini temizleyen kaplama bir kapak tipi de\u011fildir, ancak hidroksil grubu i\u00e7indeki deri ile koruyucu bir tabaka olu\u015fturmak i\u00e7in reaksiyona girer, \u00fcr\u00fcn nano \u00f6l\u00e7eklidir, kaplaman\u0131n kal\u0131nl\u0131\u011f\u0131 bir sa\u00e7 telinin sadece onda biridir, bu nedenle kasay\u0131 yok etmek i\u00e7in hi\u00e7bir kuvvet olmamas\u0131n\u0131 sa\u011flayabilir, \u00f6m\u00fcr boyu d\u00fc\u015fmez, cildi soymaz.<\/li>\n<\/ul>\n","protected":false},"featured_media":10683,"comment_status":"open","ping_status":"closed","template":"","meta":{"site-sidebar-layout":"default","site-content-layout":"","ast-site-content-layout":"default","site-content-style":"default","site-sidebar-style":"default","ast-global-header-display":"","ast-banner-title-visibility":"","ast-main-header-display":"","ast-hfb-above-header-display":"","ast-hfb-below-header-display":"","ast-hfb-mobile-header-display":"","site-post-title":"","ast-breadcrumbs-content":"","ast-featured-img":"","footer-sml-layout":"","ast-disable-related-posts":"","theme-transparent-header-meta":"default","adv-header-id-meta":"","stick-header-meta":"default","header-above-stick-meta":"","header-main-stick-meta":"","header-below-stick-meta":"","astra-migrate-meta-layouts":"set","ast-page-background-enabled":"default","ast-page-background-meta":{"desktop":{"background-color":"var(--ast-global-color-4)","background-image":"","background-repeat":"repeat","background-position":"center center","background-size":"auto","background-attachment":"scroll","background-type":"","background-media":"","overlay-type":"","overlay-color":"","overlay-opacity":"","overlay-gradient":""},"tablet":{"background-color":"","background-image":"","background-repeat":"repeat","background-position":"center center","background-size":"auto","background-attachment":"scroll","background-type":"","background-media":"","overlay-type":"","overlay-color":"","overlay-opacity":"","overlay-gradient":""},"mobile":{"background-color":"","background-image":"","background-repeat":"repeat","background-position":"center center","background-size":"auto","background-attachment":"scroll","background-type":"","background-media":"","overlay-type":"","overlay-color":"","overlay-opacity":"","overlay-gradient":""}},"ast-content-background-meta":{"desktop":{"background-color":"var(--ast-global-color-5)","background-image":"","background-repeat":"repeat","background-position":"center center","background-size":"auto","background-attachment":"scroll","background-type":"","background-media":"","overlay-type":"","overlay-color":"","overlay-opacity":"","overlay-gradient":""},"tablet":{"background-color":"var(--ast-global-color-5)","background-image":"","background-repeat":"repeat","background-position":"center center","background-size":"auto","background-attachment":"scroll","background-type":"","background-media":"","overlay-type":"","overlay-color":"","overlay-opacity":"","overlay-gradient":""},"mobile":{"background-color":"var(--ast-global-color-5)","background-image":"","background-repeat":"repeat","background-position":"center center","background-size":"auto","background-attachment":"scroll","background-type":"","background-media":"","overlay-type":"","overlay-color":"","overlay-opacity":"","overlay-gradient":""}}},"product_brand":[],"product_cat":[262,282,241],"product_tag":[],"class_list":{"0":"post-11008","1":"product","2":"type-product","3":"status-publish","4":"has-post-thumbnail","6":"product_cat-kaplamalar-ve-murekkepler","7":"product_cat-surfaktan","8":"product_cat-urun-ornekleri","9":"desktop-align-left","10":"tablet-align-left","11":"mobile-align-left","12":"ast-product-gallery-layout-horizontal-slider","13":"ast-product-tabs-layout-horizontal","15":"first","16":"instock","17":"shipping-taxable","18":"purchasable","19":"product-type-simple"},"_links":{"self":[{"href":"https:\/\/www.cosoonchem.com\/tr\/wp-json\/wp\/v2\/product\/11008","targetHints":{"allow":["GET"]}}],"collection":[{"href":"https:\/\/www.cosoonchem.com\/tr\/wp-json\/wp\/v2\/product"}],"about":[{"href":"https:\/\/www.cosoonchem.com\/tr\/wp-json\/wp\/v2\/types\/product"}],"replies":[{"embeddable":true,"href":"https:\/\/www.cosoonchem.com\/tr\/wp-json\/wp\/v2\/comments?post=11008"}],"version-history":[{"count":0,"href":"https:\/\/www.cosoonchem.com\/tr\/wp-json\/wp\/v2\/product\/11008\/revisions"}],"wp:featuredmedia":[{"embeddable":true,"href":"https:\/\/www.cosoonchem.com\/tr\/wp-json\/wp\/v2\/media\/10683"}],"wp:attachment":[{"href":"https:\/\/www.cosoonchem.com\/tr\/wp-json\/wp\/v2\/media?parent=11008"}],"wp:term":[{"taxonomy":"product_brand","embeddable":true,"href":"https:\/\/www.cosoonchem.com\/tr\/wp-json\/wp\/v2\/product_brand?post=11008"},{"taxonomy":"product_cat","embeddable":true,"href":"https:\/\/www.cosoonchem.com\/tr\/wp-json\/wp\/v2\/product_cat?post=11008"},{"taxonomy":"product_tag","embeddable":true,"href":"https:\/\/www.cosoonchem.com\/tr\/wp-json\/wp\/v2\/product_tag?post=11008"}],"curies":[{"name":"wp","href":"https:\/\/api.w.org\/{rel}","templated":true}]}}