{"id":11035,"date":"2021-04-09T12:05:58","date_gmt":"2021-04-09T04:05:58","guid":{"rendered":"https:\/\/www.cosoonchem.com\/su-bazli-isikla-sertlesen-recineler-uv-32x50\/"},"modified":"2024-10-23T15:49:07","modified_gmt":"2024-10-23T07:49:07","slug":"su-bazli-isikla-sertlesen-recineler-uv-32x50","status":"publish","type":"product","link":"https:\/\/www.cosoonchem.com\/tr\/urun\/su-bazli-isikla-sertlesen-recineler-uv-32x50\/","title":{"rendered":"Su bazl\u0131 \u0131\u015f\u0131kla sertle\u015fen re\u00e7ineler UV-32X50"},"content":{"rendered":"<h2>tipik karakteristik<\/h2>\n<ul>\n<li>Plastik, ah\u015fap vb. malzemelere iyi yap\u0131\u015f\u0131r.<\/li>\n<li>M\u00fckemmel alkol direnci<\/li>\n<li>\u0130yi su direnci<\/li>\n<li>Suda iyi \u00e7\u00f6z\u00fcn\u00fcrl\u00fck ve seyreltme<\/li>\n<li>Pigmentler i\u00e7in iyi \u0131slatma ve z\u0131mparalama \u00f6zellikleri.<\/li>\n<li>Y\u00fcksek sertlik<\/li>\n<li>Su ile iyi uyumluluk<\/li>\n<\/ul>\n<h2>\u00dcr\u00fcn Kullan\u0131m\u0131<\/h2>\n<ul>\n<li>Su bazl\u0131 UV m\u00fcrekkepler, vernikler<\/li>\n<li>Su bazl\u0131 UV kaplamalar, ah\u015fap kaplamalar, end\u00fcstriyel kaplamalar (metal kaplamalar)<\/li>\n<\/ul>\n<h2>Kalite G\u00f6stergeleri<\/h2>\n<table>\n<tbody>\n<tr>\n<td width=\"261\">Kat\u0131 %<\/td>\n<td width=\"255\">98%<\/td>\n<\/tr>\n<tr>\n<td width=\"261\">Brinell viskozitesi Vicosity at 25\u2103<\/td>\n<td width=\"255\">6000~9000mpa,S<\/td>\n<\/tr>\n<tr>\n<td width=\"261\">pH de\u011feri<\/td>\n<td width=\"255\">8.0-9.0<\/td>\n<\/tr>\n<tr>\n<td width=\"261\">DI\u015e DURUM<\/td>\n<td width=\"255\">A\u00e7\u0131k sar\u0131 \u015feffaf s\u0131v\u0131, kokusuz<\/td>\n<\/tr>\n<tr>\n<td width=\"261\">cam ge\u00e7i\u015f s\u0131cakl\u0131\u011f\u0131 \u2103<\/td>\n<td width=\"255\">60<\/td>\n<\/tr>\n<tr>\n<td width=\"261\">kaynama<\/td>\n<td width=\"255\">120\u2103<\/td>\n<\/tr>\n<tr>\n<td width=\"261\">parlama noktas\u0131<\/td>\n<td width=\"255\">160\u2103<\/td>\n<\/tr>\n<tr>\n<td width=\"261\">yo\u011funluk<\/td>\n<td width=\"255\">1.15g\/mm\u00b3<\/td>\n<\/tr>\n<\/tbody>\n<\/table>\n<h2>Kullan\u0131m<\/h2>\n<table>\n<tbody>\n<tr>\n<td colspan=\"2\" width=\"533\"><strong>Su bazl\u0131 ah\u015fap UV verni\u011fi<\/strong><\/td>\n<\/tr>\n<tr>\n<td width=\"270\">UV-32X50<\/td>\n<td width=\"261\">55%<\/td>\n<\/tr>\n<tr>\n<td width=\"270\">ba\u015flat\u0131c\u01311173<\/td>\n<td width=\"261\">6%<\/td>\n<\/tr>\n<tr>\n<td width=\"270\">trietanolamin<\/td>\n<td width=\"261\">2%<\/td>\n<\/tr>\n<tr>\n<td width=\"270\">demi\u0307nerali\u0307ze su<\/td>\n<td width=\"261\">35%<\/td>\n<\/tr>\n<tr>\n<td width=\"270\">tesviye maddesi<\/td>\n<td width=\"261\">1%<\/td>\n<\/tr>\n<tr>\n<td width=\"270\">\u0131slat\u0131c\u0131 madde<\/td>\n<td width=\"261\">0.3%<\/td>\n<\/tr>\n<tr>\n<td width=\"270\">k\u00f6p\u00fck kesici<\/td>\n<td width=\"261\">0.2%<\/td>\n<\/tr>\n<tr>\n<td width=\"270\">A\u015f\u0131nmaya Dayan\u0131kl\u0131 Balmumu<\/td>\n<td width=\"261\">0.5%<\/td>\n<\/tr>\n<\/tbody>\n<\/table>\n<h2>Ambalaj \u00f6zellikleri<\/h2>\n<p>200g\/500g\/20kg Bu \u00fcr\u00fcn tehlikeli mal de\u011fildir ve genel kargo olarak ta\u015f\u0131nabilir.<\/p>\n<h2>depolama durumu<\/h2>\n<ul>\n<li>\u00dcr\u00fcn hava ge\u00e7irmez kaplarda saklanmal\u0131, donma ve y\u00fcksek s\u0131cakl\u0131klardan ka\u00e7\u0131n\u0131lmal\u0131d\u0131r<\/li>\n<li>M\u00fcmk\u00fcn oldu\u011funda on ay i\u00e7inde kullan\u0131lmal\u0131d\u0131r<\/li>\n<li>Normal depolama s\u0131cakl\u0131\u011f\u0131n\u0131n 10-35\u00b0C olmas\u0131 tavsiye edilir.<\/li>\n<\/ul>\n","protected":false},"excerpt":{"rendered":"<ul>\n<li>Su bazl\u0131 \u0131\u015f\u0131kla sertle\u015fen re\u00e7ineler esas olarak tetrafonksiyonel su bazl\u0131 akrilik sentetik re\u00e7inelerdir. Re\u00e7ine y\u00fcksek kat\u0131 i\u00e7eri\u011fine, genel olarak hafif sertli\u011fe, h\u0131zl\u0131 k\u00fcrlenme h\u0131z\u0131na ve iyi y\u00fczey kuruma etkisine sahiptir. Plastik, ah\u015fap ve y\u00fczeye iyi yap\u0131\u015fma \u00f6zelli\u011fine sahiptir.<\/li>\n<li>Kirletici olmayan, d\u00fc\u015f\u00fck kokulu, d\u00fc\u015f\u00fck toksisiteli, yan\u0131c\u0131 olmayan<\/li>\n<li> Su, ba\u015flat\u0131c\u0131, katk\u0131 maddeleri vb. ile tek ba\u015f\u0131na veya performans gereksinimlerine g\u00f6re ve su bazl\u0131 veya ya\u011f monomer veya re\u00e7ine kar\u0131\u015f\u0131m\u0131 ve ba\u015flat\u0131c\u0131lar, katk\u0131 maddeleri vb. kullan\u0131m\u0131 ile kullan\u0131labilir.<\/li>\n<li>UV vernik, PET vernik, boya, m\u00fcrekkep vb. i\u00e7in uygundur.<\/li>\n<\/ul>\n","protected":false},"featured_media":7423,"comment_status":"open","ping_status":"closed","template":"","meta":{"site-sidebar-layout":"no-sidebar","site-content-layout":"page-builder","ast-site-content-layout":"full-width-container","site-content-style":"unboxed","site-sidebar-style":"unboxed","ast-global-header-display":"","ast-banner-title-visibility":"","ast-main-header-display":"","ast-hfb-above-header-display":"","ast-hfb-below-header-display":"","ast-hfb-mobile-header-display":"","site-post-title":"disabled","ast-breadcrumbs-content":"","ast-featured-img":"disabled","footer-sml-layout":"","ast-disable-related-posts":"","theme-transparent-header-meta":"default","adv-header-id-meta":"","stick-header-meta":"default","header-above-stick-meta":"","header-main-stick-meta":"","header-below-stick-meta":"","astra-migrate-meta-layouts":"set","ast-page-background-enabled":"default","ast-page-background-meta":{"desktop":{"background-color":"var(--ast-global-color-4)","background-image":"","background-repeat":"repeat","background-position":"center center","background-size":"auto","background-attachment":"scroll","background-type":"","background-media":"","overlay-type":"","overlay-color":"","overlay-opacity":"","overlay-gradient":""},"tablet":{"background-color":"","background-image":"","background-repeat":"repeat","background-position":"center center","background-size":"auto","background-attachment":"scroll","background-type":"","background-media":"","overlay-type":"","overlay-color":"","overlay-opacity":"","overlay-gradient":""},"mobile":{"background-color":"","background-image":"","background-repeat":"repeat","background-position":"center center","background-size":"auto","background-attachment":"scroll","background-type":"","background-media":"","overlay-type":"","overlay-color":"","overlay-opacity":"","overlay-gradient":""}},"ast-content-background-meta":{"desktop":{"background-color":"var(--ast-global-color-5)","background-image":"","background-repeat":"repeat","background-position":"center center","background-size":"auto","background-attachment":"scroll","background-type":"","background-media":"","overlay-type":"","overlay-color":"","overlay-opacity":"","overlay-gradient":""},"tablet":{"background-color":"var(--ast-global-color-5)","background-image":"","background-repeat":"repeat","background-position":"center center","background-size":"auto","background-attachment":"scroll","background-type":"","background-media":"","overlay-type":"","overlay-color":"","overlay-opacity":"","overlay-gradient":""},"mobile":{"background-color":"var(--ast-global-color-5)","background-image":"","background-repeat":"repeat","background-position":"center center","background-size":"auto","background-attachment":"scroll","background-type":"","background-media":"","overlay-type":"","overlay-color":"","overlay-opacity":"","overlay-gradient":""}}},"product_brand":[],"product_cat":[262,282,241],"product_tag":[],"class_list":{"0":"post-11035","1":"product","2":"type-product","3":"status-publish","4":"has-post-thumbnail","6":"product_cat-kaplamalar-ve-murekkepler","7":"product_cat-surfaktan","8":"product_cat-urun-ornekleri","9":"desktop-align-left","10":"tablet-align-left","11":"mobile-align-left","12":"ast-product-gallery-layout-horizontal-slider","13":"ast-product-tabs-layout-horizontal","15":"first","16":"instock","17":"shipping-taxable","18":"purchasable","19":"product-type-simple"},"_links":{"self":[{"href":"https:\/\/www.cosoonchem.com\/tr\/wp-json\/wp\/v2\/product\/11035","targetHints":{"allow":["GET"]}}],"collection":[{"href":"https:\/\/www.cosoonchem.com\/tr\/wp-json\/wp\/v2\/product"}],"about":[{"href":"https:\/\/www.cosoonchem.com\/tr\/wp-json\/wp\/v2\/types\/product"}],"replies":[{"embeddable":true,"href":"https:\/\/www.cosoonchem.com\/tr\/wp-json\/wp\/v2\/comments?post=11035"}],"version-history":[{"count":0,"href":"https:\/\/www.cosoonchem.com\/tr\/wp-json\/wp\/v2\/product\/11035\/revisions"}],"wp:featuredmedia":[{"embeddable":true,"href":"https:\/\/www.cosoonchem.com\/tr\/wp-json\/wp\/v2\/media\/7423"}],"wp:attachment":[{"href":"https:\/\/www.cosoonchem.com\/tr\/wp-json\/wp\/v2\/media?parent=11035"}],"wp:term":[{"taxonomy":"product_brand","embeddable":true,"href":"https:\/\/www.cosoonchem.com\/tr\/wp-json\/wp\/v2\/product_brand?post=11035"},{"taxonomy":"product_cat","embeddable":true,"href":"https:\/\/www.cosoonchem.com\/tr\/wp-json\/wp\/v2\/product_cat?post=11035"},{"taxonomy":"product_tag","embeddable":true,"href":"https:\/\/www.cosoonchem.com\/tr\/wp-json\/wp\/v2\/product_tag?post=11035"}],"curies":[{"name":"wp","href":"https:\/\/api.w.org\/{rel}","templated":true}]}}