{"id":11083,"date":"2021-05-07T14:53:53","date_gmt":"2021-05-07T06:53:53","guid":{"rendered":"https:\/\/www.cosoonchem.com\/akrilik-polimer-861\/"},"modified":"2024-10-29T15:58:01","modified_gmt":"2024-10-29T07:58:01","slug":"akrilik-polimer-861","status":"publish","type":"product","link":"https:\/\/www.cosoonchem.com\/tr\/urun\/akrilik-polimer-861\/","title":{"rendered":"Akrilik Polimer 861"},"content":{"rendered":"<h2>Tipik \u00f6zellikler<\/h2>\n<ul>\n<li>D\u00fc\u015f\u00fck molek\u00fcler a\u011f\u0131rl\u0131k<\/li>\n<li>M\u00fckemmel aktar\u0131labilirlik ve bas\u0131labilirlik<\/li>\n<li>Y\u00fcksek parlakl\u0131k<\/li>\n<li>Kullan\u0131m i\u00e7in %30-40 kat\u0131 maddeye kadar \u00e7\u00f6z\u00fcnd\u00fcr\u00fcn<\/li>\n<\/ul>\n<h2>Kalite G\u00f6stergeleri<\/h2>\n<table>\n<tbody>\n<tr>\n<td width=\"328\">G\u00f6r\u00fcn\u00fc\u015f<\/td>\n<td width=\"190\">\u015eeffaf kat\u0131<\/td>\n<\/tr>\n<tr>\n<td width=\"328\">U\u00e7ucu Olmayan Fraksiyon wt%<\/td>\n<td width=\"190\">&gt;99<\/td>\n<\/tr>\n<tr>\n<td width=\"328\">Ortalama molek\u00fcler a\u011f\u0131rl\u0131k Mw<\/td>\n<td width=\"190\">3500<\/td>\n<\/tr>\n<tr>\n<td width=\"328\">Asit de\u011feri mgKOH\/g<\/td>\n<td width=\"190\">250<\/td>\n<\/tr>\n<tr>\n<td width=\"328\">Yumu\u015fama noktas\u0131 \u2103<\/td>\n<td width=\"190\">155<\/td>\n<\/tr>\n<tr>\n<td width=\"328\">Tg, oC<\/td>\n<td width=\"190\">110<\/td>\n<\/tr>\n<\/tbody>\n<\/table>\n<h2>Nas\u0131l kullan\u0131l\u0131r<\/h2>\n<p>A: \u00d6nerilen re\u00e7ine form\u00fclasyonu<\/p>\n<table>\n<tbody>\n<tr>\n<td width=\"289\">Diziler<\/td>\n<td width=\"251\">Hammaddeler<\/td>\n<td width=\"251\">25 amonyak form\u00fclasyonu<\/td>\n<td width=\"251\">Monoetanolamin form\u00fclasyonlar\u0131<\/td>\n<\/tr>\n<tr>\n<td width=\"289\">1<\/td>\n<td width=\"251\">861<\/td>\n<td width=\"251\">28<\/td>\n<td width=\"251\">28<\/td>\n<\/tr>\n<tr>\n<td width=\"289\">2<\/td>\n<td width=\"251\">Amonyak (%25)<\/td>\n<td width=\"251\">7.56<\/td>\n<td width=\"251\"><\/td>\n<\/tr>\n<tr>\n<td width=\"289\">3<\/td>\n<td width=\"251\">Piridoksin<\/td>\n<td width=\"251\"><\/td>\n<td width=\"251\">8.12<\/td>\n<\/tr>\n<tr>\n<td width=\"289\">4<\/td>\n<td width=\"251\">Deiyonize su<\/td>\n<td width=\"251\">63.94<\/td>\n<td width=\"251\">63.28<\/td>\n<\/tr>\n<tr>\n<td width=\"289\">5<\/td>\n<td width=\"251\">Diol monob\u00fctil eter<\/td>\n<td width=\"251\">0.5<\/td>\n<td width=\"251\">0.5<\/td>\n<\/tr>\n<tr>\n<td width=\"289\"><\/td>\n<td width=\"251\">K\u00f6p\u00fck kesici<\/td>\n<td width=\"251\">\/<\/td>\n<td width=\"251\">\/<\/td>\n<\/tr>\n<tr>\n<td width=\"289\"><\/td>\n<td width=\"251\">Toplam<\/td>\n<td width=\"251\">100<\/td>\n<td width=\"251\">100<\/td>\n<\/tr>\n<tr>\n<td width=\"289\"><\/td>\n<td width=\"251\">Viskozite, mPa.s<\/td>\n<td width=\"251\">1800<\/td>\n<td width=\"251\">3200<\/td>\n<\/tr>\n<\/tbody>\n<\/table>\n<p>B: \u00d6nerilen \u00d6\u011f\u00fctme Bulamac\u0131 Form\u00fclasyonu<\/p>\n<table>\n<tbody>\n<tr>\n<td width=\"289\">Diziler<\/td>\n<td width=\"251\">Hammaddeler<\/td>\n<td width=\"251\">Karbon Siyah\u0131 Form\u00fclasyonu<\/td>\n<td width=\"251\">Azo K\u0131rm\u0131z\u0131s\u0131 57:1 form\u00fclasyon<\/td>\n<\/tr>\n<tr>\n<td width=\"289\">1<\/td>\n<td width=\"251\">28% 861<\/td>\n<td width=\"251\">32<\/td>\n<td width=\"251\">32<\/td>\n<\/tr>\n<tr>\n<td width=\"289\">2<\/td>\n<td width=\"251\">DS-50<\/td>\n<td width=\"251\">7.56<\/td>\n<td width=\"251\"><\/td>\n<\/tr>\n<tr>\n<td width=\"289\">3<\/td>\n<td width=\"251\">Renk Tozu<\/td>\n<td width=\"251\">35<\/td>\n<td width=\"251\">40<\/td>\n<\/tr>\n<tr>\n<td width=\"289\">4<\/td>\n<td width=\"251\">Deiyonize su<\/td>\n<td width=\"251\">32<\/td>\n<td width=\"251\">26<\/td>\n<\/tr>\n<tr>\n<td width=\"289\">5<\/td>\n<td width=\"251\">K\u00f6p\u00fck kesici<\/td>\n<td width=\"251\">Uygun \u015fekilde ekleyin<\/td>\n<td width=\"251\">Uygun \u015fekilde ekleyin<\/td>\n<\/tr>\n<tr>\n<td width=\"289\">6<\/td>\n<td width=\"251\">zirkonyum boncuk ni\u015fangah<\/td>\n<td width=\"251\">Uygun \u015fekilde ekleyin<\/td>\n<td width=\"251\">Uygun \u015fekilde ekleyin<\/td>\n<\/tr>\n<tr>\n<td width=\"289\"><\/td>\n<td width=\"251\">Toplam<\/td>\n<td width=\"251\">100<\/td>\n<td width=\"251\">100<\/td>\n<\/tr>\n<tr>\n<td width=\"289\"><\/td>\n<td width=\"251\">Viskozite, mPa.s<\/td>\n<td width=\"251\">&lt; 500<\/td>\n<td width=\"251\">&lt; 500<\/td>\n<\/tr>\n<\/tbody>\n<\/table>\n<h2>Paket \u00f6zellikleri<\/h2>\n<ul>\n<li>\u00d6zellikler\uff1a200g \/ 500g \/ 5kg \/ 20kg<\/li>\n<li>Bu \u00fcr\u00fcn tehlikeli mal de\u011fildir ve genel kargo olarak ta\u015f\u0131nabilir.<\/li>\n<li>Maruz kalmaya, ya\u011fmura ve y\u00fcksek s\u0131cakl\u0131\u011fa kar\u015f\u0131 korumal\u0131<\/li>\n<\/ul>\n","protected":false},"excerpt":{"rendered":"<p>Akrilik polimer uygulamalar\u0131: pigment \u00f6\u011f\u00fctme, d\u00fc\u015f\u00fck kokulu m\u00fcrekkepler ve vernikler<br \/>\n\u00d6zellikler\uff1a200g \/ 500g \/ 5kg \/ 20kg<\/p>\n","protected":false},"featured_media":8068,"comment_status":"open","ping_status":"closed","template":"","meta":{"site-sidebar-layout":"no-sidebar","site-content-layout":"page-builder","ast-site-content-layout":"full-width-container","site-content-style":"unboxed","site-sidebar-style":"unboxed","ast-global-header-display":"","ast-banner-title-visibility":"","ast-main-header-display":"","ast-hfb-above-header-display":"","ast-hfb-below-header-display":"","ast-hfb-mobile-header-display":"","site-post-title":"disabled","ast-breadcrumbs-content":"","ast-featured-img":"disabled","footer-sml-layout":"","ast-disable-related-posts":"","theme-transparent-header-meta":"default","adv-header-id-meta":"","stick-header-meta":"default","header-above-stick-meta":"","header-main-stick-meta":"","header-below-stick-meta":"","astra-migrate-meta-layouts":"set","ast-page-background-enabled":"default","ast-page-background-meta":{"desktop":{"background-color":"var(--ast-global-color-4)","background-image":"","background-repeat":"repeat","background-position":"center center","background-size":"auto","background-attachment":"scroll","background-type":"","background-media":"","overlay-type":"","overlay-color":"","overlay-opacity":"","overlay-gradient":""},"tablet":{"background-color":"","background-image":"","background-repeat":"repeat","background-position":"center center","background-size":"auto","background-attachment":"scroll","background-type":"","background-media":"","overlay-type":"","overlay-color":"","overlay-opacity":"","overlay-gradient":""},"mobile":{"background-color":"","background-image":"","background-repeat":"repeat","background-position":"center center","background-size":"auto","background-attachment":"scroll","background-type":"","background-media":"","overlay-type":"","overlay-color":"","overlay-opacity":"","overlay-gradient":""}},"ast-content-background-meta":{"desktop":{"background-color":"var(--ast-global-color-5)","background-image":"","background-repeat":"repeat","background-position":"center center","background-size":"auto","background-attachment":"scroll","background-type":"","background-media":"","overlay-type":"","overlay-color":"","overlay-opacity":"","overlay-gradient":""},"tablet":{"background-color":"var(--ast-global-color-5)","background-image":"","background-repeat":"repeat","background-position":"center center","background-size":"auto","background-attachment":"scroll","background-type":"","background-media":"","overlay-type":"","overlay-color":"","overlay-opacity":"","overlay-gradient":""},"mobile":{"background-color":"var(--ast-global-color-5)","background-image":"","background-repeat":"repeat","background-position":"center center","background-size":"auto","background-attachment":"scroll","background-type":"","background-media":"","overlay-type":"","overlay-color":"","overlay-opacity":"","overlay-gradient":""}}},"product_brand":[],"product_cat":[262,261,241],"product_tag":[],"class_list":{"0":"post-11083","1":"product","2":"type-product","3":"status-publish","4":"has-post-thumbnail","6":"product_cat-kaplamalar-ve-murekkepler","7":"product_cat-boyalar-ve-pigmentler","8":"product_cat-urun-ornekleri","9":"desktop-align-left","10":"tablet-align-left","11":"mobile-align-left","12":"ast-product-gallery-layout-horizontal-slider","13":"ast-product-tabs-layout-horizontal","15":"first","16":"instock","17":"shipping-taxable","18":"purchasable","19":"product-type-simple"},"_links":{"self":[{"href":"https:\/\/www.cosoonchem.com\/tr\/wp-json\/wp\/v2\/product\/11083","targetHints":{"allow":["GET"]}}],"collection":[{"href":"https:\/\/www.cosoonchem.com\/tr\/wp-json\/wp\/v2\/product"}],"about":[{"href":"https:\/\/www.cosoonchem.com\/tr\/wp-json\/wp\/v2\/types\/product"}],"replies":[{"embeddable":true,"href":"https:\/\/www.cosoonchem.com\/tr\/wp-json\/wp\/v2\/comments?post=11083"}],"version-history":[{"count":0,"href":"https:\/\/www.cosoonchem.com\/tr\/wp-json\/wp\/v2\/product\/11083\/revisions"}],"wp:featuredmedia":[{"embeddable":true,"href":"https:\/\/www.cosoonchem.com\/tr\/wp-json\/wp\/v2\/media\/8068"}],"wp:attachment":[{"href":"https:\/\/www.cosoonchem.com\/tr\/wp-json\/wp\/v2\/media?parent=11083"}],"wp:term":[{"taxonomy":"product_brand","embeddable":true,"href":"https:\/\/www.cosoonchem.com\/tr\/wp-json\/wp\/v2\/product_brand?post=11083"},{"taxonomy":"product_cat","embeddable":true,"href":"https:\/\/www.cosoonchem.com\/tr\/wp-json\/wp\/v2\/product_cat?post=11083"},{"taxonomy":"product_tag","embeddable":true,"href":"https:\/\/www.cosoonchem.com\/tr\/wp-json\/wp\/v2\/product_tag?post=11083"}],"curies":[{"name":"wp","href":"https:\/\/api.w.org\/{rel}","templated":true}]}}