{"id":11141,"date":"2021-05-08T21:35:43","date_gmt":"2021-05-08T13:35:43","guid":{"rendered":"https:\/\/www.cosoonchem.com\/hidrofilik-aktif-ajan-uv-1000\/"},"modified":"2024-10-31T16:05:44","modified_gmt":"2024-10-31T08:05:44","slug":"hidrofilik-aktif-ajan-uv-1000","status":"publish","type":"product","link":"https:\/\/www.cosoonchem.com\/tr\/urun\/hidrofilik-aktif-ajan-uv-1000\/","title":{"rendered":"Hidrofilik aktif ajan UV-1000"},"content":{"rendered":"<h2>tipik karakteristik<\/h2>\n<ul>\n<li>Y\u00fcksek sertlik, iyi \u015feffafl\u0131k, y\u00fcksek parlakl\u0131k, iyi film olu\u015fumu, h\u0131zl\u0131 k\u00fcrlenme h\u0131z\u0131<\/li>\n<li>G\u00fc\u00e7l\u00fc seyreltme ve \u00e7\u00f6z\u00fcnme kabiliyeti, tam film<\/li>\n<li>D\u00fc\u015f\u00fck viskozite, iyi suda \u00e7\u00f6z\u00fcn\u00fcrl\u00fck ve seyreltme \u00f6zellikleri<\/li>\n<li>\u0130yi uyumluluk, d\u00fc\u015f\u00fck VOC<\/li>\n<li>Ah\u015fap ve ka\u011f\u0131da iyi yap\u0131\u015fma<\/li>\n<li>\u0130yi alkol direnci<\/li>\n<li>Suda iyi \u00e7\u00f6z\u00fcn\u00fcrl\u00fck ve seyreltme<\/li>\n<li>Pigmentler i\u00e7in iyi \u0131slatma ve z\u0131mparalama \u00f6zellikleri.<\/li>\n<\/ul>\n<h2>\u00dcr\u00fcn Kullan\u0131m\u0131<\/h2>\n<ul>\n<li>UV M\u00fcrekkep<\/li>\n<\/ul>\n<h2>Kalite G\u00f6stergeleri<\/h2>\n<table>\n<tbody>\n<tr>\n<td>Spor etkinli\u011fi<\/td>\n<td>Norm<\/td>\n<\/tr>\n<tr>\n<td>Etken madde (%)<\/td>\n<td>98\u00b11<\/td>\n<\/tr>\n<tr>\n<td>Yap\u0131\u015fkanl\u0131k (mPa.s)<\/td>\n<td>100~500<\/td>\n<\/tr>\n<tr>\n<td>PH de\u011feri at25\u2103<\/td>\n<td>7.0-8.0<\/td>\n<\/tr>\n<tr>\n<td>DI\u015e DURUM<\/td>\n<td>A\u00e7\u0131k sar\u0131 \u015feffaf s\u0131v\u0131<\/td>\n<\/tr>\n<tr>\n<td>cam ge\u00e7i\u015f s\u0131cakl\u0131\u011f\u0131 \u2103<\/td>\n<td>60<\/td>\n<\/tr>\n<tr>\n<td>Kaynama \u2103<\/td>\n<td>120<\/td>\n<\/tr>\n<tr>\n<td>Parlama noktas\u0131 (\u2103)<\/td>\n<td>160<\/td>\n<\/tr>\n<tr>\n<td>Yo\u011funluk<\/td>\n<td>1.15g\/mm\u00b3<\/td>\n<\/tr>\n<tr>\n<td>Durometre<\/td>\n<td>2H<\/td>\n<\/tr>\n<\/tbody>\n<\/table>\n<h2>Kullan\u0131m<\/h2>\n<p>A: Su bazl\u0131 UV astars\u0131z vernik bask\u0131s\u0131 (ka\u011f\u0131t, film)<\/p>\n<table>\n<tbody>\n<tr>\n<td>NO.<\/td>\n<td>I\u00e7erik<\/td>\n<td>%<\/td>\n<\/tr>\n<tr>\n<td>1<\/td>\n<td>Hidrofilik aktif ajan UV-1000<\/td>\n<td>10-15<\/td>\n<\/tr>\n<tr>\n<td>2<\/td>\n<td>UV-32 X 55<\/td>\n<td>65-20<\/td>\n<\/tr>\n<tr>\n<td>3<\/td>\n<td>Tesviye maddesi<\/td>\n<td>0.5<\/td>\n<\/tr>\n<tr>\n<td>4<\/td>\n<td>\u0131slat\u0131c\u0131 madde<\/td>\n<td>0.5<\/td>\n<\/tr>\n<tr>\n<td>5<\/td>\n<td>K\u00f6p\u00fck kesiciler<\/td>\n<td>0.3-0.5<\/td>\n<\/tr>\n<tr>\n<td>6<\/td>\n<td>S\u00fcrt\u00fcnme \u00f6nleyici maddeler<\/td>\n<td>0.5-1<\/td>\n<\/tr>\n<tr>\n<td>7<\/td>\n<td>Su bazl\u0131 aktif aminler<\/td>\n<td>4-6<\/td>\n<\/tr>\n<tr>\n<td>8<\/td>\n<td>Ba\u015flat\u0131c\u0131<\/td>\n<td>2-5<\/td>\n<\/tr>\n<tr>\n<td>9<\/td>\n<td>Deiyonize su<\/td>\n<td>5-10<\/td>\n<\/tr>\n<tr>\n<td><\/td>\n<td>Toplam<\/td>\n<td>100<\/td>\n<\/tr>\n<\/tbody>\n<\/table>\n<figure style=\"width: 365px\" class=\"wp-caption aligncenter\"><img fetchpriority=\"high\" decoding=\"async\" src=\"https:\/\/www.cosoonchem.com\/wp-content\/uploads\/2022\/05\/2022051704-2.jpg\" sizes=\"(max-width: 365px) 100vw, 365px\" srcset=\"https:\/\/www.cosoonchem.com\/wp-content\/uploads\/2022\/05\/2022051704-2.jpg 365w, https:\/\/www.cosoonchem.com\/wp-content\/uploads\/2022\/05\/2022051704-2-300x165.jpg 300w\" alt=\"Su bazl\u0131 UV astars\u0131z vernik bask\u0131s\u0131 (ka\u011f\u0131t, film)\" width=\"365\" height=\"201\" title=\"\"><figcaption class=\"wp-caption-text\">Su bazl\u0131 UV astars\u0131z vernik bask\u0131s\u0131 (ka\u011f\u0131t, film)<\/figcaption><\/figure>\n<ul>\n<li>Parlakl\u0131k: 85\u00b0+ (60\u00b0GU)<\/li>\n<li>Esneklik: Kenarlar\u0131 patlamadan katlanabilir<\/li>\n<li>A\u015f\u0131nma direnci: 400-600 kez (ya\u011fl\u0131 5 renkli test kartonu ve 4 lb bas\u0131n\u00e7l\u0131 A4 ka\u011f\u0131t)<\/li>\n<li>Sertle\u015ftirme h\u0131z\u0131: 40-80m\/dak (UV lamba enerjisi 80mJ\/cm\u00b2 veya daha fazla)<\/li>\n<\/ul>\n<p>B: Su bazl\u0131 UV-LED vernik<\/p>\n<table>\n<tbody>\n<tr>\n<td>NO.<\/td>\n<td>I\u00e7erik<\/td>\n<td>%<\/td>\n<\/tr>\n<tr>\n<td>1<\/td>\n<td>Hidrofilik aktif ajan UV-1000<\/td>\n<td>30<\/td>\n<\/tr>\n<tr>\n<td>2<\/td>\n<td>UV-32X55<\/td>\n<td>50<\/td>\n<\/tr>\n<tr>\n<td>3<\/td>\n<td>Tesviye maddesi<\/td>\n<td>0.5<\/td>\n<\/tr>\n<tr>\n<td>4<\/td>\n<td>\u0131slat\u0131c\u0131 madde<\/td>\n<td>0.5<\/td>\n<\/tr>\n<tr>\n<td>5<\/td>\n<td>K\u00f6p\u00fck kesiciler<\/td>\n<td>0.3-0.5<\/td>\n<\/tr>\n<tr>\n<td>6<\/td>\n<td>S\u00fcrt\u00fcnme \u00f6nleyici maddeler<\/td>\n<td>0.5-1<\/td>\n<\/tr>\n<tr>\n<td>7<\/td>\n<td>Su bazl\u0131 aktif aminler<\/td>\n<td>6-10<\/td>\n<\/tr>\n<tr>\n<td>8<\/td>\n<td>Ba\u015flat\u0131c\u0131<\/td>\n<td>1-5<\/td>\n<\/tr>\n<tr>\n<td><\/td>\n<td>Toplam<\/td>\n<td>100<\/td>\n<\/tr>\n<\/tbody>\n<\/table>\n<figure style=\"width: 365px\" class=\"wp-caption aligncenter\"><img decoding=\"async\" src=\"https:\/\/www.cosoonchem.com\/wp-content\/uploads\/2022\/05\/2022051704-4.jpg\" sizes=\"(max-width: 365px) 100vw, 365px\" srcset=\"https:\/\/www.cosoonchem.com\/wp-content\/uploads\/2022\/05\/2022051704-4.jpg 365w, https:\/\/www.cosoonchem.com\/wp-content\/uploads\/2022\/05\/2022051704-4-300x165.jpg 300w\" alt=\"Su bazl\u0131 UV-LED vernik\" width=\"365\" height=\"201\" title=\"\"><figcaption class=\"wp-caption-text\">Su bazl\u0131 UV-LED vernik<\/figcaption><\/figure>\n<ul>\n<li>Parlakl\u0131k: 85\u00b0+ (60\u00b0GU)<\/li>\n<li>Esneklik: Kenarlar\u0131 patlamadan katlanabilir<\/li>\n<li>A\u015f\u0131nma direnci: 400-600 kez (ya\u011fl\u0131 5 renkli test kartonu ve 4 lb bas\u0131n\u00e7l\u0131 A4 ka\u011f\u0131t)<\/li>\n<li>K\u00fcrleme h\u0131z\u0131: 40-80m\/dak (LCD dalga boyu 385)<\/li>\n<\/ul>\n<p>C: Su bazl\u0131 UV son kat p\u00fcsk\u00fcrtme (plastik)<\/p>\n<table>\n<tbody>\n<tr>\n<td>NO.<\/td>\n<td>I\u00e7erik<\/td>\n<td>%<\/td>\n<\/tr>\n<tr>\n<td>1<\/td>\n<td>Hidrofilik aktif ajan UV-1000<\/td>\n<td>15<\/td>\n<\/tr>\n<tr>\n<td>2<\/td>\n<td>UV-32X55<\/td>\n<td>25<\/td>\n<\/tr>\n<tr>\n<td>3<\/td>\n<td>Su bazl\u0131 UV re\u00e7ine<\/td>\n<td>30<\/td>\n<\/tr>\n<tr>\n<td>4<\/td>\n<td>tesviye maddesi<\/td>\n<td>0.5-1<\/td>\n<\/tr>\n<tr>\n<td>5<\/td>\n<td>\u0131slat\u0131c\u0131 madde<\/td>\n<td>0.5-1<\/td>\n<\/tr>\n<tr>\n<td>6<\/td>\n<td>K\u00f6p\u00fck kesiciler<\/td>\n<td>0.3-0.5<\/td>\n<\/tr>\n<tr>\n<td>7<\/td>\n<td>S\u00fcrt\u00fcnme \u00f6nleyici maddeler<\/td>\n<td>0.5-1<\/td>\n<\/tr>\n<tr>\n<td>8<\/td>\n<td>Su bazl\u0131 aktif aminler<\/td>\n<td>1-2<\/td>\n<\/tr>\n<tr>\n<td>9<\/td>\n<td>Ba\u015flat\u0131c\u0131<\/td>\n<td>25<\/td>\n<\/tr>\n<tr>\n<td>10<\/td>\n<td>Deiyonize su<\/td>\n<td>35<\/td>\n<\/tr>\n<tr>\n<td><\/td>\n<td>Toplam<\/td>\n<td>100<\/td>\n<\/tr>\n<\/tbody>\n<\/table>\n<figure style=\"width: 363px\" class=\"wp-caption aligncenter\"><img decoding=\"async\" src=\"https:\/\/www.cosoonchem.com\/wp-content\/uploads\/2022\/05\/2022051704-6.jpg\" sizes=\"(max-width: 363px) 100vw, 363px\" srcset=\"https:\/\/www.cosoonchem.com\/wp-content\/uploads\/2022\/05\/2022051704-6.jpg 363w, https:\/\/www.cosoonchem.com\/wp-content\/uploads\/2022\/05\/2022051704-6-300x167.jpg 300w\" alt=\"Su bazl\u0131 UV son kat p\u00fcsk\u00fcrtme (plastik)\" width=\"363\" height=\"202\" title=\"\"><figcaption class=\"wp-caption-text\">Su bazl\u0131 UV son kat p\u00fcsk\u00fcrtme (plastik)<\/figcaption><\/figure>\n<ul>\n<li>Sertlik:6H<\/li>\n<li>Alkole dayan\u0131kl\u0131<\/li>\n<li>\u00c7al\u0131\u015fma ko\u015fulu:Bir kez \u00e7apraz p\u00fcsk\u00fcrtme<\/li>\n<li>Kurutma ko\u015fulu: 60 derece f\u0131r\u0131nlama 10-15 dakika UV lamba enerjisi 100-300mJ\/cm\u00b2 \u00fczeri<\/li>\n<\/ul>\n<h2>Ambalaj \u00f6zellikleri<\/h2>\n<ul>\n<li>\u00d6zellikler: 200g \/ 500g \/ 5kg \/ 20kg<\/li>\n<li>Bu \u00fcr\u00fcn tehlikeli mal de\u011fildir, genel kargo ta\u015f\u0131mac\u0131l\u0131\u011f\u0131na g\u00f6re<\/li>\n<\/ul>\n<h2>depolama durumu<\/h2>\n<ul>\n<li>G\u00fcne\u015fe, ya\u011fmura ve y\u00fcksek s\u0131cakl\u0131klara maruz kalmaya kar\u015f\u0131 korumal\u0131<\/li>\n<li>\u00dcr\u00fcn hava ge\u00e7irmez kaplarda saklanmal\u0131, donma ve y\u00fcksek s\u0131cakl\u0131klardan ka\u00e7\u0131n\u0131lmal\u0131d\u0131r<\/li>\n<li>M\u00fcmk\u00fcn oldu\u011funda on ay i\u00e7inde kullan\u0131lmal\u0131d\u0131r<\/li>\n<li>Normal depolama s\u0131cakl\u0131\u011f\u0131n\u0131n 10-35\u00b0C olmas\u0131 tavsiye edilir.<\/li>\n<\/ul>\n","protected":false},"excerpt":{"rendered":"<ul>\n<li>Hidrofilik aktif ajan esas olarak tetrafonksiyonel su bazl\u0131 polyester akrilik sentetik re\u00e7inedir. Re\u00e7ine y\u00fcksek kat\u0131 i\u00e7eri\u011fine, genel olarak hafif sertli\u011fe, h\u0131zl\u0131 k\u00fcrlenme h\u0131z\u0131na ve iyi y\u00fczey kuruma etkisine sahiptir. Ah\u015fap ve ka\u011f\u0131t y\u00fczeylere iyi yap\u0131\u015fma \u00f6zelli\u011fine sahiptir.<\/li>\n<li>Kirletici olmayan, d\u00fc\u015f\u00fck kokulu, d\u00fc\u015f\u00fck toksisiteli, yan\u0131c\u0131 olmayan<\/li>\n<li>Su, ba\u015flat\u0131c\u0131, katk\u0131 maddeleri vb. ile tek ba\u015f\u0131na kullan\u0131labilece\u011fi gibi, performans gereksinimlerine g\u00f6re su bazl\u0131 veya ya\u011f bazl\u0131 monomerler veya re\u00e7ineler ile kar\u0131\u015ft\u0131r\u0131larak, ba\u015flat\u0131c\u0131 ve katk\u0131 maddeleri ile birlikte de kullan\u0131labilir.<\/li>\n<li>\u00dcr\u00fcn\u00fcn y\u00fczey gerilimi b\u00fcy\u00fckt\u00fcr, form\u00fcl\u00fcn gerilimi azaltmak i\u00e7in belirli bir miktar \u0131slat\u0131c\u0131 madde eklemesi gerekir, in\u015faat s\u00fcreci, su veya etanol kullan\u0131m\u0131na at\u0131fta bulunulursa, in\u015faattan \u00f6nce k\u0131z\u0131l\u00f6tesi kurutma kullan\u0131lmas\u0131 gerekir, aksi takdirde yap\u0131\u015fma, y\u00fczey performans\u0131 bozulmas\u0131, bu\u011fulanma ve di\u011fer olaylar olacakt\u0131r.<\/li>\n<\/ul>\n","protected":false},"featured_media":7863,"comment_status":"open","ping_status":"closed","template":"","meta":{"site-sidebar-layout":"no-sidebar","site-content-layout":"page-builder","ast-site-content-layout":"full-width-container","site-content-style":"unboxed","site-sidebar-style":"unboxed","ast-global-header-display":"","ast-banner-title-visibility":"","ast-main-header-display":"","ast-hfb-above-header-display":"","ast-hfb-below-header-display":"","ast-hfb-mobile-header-display":"","site-post-title":"disabled","ast-breadcrumbs-content":"","ast-featured-img":"disabled","footer-sml-layout":"","ast-disable-related-posts":"","theme-transparent-header-meta":"default","adv-header-id-meta":"","stick-header-meta":"default","header-above-stick-meta":"","header-main-stick-meta":"","header-below-stick-meta":"","astra-migrate-meta-layouts":"set","ast-page-background-enabled":"default","ast-page-background-meta":{"desktop":{"background-color":"var(--ast-global-color-4)","background-image":"","background-repeat":"repeat","background-position":"center center","background-size":"auto","background-attachment":"scroll","background-type":"","background-media":"","overlay-type":"","overlay-color":"","overlay-opacity":"","overlay-gradient":""},"tablet":{"background-color":"","background-image":"","background-repeat":"repeat","background-position":"center center","background-size":"auto","background-attachment":"scroll","background-type":"","background-media":"","overlay-type":"","overlay-color":"","overlay-opacity":"","overlay-gradient":""},"mobile":{"background-color":"","background-image":"","background-repeat":"repeat","background-position":"center center","background-size":"auto","background-attachment":"scroll","background-type":"","background-media":"","overlay-type":"","overlay-color":"","overlay-opacity":"","overlay-gradient":""}},"ast-content-background-meta":{"desktop":{"background-color":"var(--ast-global-color-5)","background-image":"","background-repeat":"repeat","background-position":"center center","background-size":"auto","background-attachment":"scroll","background-type":"","background-media":"","overlay-type":"","overlay-color":"","overlay-opacity":"","overlay-gradient":""},"tablet":{"background-color":"var(--ast-global-color-5)","background-image":"","background-repeat":"repeat","background-position":"center center","background-size":"auto","background-attachment":"scroll","background-type":"","background-media":"","overlay-type":"","overlay-color":"","overlay-opacity":"","overlay-gradient":""},"mobile":{"background-color":"var(--ast-global-color-5)","background-image":"","background-repeat":"repeat","background-position":"center center","background-size":"auto","background-attachment":"scroll","background-type":"","background-media":"","overlay-type":"","overlay-color":"","overlay-opacity":"","overlay-gradient":""}}},"product_brand":[],"product_cat":[262,282,241],"product_tag":[],"class_list":{"0":"post-11141","1":"product","2":"type-product","3":"status-publish","4":"has-post-thumbnail","6":"product_cat-kaplamalar-ve-murekkepler","7":"product_cat-surfaktan","8":"product_cat-urun-ornekleri","9":"desktop-align-left","10":"tablet-align-left","11":"mobile-align-left","12":"ast-product-gallery-layout-horizontal-slider","13":"ast-product-tabs-layout-horizontal","15":"first","16":"instock","17":"shipping-taxable","18":"purchasable","19":"product-type-simple"},"_links":{"self":[{"href":"https:\/\/www.cosoonchem.com\/tr\/wp-json\/wp\/v2\/product\/11141","targetHints":{"allow":["GET"]}}],"collection":[{"href":"https:\/\/www.cosoonchem.com\/tr\/wp-json\/wp\/v2\/product"}],"about":[{"href":"https:\/\/www.cosoonchem.com\/tr\/wp-json\/wp\/v2\/types\/product"}],"replies":[{"embeddable":true,"href":"https:\/\/www.cosoonchem.com\/tr\/wp-json\/wp\/v2\/comments?post=11141"}],"version-history":[{"count":0,"href":"https:\/\/www.cosoonchem.com\/tr\/wp-json\/wp\/v2\/product\/11141\/revisions"}],"wp:featuredmedia":[{"embeddable":true,"href":"https:\/\/www.cosoonchem.com\/tr\/wp-json\/wp\/v2\/media\/7863"}],"wp:attachment":[{"href":"https:\/\/www.cosoonchem.com\/tr\/wp-json\/wp\/v2\/media?parent=11141"}],"wp:term":[{"taxonomy":"product_brand","embeddable":true,"href":"https:\/\/www.cosoonchem.com\/tr\/wp-json\/wp\/v2\/product_brand?post=11141"},{"taxonomy":"product_cat","embeddable":true,"href":"https:\/\/www.cosoonchem.com\/tr\/wp-json\/wp\/v2\/product_cat?post=11141"},{"taxonomy":"product_tag","embeddable":true,"href":"https:\/\/www.cosoonchem.com\/tr\/wp-json\/wp\/v2\/product_tag?post=11141"}],"curies":[{"name":"wp","href":"https:\/\/api.w.org\/{rel}","templated":true}]}}